{"id":120243,"date":"2026-05-01T23:37:55","date_gmt":"2026-05-01T23:37:55","guid":{"rendered":"https:\/\/teka.com\/ro-ro\/clave-45-b-tq-1b_40148142"},"modified":"2026-05-01T08:25:55","modified_gmt":"2026-05-01T09:25:55","slug":"clave-45-b-tq-1b_40148142","status":"publish","type":"product","link":"https:\/\/www.teka.com\/ro-ro\/produs\/clave-45-b-tq-1b_40148142\/","title":{"rendered":"Clave 45 B-TQ 1B"},"content":{"rendered":"<ul>\n<li>Chiuveta tegranit<\/li>\n<li>Modalitate de instalare: Inset<\/li>\n<li>Gol de incastrare &gt; 45 cm<\/li>\n<li>Material: Tegranit 10 mm<\/li>\n<li>Suprafa\u0163\u0103 extrem de rezistent\u0103 la impact, \u015focuri termice \u015fi temperaturi ridicate.<\/li>\n<li>Rezisten\u0163\u0103 excelent\u0103 la razele UV, \u00eempotriva decolor\u0103rii.<\/li>\n<li>Suprafa\u021b\u0103 cu protec\u0163ie anti-bacterian\u0103, foarte u\u015for de cur\u0103\u0163at<\/li>\n<\/ul>\n","protected":false},"featured_media":0,"parent":0,"template":"","product_cat":[273281],"product_cleaning_system":[],"product_3rd_basket":[],"product_drawers":[],"product_type_of_installation":[273234],"product_edition":[],"product_serie":[],"product_features":[],"finishes":[],"product_bundles":[],"product_energy_efficiency":[],"product_video_training":[],"class_list":["post-120243","product","type-product","status-publish","hentry","product_cat-chiuvete","color-topaz-beige","product_type_of_appliance-granit","product_icons-colour_intensity","product_icons-easy_clean","product_icons-food_safe","product_icons-scratch_proof","product_type_of_installation-inset"],"acf":[],"yoast_head":"<!-- This site is optimized with the Yoast SEO plugin v27.5 - https:\/\/yoast.com\/product\/yoast-seo-wordpress\/ -->\n<title>Clave 45 B-TQ 1B | Teka Romania<\/title>\n<meta name=\"robots\" content=\"index, follow, max-snippet:-1, max-image-preview:large, max-video-preview:-1\" \/>\n<link rel=\"canonical\" href=\"https:\/\/www.teka.com\/ro-ro\/produs\/clave-45-b-tq-1b_40148142\/\" \/>\n<meta property=\"og:locale\" content=\"ro_RO\" \/>\n<meta property=\"og:type\" content=\"article\" \/>\n<meta property=\"og:title\" content=\"Clave 45 B-TQ 1B | Teka Romania\" \/>\n<meta property=\"og:description\" content=\"Chiuveta tegranit Modalitate de instalare: Inset Gol de incastrare &gt; 45 cm Material: Tegranit 10 mm Suprafa\u0163\u0103 extrem de rezistent\u0103 la impact, \u015focuri termice \u015fi temperaturi ridicate. Rezisten\u0163\u0103 excelent\u0103 la razele UV, \u00eempotriva decolor\u0103rii. Suprafa\u021b\u0103 cu protec\u0163ie anti-bacterian\u0103, foarte u\u015for de cur\u0103\u0163at\" \/>\n<meta property=\"og:url\" content=\"https:\/\/www.teka.com\/ro-ro\/produs\/clave-45-b-tq-1b_40148142\/\" \/>\n<meta property=\"og:site_name\" content=\"Teka Romania\" \/>\n<meta name=\"twitter:card\" content=\"summary_large_image\" \/>\n<script type=\"application\/ld+json\" class=\"yoast-schema-graph\">{\"@context\":\"https:\\\/\\\/schema.org\",\"@graph\":[{\"@type\":\"WebPage\",\"@id\":\"https:\\\/\\\/www.teka.com\\\/ro-ro\\\/produs\\\/clave-45-b-tq-1b_40148142\\\/\",\"url\":\"https:\\\/\\\/www.teka.com\\\/ro-ro\\\/produs\\\/clave-45-b-tq-1b_40148142\\\/\",\"name\":\"Clave 45 B-TQ 1B | Teka Romania\",\"isPartOf\":{\"@id\":\"https:\\\/\\\/www.teka.com\\\/ro-ro\\\/#website\"},\"datePublished\":\"2026-05-01T23:37:55+00:00\",\"inLanguage\":\"ro-RO\",\"potentialAction\":[{\"@type\":\"ReadAction\",\"target\":[\"https:\\\/\\\/www.teka.com\\\/ro-ro\\\/produs\\\/clave-45-b-tq-1b_40148142\\\/\"]}]},{\"@type\":\"WebSite\",\"@id\":\"https:\\\/\\\/www.teka.com\\\/ro-ro\\\/#website\",\"url\":\"https:\\\/\\\/www.teka.com\\\/ro-ro\\\/\",\"name\":\"Teka Romania\",\"description\":\"\",\"potentialAction\":[{\"@type\":\"SearchAction\",\"target\":{\"@type\":\"EntryPoint\",\"urlTemplate\":\"https:\\\/\\\/www.teka.com\\\/ro-ro\\\/?s={search_term_string}\"},\"query-input\":{\"@type\":\"PropertyValueSpecification\",\"valueRequired\":true,\"valueName\":\"search_term_string\"}}],\"inLanguage\":\"ro-RO\"}]}<\/script>\n<!-- \/ Yoast SEO plugin. -->","yoast_head_json":{"title":"Clave 45 B-TQ 1B | Teka Romania","robots":{"index":"index","follow":"follow","max-snippet":"max-snippet:-1","max-image-preview":"max-image-preview:large","max-video-preview":"max-video-preview:-1"},"canonical":"https:\/\/www.teka.com\/ro-ro\/produs\/clave-45-b-tq-1b_40148142\/","og_locale":"ro_RO","og_type":"article","og_title":"Clave 45 B-TQ 1B | Teka Romania","og_description":"Chiuveta tegranit Modalitate de instalare: Inset Gol de incastrare &gt; 45 cm Material: Tegranit 10 mm Suprafa\u0163\u0103 extrem de rezistent\u0103 la impact, \u015focuri termice \u015fi temperaturi ridicate. Rezisten\u0163\u0103 excelent\u0103 la razele UV, \u00eempotriva decolor\u0103rii. Suprafa\u021b\u0103 cu protec\u0163ie anti-bacterian\u0103, foarte u\u015for de cur\u0103\u0163at","og_url":"https:\/\/www.teka.com\/ro-ro\/produs\/clave-45-b-tq-1b_40148142\/","og_site_name":"Teka Romania","twitter_card":"summary_large_image","schema":{"@context":"https:\/\/schema.org","@graph":[{"@type":"WebPage","@id":"https:\/\/www.teka.com\/ro-ro\/produs\/clave-45-b-tq-1b_40148142\/","url":"https:\/\/www.teka.com\/ro-ro\/produs\/clave-45-b-tq-1b_40148142\/","name":"Clave 45 B-TQ 1B | Teka Romania","isPartOf":{"@id":"https:\/\/www.teka.com\/ro-ro\/#website"},"datePublished":"2026-05-01T23:37:55+00:00","inLanguage":"ro-RO","potentialAction":[{"@type":"ReadAction","target":["https:\/\/www.teka.com\/ro-ro\/produs\/clave-45-b-tq-1b_40148142\/"]}]},{"@type":"WebSite","@id":"https:\/\/www.teka.com\/ro-ro\/#website","url":"https:\/\/www.teka.com\/ro-ro\/","name":"Teka Romania","description":"","potentialAction":[{"@type":"SearchAction","target":{"@type":"EntryPoint","urlTemplate":"https:\/\/www.teka.com\/ro-ro\/?s={search_term_string}"},"query-input":{"@type":"PropertyValueSpecification","valueRequired":true,"valueName":"search_term_string"}}],"inLanguage":"ro-RO"}]}},"_links":{"self":[{"href":"https:\/\/www.teka.com\/ro-ro\/wp-json\/wp\/v2\/product\/120243","targetHints":{"allow":["GET"]}}],"collection":[{"href":"https:\/\/www.teka.com\/ro-ro\/wp-json\/wp\/v2\/product"}],"about":[{"href":"https:\/\/www.teka.com\/ro-ro\/wp-json\/wp\/v2\/types\/product"}],"wp:attachment":[{"href":"https:\/\/www.teka.com\/ro-ro\/wp-json\/wp\/v2\/media?parent=120243"}],"wp:term":[{"taxonomy":"product_cat","embeddable":true,"href":"https:\/\/www.teka.com\/ro-ro\/wp-json\/wp\/v2\/product_cat?post=120243"},{"taxonomy":"product_cleaning_system","embeddable":true,"href":"https:\/\/www.teka.com\/ro-ro\/wp-json\/wp\/v2\/product_cleaning_system?post=120243"},{"taxonomy":"product_3rd_basket","embeddable":true,"href":"https:\/\/www.teka.com\/ro-ro\/wp-json\/wp\/v2\/product_3rd_basket?post=120243"},{"taxonomy":"product_drawers","embeddable":true,"href":"https:\/\/www.teka.com\/ro-ro\/wp-json\/wp\/v2\/product_drawers?post=120243"},{"taxonomy":"product_type_of_installation","embeddable":true,"href":"https:\/\/www.teka.com\/ro-ro\/wp-json\/wp\/v2\/product_type_of_installation?post=120243"},{"taxonomy":"product_edition","embeddable":true,"href":"https:\/\/www.teka.com\/ro-ro\/wp-json\/wp\/v2\/product_edition?post=120243"},{"taxonomy":"product_serie","embeddable":true,"href":"https:\/\/www.teka.com\/ro-ro\/wp-json\/wp\/v2\/product_serie?post=120243"},{"taxonomy":"product_features","embeddable":true,"href":"https:\/\/www.teka.com\/ro-ro\/wp-json\/wp\/v2\/product_features?post=120243"},{"taxonomy":"finishes","embeddable":true,"href":"https:\/\/www.teka.com\/ro-ro\/wp-json\/wp\/v2\/finishes?post=120243"},{"taxonomy":"product_bundles","embeddable":true,"href":"https:\/\/www.teka.com\/ro-ro\/wp-json\/wp\/v2\/product_bundles?post=120243"},{"taxonomy":"product_energy_efficiency","embeddable":true,"href":"https:\/\/www.teka.com\/ro-ro\/wp-json\/wp\/v2\/product_energy_efficiency?post=120243"},{"taxonomy":"product_video_training","embeddable":true,"href":"https:\/\/www.teka.com\/ro-ro\/wp-json\/wp\/v2\/product_video_training?post=120243"}],"curies":[{"name":"wp","href":"https:\/\/api.w.org\/{rel}","templated":true}]}}