{"id":4713,"date":"2018-07-25T09:21:25","date_gmt":"2018-07-25T09:21:25","guid":{"rendered":"http:\/\/teka.com\/?page_id=4713"},"modified":"2019-10-03T12:08:04","modified_gmt":"2019-10-03T12:08:04","slug":"katalozi","status":"publish","type":"page","link":"https:\/\/www.teka.com\/ru-kg\/katalozi\/","title":{"rendered":"\u0417\u0430\u0433\u0440\u0443\u0437\u043a\u0430 \u043a\u0430\u0442\u0430\u043b\u043e\u0433\u043e\u0432"},"content":{"rendered":"<p>[et_pb_section bb_built=&#187;1&#8243; next_background_color=&#187;#ffffff&#187; _builder_version=&#187;3.19&#8243; background_image=&#187;https:\/\/www.teka.com\/ru-kg\/wp-content\/uploads\/sites\/122\/2019\/10\/Download-pdf-catalogues-background.jpg&#187; background_position=&#187;center_right&#187; module_id=&#187;descarga-catalogos-top&#187;][et_pb_row _builder_version=&#187;3.10.1&#8243; module_id_1=&#187;descarga-catalogos-top-text&#187; module_id_2=&#187;descarga-catalogos-top-img&#187;][et_pb_column type=&#187;1_2&#8243;][et_pb_text _builder_version=&#187;3.19&#8243; background_layout=&#187;dark&#187;]<\/p>\n<h1>\u041a\u0430\u0442\u0430\u043b\u043e\u0433 Teka 2019<\/h1>\n<p>\u0417\u0430\u0433\u0440\u0443\u0437\u0438\u0442\u0435 \u043d\u0430\u0448 \u043a\u043e\u043c\u043f\u043b\u0435\u043a\u0441\u043d\u044b\u0439 \u043a\u0430\u0442\u0430\u043b\u043e\u0433 2019 \u0433\u0433. \u0412 \u043d\u0435\u043c \u0432\u044b \u043d\u0430\u0439\u0434\u0435\u0442\u0435 \u043d\u0430\u0448\u0438 \u043d\u043e\u0432\u0438\u043d\u043a\u0438 \u0438 \u043c\u043e\u0434\u0435\u043b\u044c\u043d\u044b\u0439 \u0440\u044f\u0434 \u0442\u0435\u0445\u043d\u0438\u043a\u0438, \u043a\u0430\u043a \u0438 \u043f\u043e\u0434\u0440\u043e\u0431\u043d\u043e\u0435 \u043e\u043f\u0438\u0441\u0430\u043d\u0438\u0435 \u0438 \u0442\u0435\u0445\u043d\u0438\u0447\u0435\u0441\u043a\u0438\u0435 \u0445\u0430\u0440\u0430\u043a\u0442\u0435\u0440\u0438\u0441\u0442\u0438\u043a\u0438 \u043f\u0440\u043e\u0438\u0437\u0432\u043e\u0434\u0438\u043c\u044b\u0445 \u043d\u0430\u043c\u0438 \u043f\u0440\u043e\u0434\u0443\u043a\u0442\u043e\u0432.<\/p>\n<p>[\/et_pb_text][\/et_pb_column][et_pb_column type=&#187;1_2&#8243;][et_pb_image _builder_version=&#187;3.19&#8243; src=&#187;https:\/\/www.teka.com\/ru-kg\/wp-content\/uploads\/sites\/122\/2019\/10\/Teka-Kitchen-Appliances-2019-covers.png&#187; \/][\/et_pb_column][\/et_pb_row][\/et_pb_section][et_pb_section bb_built=&#187;1&#8243; fullwidth=&#187;off&#187; specialty=&#187;off&#187; prev_background_color=&#187;#000000&#8243;][et_pb_row][et_pb_column type=&#187;4_4&#8243;][et_pb_catalogs _builder_version=&#187;3.14&#8243; posts_number=&#187;-1&#8243; title_font_size_tablet=&#187;51&#8243; title_line_height_tablet=&#187;2&#8243; caption_font_size_tablet=&#187;51&#8243; caption_line_height_tablet=&#187;2&#8243; pagination_font_size_tablet=&#187;51&#8243; pagination_line_height_tablet=&#187;2&#8243; fullwidth=&#187;off&#187; show_categories=&#187;off&#187; show_pagination=&#187;off&#187; \/][\/et_pb_column][\/et_pb_row][\/et_pb_section]<\/p>\n","protected":false},"excerpt":{"rendered":"<p>\u041a\u0430\u0442\u0430\u043b\u043e\u0433 Teka 2019\u0417\u0430\u0433\u0440\u0443\u0437\u0438\u0442\u0435 \u043d\u0430\u0448 \u043a\u043e\u043c\u043f\u043b\u0435\u043a\u0441\u043d\u044b\u0439 \u043a\u0430\u0442\u0430\u043b\u043e\u0433 2019 \u0433\u0433. \u0412 \u043d\u0435\u043c \u0432\u044b \u043d\u0430\u0439\u0434\u0435\u0442\u0435 \u043d\u0430\u0448\u0438 \u043d\u043e\u0432\u0438\u043d\u043a\u0438 \u0438 \u043c\u043e\u0434\u0435\u043b\u044c\u043d\u044b\u0439 \u0440\u044f\u0434 \u0442\u0435\u0445\u043d\u0438\u043a\u0438, \u043a\u0430\u043a \u0438 \u043f\u043e\u0434\u0440\u043e\u0431\u043d\u043e\u0435 \u043e\u043f\u0438\u0441\u0430\u043d\u0438\u0435 \u0438 \u0442\u0435\u0445\u043d\u0438\u0447\u0435\u0441\u043a\u0438\u0435 \u0445\u0430\u0440\u0430\u043a\u0442\u0435\u0440\u0438\u0441\u0442\u0438\u043a\u0438 \u043f\u0440\u043e\u0438\u0437\u0432\u043e\u0434\u0438\u043c\u044b\u0445 \u043d\u0430\u043c\u0438 \u043f\u0440\u043e\u0434\u0443\u043a\u0442\u043e\u0432. <div class=\"et_pb_row et_pb_row_0 et_pb_row_empty\">\n\t\t\t\t\n\t\t\t\t\n\t\t\t\t\n\t\t\t\t\n\t\t\t\t\n\t\t\t<\/div>[et_pb_catalogs _builder_version=&#187;3.14&#8243; posts_number=&#187;-1&#8243; title_font_size_tablet=&#187;51&#8243; title_line_height_tablet=&#187;2&#8243; caption_font_size_tablet=&#187;51&#8243; caption_line_height_tablet=&#187;2&#8243; pagination_font_size_tablet=&#187;51&#8243; pagination_line_height_tablet=&#187;2&#8243; fullwidth=&#187;off&#187; show_categories=&#187;off&#187; show_pagination=&#187;off&#187; \/]<\/p>\n","protected":false},"author":9,"featured_media":0,"parent":0,"menu_order":0,"comment_status":"closed","ping_status":"closed","template":"","meta":{"_acf_changed":false,"_et_pb_use_builder":"on","_et_pb_old_content":"","_et_gb_content_width":"","footnotes":""},"class_list":["post-4713","page","type-page","status-publish","hentry"],"acf":[],"yoast_head":"<!-- This site is optimized with the Yoast SEO plugin v27.5 - https:\/\/yoast.com\/product\/yoast-seo-wordpress\/ -->\n<title>\u0417\u0430\u0433\u0440\u0443\u0437\u043a\u0430 \u043a\u0430\u0442\u0430\u043b\u043e\u0433\u043e\u0432 2018-2019 de Cocina y Ba\u00f1o | Teka Kyrgyzstan<\/title>\n<meta name=\"description\" content=\"Descarga todos los cat\u00e1logos de cocina y electrodom\u00e9sticos Teka. Tambi\u00e9n disponible los cat\u00e1logos de productos de ba\u00f1o Teka Sanitary 2018-2019.\" \/>\n<meta name=\"robots\" content=\"index, follow, max-snippet:-1, max-image-preview:large, max-video-preview:-1\" \/>\n<link rel=\"canonical\" href=\"https:\/\/www.teka.com\/ru-kg\/katalozi\/\" \/>\n<meta property=\"og:locale\" content=\"ru_RU\" \/>\n<meta property=\"og:type\" content=\"article\" \/>\n<meta property=\"og:title\" content=\"\u0417\u0430\u0433\u0440\u0443\u0437\u043a\u0430 \u043a\u0430\u0442\u0430\u043b\u043e\u0433\u043e\u0432 2018-2019 de Cocina y Ba\u00f1o | Teka Kyrgyzstan\" \/>\n<meta property=\"og:description\" content=\"Descarga todos los cat\u00e1logos de cocina y electrodom\u00e9sticos Teka. Tambi\u00e9n disponible los cat\u00e1logos de productos de ba\u00f1o Teka Sanitary 2018-2019.\" \/>\n<meta property=\"og:url\" content=\"https:\/\/www.teka.com\/ru-kg\/katalozi\/\" \/>\n<meta property=\"og:site_name\" content=\"Teka Kyrgyzstan\" \/>\n<meta property=\"article:modified_time\" content=\"2019-10-03T12:08:04+00:00\" \/>\n<meta name=\"twitter:card\" content=\"summary_large_image\" \/>\n<meta name=\"twitter:label1\" content=\"\u041f\u0440\u0438\u043c\u0435\u0440\u043d\u043e\u0435 \u0432\u0440\u0435\u043c\u044f \u0434\u043b\u044f \u0447\u0442\u0435\u043d\u0438\u044f\" \/>\n\t<meta name=\"twitter:data1\" content=\"1 \u043c\u0438\u043d\u0443\u0442\u0430\" \/>\n<script type=\"application\/ld+json\" class=\"yoast-schema-graph\">{\"@context\":\"https:\\\/\\\/schema.org\",\"@graph\":[{\"@type\":\"WebPage\",\"@id\":\"https:\\\/\\\/www.teka.com\\\/ru-kg\\\/katalozi\\\/\",\"url\":\"https:\\\/\\\/www.teka.com\\\/ru-kg\\\/katalozi\\\/\",\"name\":\"\u0417\u0430\u0433\u0440\u0443\u0437\u043a\u0430 \u043a\u0430\u0442\u0430\u043b\u043e\u0433\u043e\u0432 2018-2019 de Cocina y Ba\u00f1o | Teka Kyrgyzstan\",\"isPartOf\":{\"@id\":\"https:\\\/\\\/www.teka.com\\\/ru-kg\\\/#website\"},\"datePublished\":\"2018-07-25T09:21:25+00:00\",\"dateModified\":\"2019-10-03T12:08:04+00:00\",\"description\":\"Descarga todos los cat\u00e1logos de cocina y electrodom\u00e9sticos Teka. Tambi\u00e9n disponible los cat\u00e1logos de productos de ba\u00f1o Teka Sanitary 2018-2019.\",\"inLanguage\":\"ru-RU\",\"potentialAction\":[{\"@type\":\"ReadAction\",\"target\":[\"https:\\\/\\\/www.teka.com\\\/ru-kg\\\/katalozi\\\/\"]}]},{\"@type\":\"WebSite\",\"@id\":\"https:\\\/\\\/www.teka.com\\\/ru-kg\\\/#website\",\"url\":\"https:\\\/\\\/www.teka.com\\\/ru-kg\\\/\",\"name\":\"Teka Kyrgyzstan\",\"description\":\"\",\"potentialAction\":[{\"@type\":\"SearchAction\",\"target\":{\"@type\":\"EntryPoint\",\"urlTemplate\":\"https:\\\/\\\/www.teka.com\\\/ru-kg\\\/?s={search_term_string}\"},\"query-input\":{\"@type\":\"PropertyValueSpecification\",\"valueRequired\":true,\"valueName\":\"search_term_string\"}}],\"inLanguage\":\"ru-RU\"}]}<\/script>\n<!-- \/ Yoast SEO plugin. -->","yoast_head_json":{"title":"\u0417\u0430\u0433\u0440\u0443\u0437\u043a\u0430 \u043a\u0430\u0442\u0430\u043b\u043e\u0433\u043e\u0432 2018-2019 de Cocina y Ba\u00f1o | Teka Kyrgyzstan","description":"Descarga todos los cat\u00e1logos de cocina y electrodom\u00e9sticos Teka. Tambi\u00e9n disponible los cat\u00e1logos de productos de ba\u00f1o Teka Sanitary 2018-2019.","robots":{"index":"index","follow":"follow","max-snippet":"max-snippet:-1","max-image-preview":"max-image-preview:large","max-video-preview":"max-video-preview:-1"},"canonical":"https:\/\/www.teka.com\/ru-kg\/katalozi\/","og_locale":"ru_RU","og_type":"article","og_title":"\u0417\u0430\u0433\u0440\u0443\u0437\u043a\u0430 \u043a\u0430\u0442\u0430\u043b\u043e\u0433\u043e\u0432 2018-2019 de Cocina y Ba\u00f1o | Teka Kyrgyzstan","og_description":"Descarga todos los cat\u00e1logos de cocina y electrodom\u00e9sticos Teka. Tambi\u00e9n disponible los cat\u00e1logos de productos de ba\u00f1o Teka Sanitary 2018-2019.","og_url":"https:\/\/www.teka.com\/ru-kg\/katalozi\/","og_site_name":"Teka Kyrgyzstan","article_modified_time":"2019-10-03T12:08:04+00:00","twitter_card":"summary_large_image","twitter_misc":{"\u041f\u0440\u0438\u043c\u0435\u0440\u043d\u043e\u0435 \u0432\u0440\u0435\u043c\u044f \u0434\u043b\u044f \u0447\u0442\u0435\u043d\u0438\u044f":"1 \u043c\u0438\u043d\u0443\u0442\u0430"},"schema":{"@context":"https:\/\/schema.org","@graph":[{"@type":"WebPage","@id":"https:\/\/www.teka.com\/ru-kg\/katalozi\/","url":"https:\/\/www.teka.com\/ru-kg\/katalozi\/","name":"\u0417\u0430\u0433\u0440\u0443\u0437\u043a\u0430 \u043a\u0430\u0442\u0430\u043b\u043e\u0433\u043e\u0432 2018-2019 de Cocina y Ba\u00f1o | Teka Kyrgyzstan","isPartOf":{"@id":"https:\/\/www.teka.com\/ru-kg\/#website"},"datePublished":"2018-07-25T09:21:25+00:00","dateModified":"2019-10-03T12:08:04+00:00","description":"Descarga todos los cat\u00e1logos de cocina y electrodom\u00e9sticos Teka. Tambi\u00e9n disponible los cat\u00e1logos de productos de ba\u00f1o Teka Sanitary 2018-2019.","inLanguage":"ru-RU","potentialAction":[{"@type":"ReadAction","target":["https:\/\/www.teka.com\/ru-kg\/katalozi\/"]}]},{"@type":"WebSite","@id":"https:\/\/www.teka.com\/ru-kg\/#website","url":"https:\/\/www.teka.com\/ru-kg\/","name":"Teka Kyrgyzstan","description":"","potentialAction":[{"@type":"SearchAction","target":{"@type":"EntryPoint","urlTemplate":"https:\/\/www.teka.com\/ru-kg\/?s={search_term_string}"},"query-input":{"@type":"PropertyValueSpecification","valueRequired":true,"valueName":"search_term_string"}}],"inLanguage":"ru-RU"}]}},"_links":{"self":[{"href":"https:\/\/www.teka.com\/ru-kg\/wp-json\/wp\/v2\/pages\/4713","targetHints":{"allow":["GET"]}}],"collection":[{"href":"https:\/\/www.teka.com\/ru-kg\/wp-json\/wp\/v2\/pages"}],"about":[{"href":"https:\/\/www.teka.com\/ru-kg\/wp-json\/wp\/v2\/types\/page"}],"author":[{"embeddable":true,"href":"https:\/\/www.teka.com\/ru-kg\/wp-json\/wp\/v2\/users\/9"}],"replies":[{"embeddable":true,"href":"https:\/\/www.teka.com\/ru-kg\/wp-json\/wp\/v2\/comments?post=4713"}],"version-history":[{"count":21,"href":"https:\/\/www.teka.com\/ru-kg\/wp-json\/wp\/v2\/pages\/4713\/revisions"}],"predecessor-version":[{"id":57112,"href":"https:\/\/www.teka.com\/ru-kg\/wp-json\/wp\/v2\/pages\/4713\/revisions\/57112"}],"wp:attachment":[{"href":"https:\/\/www.teka.com\/ru-kg\/wp-json\/wp\/v2\/media?parent=4713"}],"curies":[{"name":"wp","href":"https:\/\/api.w.org\/{rel}","templated":true}]}}