{"id":16,"date":"2018-06-27T08:06:09","date_gmt":"2018-06-27T08:06:09","guid":{"rendered":"http:\/\/teka.com\/?page_id=16"},"modified":"2024-04-23T13:02:45","modified_gmt":"2024-04-23T13:02:45","slug":"inspiration","status":"publish","type":"page","link":"https:\/\/www.teka.com\/sk-sk\/inspiration\/","title":{"rendered":"Inspiration"},"content":{"rendered":"<p>[et_pb_section bb_built=&#8220;1&#8243; next_background_color=&#8220;#f2f2f2&#8243; _builder_version=&#8220;3.17.6&#8243; background_image=&#8220;https:\/\/www.teka.com\/wp-content\/uploads\/sites\/3\/2018\/10\/teka-inspiration-2.jpg&#8220; module_id=&#8220;inspiration-header&#8220; global_module=&#8220;39222&#8243;][et_pb_row global_parent=&#8220;39222&#8243; background_position=&#8220;top_left&#8220; background_repeat=&#8220;repeat&#8220; background_size=&#8220;initial&#8220;][et_pb_column type=&#8220;1_2&#8243;][et_pb_text admin_label=&#8220;Title&#8220; global_parent=&#8220;39222&#8243; _builder_version=&#8220;3.19&#8243; background_layout=&#8220;dark&#8220; module_id=&#8220;inspiration-main-title&#8220;]<\/p>\n<p>\u00a0<\/p>\n<h1>Imagine<\/h1>\n<h1><strong>the unimaginable<\/strong><\/h1>\n<p>\u00a0<\/p>\n<p>\u00a0<\/p>\n<p>[\/et_pb_text][\/et_pb_column][et_pb_column type=&#8220;1_2&#8243;][\/et_pb_column][\/et_pb_row][et_pb_row global_parent=&#8220;39222&#8243; background_position=&#8220;top_left&#8220; background_repeat=&#8220;repeat&#8220; background_size=&#8220;initial&#8220;][et_pb_column type=&#8220;4_4&#8243;][et_pb_sidebar admin_label=&#8220;Inspiration menu holder&#8220; global_parent=&#8220;39222&#8243; _builder_version=&#8220;3.14&#8243; area=&#8220;et_pb_widget_area_2&#8243; module_id=&#8220;inspiration-menu&#8220; \/][\/et_pb_column][\/et_pb_row][\/et_pb_section][et_pb_section bb_built=&#8220;1&#8243; specialty=&#8220;off&#8220; prev_background_color=&#8220;#ffffff&#8220; _builder_version=&#8220;3.14&#8243; background_color=&#8220;#f2f2f2&#8243;][et_pb_row][et_pb_column type=&#8220;4_4&#8243;][et_pb_inspiration admin_label=&#8220;Inspiration archive holder&#8220; _builder_version=&#8220;3.19&#8243; posts_number=&#8220;8&#8243; header_font_size_tablet=&#8220;51&#8243; header_line_height_tablet=&#8220;2&#8243; body_font_size_tablet=&#8220;51&#8243; body_line_height_tablet=&#8220;2&#8243; meta_font_size_tablet=&#8220;51&#8243; meta_line_height_tablet=&#8220;2&#8243; pagination_font_size_tablet=&#8220;51&#8243; pagination_line_height_tablet=&#8220;2&#8243; include_categories=&#8220;592,595,614,646&#8243; show_author=&#8220;off&#8220; \/][\/et_pb_column][\/et_pb_row][\/et_pb_section]<\/p>\n","protected":false},"excerpt":{"rendered":"<p>\u00a0 Imagine the unimaginable \u00a0 \u00a0 <div class=\"et_pb_row et_pb_row_0 et_pb_row_empty\">\n\t\t\t\t\n\t\t\t\t\n\t\t\t\t\n\t\t\t\t\n\t\t\t\t\n\t\t\t<\/div>[et_pb_inspiration admin_label=&#8220;Inspiration archive holder&#8220; _builder_version=&#8220;3.19&#8243; posts_number=&#8220;8&#8243; header_font_size_tablet=&#8220;51&#8243; header_line_height_tablet=&#8220;2&#8243; body_font_size_tablet=&#8220;51&#8243; body_line_height_tablet=&#8220;2&#8243; meta_font_size_tablet=&#8220;51&#8243; meta_line_height_tablet=&#8220;2&#8243; pagination_font_size_tablet=&#8220;51&#8243; pagination_line_height_tablet=&#8220;2&#8243; include_categories=&#8220;592,595,614,646&#8243; show_author=&#8220;off&#8220; \/]<\/p>\n","protected":false},"author":9,"featured_media":0,"parent":0,"menu_order":0,"comment_status":"closed","ping_status":"closed","template":"","meta":{"_acf_changed":false,"_et_pb_use_builder":"on","_et_pb_old_content":"","_et_gb_content_width":"","footnotes":""},"class_list":["post-16","page","type-page","status-publish","hentry"],"acf":[],"yoast_head":"<!-- This site is optimized with the Yoast SEO plugin v27.2 - https:\/\/yoast.com\/product\/yoast-seo-wordpress\/ -->\n<title>Inspiration | Teka Slovensk\u00e1 republika<\/title>\n<meta name=\"robots\" content=\"index, follow, max-snippet:-1, max-image-preview:large, max-video-preview:-1\" \/>\n<link rel=\"canonical\" href=\"https:\/\/www.teka.com\/sk-sk\/?page_id=16\" \/>\n<meta property=\"og:locale\" content=\"sk_SK\" \/>\n<meta property=\"og:type\" content=\"article\" \/>\n<meta property=\"og:title\" content=\"Inspiration | Teka Slovensk\u00e1 republika\" \/>\n<meta property=\"og:description\" content=\"\u00a0 Imagine the unimaginable \u00a0 \u00a0 [et_pb_inspiration admin_label=&quot;Inspiration archive holder&quot; _builder_version=&quot;3.19&quot; posts_number=&quot;8&quot; header_font_size_tablet=&quot;51&quot; header_line_height_tablet=&quot;2&quot; body_font_size_tablet=&quot;51&quot; body_line_height_tablet=&quot;2&quot; meta_font_size_tablet=&quot;51&quot; meta_line_height_tablet=&quot;2&quot; pagination_font_size_tablet=&quot;51&quot; pagination_line_height_tablet=&quot;2&quot; include_categories=&quot;592,595,614,646&quot; show_author=&quot;off&quot; \/]\" \/>\n<meta property=\"og:url\" content=\"https:\/\/www.teka.com\/sk-sk\/?page_id=16\" \/>\n<meta property=\"og:site_name\" content=\"Teka Slovensk\u00e1 republika\" \/>\n<meta property=\"article:modified_time\" content=\"2024-04-23T13:02:45+00:00\" \/>\n<meta name=\"twitter:card\" content=\"summary_large_image\" \/>\n<meta name=\"twitter:label1\" content=\"Predpokladan\u00fd \u010das \u010d\u00edtania\" \/>\n\t<meta name=\"twitter:data1\" content=\"1 min\u00fata\" \/>\n<script type=\"application\/ld+json\" class=\"yoast-schema-graph\">{\"@context\":\"https:\/\/schema.org\",\"@graph\":[{\"@type\":\"WebPage\",\"@id\":\"https:\/\/www.teka.com\/sk-sk\/?page_id=16\",\"url\":\"https:\/\/www.teka.com\/sk-sk\/?page_id=16\",\"name\":\"Inspiration | Teka Slovensk\u00e1 republika\",\"isPartOf\":{\"@id\":\"https:\/\/www.teka.com\/sk-sk\/#website\"},\"datePublished\":\"2018-06-27T08:06:09+00:00\",\"dateModified\":\"2024-04-23T13:02:45+00:00\",\"inLanguage\":\"sk-SK\",\"potentialAction\":[{\"@type\":\"ReadAction\",\"target\":[\"https:\/\/www.teka.com\/sk-sk\/?page_id=16\"]}]},{\"@type\":\"WebSite\",\"@id\":\"https:\/\/www.teka.com\/sk-sk\/#website\",\"url\":\"https:\/\/www.teka.com\/sk-sk\/\",\"name\":\"Teka Slovensk\u00e1 republika\",\"description\":\"\",\"potentialAction\":[{\"@type\":\"SearchAction\",\"target\":{\"@type\":\"EntryPoint\",\"urlTemplate\":\"https:\/\/www.teka.com\/sk-sk\/?s={search_term_string}\"},\"query-input\":{\"@type\":\"PropertyValueSpecification\",\"valueRequired\":true,\"valueName\":\"search_term_string\"}}],\"inLanguage\":\"sk-SK\"}]}<\/script>\n<!-- \/ Yoast SEO plugin. -->","yoast_head_json":{"title":"Inspiration | Teka Slovensk\u00e1 republika","robots":{"index":"index","follow":"follow","max-snippet":"max-snippet:-1","max-image-preview":"max-image-preview:large","max-video-preview":"max-video-preview:-1"},"canonical":"https:\/\/www.teka.com\/sk-sk\/?page_id=16","og_locale":"sk_SK","og_type":"article","og_title":"Inspiration | Teka Slovensk\u00e1 republika","og_description":"\u00a0 Imagine the unimaginable \u00a0 \u00a0 [et_pb_inspiration admin_label=\"Inspiration archive holder\" _builder_version=\"3.19\" posts_number=\"8\" header_font_size_tablet=\"51\" header_line_height_tablet=\"2\" body_font_size_tablet=\"51\" body_line_height_tablet=\"2\" meta_font_size_tablet=\"51\" meta_line_height_tablet=\"2\" pagination_font_size_tablet=\"51\" pagination_line_height_tablet=\"2\" include_categories=\"592,595,614,646\" show_author=\"off\" \/]","og_url":"https:\/\/www.teka.com\/sk-sk\/?page_id=16","og_site_name":"Teka Slovensk\u00e1 republika","article_modified_time":"2024-04-23T13:02:45+00:00","twitter_card":"summary_large_image","twitter_misc":{"Predpokladan\u00fd \u010das \u010d\u00edtania":"1 min\u00fata"},"schema":{"@context":"https:\/\/schema.org","@graph":[{"@type":"WebPage","@id":"https:\/\/www.teka.com\/sk-sk\/?page_id=16","url":"https:\/\/www.teka.com\/sk-sk\/?page_id=16","name":"Inspiration | Teka Slovensk\u00e1 republika","isPartOf":{"@id":"https:\/\/www.teka.com\/sk-sk\/#website"},"datePublished":"2018-06-27T08:06:09+00:00","dateModified":"2024-04-23T13:02:45+00:00","inLanguage":"sk-SK","potentialAction":[{"@type":"ReadAction","target":["https:\/\/www.teka.com\/sk-sk\/?page_id=16"]}]},{"@type":"WebSite","@id":"https:\/\/www.teka.com\/sk-sk\/#website","url":"https:\/\/www.teka.com\/sk-sk\/","name":"Teka Slovensk\u00e1 republika","description":"","potentialAction":[{"@type":"SearchAction","target":{"@type":"EntryPoint","urlTemplate":"https:\/\/www.teka.com\/sk-sk\/?s={search_term_string}"},"query-input":{"@type":"PropertyValueSpecification","valueRequired":true,"valueName":"search_term_string"}}],"inLanguage":"sk-SK"}]}},"_links":{"self":[{"href":"https:\/\/www.teka.com\/sk-sk\/wp-json\/wp\/v2\/pages\/16","targetHints":{"allow":["GET"]}}],"collection":[{"href":"https:\/\/www.teka.com\/sk-sk\/wp-json\/wp\/v2\/pages"}],"about":[{"href":"https:\/\/www.teka.com\/sk-sk\/wp-json\/wp\/v2\/types\/page"}],"author":[{"embeddable":true,"href":"https:\/\/www.teka.com\/sk-sk\/wp-json\/wp\/v2\/users\/9"}],"replies":[{"embeddable":true,"href":"https:\/\/www.teka.com\/sk-sk\/wp-json\/wp\/v2\/comments?post=16"}],"version-history":[{"count":44,"href":"https:\/\/www.teka.com\/sk-sk\/wp-json\/wp\/v2\/pages\/16\/revisions"}],"predecessor-version":[{"id":72643,"href":"https:\/\/www.teka.com\/sk-sk\/wp-json\/wp\/v2\/pages\/16\/revisions\/72643"}],"wp:attachment":[{"href":"https:\/\/www.teka.com\/sk-sk\/wp-json\/wp\/v2\/media?parent=16"}],"curies":[{"name":"wp","href":"https:\/\/api.w.org\/{rel}","templated":true}]}}