{"id":21989,"date":"2018-09-11T07:58:22","date_gmt":"2018-09-11T07:58:22","guid":{"rendered":"http:\/\/teka.com\/?page_id=21989"},"modified":"2025-02-12T12:13:45","modified_gmt":"2025-02-12T11:13:45","slug":"o-nas","status":"publish","type":"page","link":"https:\/\/www.teka.com\/sk-sk\/o-nas\/","title":{"rendered":"About Teka"},"content":{"rendered":"<p>[et_pb_section fb_built=&#8220;1&#8243; module_id=&#8220;teka-top&#8220; _builder_version=&#8220;3.17.6&#8243; background_image=&#8220;https:\/\/www.teka.com\/sk-sk\/wp-content\/uploads\/sites\/132\/2018\/11\/teka-slider-about-us-desktop.jpg&#8220; global_module=&#8220;23211&#8243; collapsed=&#8220;on&#8220; global_colors_info=&#8220;{}&#8220;][et_pb_row column_structure=&#8220;1_2,1_2&#8243; _builder_version=&#8220;4.16&#8243; background_size=&#8220;initial&#8220; background_position=&#8220;top_left&#8220; background_repeat=&#8220;repeat&#8220; global_colors_info=&#8220;{}&#8220;][et_pb_column type=&#8220;1_2&#8243; _builder_version=&#8220;4.16&#8243; custom_padding=&#8220;|||&#8220; global_colors_info=&#8220;{}&#8220; custom_padding__hover=&#8220;|||&#8220;][et_pb_text admin_label=&#8220;Header Title&#8220; _builder_version=&#8220;4.27.4&#8243; background_layout=&#8220;dark&#8220; global_colors_info=&#8220;{}&#8220;]<\/p>\n<p>\u00a0<\/p>\n<p>\u00a0<\/p>\n<h3><strong>Skupina Teka, <\/strong><br \/>Nemeck\u00fd p\u00f4vod.<\/h3>\n<p>\u00a0<\/p>\n<p>\u00a0<\/p>\n<p>\u00a0<\/p>\n<p>\u00a0<\/p>\n<p>[\/et_pb_text][\/et_pb_column][et_pb_column type=&#8220;1_2&#8243; _builder_version=&#8220;4.16&#8243; custom_padding=&#8220;|||&#8220; global_colors_info=&#8220;{}&#8220; custom_padding__hover=&#8220;|||&#8220;][\/et_pb_column][\/et_pb_row][\/et_pb_section][et_pb_section fb_built=&#8220;1&#8243; module_id=&#8220;teka-menu&#8220; _builder_version=&#8220;3.14&#8243; background_color=&#8220;#0e0e0e&#8220; global_module=&#8220;23212&#8243; collapsed=&#8220;on&#8220; global_colors_info=&#8220;{}&#8220;][et_pb_row _builder_version=&#8220;4.16&#8243; background_size=&#8220;initial&#8220; background_position=&#8220;top_left&#8220; background_repeat=&#8220;repeat&#8220; global_colors_info=&#8220;{}&#8220;][et_pb_column type=&#8220;4_4&#8243; _builder_version=&#8220;4.16&#8243; custom_padding=&#8220;|||&#8220; global_colors_info=&#8220;{}&#8220; custom_padding__hover=&#8220;|||&#8220;][et_pb_sidebar area=&#8220;et_pb_widget_area_7&#8243; disabled_on=&#8220;on|on|&#8220; _builder_version=&#8220;4.16&#8243; background_layout=&#8220;dark&#8220; global_colors_info=&#8220;{}&#8220;][\/et_pb_sidebar][et_pb_sidebar area=&#8220;et_pb_widget_area_9&#8243; disabled_on=&#8220;on||on&#8220; admin_label=&#8220;Sidebar Tablet&#8220; _builder_version=&#8220;4.16&#8243; background_layout=&#8220;dark&#8220; global_colors_info=&#8220;{}&#8220;][\/et_pb_sidebar][et_pb_sidebar area=&#8220;et_pb_widget_area_8&#8243; disabled_on=&#8220;|on|on&#8220; admin_label=&#8220;Sidebar Mobile&#8220; _builder_version=&#8220;4.27.4&#8243; background_layout=&#8220;dark&#8220; global_colors_info=&#8220;{}&#8220;][\/et_pb_sidebar][\/et_pb_column][\/et_pb_row][\/et_pb_section][et_pb_section fb_built=&#8220;1&#8243; module_id=&#8220;about-us&#8220; _builder_version=&#8220;4.16&#8243; global_colors_info=&#8220;{}&#8220;][et_pb_row _builder_version=&#8220;4.16&#8243; background_size=&#8220;initial&#8220; background_position=&#8220;top_left&#8220; background_repeat=&#8220;repeat&#8220; module_alignment=&#8220;center&#8220; custom_padding=&#8220;32px|0px|32px|0px|false|false&#8220; use_custom_width=&#8220;on&#8220; global_colors_info=&#8220;{}&#8220;][et_pb_column type=&#8220;4_4&#8243; _builder_version=&#8220;4.16&#8243; custom_padding=&#8220;|||&#8220; global_colors_info=&#8220;{}&#8220; custom_padding__hover=&#8220;|||&#8220;][et_pb_text _builder_version=&#8220;4.27.4&#8243; global_colors_info=&#8220;{}&#8220;]<\/p>\n<h1 style=\"text-align: center;\">Vytv\u00e1ranie <strong>nezabudnute\u013en\u00fdch momentov\u00a0<\/strong><\/h1>\n<p>[\/et_pb_text][\/et_pb_column][\/et_pb_row][et_pb_row _builder_version=&#8220;4.16&#8243; background_size=&#8220;initial&#8220; background_position=&#8220;top_left&#8220; background_repeat=&#8220;repeat&#8220; custom_padding=&#8220;24.9375px|0px|24px|0px|false|false&#8220; global_colors_info=&#8220;{}&#8220;][et_pb_column type=&#8220;4_4&#8243; _builder_version=&#8220;4.16&#8243; custom_padding=&#8220;|||&#8220; global_colors_info=&#8220;{}&#8220; custom_padding__hover=&#8220;|||&#8220;][et_pb_text _builder_version=&#8220;4.27.4&#8243; max_width=&#8220;80%&#8220; module_alignment=&#8220;center&#8220; global_colors_info=&#8220;{}&#8220;]<\/p>\n<h6 style=\"text-align: center;\">Vo v\u0161etkom <strong> \u010do rob\u00edme, kombinujeme kvalitu pou\u017eite\u013enos\u0165 a efekt\u00edvnos\u0165<\/strong>  aby sme dosiahli najlep\u0161ie rie\u0161enie pre v\u00e1\u0161 domov. Na\u0161\u00edm hlavn\u00fdm cie\u013eom je poskytova\u0165 zmyslupln\u00e9 z\u00e1\u017eitky, o ktor\u00e9 sa m\u00f4\u017eete podeli\u0165 so svojimi bl\u00edzkymi.<\/h6>\n<p>[\/et_pb_text][\/et_pb_column][\/et_pb_row][et_pb_row _builder_version=&#8220;4.16&#8243; background_size=&#8220;initial&#8220; background_position=&#8220;top_left&#8220; background_repeat=&#8220;repeat&#8220; custom_padding=&#8220;24px|0px|24.9375px|0px|false|false&#8220; global_colors_info=&#8220;{}&#8220;][et_pb_column type=&#8220;4_4&#8243; _builder_version=&#8220;4.16&#8243; custom_padding=&#8220;|||&#8220; global_colors_info=&#8220;{}&#8220; custom_padding__hover=&#8220;|||&#8220;][et_pb_divider color=&#8220;#b7b7b7&#8243; _builder_version=&#8220;4.27.4&#8243; global_colors_info=&#8220;{}&#8220;]<br \/>\n[\/et_pb_divider][et_pb_text _builder_version=&#8220;4.27.4&#8243; global_colors_info=&#8220;{}&#8220;]<\/p>\n<h2 style=\"text-align: center;\">Uvarte si cestu <strong>k \u017eivotu<\/strong><\/h2>\n<p>[\/et_pb_text][\/et_pb_column][\/et_pb_row][et_pb_row column_structure=&#8220;1_2,1_2&#8243; _builder_version=&#8220;4.16&#8243; background_size=&#8220;initial&#8220; background_position=&#8220;top_left&#8220; background_repeat=&#8220;repeat&#8220; global_colors_info=&#8220;{}&#8220;][et_pb_column type=&#8220;1_2&#8243; _builder_version=&#8220;4.16&#8243; custom_padding=&#8220;|||&#8220; global_colors_info=&#8220;{}&#8220; custom_padding__hover=&#8220;|||&#8220;][et_pb_text _builder_version=&#8220;4.27.4&#8243; global_colors_info=&#8220;{}&#8220;]<\/p>\n<p style=\"text-align: justify;\"><span style=\"font-weight: 400;\">Kuchy\u0148a je srdcom v\u00e1\u0161ho domova. V spolo\u010dnosti Teka navrhujeme spotrebi\u010de tak, aby boli du\u0161ou va\u0161ej kuchyne. Preto\u017ee pr\u00e1ve tu sa var\u00ed \u017eivot, tu sa odohr\u00e1vaj\u00fa jedny z najlep\u0161\u00edch okamihov n\u00e1\u0161ho \u017eivota.<\/span><\/p>\n<p style=\"text-align: justify;\"><span style=\"font-weight: 400;\">Kuchy\u0148a je pre n\u00e1s viac ako len miesto, kde sa pripravuj\u00fa jedl\u00e1. Je to miesto, kde sa m\u00f4\u017eeme smia\u0165, sn\u00edva\u0165, prispieva\u0165, rozpr\u00e1va\u0165, rozhodova\u0165, zdie\u013ea\u0165 novinky, pl\u00e1nova\u0165 \u017eivot a nakoniec je to miesto, kde pre\u017e\u00edvame nezabudnute\u013en\u00e9 chv\u00edle. <\/span><\/p>\n<p style=\"text-align: justify;\"><span style=\"font-weight: 400;\">Zo v\u0161etk\u00fdch t\u00fdchto d\u00f4vodov navrhujeme a vyr\u00e1bame spotrebi\u010de, ktor\u00e9 prin\u00e1\u0161aj\u00fa do kuchyne rie\u0161enia a skuto\u010dn\u00e9 inov\u00e1cie, rie\u0161enia, ktor\u00e9 sa hodia k v\u00e1\u0161mu \u017eivotn\u00e9mu \u0161t\u00fdlu a s\u00fa v s\u00falade s va\u0161\u00edm domovom.<\/span><\/p>\n<p style=\"text-align: justify;\"><span style=\"font-weight: 400;\">Ka\u017ed\u00fd de\u0148 sa sna\u017e\u00edme lep\u0161ie pochopi\u0165 va\u0161e potreby a prinies\u0165 nov\u00e9 rie\u0161enia, ktor\u00e9 v\u00e1m pom\u00f4\u017eu n\u00e1js\u0165 nov\u00e9 mo\u017enosti v kuchyni. <\/span><\/p>\n<p>[\/et_pb_text][\/et_pb_column][et_pb_column type=&#8220;1_2&#8243; _builder_version=&#8220;4.16&#8243; custom_padding=&#8220;|||&#8220; global_colors_info=&#8220;{}&#8220; custom_padding__hover=&#8220;|||&#8220;][et_pb_text _builder_version=&#8220;4.27.4&#8243; global_colors_info=&#8220;{}&#8220;]<\/p>\n<p style=\"text-align: justify;\"><span style=\"font-weight: 400;\">Na\u0161a zna\u010dka, ktor\u00e1 vznikla v Nemecku, si zaklad\u00e1 na kvalite, technol\u00f3gii a inov\u00e1cii. V\u00fdrobky Teka s\u00fa celosvetovo zn\u00e1me svojou spo\u013eahlivos\u0165ou, \u00fa\u010dinnos\u0165ou a presnos\u0165ou. Dnes, po takmer 100-ro\u010dnej hist\u00f3rii, spolo\u010dnos\u0165 Teka neust\u00e1le vy\u010derp\u00e1vaj\u00faco pracuje na tom, aby v\u0161etky jej v\u00fdrobky mali tie najlep\u0161ie funkcie a dizajn a aby na ka\u017edom kroku dosahovali dokonalos\u0165. <\/span><\/p>\n<p><span style=\"font-weight: 400;\">Na\u0161e hodnoty, hlboko zakorenen\u00e9 v na\u0161ej spolo\u010dnosti, s\u00fa jasn\u00e9:\u00a0<\/span><span style=\"font-weight: 400;\">\u00daprimnos\u0165, ve\u013ekorysos\u0165 a originalita. To znamen\u00e1, \u017ee pracujeme pre v\u00e1s a sme v\u017edy po va\u0161om boku, aby sme v\u00e1m pomohli vyrie\u0161i\u0165 va\u0161e ka\u017edodenn\u00e9 probl\u00e9my pomocou prvotriednych rie\u0161en\u00ed.\u00a0<\/span><span style=\"font-weight: 400;\">Spokojnos\u0165 z\u00e1kazn\u00edkov je na\u0161\u00edm hlavn\u00fdm z\u00e1ujmom.\u00a0<\/span><\/p>\n<p style=\"text-align: justify;\"><span style=\"font-weight: 400;\">Od za\u010diatku sme sa sna\u017eili o \u010do najkvalitnej\u0161ie v\u00fdrobky, najmodernej\u0161\u00ed a najorigin\u00e1lnej\u0161\u00ed dizajn a najlep\u0161ie inov\u00e1cie za primeran\u00fa cenu. <\/span><\/p>\n<p>[\/et_pb_text][\/et_pb_column][\/et_pb_row][\/et_pb_section][et_pb_section fb_built=&#8220;1&#8243; module_id=&#8220;about-teka-teka-bottom&#8220; _builder_version=&#8220;4.16&#8243; custom_margin=&#8220;0px|||&#8220; custom_padding=&#8220;0px|||&#8220; global_colors_info=&#8220;{}&#8220;][et_pb_row _builder_version=&#8220;4.16&#8243; background_size=&#8220;initial&#8220; background_position=&#8220;top_left&#8220; background_repeat=&#8220;repeat&#8220; global_colors_info=&#8220;{}&#8220;][et_pb_column type=&#8220;4_4&#8243; _builder_version=&#8220;4.16&#8243; custom_padding=&#8220;|||&#8220; global_colors_info=&#8220;{}&#8220; custom_padding__hover=&#8220;|||&#8220;][et_pb_text _builder_version=&#8220;4.27.4&#8243; global_colors_info=&#8220;{}&#8220;]<\/p>\n<h2 style=\"text-align: center;\">Na\u0161e <strong>hodnoty<\/strong><\/h2>\n<p>[\/et_pb_text][\/et_pb_column][\/et_pb_row][et_pb_row column_structure=&#8220;1_3,1_3,1_3&#8243; _builder_version=&#8220;4.16&#8243; background_size=&#8220;initial&#8220; background_position=&#8220;top_left&#8220; background_repeat=&#8220;repeat&#8220; global_colors_info=&#8220;{}&#8220;][et_pb_column type=&#8220;1_3&#8243; _builder_version=&#8220;4.16&#8243; custom_padding=&#8220;|||&#8220; global_colors_info=&#8220;{}&#8220; custom_padding__hover=&#8220;|||&#8220;][et_pb_text admin_label=&#8220;Imagen + titulo&#8220; module_class=&#8220;our-values-img&#8220; _builder_version=&#8220;4.27.4&#8243; background_image=&#8220;https:\/\/www.teka.com\/sk-sk\/wp-content\/uploads\/sites\/132\/2018\/12\/teka-honesty-270&#215;270.jpg&#8220; text_orientation=&#8220;center&#8220; background_layout=&#8220;dark&#8220; global_colors_info=&#8220;{}&#8220;]<\/p>\n<h3>\u00daprimnos\u0165<\/h3>\n<p>[\/et_pb_text][et_pb_image src=&#8220;https:\/\/www.teka.com\/sk-sk\/wp-content\/uploads\/sites\/132\/2018\/11\/teka-honesty.jpg&#8220; align=&#8220;center&#8220; align_tablet=&#8220;center&#8220; align_phone=&#8220;center&#8220; align_last_edited=&#8220;on|desktop&#8220; disabled_on=&#8220;on|on|on&#8220; _builder_version=&#8220;4.16&#8243; disabled=&#8220;on&#8220; global_colors_info=&#8220;{}&#8220;]<br \/>\n[\/et_pb_image][et_pb_text admin_label=&#8220;Honesty &#8211; Text&#8220; module_class=&#8220;sobre-teka-ingredientes&#8220; _builder_version=&#8220;4.27.4&#8243; global_colors_info=&#8220;{}&#8220;]<\/p>\n<p style=\"text-align: center;\"><strong>Sme na va\u0161ej strane. <\/strong><\/p>\n<p style=\"text-align: center;\">S na\u0161imi z\u00e1kazn\u00edkmi nadv\u00e4zujeme kontakt prostredn\u00edctvom zodpovedn\u00e9ho, jasn\u00e9ho a transparentn\u00e9ho dial\u00f3gu. Spolo\u010dnos\u0165 Teka je v\u00e1m nabl\u00edzku, rozumie va\u0161im potreb\u00e1m a umo\u017e\u0148uje v\u00e1m objavova\u0165 nov\u00e9 mo\u017enosti vo va\u0161ej kuchyni.<\/p>\n<p>[\/et_pb_text][\/et_pb_column][et_pb_column type=&#8220;1_3&#8243; _builder_version=&#8220;4.16&#8243; custom_padding=&#8220;|||&#8220; global_colors_info=&#8220;{}&#8220; custom_padding__hover=&#8220;|||&#8220;][et_pb_text admin_label=&#8220;Imagen + titulo&#8220; module_class=&#8220;our-values-img&#8220; _builder_version=&#8220;4.27.4&#8243; background_image=&#8220;https:\/\/www.teka.com\/sk-sk\/wp-content\/uploads\/sites\/132\/2018\/12\/teka-generosity-270&#215;270.jpg&#8220; text_orientation=&#8220;center&#8220; background_layout=&#8220;dark&#8220; global_colors_info=&#8220;{}&#8220;]<\/p>\n<h3>\u0160tedros\u0165 <\/h3>\n<p>[\/et_pb_text][et_pb_image src=&#8220;https:\/\/www.teka.com\/sk-sk\/wp-content\/uploads\/sites\/132\/2018\/11\/teka-generosity.jpg&#8220; align=&#8220;center&#8220; align_tablet=&#8220;center&#8220; align_phone=&#8220;center&#8220; align_last_edited=&#8220;on|desktop&#8220; disabled_on=&#8220;on|on|on&#8220; _builder_version=&#8220;4.16&#8243; disabled=&#8220;on&#8220; global_colors_info=&#8220;{}&#8220;]<br \/>\n[\/et_pb_image][et_pb_text admin_label=&#8220;Generosity &#8211; Text&#8220; module_class=&#8220;sobre-teka-ingredientes&#8220; _builder_version=&#8220;4.27.4&#8243; global_colors_info=&#8220;{}&#8220;]<\/p>\n<p style=\"text-align: center;\"><strong>Rob\u00edme viac<\/strong><\/p>\n<p style=\"text-align: center;\">Zameriavame sa na to, \u010do je skuto\u010dn\u00e9 a podstatn\u00e9: na\u0161\u00edm cie\u013eom je premeni\u0165 funk\u010dn\u00e9 na \u013eudsk\u00e9. Preto n\u00e1m z\u00e1le\u017e\u00ed na poskytovan\u00ed vynikaj\u00facich technol\u00f3gi\u00ed, inov\u00e1ci\u00ed a origin\u00e1lneho dizajnu za f\u00e9rov\u00e9 ceny.<\/p>\n<p style=\"text-align: center;\">Spoji\u0165 pr\u00edbehy domov s na\u0161\u00edm dedi\u010dstvom \u0161pi\u010dkov\u00fdch rie\u0161en\u00ed, ktor\u00e9 dodaj\u00fa va\u0161ej kuchyni du\u0161u. Na druhej strane vytv\u00e1rame dokonal\u00fa atmosf\u00e9ru, v ktorej za\u017eijete zmyslupln\u00e9 chv\u00edle, v\u010faka ktor\u00fdm sa oplat\u00ed \u017ei\u0165.<\/p>\n<p>[\/et_pb_text][\/et_pb_column][et_pb_column type=&#8220;1_3&#8243; _builder_version=&#8220;4.16&#8243; custom_padding=&#8220;|||&#8220; global_colors_info=&#8220;{}&#8220; custom_padding__hover=&#8220;|||&#8220;][et_pb_text admin_label=&#8220;Imagen + titulo&#8220; module_class=&#8220;our-values-img&#8220; _builder_version=&#8220;4.27.4&#8243; background_image=&#8220;https:\/\/www.teka.com\/sk-sk\/wp-content\/uploads\/sites\/132\/2018\/12\/teka-originality-270&#215;270.jpg&#8220; text_orientation=&#8220;center&#8220; background_layout=&#8220;dark&#8220; global_colors_info=&#8220;{}&#8220;]<\/p>\n<h3>Originalita<\/h3>\n<p>[\/et_pb_text][et_pb_image src=&#8220;https:\/\/www.teka.com\/sk-sk\/wp-content\/uploads\/sites\/132\/2018\/11\/teka-originality.jpg&#8220; align=&#8220;center&#8220; align_tablet=&#8220;center&#8220; align_phone=&#8220;center&#8220; align_last_edited=&#8220;on|desktop&#8220; disabled_on=&#8220;on|on|on&#8220; _builder_version=&#8220;4.16&#8243; disabled=&#8220;on&#8220; global_colors_info=&#8220;{}&#8220;]<br \/>\n[\/et_pb_image][et_pb_text admin_label=&#8220;Originality &#8211; Text&#8220; module_class=&#8220;sobre-teka-ingredientes&#8220; _builder_version=&#8220;4.27.4&#8243; global_colors_info=&#8220;{}&#8220;]<\/p>\n<p style=\"text-align: center;\"><strong>Relevantn\u00e1 alternat\u00edva <\/strong><\/p>\n<p style=\"text-align: center;\">Preb\u00fadzame em\u00f3cie a preferencie v\u010faka n\u00e1\u0161mu osobit\u00e9mu sp\u00f4sobu konania. Na\u0161\u00edm cie\u013eom je nadviaza\u0165 kontakt s \u013eu\u010fmi prostredn\u00edctvom z\u00e1\u017eitkov, ktor\u00e9 presahuj\u00fa r\u00e1mec funkci\u00ed produktov a inov\u00e1ci\u00ed.<\/p>\n<p style=\"text-align: center;\">In\u0161pir\u00e1cia je pre n\u00e1s spr\u00e1vnou cestou k tomu, aby sme sa stali zna\u010dkou l\u00e1sky na\u0161ich z\u00e1kazn\u00edkov; autentickou alternat\u00edvou vytvorenou pre nich.<\/p>\n<p>[\/et_pb_text][\/et_pb_column][\/et_pb_row][\/et_pb_section]<\/p>\n","protected":false},"excerpt":{"rendered":"<p>\u00a0 \u00a0 Skupina Teka, Nemeck\u00fd p\u00f4vod. \u00a0 \u00a0 \u00a0 \u00a0Vytv\u00e1ranie nezabudnute\u013en\u00fdch momentov\u00a0Vo v\u0161etkom \u010do rob\u00edme, kombinujeme kvalitu pou\u017eite\u013enos\u0165 a efekt\u00edvnos\u0165 aby sme dosiahli najlep\u0161ie rie\u0161enie pre v\u00e1\u0161 domov. Na\u0161\u00edm hlavn\u00fdm cie\u013eom je poskytova\u0165 zmyslupln\u00e9 z\u00e1\u017eitky, o ktor\u00e9 sa m\u00f4\u017eete podeli\u0165 so svojimi bl\u00edzkymi. Uvarte si cestu k \u017eivotuKuchy\u0148a je srdcom v\u00e1\u0161ho domova. V spolo\u010dnosti Teka [&hellip;]<\/p>\n","protected":false},"author":9,"featured_media":0,"parent":0,"menu_order":0,"comment_status":"closed","ping_status":"closed","template":"","meta":{"_acf_changed":false,"_et_pb_use_builder":"on","_et_pb_old_content":"","_et_gb_content_width":"","footnotes":""},"class_list":["post-21989","page","type-page","status-publish","hentry"],"acf":[],"yoast_head":"<!-- This site is optimized with the Yoast SEO plugin v27.2 - https:\/\/yoast.com\/product\/yoast-seo-wordpress\/ -->\n<title>Teka: Uvarte si cestu k \u017eivotu | O spolo\u010dnosti a jej hodnot\u00e1ch<\/title>\n<meta name=\"description\" content=\"Na\u0161a zna\u010dka, ktor\u00e1 vznikla v Nemecku, si zaklad\u00e1 na kvalite, technol\u00f3gii a inov\u00e1cii. V\u00fdrobky Teka s\u00fa celosvetovo zn\u00e1me svojou spo\u013eahlivos\u0165ou, \u00fa\u010dinnos\u0165ou a...\" \/>\n<meta name=\"robots\" content=\"index, follow, max-snippet:-1, max-image-preview:large, max-video-preview:-1\" \/>\n<link rel=\"canonical\" href=\"https:\/\/www.teka.com\/sk-sk\/o-nas\/\" \/>\n<meta property=\"og:locale\" content=\"sk_SK\" \/>\n<meta property=\"og:type\" content=\"article\" \/>\n<meta property=\"og:title\" content=\"Teka: Uvarte si cestu k \u017eivotu | O spolo\u010dnosti a jej hodnot\u00e1ch\" \/>\n<meta property=\"og:description\" content=\"Na\u0161a zna\u010dka, ktor\u00e1 vznikla v Nemecku, si zaklad\u00e1 na kvalite, technol\u00f3gii a inov\u00e1cii. V\u00fdrobky Teka s\u00fa celosvetovo zn\u00e1me svojou spo\u013eahlivos\u0165ou, \u00fa\u010dinnos\u0165ou a...\" \/>\n<meta property=\"og:url\" content=\"https:\/\/www.teka.com\/sk-sk\/o-nas\/\" \/>\n<meta property=\"og:site_name\" content=\"Teka Slovensk\u00e1 republika\" \/>\n<meta property=\"article:modified_time\" content=\"2025-02-12T11:13:45+00:00\" \/>\n<meta name=\"twitter:card\" content=\"summary_large_image\" \/>\n<meta name=\"twitter:label1\" content=\"Predpokladan\u00fd \u010das \u010d\u00edtania\" \/>\n\t<meta name=\"twitter:data1\" content=\"3 min\u00faty\" \/>\n<script type=\"application\/ld+json\" class=\"yoast-schema-graph\">{\"@context\":\"https:\/\/schema.org\",\"@graph\":[{\"@type\":\"WebPage\",\"@id\":\"https:\/\/www.teka.com\/sk-sk\/o-nas\/\",\"url\":\"https:\/\/www.teka.com\/sk-sk\/o-nas\/\",\"name\":\"Teka: Uvarte si cestu k \u017eivotu | O spolo\u010dnosti a jej hodnot\u00e1ch\",\"isPartOf\":{\"@id\":\"https:\/\/www.teka.com\/sk-sk\/#website\"},\"datePublished\":\"2018-09-11T07:58:22+00:00\",\"dateModified\":\"2025-02-12T11:13:45+00:00\",\"description\":\"Na\u0161a zna\u010dka, ktor\u00e1 vznikla v Nemecku, si zaklad\u00e1 na kvalite, technol\u00f3gii a inov\u00e1cii. V\u00fdrobky Teka s\u00fa celosvetovo zn\u00e1me svojou spo\u013eahlivos\u0165ou, \u00fa\u010dinnos\u0165ou a...\",\"inLanguage\":\"sk-SK\",\"potentialAction\":[{\"@type\":\"ReadAction\",\"target\":[\"https:\/\/www.teka.com\/sk-sk\/o-nas\/\"]}]},{\"@type\":\"WebSite\",\"@id\":\"https:\/\/www.teka.com\/sk-sk\/#website\",\"url\":\"https:\/\/www.teka.com\/sk-sk\/\",\"name\":\"Teka Slovensk\u00e1 republika\",\"description\":\"\",\"potentialAction\":[{\"@type\":\"SearchAction\",\"target\":{\"@type\":\"EntryPoint\",\"urlTemplate\":\"https:\/\/www.teka.com\/sk-sk\/?s={search_term_string}\"},\"query-input\":{\"@type\":\"PropertyValueSpecification\",\"valueRequired\":true,\"valueName\":\"search_term_string\"}}],\"inLanguage\":\"sk-SK\"}]}<\/script>\n<!-- \/ Yoast SEO plugin. -->","yoast_head_json":{"title":"Teka: Uvarte si cestu k \u017eivotu | O spolo\u010dnosti a jej hodnot\u00e1ch","description":"Na\u0161a zna\u010dka, ktor\u00e1 vznikla v Nemecku, si zaklad\u00e1 na kvalite, technol\u00f3gii a inov\u00e1cii. V\u00fdrobky Teka s\u00fa celosvetovo zn\u00e1me svojou spo\u013eahlivos\u0165ou, \u00fa\u010dinnos\u0165ou a...","robots":{"index":"index","follow":"follow","max-snippet":"max-snippet:-1","max-image-preview":"max-image-preview:large","max-video-preview":"max-video-preview:-1"},"canonical":"https:\/\/www.teka.com\/sk-sk\/o-nas\/","og_locale":"sk_SK","og_type":"article","og_title":"Teka: Uvarte si cestu k \u017eivotu | O spolo\u010dnosti a jej hodnot\u00e1ch","og_description":"Na\u0161a zna\u010dka, ktor\u00e1 vznikla v Nemecku, si zaklad\u00e1 na kvalite, technol\u00f3gii a inov\u00e1cii. V\u00fdrobky Teka s\u00fa celosvetovo zn\u00e1me svojou spo\u013eahlivos\u0165ou, \u00fa\u010dinnos\u0165ou a...","og_url":"https:\/\/www.teka.com\/sk-sk\/o-nas\/","og_site_name":"Teka Slovensk\u00e1 republika","article_modified_time":"2025-02-12T11:13:45+00:00","twitter_card":"summary_large_image","twitter_misc":{"Predpokladan\u00fd \u010das \u010d\u00edtania":"3 min\u00faty"},"schema":{"@context":"https:\/\/schema.org","@graph":[{"@type":"WebPage","@id":"https:\/\/www.teka.com\/sk-sk\/o-nas\/","url":"https:\/\/www.teka.com\/sk-sk\/o-nas\/","name":"Teka: Uvarte si cestu k \u017eivotu | O spolo\u010dnosti a jej hodnot\u00e1ch","isPartOf":{"@id":"https:\/\/www.teka.com\/sk-sk\/#website"},"datePublished":"2018-09-11T07:58:22+00:00","dateModified":"2025-02-12T11:13:45+00:00","description":"Na\u0161a zna\u010dka, ktor\u00e1 vznikla v Nemecku, si zaklad\u00e1 na kvalite, technol\u00f3gii a inov\u00e1cii. V\u00fdrobky Teka s\u00fa celosvetovo zn\u00e1me svojou spo\u013eahlivos\u0165ou, \u00fa\u010dinnos\u0165ou a...","inLanguage":"sk-SK","potentialAction":[{"@type":"ReadAction","target":["https:\/\/www.teka.com\/sk-sk\/o-nas\/"]}]},{"@type":"WebSite","@id":"https:\/\/www.teka.com\/sk-sk\/#website","url":"https:\/\/www.teka.com\/sk-sk\/","name":"Teka Slovensk\u00e1 republika","description":"","potentialAction":[{"@type":"SearchAction","target":{"@type":"EntryPoint","urlTemplate":"https:\/\/www.teka.com\/sk-sk\/?s={search_term_string}"},"query-input":{"@type":"PropertyValueSpecification","valueRequired":true,"valueName":"search_term_string"}}],"inLanguage":"sk-SK"}]}},"_links":{"self":[{"href":"https:\/\/www.teka.com\/sk-sk\/wp-json\/wp\/v2\/pages\/21989","targetHints":{"allow":["GET"]}}],"collection":[{"href":"https:\/\/www.teka.com\/sk-sk\/wp-json\/wp\/v2\/pages"}],"about":[{"href":"https:\/\/www.teka.com\/sk-sk\/wp-json\/wp\/v2\/types\/page"}],"author":[{"embeddable":true,"href":"https:\/\/www.teka.com\/sk-sk\/wp-json\/wp\/v2\/users\/9"}],"replies":[{"embeddable":true,"href":"https:\/\/www.teka.com\/sk-sk\/wp-json\/wp\/v2\/comments?post=21989"}],"version-history":[{"count":81,"href":"https:\/\/www.teka.com\/sk-sk\/wp-json\/wp\/v2\/pages\/21989\/revisions"}],"predecessor-version":[{"id":80522,"href":"https:\/\/www.teka.com\/sk-sk\/wp-json\/wp\/v2\/pages\/21989\/revisions\/80522"}],"wp:attachment":[{"href":"https:\/\/www.teka.com\/sk-sk\/wp-json\/wp\/v2\/media?parent=21989"}],"curies":[{"name":"wp","href":"https:\/\/api.w.org\/{rel}","templated":true}]}}