{"id":21991,"date":"2018-09-11T08:07:27","date_gmt":"2018-09-11T08:07:27","guid":{"rendered":"http:\/\/teka.com\/?page_id=21991"},"modified":"2025-02-12T12:13:44","modified_gmt":"2025-02-12T11:13:44","slug":"celosvetovo","status":"publish","type":"page","link":"https:\/\/www.teka.com\/sk-sk\/o-nas\/celosvetovo\/","title":{"rendered":"Celosvetovo"},"content":{"rendered":"<p>[et_pb_section fb_built=&#8220;1&#8243; module_id=&#8220;teka-top&#8220; _builder_version=&#8220;3.17.6&#8243; background_image=&#8220;https:\/\/www.teka.com\/sk-sk\/wp-content\/uploads\/sites\/132\/2018\/11\/teka-slider-about-us-desktop.jpg&#8220; global_module=&#8220;23211&#8243; collapsed=&#8220;on&#8220; global_colors_info=&#8220;{}&#8220;][et_pb_row column_structure=&#8220;1_2,1_2&#8243; _builder_version=&#8220;4.16&#8243; background_size=&#8220;initial&#8220; background_position=&#8220;top_left&#8220; background_repeat=&#8220;repeat&#8220; global_colors_info=&#8220;{}&#8220;][et_pb_column type=&#8220;1_2&#8243; _builder_version=&#8220;4.16&#8243; custom_padding=&#8220;|||&#8220; global_colors_info=&#8220;{}&#8220; custom_padding__hover=&#8220;|||&#8220;][et_pb_text admin_label=&#8220;Header Title&#8220; _builder_version=&#8220;4.27.4&#8243; background_layout=&#8220;dark&#8220; global_colors_info=&#8220;{}&#8220;]<\/p>\n<p>\u00a0<\/p>\n<p>\u00a0<\/p>\n<h3><strong>Skupina Teka, <\/strong><br \/>Nemeck\u00fd p\u00f4vod.<\/h3>\n<p>\u00a0<\/p>\n<p>\u00a0<\/p>\n<p>\u00a0<\/p>\n<p>\u00a0<\/p>\n<p>[\/et_pb_text][\/et_pb_column][et_pb_column type=&#8220;1_2&#8243; _builder_version=&#8220;4.16&#8243; custom_padding=&#8220;|||&#8220; global_colors_info=&#8220;{}&#8220; custom_padding__hover=&#8220;|||&#8220;][\/et_pb_column][\/et_pb_row][\/et_pb_section][et_pb_section fb_built=&#8220;1&#8243; module_id=&#8220;teka-menu&#8220; _builder_version=&#8220;3.14&#8243; background_color=&#8220;#0e0e0e&#8220; global_module=&#8220;23212&#8243; collapsed=&#8220;on&#8220; global_colors_info=&#8220;{}&#8220;][et_pb_row _builder_version=&#8220;4.16&#8243; background_size=&#8220;initial&#8220; background_position=&#8220;top_left&#8220; background_repeat=&#8220;repeat&#8220; global_colors_info=&#8220;{}&#8220;][et_pb_column type=&#8220;4_4&#8243; _builder_version=&#8220;4.16&#8243; custom_padding=&#8220;|||&#8220; global_colors_info=&#8220;{}&#8220; custom_padding__hover=&#8220;|||&#8220;][et_pb_sidebar area=&#8220;et_pb_widget_area_7&#8243; disabled_on=&#8220;on|on|&#8220; _builder_version=&#8220;4.16&#8243; background_layout=&#8220;dark&#8220; global_colors_info=&#8220;{}&#8220;][\/et_pb_sidebar][et_pb_sidebar area=&#8220;et_pb_widget_area_9&#8243; disabled_on=&#8220;on||on&#8220; admin_label=&#8220;Sidebar Tablet&#8220; _builder_version=&#8220;4.16&#8243; background_layout=&#8220;dark&#8220; global_colors_info=&#8220;{}&#8220;][\/et_pb_sidebar][et_pb_sidebar area=&#8220;et_pb_widget_area_8&#8243; disabled_on=&#8220;|on|on&#8220; admin_label=&#8220;Sidebar Mobile&#8220; _builder_version=&#8220;4.27.4&#8243; background_layout=&#8220;dark&#8220; global_colors_info=&#8220;{}&#8220;][\/et_pb_sidebar][\/et_pb_column][\/et_pb_row][\/et_pb_section][et_pb_section fb_built=&#8220;1&#8243; module_id=&#8220;presencia-internacional&#8220; _builder_version=&#8220;4.16&#8243; background_color=&#8220;#222222&#8243; global_colors_info=&#8220;{}&#8220;][et_pb_row column_structure=&#8220;1_3,2_3&#8243; module_id=&#8220;worldwide-top&#8220; _builder_version=&#8220;4.16&#8243; custom_width_percent=&#8220;90%&#8220; global_colors_info=&#8220;{}&#8220;][et_pb_column type=&#8220;1_3&#8243; _builder_version=&#8220;4.16&#8243; custom_padding=&#8220;|||&#8220; global_colors_info=&#8220;{}&#8220; custom_padding__hover=&#8220;|||&#8220;][et_pb_text _builder_version=&#8220;4.27.4&#8243; background_layout=&#8220;dark&#8220; global_colors_info=&#8220;{}&#8220;]<\/p>\n<h1>Celosvetov\u00e1<br \/>\n<strong>pr\u00edtomnos\u0165 <\/strong><\/h1>\n<p>[\/et_pb_text][\/et_pb_column][et_pb_column type=&#8220;2_3&#8243; _builder_version=&#8220;4.16&#8243; custom_padding=&#8220;|||&#8220; global_colors_info=&#8220;{}&#8220; custom_padding__hover=&#8220;|||&#8220;][et_pb_text _builder_version=&#8220;4.27.4&#8243; background_layout=&#8220;dark&#8220; global_colors_info=&#8220;{}&#8220;]<span style=\"font-weight: 400;\">Spolo\u010dnos\u0165 Teka p\u00f4sob\u00ed na piatich kontinentoch a jej v\u00fdrobky s\u00fa dostupn\u00e9 vo viac ako 120 krajin\u00e1ch.<\/span><\/p>\n<p><span style=\"font-weight: 400;\">Spolo\u010dnos\u0165 m\u00e1 15 tov\u00e1rn\u00ed po celej Eur\u00f3pe, \u00c1zii a Amerike, ktor\u00e9 vyr\u00e1baj\u00fa viac ako 15 mili\u00f3nov kusov ro\u010dne. <\/span>[\/et_pb_text][\/et_pb_column][\/et_pb_row][et_pb_row disabled_on=&#8220;off|off|off&#8220; module_id=&#8220;worldwide-map&#8220; _builder_version=&#8220;4.16&#8243; global_colors_info=&#8220;{}&#8220;][et_pb_column type=&#8220;4_4&#8243; _builder_version=&#8220;4.16&#8243; custom_padding=&#8220;|||&#8220; global_colors_info=&#8220;{}&#8220; custom_padding__hover=&#8220;|||&#8220;][et_pb_code disabled_on=&#8220;on|on|on&#8220; _builder_version=&#8220;4.16&#8243; disabled=&#8220;on&#8220; global_colors_info=&#8220;{}&#8220;]<script type=\"text\/javascript\"><!-- [et_pb_line_break_holder] -->var worldwidePoints = {<!-- [et_pb_line_break_holder] --><!-- [et_pb_line_break_holder] --> 'Teka Spain': {<!-- [et_pb_line_break_holder] --> 'address': 'Calle Cajo 17<!\u2013- [et_pb_br_holder] -\u2013>Santander, Espa\u00f1a',<!-- [et_pb_line_break_holder] --> 'mail': 'mail@teka.com',<!-- [et_pb_line_break_holder] --> 'top': 267,<!-- [et_pb_line_break_holder] --> 'left': 461<!-- [et_pb_line_break_holder] --> },<!-- [et_pb_line_break_holder] --><!-- [et_pb_line_break_holder] --> 'Teka Portugal': {<!-- [et_pb_line_break_holder] --> 'address': 'Calle Cajo 17<!\u2013- [et_pb_br_holder] -\u2013>Santander, Espa\u00f1a',<!-- [et_pb_line_break_holder] --> 'mail': 'mail@teka.com',<!-- [et_pb_line_break_holder] --> 'top': 281,<!-- [et_pb_line_break_holder] --> 'left': 451<!-- [et_pb_line_break_holder] --> },<!-- [et_pb_line_break_holder] --><!-- [et_pb_line_break_holder] --> 'Teka Italia': {<!-- [et_pb_line_break_holder] --> 'address': 'Calle Cajo 17<!\u2013- [et_pb_br_holder] -\u2013>Santander, Italy',<!-- [et_pb_line_break_holder] --> 'top': 267,<!-- [et_pb_line_break_holder] --> 'left': 512<!-- [et_pb_line_break_holder] --> },<!-- [et_pb_line_break_holder] --><!-- [et_pb_line_break_holder] -->'Teka Canada':{<!-- [et_pb_line_break_holder] -->'address': 'Lorem ipsum <!\u2013- [et_pb_br_holder] -\u2013> Canada',<!-- [et_pb_line_break_holder] -->'mail': 'example@teka.com',<!-- [et_pb_line_break_holder] -->'top': 220,<!-- [et_pb_line_break_holder] -->'left': 170<!-- [et_pb_line_break_holder] -->},<!-- [et_pb_line_break_holder] --><!-- [et_pb_line_break_holder] -->'Teka Chile':{<!-- [et_pb_line_break_holder] -->'address': 'Lorem ipsum <!\u2013- [et_pb_br_holder] -\u2013> Chile',<!-- [et_pb_line_break_holder] -->'mail': 'example@teka.com',<!-- [et_pb_line_break_holder] -->'top': 520,<!-- [et_pb_line_break_holder] -->'left': 265<!-- [et_pb_line_break_holder] -->},<!-- [et_pb_line_break_holder] --><!-- [et_pb_line_break_holder] -->'Teka Colombia':{<!-- [et_pb_line_break_holder] -->'address': 'Lorem ipsum <!\u2013- [et_pb_br_holder] -\u2013> Colombia',<!-- [et_pb_line_break_holder] -->'mail': 'example@teka.com',<!-- [et_pb_line_break_holder] -->'top': 390,<!-- [et_pb_line_break_holder] -->'left': 260<!-- [et_pb_line_break_holder] -->},<!-- [et_pb_line_break_holder] -->};<!-- [et_pb_line_break_holder] --><\/script>[\/et_pb_code][\/et_pb_column][\/et_pb_row][\/et_pb_section]<\/p>\n","protected":false},"excerpt":{"rendered":"<p>\u00a0 \u00a0 Skupina Teka, Nemeck\u00fd p\u00f4vod. \u00a0 \u00a0 \u00a0 \u00a0Celosvetov\u00e1 pr\u00edtomnos\u0165 Spolo\u010dnos\u0165 Teka p\u00f4sob\u00ed na piatich kontinentoch a jej v\u00fdrobky s\u00fa dostupn\u00e9 vo viac ako 120 krajin\u00e1ch. Spolo\u010dnos\u0165 m\u00e1 15 tov\u00e1rn\u00ed po celej Eur\u00f3pe, \u00c1zii a Amerike, ktor\u00e9 vyr\u00e1baj\u00fa viac ako 15 mili\u00f3nov kusov ro\u010dne.<\/p>\n","protected":false},"author":9,"featured_media":0,"parent":21989,"menu_order":3,"comment_status":"closed","ping_status":"closed","template":"","meta":{"_acf_changed":false,"_et_pb_use_builder":"on","_et_pb_old_content":"","_et_gb_content_width":"","footnotes":""},"class_list":["post-21991","page","type-page","status-publish","hentry"],"acf":[],"yoast_head":"<!-- This site is optimized with the Yoast SEO plugin v27.2 - https:\/\/yoast.com\/product\/yoast-seo-wordpress\/ -->\n<title>Celosvetovo pr\u00edtomnos\u0165 | O str\u00e1nke Teka Slovensk\u00e1 republika<\/title>\n<meta name=\"robots\" content=\"index, follow, max-snippet:-1, max-image-preview:large, max-video-preview:-1\" \/>\n<link rel=\"canonical\" href=\"https:\/\/www.teka.com\/sk-sk\/about-us\/celosvetovo\/\" \/>\n<meta property=\"og:locale\" content=\"sk_SK\" \/>\n<meta property=\"og:type\" content=\"article\" \/>\n<meta property=\"og:title\" content=\"Celosvetovo pr\u00edtomnos\u0165 | O str\u00e1nke Teka Slovensk\u00e1 republika\" \/>\n<meta property=\"og:description\" content=\"\u00a0 \u00a0 Skupina Teka, Nemeck\u00fd p\u00f4vod. \u00a0 \u00a0 \u00a0 \u00a0Celosvetov\u00e1 pr\u00edtomnos\u0165 Spolo\u010dnos\u0165 Teka p\u00f4sob\u00ed na piatich kontinentoch a jej v\u00fdrobky s\u00fa dostupn\u00e9 vo viac ako 120 krajin\u00e1ch. Spolo\u010dnos\u0165 m\u00e1 15 tov\u00e1rn\u00ed po celej Eur\u00f3pe, \u00c1zii a Amerike, ktor\u00e9 vyr\u00e1baj\u00fa viac ako 15 mili\u00f3nov kusov ro\u010dne.\" \/>\n<meta property=\"og:url\" content=\"https:\/\/www.teka.com\/sk-sk\/about-us\/celosvetovo\/\" \/>\n<meta property=\"og:site_name\" content=\"Teka Slovensk\u00e1 republika\" \/>\n<meta property=\"article:modified_time\" content=\"2025-02-12T11:13:44+00:00\" \/>\n<meta name=\"twitter:card\" content=\"summary_large_image\" \/>\n<meta name=\"twitter:label1\" content=\"Predpokladan\u00fd \u010das \u010d\u00edtania\" \/>\n\t<meta name=\"twitter:data1\" content=\"1 min\u00fata\" \/>\n<script type=\"application\/ld+json\" class=\"yoast-schema-graph\">{\"@context\":\"https:\/\/schema.org\",\"@graph\":[{\"@type\":\"WebPage\",\"@id\":\"https:\/\/www.teka.com\/sk-sk\/about-us\/celosvetovo\/\",\"url\":\"https:\/\/www.teka.com\/sk-sk\/about-us\/celosvetovo\/\",\"name\":\"Celosvetovo pr\u00edtomnos\u0165 | O str\u00e1nke Teka Slovensk\u00e1 republika\",\"isPartOf\":{\"@id\":\"https:\/\/www.teka.com\/sk-sk\/#website\"},\"datePublished\":\"2018-09-11T08:07:27+00:00\",\"dateModified\":\"2025-02-12T11:13:44+00:00\",\"breadcrumb\":{\"@id\":\"https:\/\/www.teka.com\/sk-sk\/about-us\/celosvetovo\/#breadcrumb\"},\"inLanguage\":\"sk-SK\",\"potentialAction\":[{\"@type\":\"ReadAction\",\"target\":[\"https:\/\/www.teka.com\/sk-sk\/about-us\/celosvetovo\/\"]}]},{\"@type\":\"BreadcrumbList\",\"@id\":\"https:\/\/www.teka.com\/sk-sk\/about-us\/celosvetovo\/#breadcrumb\",\"itemListElement\":[{\"@type\":\"ListItem\",\"position\":1,\"name\":\"About Teka\",\"item\":\"https:\/\/www.teka.com\/sk-sk\/o-nas\/\"},{\"@type\":\"ListItem\",\"position\":2,\"name\":\"Celosvetovo\"}]},{\"@type\":\"WebSite\",\"@id\":\"https:\/\/www.teka.com\/sk-sk\/#website\",\"url\":\"https:\/\/www.teka.com\/sk-sk\/\",\"name\":\"Teka Slovensk\u00e1 republika\",\"description\":\"\",\"potentialAction\":[{\"@type\":\"SearchAction\",\"target\":{\"@type\":\"EntryPoint\",\"urlTemplate\":\"https:\/\/www.teka.com\/sk-sk\/?s={search_term_string}\"},\"query-input\":{\"@type\":\"PropertyValueSpecification\",\"valueRequired\":true,\"valueName\":\"search_term_string\"}}],\"inLanguage\":\"sk-SK\"}]}<\/script>\n<!-- \/ Yoast SEO plugin. -->","yoast_head_json":{"title":"Celosvetovo pr\u00edtomnos\u0165 | O str\u00e1nke Teka Slovensk\u00e1 republika","robots":{"index":"index","follow":"follow","max-snippet":"max-snippet:-1","max-image-preview":"max-image-preview:large","max-video-preview":"max-video-preview:-1"},"canonical":"https:\/\/www.teka.com\/sk-sk\/about-us\/celosvetovo\/","og_locale":"sk_SK","og_type":"article","og_title":"Celosvetovo pr\u00edtomnos\u0165 | O str\u00e1nke Teka Slovensk\u00e1 republika","og_description":"\u00a0 \u00a0 Skupina Teka, Nemeck\u00fd p\u00f4vod. \u00a0 \u00a0 \u00a0 \u00a0Celosvetov\u00e1 pr\u00edtomnos\u0165 Spolo\u010dnos\u0165 Teka p\u00f4sob\u00ed na piatich kontinentoch a jej v\u00fdrobky s\u00fa dostupn\u00e9 vo viac ako 120 krajin\u00e1ch. Spolo\u010dnos\u0165 m\u00e1 15 tov\u00e1rn\u00ed po celej Eur\u00f3pe, \u00c1zii a Amerike, ktor\u00e9 vyr\u00e1baj\u00fa viac ako 15 mili\u00f3nov kusov ro\u010dne.","og_url":"https:\/\/www.teka.com\/sk-sk\/about-us\/celosvetovo\/","og_site_name":"Teka Slovensk\u00e1 republika","article_modified_time":"2025-02-12T11:13:44+00:00","twitter_card":"summary_large_image","twitter_misc":{"Predpokladan\u00fd \u010das \u010d\u00edtania":"1 min\u00fata"},"schema":{"@context":"https:\/\/schema.org","@graph":[{"@type":"WebPage","@id":"https:\/\/www.teka.com\/sk-sk\/about-us\/celosvetovo\/","url":"https:\/\/www.teka.com\/sk-sk\/about-us\/celosvetovo\/","name":"Celosvetovo pr\u00edtomnos\u0165 | O str\u00e1nke Teka Slovensk\u00e1 republika","isPartOf":{"@id":"https:\/\/www.teka.com\/sk-sk\/#website"},"datePublished":"2018-09-11T08:07:27+00:00","dateModified":"2025-02-12T11:13:44+00:00","breadcrumb":{"@id":"https:\/\/www.teka.com\/sk-sk\/about-us\/celosvetovo\/#breadcrumb"},"inLanguage":"sk-SK","potentialAction":[{"@type":"ReadAction","target":["https:\/\/www.teka.com\/sk-sk\/about-us\/celosvetovo\/"]}]},{"@type":"BreadcrumbList","@id":"https:\/\/www.teka.com\/sk-sk\/about-us\/celosvetovo\/#breadcrumb","itemListElement":[{"@type":"ListItem","position":1,"name":"About Teka","item":"https:\/\/www.teka.com\/sk-sk\/o-nas\/"},{"@type":"ListItem","position":2,"name":"Celosvetovo"}]},{"@type":"WebSite","@id":"https:\/\/www.teka.com\/sk-sk\/#website","url":"https:\/\/www.teka.com\/sk-sk\/","name":"Teka Slovensk\u00e1 republika","description":"","potentialAction":[{"@type":"SearchAction","target":{"@type":"EntryPoint","urlTemplate":"https:\/\/www.teka.com\/sk-sk\/?s={search_term_string}"},"query-input":{"@type":"PropertyValueSpecification","valueRequired":true,"valueName":"search_term_string"}}],"inLanguage":"sk-SK"}]}},"_links":{"self":[{"href":"https:\/\/www.teka.com\/sk-sk\/wp-json\/wp\/v2\/pages\/21991","targetHints":{"allow":["GET"]}}],"collection":[{"href":"https:\/\/www.teka.com\/sk-sk\/wp-json\/wp\/v2\/pages"}],"about":[{"href":"https:\/\/www.teka.com\/sk-sk\/wp-json\/wp\/v2\/types\/page"}],"author":[{"embeddable":true,"href":"https:\/\/www.teka.com\/sk-sk\/wp-json\/wp\/v2\/users\/9"}],"replies":[{"embeddable":true,"href":"https:\/\/www.teka.com\/sk-sk\/wp-json\/wp\/v2\/comments?post=21991"}],"version-history":[{"count":37,"href":"https:\/\/www.teka.com\/sk-sk\/wp-json\/wp\/v2\/pages\/21991\/revisions"}],"predecessor-version":[{"id":80521,"href":"https:\/\/www.teka.com\/sk-sk\/wp-json\/wp\/v2\/pages\/21991\/revisions\/80521"}],"up":[{"embeddable":true,"href":"https:\/\/www.teka.com\/sk-sk\/wp-json\/wp\/v2\/pages\/21989"}],"wp:attachment":[{"href":"https:\/\/www.teka.com\/sk-sk\/wp-json\/wp\/v2\/media?parent=21991"}],"curies":[{"name":"wp","href":"https:\/\/api.w.org\/{rel}","templated":true}]}}