{"id":21992,"date":"2018-09-11T08:07:26","date_gmt":"2018-09-11T08:07:26","guid":{"rendered":"http:\/\/teka.com\/?page_id=21992"},"modified":"2025-02-12T12:13:15","modified_gmt":"2025-02-12T11:13:15","slug":"historia","status":"publish","type":"page","link":"https:\/\/www.teka.com\/sk-sk\/o-nas\/historia\/","title":{"rendered":"Hist\u00f3ria"},"content":{"rendered":"<p>[et_pb_section fb_built=&#8220;1&#8243; module_id=&#8220;teka-top&#8220; _builder_version=&#8220;3.17.6&#8243; background_image=&#8220;https:\/\/www.teka.com\/sk-sk\/wp-content\/uploads\/sites\/132\/2018\/11\/teka-slider-about-us-desktop.jpg&#8220; global_module=&#8220;23211&#8243; collapsed=&#8220;on&#8220; global_colors_info=&#8220;{}&#8220;][et_pb_row column_structure=&#8220;1_2,1_2&#8243; _builder_version=&#8220;4.16&#8243; background_size=&#8220;initial&#8220; background_position=&#8220;top_left&#8220; background_repeat=&#8220;repeat&#8220; global_colors_info=&#8220;{}&#8220;][et_pb_column type=&#8220;1_2&#8243; _builder_version=&#8220;4.16&#8243; custom_padding=&#8220;|||&#8220; global_colors_info=&#8220;{}&#8220; custom_padding__hover=&#8220;|||&#8220;][et_pb_text admin_label=&#8220;Header Title&#8220; _builder_version=&#8220;4.27.4&#8243; background_layout=&#8220;dark&#8220; global_colors_info=&#8220;{}&#8220;]<\/p>\n<p>\u00a0<\/p>\n<p>\u00a0<\/p>\n<h3><strong>Skupina Teka, <\/strong><br \/>Nemeck\u00fd p\u00f4vod.<\/h3>\n<p>\u00a0<\/p>\n<p>\u00a0<\/p>\n<p>\u00a0<\/p>\n<p>\u00a0<\/p>\n<p>[\/et_pb_text][\/et_pb_column][et_pb_column type=&#8220;1_2&#8243; _builder_version=&#8220;4.16&#8243; custom_padding=&#8220;|||&#8220; global_colors_info=&#8220;{}&#8220; custom_padding__hover=&#8220;|||&#8220;][\/et_pb_column][\/et_pb_row][\/et_pb_section][et_pb_section fb_built=&#8220;1&#8243; module_id=&#8220;teka-menu&#8220; _builder_version=&#8220;3.14&#8243; background_color=&#8220;#0e0e0e&#8220; global_module=&#8220;23212&#8243; collapsed=&#8220;on&#8220; global_colors_info=&#8220;{}&#8220;][et_pb_row _builder_version=&#8220;4.16&#8243; background_size=&#8220;initial&#8220; background_position=&#8220;top_left&#8220; background_repeat=&#8220;repeat&#8220; global_colors_info=&#8220;{}&#8220;][et_pb_column type=&#8220;4_4&#8243; _builder_version=&#8220;4.16&#8243; custom_padding=&#8220;|||&#8220; global_colors_info=&#8220;{}&#8220; custom_padding__hover=&#8220;|||&#8220;][et_pb_sidebar area=&#8220;et_pb_widget_area_7&#8243; disabled_on=&#8220;on|on|&#8220; _builder_version=&#8220;4.16&#8243; background_layout=&#8220;dark&#8220; global_colors_info=&#8220;{}&#8220;][\/et_pb_sidebar][et_pb_sidebar area=&#8220;et_pb_widget_area_9&#8243; disabled_on=&#8220;on||on&#8220; admin_label=&#8220;Sidebar Tablet&#8220; _builder_version=&#8220;4.16&#8243; background_layout=&#8220;dark&#8220; global_colors_info=&#8220;{}&#8220;][\/et_pb_sidebar][et_pb_sidebar area=&#8220;et_pb_widget_area_8&#8243; disabled_on=&#8220;|on|on&#8220; admin_label=&#8220;Sidebar Mobile&#8220; _builder_version=&#8220;4.27.4&#8243; background_layout=&#8220;dark&#8220; global_colors_info=&#8220;{}&#8220;][\/et_pb_sidebar][\/et_pb_column][\/et_pb_row][\/et_pb_section][et_pb_section fb_built=&#8220;1&#8243; module_id=&#8220;about-us&#8220; _builder_version=&#8220;4.16&#8243; global_colors_info=&#8220;{}&#8220;][et_pb_row _builder_version=&#8220;4.16&#8243; background_size=&#8220;initial&#8220; background_position=&#8220;top_left&#8220; background_repeat=&#8220;repeat&#8220; global_colors_info=&#8220;{}&#8220;][et_pb_column type=&#8220;4_4&#8243; _builder_version=&#8220;4.16&#8243; custom_padding=&#8220;|||&#8220; global_colors_info=&#8220;{}&#8220; custom_padding__hover=&#8220;|||&#8220;][et_pb_text _builder_version=&#8220;4.27.4&#8243; max_width=&#8220;80%&#8220; module_alignment=&#8220;center&#8220; global_colors_info=&#8220;{}&#8220;]<\/p>\n<h1 style=\"text-align: center\">Na\u0161a <strong>hist\u00f3ria<\/strong><\/h1>\n<h6 style=\"text-align: center\">Spolo\u010dnos\u0165 Teka\u00a0<strong> m\u00e1 100-ro\u010dn\u00fa hist\u00f3riu<\/strong>, od za\u010diatku svojej \u010dinnosti, ke\u010f vyr\u00e1bala po\u013enohospod\u00e1rske stroje, a\u017e po s\u00fa\u010dasnos\u0165, ke\u010f sa stala jednou z najv\u00fdznamnej\u0161\u00edch zna\u010diek spotrebi\u010dov na celom svete.<\/h6>\n<p>[\/et_pb_text][\/et_pb_column][\/et_pb_row][et_pb_row column_structure=&#8220;1_2,1_2&#8243; module_class=&#8220;custom_row&#8220; _builder_version=&#8220;4.16&#8243; background_size=&#8220;initial&#8220; background_position=&#8220;top_left&#8220; background_repeat=&#8220;repeat&#8220; global_colors_info=&#8220;{}&#8220;][et_pb_column type=&#8220;1_2&#8243; module_class=&#8220;second-on-mobile&#8220; _builder_version=&#8220;4.16&#8243; custom_padding=&#8220;|||&#8220; global_colors_info=&#8220;{}&#8220; custom_padding__hover=&#8220;|||&#8220;][et_pb_image src=&#8220;https:\/\/www.teka.com\/sk-sk\/wp-content\/uploads\/sites\/132\/2018\/11\/black-and-white-buildings-city-1024&#215;768.jpg&#8220; align_tablet=&#8220;center&#8220; align_phone=&#8220;center&#8220; align_last_edited=&#8220;on|desktop&#8220; _builder_version=&#8220;4.16&#8243; global_colors_info=&#8220;{}&#8220;][\/et_pb_image][\/et_pb_column][et_pb_column type=&#8220;1_2&#8243; module_class=&#8220;first-on-mobile&#8220; _builder_version=&#8220;4.16&#8243; custom_padding=&#8220;|||&#8220; global_colors_info=&#8220;{}&#8220; custom_padding__hover=&#8220;|||&#8220;][et_pb_text _builder_version=&#8220;4.27.4&#8243; global_colors_info=&#8220;{}&#8220;]<\/p>\n<h2 style=\"text-align: center\"><strong>1924-1957<\/strong><\/h2>\n<p><span style=\"font-weight: 400\">Hist\u00f3ria spolo\u010dnosti Teka sa za\u010dala p\u00edsa\u0165 v roku 1924, ke\u010f Karl Thielman zalo\u017eil v Nemecku spolo\u010dnos\u0165 na v\u00fdrobu po\u013enohospod\u00e1rskych strojov a prv\u00e9 roky sa zameral na tento sektor.<\/span><\/p>\n<p><span style=\"font-weight: 400\">Kr\u00e1tko nato za\u010dal pracova\u0165 v oblasti nehrdzavej\u00facej ocele, \u010do bol z\u00e1sadn\u00fd krok vpred v hist\u00f3rii spolo\u010dnosti.<\/span><\/p>\n<p><span style=\"font-weight: 400\">V roku 1957 sa k spolo\u010dnosti pripojil Helmut Klein ako spolo\u010dn\u00edk. Vtedy vznikla ochrann\u00e1 zn\u00e1mka Teka s inici\u00e1lami oboch zakladate\u013eov, Thielmann &#038; Klein.<\/span><\/p>\n<p>[\/et_pb_text][\/et_pb_column][\/et_pb_row][et_pb_row column_structure=&#8220;1_2,1_2&#8243; _builder_version=&#8220;4.16&#8243; background_size=&#8220;initial&#8220; background_position=&#8220;top_left&#8220; background_repeat=&#8220;repeat&#8220; global_colors_info=&#8220;{}&#8220;][et_pb_column type=&#8220;1_2&#8243; _builder_version=&#8220;4.16&#8243; custom_padding=&#8220;|||&#8220; global_colors_info=&#8220;{}&#8220; custom_padding__hover=&#8220;|||&#8220;][et_pb_text _builder_version=&#8220;4.27.4&#8243; global_colors_info=&#8220;{}&#8220;]<\/p>\n<h2 style=\"text-align: center\"><strong>1958-1969<\/strong><\/h2>\n<p><span style=\"font-weight: 400\">Odvtedy sa za\u010dali pred\u00e1va\u0165 v\u00fdrobky pod n\u00e1zvom Teka. V prv\u00fdch d\u0148och spolo\u010dnos\u0165 Teka vyr\u00e1bala len drezy. V nasleduj\u00facich rokoch \u00faspech v\u00fdrobkov umo\u017enil spolo\u010dnosti Teka roz\u0161\u00edri\u0165 svoj katal\u00f3g a za\u010da\u0165 vyr\u00e1ba\u0165 spor\u00e1ky, r\u00fary a ods\u00e1va\u010de p\u00e1r.<\/span><\/p>\n<p><span style=\"font-weight: 400\">V roku 1964 sa spolo\u010dnos\u0165 Teka usadila v \u0160panielsku a v nasleduj\u00facich rokoch za\u010dala rozsiahlu medzin\u00e1rodn\u00fa expanziu, najprv v Eur\u00f3pe a nesk\u00f4r na ostatn\u00fdch kontinentoch. Po\u010das cel\u00e9ho tohto obdobia sa sortiment v\u00fdrobkov rozrastal a z\u00edskal celosvetov\u00e9 uznanie v\u010faka svojmu dizajnu a vysokokvalitn\u00fdm v\u00fdrobkom do kuch\u00fd\u0148 a k\u00fape\u013en\u00ed.<\/span><\/p>\n<p>[\/et_pb_text][\/et_pb_column][et_pb_column type=&#8220;1_2&#8243; _builder_version=&#8220;4.16&#8243; custom_padding=&#8220;|||&#8220; global_colors_info=&#8220;{}&#8220; custom_padding__hover=&#8220;|||&#8220;][et_pb_image src=&#8220;https:\/\/www.teka.com\/wp-content\/uploads\/sites\/3\/2018\/10\/shutterstock_1164436954_low_nwm.jpg&#8220; align_tablet=&#8220;center&#8220; align_phone=&#8220;center&#8220; align_last_edited=&#8220;on|desktop&#8220; _builder_version=&#8220;4.16&#8243; global_colors_info=&#8220;{}&#8220;][\/et_pb_image][\/et_pb_column][\/et_pb_row][et_pb_row column_structure=&#8220;1_2,1_2&#8243; module_class=&#8220;custom_row&#8220; _builder_version=&#8220;4.16&#8243; background_size=&#8220;initial&#8220; background_position=&#8220;top_left&#8220; background_repeat=&#8220;repeat&#8220; global_colors_info=&#8220;{}&#8220;][et_pb_column type=&#8220;1_2&#8243; module_class=&#8220;second-on-mobile&#8220; _builder_version=&#8220;4.16&#8243; custom_padding=&#8220;|||&#8220; global_colors_info=&#8220;{}&#8220; custom_padding__hover=&#8220;|||&#8220;][et_pb_image src=&#8220;https:\/\/www.teka.com\/sk-sk\/wp-content\/uploads\/sites\/132\/2018\/11\/teka-china-1024&#215;768.jpg&#8220; align_tablet=&#8220;center&#8220; align_phone=&#8220;center&#8220; align_last_edited=&#8220;on|desktop&#8220; _builder_version=&#8220;4.16&#8243; global_colors_info=&#8220;{}&#8220;][\/et_pb_image][\/et_pb_column][et_pb_column type=&#8220;1_2&#8243; module_class=&#8220;first-on-mobile&#8220; _builder_version=&#8220;4.16&#8243; custom_padding=&#8220;|||&#8220; global_colors_info=&#8220;{}&#8220; custom_padding__hover=&#8220;|||&#8220;][et_pb_text _builder_version=&#8220;4.27.4&#8243; global_colors_info=&#8220;{}&#8220;]<\/p>\n<h2 style=\"text-align: center\"><strong>1970-2015<\/strong><\/h2>\n<p><span style=\"font-weight: 400\">Ve\u013ek\u00fd \u00faspech zna\u010dky na eur\u00f3pskych trhoch, kde bola pr\u00edtomn\u00e1, ju od 70. rokov prin\u00fatil za\u010da\u0165 rozsiahlu expanziu na medzin\u00e1rodnej \u00farovni. Najsk\u00f4r na ostatn\u00e9 eur\u00f3pske trhy a nesk\u00f4r do Ameriky, \u00c1zie, Afriky a na Bl\u00edzky v\u00fdchod.<\/span><\/p>\n<p><span style=\"font-weight: 400\">Po\u010das tohto obdobia sa zna\u010dka stala jedn\u00fdm z najv\u00e4\u010d\u0161\u00edch \u0161portov\u00fdch sponzorov na svete, sponzorovala futbalov\u00fd a basketbalov\u00fd klub Real Madrid, vlastnila h\u00e1dzan\u00e1rsky klub, zalo\u017eila cyklistick\u00fd t\u00edm, bola s\u00fa\u010das\u0165ou rallye Par\u00ed\u017e-Dakar a dokonca aj zimn\u00fdch olympijsk\u00fdch hier. <\/span><\/p>\n<p>[\/et_pb_text][\/et_pb_column][\/et_pb_row][et_pb_row column_structure=&#8220;1_2,1_2&#8243; _builder_version=&#8220;4.16&#8243; background_size=&#8220;initial&#8220; background_position=&#8220;top_left&#8220; background_repeat=&#8220;repeat&#8220; global_colors_info=&#8220;{}&#8220;][et_pb_column type=&#8220;1_2&#8243; _builder_version=&#8220;4.16&#8243; custom_padding=&#8220;|||&#8220; global_colors_info=&#8220;{}&#8220; custom_padding__hover=&#8220;|||&#8220;][et_pb_text _builder_version=&#8220;4.27.4&#8243; global_colors_info=&#8220;{}&#8220;]<\/p>\n<h2 style=\"text-align: center;\"><strong>Dnes<\/strong><\/h2>\n<p>V roku 2016 spolo\u010dnos\u0165 Teka uviedla na trh rad Wish vo v\u0161etk\u00fdch svojich dom\u00e1cich spotrebi\u010doch, \u010do bola najv\u00e4\u010d\u0161ia invest\u00edcia v hist\u00f3rii spolo\u010dnosti, ktor\u00e1 obnovila v\u0161etky svoje tov\u00e1rne a dizajny.<\/p>\n<p>V roku 2018 spolo\u010dnos\u0165 Teka predstavila svoju nov\u00fa poz\u00edciu a nov\u00fd slogan \u201eCook the way to life\u201c. Spolo\u010dnos\u0165 uskuto\u010dnila najv\u00e4\u010d\u0161iu reklamn\u00fa kampa\u0148 v hist\u00f3rii spolo\u010dnosti Teka s kr\u00e1tkym filmom, ktor\u00fd re\u017e\u00edrovala Marina Seresesky nominovan\u00e1 na cenu Goya, a s hudbou od Glenna Jamesa Hansarda &#8211; dr\u017eite\u013ea Oscara za najlep\u0161iu p\u00f4vodn\u00fa piese\u0148 vo filme. Spolo\u010dnos\u0165 Teka pri tejto kampani spolupracuje s Fundaci\u00f3n Alzheimer Espa\u00f1a (\u0161panielskou nad\u00e1ciou pre Alzheimerovu chorobu). Video dosiahlo za mesiac 13 mili\u00f3nov pozret\u00ed, \u010d\u00edm sa stalo rekordom v tomto odvetv\u00ed.<\/p>\n<p>V s\u00fa\u010dasnosti sa v\u00fdrobky Teka te\u0161ia \u00faspechu po celom svete, a\u017e dosiahli obrovsk\u00e9 ocenenia a \u00faspech, ako napr\u00edklad na \u0161panielskom trhu, kde polovica dom\u00e1cnost\u00ed vlastn\u00ed v\u00fdrobok Teka.<\/p>\n<p>[\/et_pb_text][\/et_pb_column][et_pb_column type=&#8220;1_2&#8243; _builder_version=&#8220;4.16&#8243; custom_padding=&#8220;|||&#8220; global_colors_info=&#8220;{}&#8220; custom_padding__hover=&#8220;|||&#8220;][et_pb_image src=&#8220;https:\/\/www.teka.com\/sk-sk\/wp-content\/uploads\/sites\/132\/2018\/11\/teka-hobs-iknob-IT-6450-1024&#215;768.jpg&#8220; align=&#8220;center&#8220; align_tablet=&#8220;center&#8220; align_phone=&#8220;center&#8220; align_last_edited=&#8220;on|desktop&#8220; _builder_version=&#8220;4.16&#8243; global_colors_info=&#8220;{}&#8220;][\/et_pb_image][\/et_pb_column][\/et_pb_row][\/et_pb_section]<\/p>\n","protected":false},"excerpt":{"rendered":"<p>\u00a0 \u00a0 Skupina Teka, Nemeck\u00fd p\u00f4vod. \u00a0 \u00a0 \u00a0 \u00a0Na\u0161a hist\u00f3ria Spolo\u010dnos\u0165 Teka\u00a0 m\u00e1 100-ro\u010dn\u00fa hist\u00f3riu, od za\u010diatku svojej \u010dinnosti, ke\u010f vyr\u00e1bala po\u013enohospod\u00e1rske stroje, a\u017e po s\u00fa\u010dasnos\u0165, ke\u010f sa stala jednou z najv\u00fdznamnej\u0161\u00edch zna\u010diek spotrebi\u010dov na celom svete.1924-1957 Hist\u00f3ria spolo\u010dnosti Teka sa za\u010dala p\u00edsa\u0165 v roku 1924, ke\u010f Karl Thielman zalo\u017eil v Nemecku spolo\u010dnos\u0165 na [&hellip;]<\/p>\n","protected":false},"author":9,"featured_media":0,"parent":21989,"menu_order":2,"comment_status":"closed","ping_status":"closed","template":"","meta":{"_acf_changed":false,"_et_pb_use_builder":"on","_et_pb_old_content":"","_et_gb_content_width":"","footnotes":""},"class_list":["post-21992","page","type-page","status-publish","hentry"],"acf":[],"yoast_head":"<!-- This site is optimized with the Yoast SEO plugin v27.2 - https:\/\/yoast.com\/product\/yoast-seo-wordpress\/ -->\n<title>Hist\u00f3ria zna\u010dky Teka | O spolo\u010dnosti<\/title>\n<meta name=\"description\" content=\"Spolo\u010dnos\u0165 Teka m\u00e1 viac ako 90-ro\u010dn\u00fa hist\u00f3riu od za\u010diatku svojej \u010dinnosti, ke\u010f vyr\u00e1bala po\u013enohospod\u00e1rske stroje, a\u017e po s\u00fa\u010dasnos\u0165, ke\u010f sa stala jednou z najv\u00fdznamnej\u0161\u00edch zna\u010diek spotrebi\u010dov na celom svete.\" \/>\n<meta name=\"robots\" content=\"index, follow, max-snippet:-1, max-image-preview:large, max-video-preview:-1\" \/>\n<link rel=\"canonical\" href=\"https:\/\/www.teka.com\/sk-sk\/o-nas\/historia\/\" \/>\n<meta property=\"og:locale\" content=\"sk_SK\" \/>\n<meta property=\"og:type\" content=\"article\" \/>\n<meta property=\"og:title\" content=\"Hist\u00f3ria zna\u010dky Teka | O spolo\u010dnosti\" \/>\n<meta property=\"og:description\" content=\"Spolo\u010dnos\u0165 Teka m\u00e1 viac ako 90-ro\u010dn\u00fa hist\u00f3riu od za\u010diatku svojej \u010dinnosti, ke\u010f vyr\u00e1bala po\u013enohospod\u00e1rske stroje, a\u017e po s\u00fa\u010dasnos\u0165, ke\u010f sa stala jednou z najv\u00fdznamnej\u0161\u00edch zna\u010diek spotrebi\u010dov na celom svete.\" \/>\n<meta property=\"og:url\" content=\"https:\/\/www.teka.com\/sk-sk\/o-nas\/historia\/\" \/>\n<meta property=\"og:site_name\" content=\"Teka Slovensk\u00e1 republika\" \/>\n<meta property=\"article:modified_time\" content=\"2025-02-12T11:13:15+00:00\" \/>\n<meta name=\"twitter:card\" content=\"summary_large_image\" \/>\n<meta name=\"twitter:label1\" content=\"Predpokladan\u00fd \u010das \u010d\u00edtania\" \/>\n\t<meta name=\"twitter:data1\" content=\"4 min\u00faty\" \/>\n<script type=\"application\/ld+json\" class=\"yoast-schema-graph\">{\"@context\":\"https:\/\/schema.org\",\"@graph\":[{\"@type\":\"WebPage\",\"@id\":\"https:\/\/www.teka.com\/sk-sk\/o-nas\/historia\/\",\"url\":\"https:\/\/www.teka.com\/sk-sk\/o-nas\/historia\/\",\"name\":\"Hist\u00f3ria zna\u010dky Teka | O spolo\u010dnosti\",\"isPartOf\":{\"@id\":\"https:\/\/www.teka.com\/sk-sk\/#website\"},\"datePublished\":\"2018-09-11T08:07:26+00:00\",\"dateModified\":\"2025-02-12T11:13:15+00:00\",\"description\":\"Spolo\u010dnos\u0165 Teka m\u00e1 viac ako 90-ro\u010dn\u00fa hist\u00f3riu od za\u010diatku svojej \u010dinnosti, ke\u010f vyr\u00e1bala po\u013enohospod\u00e1rske stroje, a\u017e po s\u00fa\u010dasnos\u0165, ke\u010f sa stala jednou z najv\u00fdznamnej\u0161\u00edch zna\u010diek spotrebi\u010dov na celom svete.\",\"breadcrumb\":{\"@id\":\"https:\/\/www.teka.com\/sk-sk\/o-nas\/historia\/#breadcrumb\"},\"inLanguage\":\"sk-SK\",\"potentialAction\":[{\"@type\":\"ReadAction\",\"target\":[\"https:\/\/www.teka.com\/sk-sk\/o-nas\/historia\/\"]}]},{\"@type\":\"BreadcrumbList\",\"@id\":\"https:\/\/www.teka.com\/sk-sk\/o-nas\/historia\/#breadcrumb\",\"itemListElement\":[{\"@type\":\"ListItem\",\"position\":1,\"name\":\"About Teka\",\"item\":\"https:\/\/www.teka.com\/sk-sk\/o-nas\/\"},{\"@type\":\"ListItem\",\"position\":2,\"name\":\"Hist\u00f3ria\"}]},{\"@type\":\"WebSite\",\"@id\":\"https:\/\/www.teka.com\/sk-sk\/#website\",\"url\":\"https:\/\/www.teka.com\/sk-sk\/\",\"name\":\"Teka Slovensk\u00e1 republika\",\"description\":\"\",\"potentialAction\":[{\"@type\":\"SearchAction\",\"target\":{\"@type\":\"EntryPoint\",\"urlTemplate\":\"https:\/\/www.teka.com\/sk-sk\/?s={search_term_string}\"},\"query-input\":{\"@type\":\"PropertyValueSpecification\",\"valueRequired\":true,\"valueName\":\"search_term_string\"}}],\"inLanguage\":\"sk-SK\"}]}<\/script>\n<!-- \/ Yoast SEO plugin. -->","yoast_head_json":{"title":"Hist\u00f3ria zna\u010dky Teka | O spolo\u010dnosti","description":"Spolo\u010dnos\u0165 Teka m\u00e1 viac ako 90-ro\u010dn\u00fa hist\u00f3riu od za\u010diatku svojej \u010dinnosti, ke\u010f vyr\u00e1bala po\u013enohospod\u00e1rske stroje, a\u017e po s\u00fa\u010dasnos\u0165, ke\u010f sa stala jednou z najv\u00fdznamnej\u0161\u00edch zna\u010diek spotrebi\u010dov na celom svete.","robots":{"index":"index","follow":"follow","max-snippet":"max-snippet:-1","max-image-preview":"max-image-preview:large","max-video-preview":"max-video-preview:-1"},"canonical":"https:\/\/www.teka.com\/sk-sk\/o-nas\/historia\/","og_locale":"sk_SK","og_type":"article","og_title":"Hist\u00f3ria zna\u010dky Teka | O spolo\u010dnosti","og_description":"Spolo\u010dnos\u0165 Teka m\u00e1 viac ako 90-ro\u010dn\u00fa hist\u00f3riu od za\u010diatku svojej \u010dinnosti, ke\u010f vyr\u00e1bala po\u013enohospod\u00e1rske stroje, a\u017e po s\u00fa\u010dasnos\u0165, ke\u010f sa stala jednou z najv\u00fdznamnej\u0161\u00edch zna\u010diek spotrebi\u010dov na celom svete.","og_url":"https:\/\/www.teka.com\/sk-sk\/o-nas\/historia\/","og_site_name":"Teka Slovensk\u00e1 republika","article_modified_time":"2025-02-12T11:13:15+00:00","twitter_card":"summary_large_image","twitter_misc":{"Predpokladan\u00fd \u010das \u010d\u00edtania":"4 min\u00faty"},"schema":{"@context":"https:\/\/schema.org","@graph":[{"@type":"WebPage","@id":"https:\/\/www.teka.com\/sk-sk\/o-nas\/historia\/","url":"https:\/\/www.teka.com\/sk-sk\/o-nas\/historia\/","name":"Hist\u00f3ria zna\u010dky Teka | O spolo\u010dnosti","isPartOf":{"@id":"https:\/\/www.teka.com\/sk-sk\/#website"},"datePublished":"2018-09-11T08:07:26+00:00","dateModified":"2025-02-12T11:13:15+00:00","description":"Spolo\u010dnos\u0165 Teka m\u00e1 viac ako 90-ro\u010dn\u00fa hist\u00f3riu od za\u010diatku svojej \u010dinnosti, ke\u010f vyr\u00e1bala po\u013enohospod\u00e1rske stroje, a\u017e po s\u00fa\u010dasnos\u0165, ke\u010f sa stala jednou z najv\u00fdznamnej\u0161\u00edch zna\u010diek spotrebi\u010dov na celom svete.","breadcrumb":{"@id":"https:\/\/www.teka.com\/sk-sk\/o-nas\/historia\/#breadcrumb"},"inLanguage":"sk-SK","potentialAction":[{"@type":"ReadAction","target":["https:\/\/www.teka.com\/sk-sk\/o-nas\/historia\/"]}]},{"@type":"BreadcrumbList","@id":"https:\/\/www.teka.com\/sk-sk\/o-nas\/historia\/#breadcrumb","itemListElement":[{"@type":"ListItem","position":1,"name":"About Teka","item":"https:\/\/www.teka.com\/sk-sk\/o-nas\/"},{"@type":"ListItem","position":2,"name":"Hist\u00f3ria"}]},{"@type":"WebSite","@id":"https:\/\/www.teka.com\/sk-sk\/#website","url":"https:\/\/www.teka.com\/sk-sk\/","name":"Teka Slovensk\u00e1 republika","description":"","potentialAction":[{"@type":"SearchAction","target":{"@type":"EntryPoint","urlTemplate":"https:\/\/www.teka.com\/sk-sk\/?s={search_term_string}"},"query-input":{"@type":"PropertyValueSpecification","valueRequired":true,"valueName":"search_term_string"}}],"inLanguage":"sk-SK"}]}},"_links":{"self":[{"href":"https:\/\/www.teka.com\/sk-sk\/wp-json\/wp\/v2\/pages\/21992","targetHints":{"allow":["GET"]}}],"collection":[{"href":"https:\/\/www.teka.com\/sk-sk\/wp-json\/wp\/v2\/pages"}],"about":[{"href":"https:\/\/www.teka.com\/sk-sk\/wp-json\/wp\/v2\/types\/page"}],"author":[{"embeddable":true,"href":"https:\/\/www.teka.com\/sk-sk\/wp-json\/wp\/v2\/users\/9"}],"replies":[{"embeddable":true,"href":"https:\/\/www.teka.com\/sk-sk\/wp-json\/wp\/v2\/comments?post=21992"}],"version-history":[{"count":39,"href":"https:\/\/www.teka.com\/sk-sk\/wp-json\/wp\/v2\/pages\/21992\/revisions"}],"predecessor-version":[{"id":80515,"href":"https:\/\/www.teka.com\/sk-sk\/wp-json\/wp\/v2\/pages\/21992\/revisions\/80515"}],"up":[{"embeddable":true,"href":"https:\/\/www.teka.com\/sk-sk\/wp-json\/wp\/v2\/pages\/21989"}],"wp:attachment":[{"href":"https:\/\/www.teka.com\/sk-sk\/wp-json\/wp\/v2\/media?parent=21992"}],"curies":[{"name":"wp","href":"https:\/\/api.w.org\/{rel}","templated":true}]}}