{"id":5221,"date":"2018-08-10T10:27:01","date_gmt":"2018-08-10T10:27:01","guid":{"rendered":"http:\/\/teka.com\/?page_id=5221"},"modified":"2025-02-11T16:16:41","modified_gmt":"2025-02-11T15:16:41","slug":"ziadost-o-opravu-ci-reklamaciu","status":"publish","type":"page","link":"https:\/\/www.teka.com\/sk-sk\/podpora\/ziadost-o-opravu-ci-reklamaciu\/","title":{"rendered":"\u017diados\u0165 o opravu \u010di reklam\u00e1ciu"},"content":{"rendered":"<p>[et_pb_section fb_built=&#8220;1&#8243; module_id=&#8220;request-repair&#8220; _builder_version=&#8220;4.16&#8243; global_colors_info=&#8220;{}&#8220;][et_pb_row _builder_version=&#8220;4.16&#8243; max_width=&#8220;620px&#8220; use_custom_width=&#8220;on&#8220; custom_width_px=&#8220;620px&#8220; global_colors_info=&#8220;{}&#8220;][et_pb_column type=&#8220;4_4&#8243; _builder_version=&#8220;4.16&#8243; custom_padding=&#8220;|||&#8220; global_colors_info=&#8220;{}&#8220; custom_padding__hover=&#8220;|||&#8220;][et_pb_text admin_label=&#8220;Request Repair &#8211; Title&#8220; _builder_version=&#8220;4.27.4&#8243; global_colors_info=&#8220;{}&#8220;]<\/p>\n<h1 style=\"text-align: center;\"><strong>\u017diados\u0165 o opravu \u010di reklam\u00e1ciurepair<\/strong><\/h1>\n<p>[\/et_pb_text][et_pb_text admin_label=&#8220;Request repair &#8211; Text&#8220; _builder_version=&#8220;4.27.4&#8243; hover_enabled=&#8220;0&#8243; global_colors_info=&#8220;{}&#8220; sticky_enabled=&#8220;0&#8243;]<\/p>\n<p style=\"text-align: center;\">Ak potrebujete opravu \u010di reklam\u00e1ciu, m\u00f4\u017eete n\u00e1s kontaktova\u0165 <a class=\"open_fullscreen\" href=\"https:\/\/www.teka.com\/cs-cz\/podpora\/reklamace\/\" target=\"_blank\" rel=\"noopener\">prostredn\u00edctvom formul\u00e1ra<\/a><\/p>\n<p>[\/et_pb_text][\/et_pb_column][\/et_pb_row][\/et_pb_section]<\/p>\n","protected":false},"excerpt":{"rendered":"<p>\u017diados\u0165 o opravu \u010di reklam\u00e1ciurepairAk potrebujete opravu \u010di reklam\u00e1ciu, m\u00f4\u017eete n\u00e1s kontaktova\u0165 prostredn\u00edctvom formul\u00e1ra<\/p>\n","protected":false},"author":9,"featured_media":0,"parent":5193,"menu_order":0,"comment_status":"closed","ping_status":"closed","template":"","meta":{"_acf_changed":false,"_et_pb_use_builder":"on","_et_pb_old_content":"","_et_gb_content_width":"","footnotes":""},"class_list":["post-5221","page","type-page","status-publish","hentry"],"acf":[],"yoast_head":"<!-- This site is optimized with the Yoast SEO plugin v27.2 - https:\/\/yoast.com\/product\/yoast-seo-wordpress\/ -->\n<title>\u017diados\u0165 o opravu \u010di reklam\u00e1ciu | Teka Slovensk\u00e1 republika<\/title>\n<meta name=\"robots\" content=\"index, follow, max-snippet:-1, max-image-preview:large, max-video-preview:-1\" \/>\n<link rel=\"canonical\" href=\"https:\/\/www.teka.com\/sk-sk\/podpora\/ziadost-o-opravu-ci-reklamaciu\/\" \/>\n<meta property=\"og:locale\" content=\"sk_SK\" \/>\n<meta property=\"og:type\" content=\"article\" \/>\n<meta property=\"og:title\" content=\"\u017diados\u0165 o opravu \u010di reklam\u00e1ciu | Teka Slovensk\u00e1 republika\" \/>\n<meta property=\"og:description\" content=\"\u017diados\u0165 o opravu \u010di reklam\u00e1ciurepairAk potrebujete opravu \u010di reklam\u00e1ciu, m\u00f4\u017eete n\u00e1s kontaktova\u0165 prostredn\u00edctvom formul\u00e1ra\" \/>\n<meta property=\"og:url\" content=\"https:\/\/www.teka.com\/sk-sk\/podpora\/ziadost-o-opravu-ci-reklamaciu\/\" \/>\n<meta property=\"og:site_name\" content=\"Teka Slovensk\u00e1 republika\" \/>\n<meta property=\"article:modified_time\" content=\"2025-02-11T15:16:41+00:00\" \/>\n<meta name=\"twitter:card\" content=\"summary_large_image\" \/>\n<meta name=\"twitter:label1\" content=\"Predpokladan\u00fd \u010das \u010d\u00edtania\" \/>\n\t<meta name=\"twitter:data1\" content=\"1 min\u00fata\" \/>\n<script type=\"application\/ld+json\" class=\"yoast-schema-graph\">{\"@context\":\"https:\/\/schema.org\",\"@graph\":[{\"@type\":\"WebPage\",\"@id\":\"https:\/\/www.teka.com\/sk-sk\/podpora\/ziadost-o-opravu-ci-reklamaciu\/\",\"url\":\"https:\/\/www.teka.com\/sk-sk\/podpora\/ziadost-o-opravu-ci-reklamaciu\/\",\"name\":\"\u017diados\u0165 o opravu \u010di reklam\u00e1ciu | Teka Slovensk\u00e1 republika\",\"isPartOf\":{\"@id\":\"https:\/\/www.teka.com\/sk-sk\/#website\"},\"datePublished\":\"2018-08-10T10:27:01+00:00\",\"dateModified\":\"2025-02-11T15:16:41+00:00\",\"breadcrumb\":{\"@id\":\"https:\/\/www.teka.com\/sk-sk\/podpora\/ziadost-o-opravu-ci-reklamaciu\/#breadcrumb\"},\"inLanguage\":\"sk-SK\",\"potentialAction\":[{\"@type\":\"ReadAction\",\"target\":[\"https:\/\/www.teka.com\/sk-sk\/podpora\/ziadost-o-opravu-ci-reklamaciu\/\"]}]},{\"@type\":\"BreadcrumbList\",\"@id\":\"https:\/\/www.teka.com\/sk-sk\/podpora\/ziadost-o-opravu-ci-reklamaciu\/#breadcrumb\",\"itemListElement\":[{\"@type\":\"ListItem\",\"position\":1,\"name\":\"Podpora\",\"item\":\"https:\/\/www.teka.com\/sk-sk\/podpora\/\"},{\"@type\":\"ListItem\",\"position\":2,\"name\":\"\u017diados\u0165 o opravu \u010di reklam\u00e1ciu\"}]},{\"@type\":\"WebSite\",\"@id\":\"https:\/\/www.teka.com\/sk-sk\/#website\",\"url\":\"https:\/\/www.teka.com\/sk-sk\/\",\"name\":\"Teka Slovensk\u00e1 republika\",\"description\":\"\",\"potentialAction\":[{\"@type\":\"SearchAction\",\"target\":{\"@type\":\"EntryPoint\",\"urlTemplate\":\"https:\/\/www.teka.com\/sk-sk\/?s={search_term_string}\"},\"query-input\":{\"@type\":\"PropertyValueSpecification\",\"valueRequired\":true,\"valueName\":\"search_term_string\"}}],\"inLanguage\":\"sk-SK\"}]}<\/script>\n<!-- \/ Yoast SEO plugin. -->","yoast_head_json":{"title":"\u017diados\u0165 o opravu \u010di reklam\u00e1ciu | Teka Slovensk\u00e1 republika","robots":{"index":"index","follow":"follow","max-snippet":"max-snippet:-1","max-image-preview":"max-image-preview:large","max-video-preview":"max-video-preview:-1"},"canonical":"https:\/\/www.teka.com\/sk-sk\/podpora\/ziadost-o-opravu-ci-reklamaciu\/","og_locale":"sk_SK","og_type":"article","og_title":"\u017diados\u0165 o opravu \u010di reklam\u00e1ciu | Teka Slovensk\u00e1 republika","og_description":"\u017diados\u0165 o opravu \u010di reklam\u00e1ciurepairAk potrebujete opravu \u010di reklam\u00e1ciu, m\u00f4\u017eete n\u00e1s kontaktova\u0165 prostredn\u00edctvom formul\u00e1ra","og_url":"https:\/\/www.teka.com\/sk-sk\/podpora\/ziadost-o-opravu-ci-reklamaciu\/","og_site_name":"Teka Slovensk\u00e1 republika","article_modified_time":"2025-02-11T15:16:41+00:00","twitter_card":"summary_large_image","twitter_misc":{"Predpokladan\u00fd \u010das \u010d\u00edtania":"1 min\u00fata"},"schema":{"@context":"https:\/\/schema.org","@graph":[{"@type":"WebPage","@id":"https:\/\/www.teka.com\/sk-sk\/podpora\/ziadost-o-opravu-ci-reklamaciu\/","url":"https:\/\/www.teka.com\/sk-sk\/podpora\/ziadost-o-opravu-ci-reklamaciu\/","name":"\u017diados\u0165 o opravu \u010di reklam\u00e1ciu | Teka Slovensk\u00e1 republika","isPartOf":{"@id":"https:\/\/www.teka.com\/sk-sk\/#website"},"datePublished":"2018-08-10T10:27:01+00:00","dateModified":"2025-02-11T15:16:41+00:00","breadcrumb":{"@id":"https:\/\/www.teka.com\/sk-sk\/podpora\/ziadost-o-opravu-ci-reklamaciu\/#breadcrumb"},"inLanguage":"sk-SK","potentialAction":[{"@type":"ReadAction","target":["https:\/\/www.teka.com\/sk-sk\/podpora\/ziadost-o-opravu-ci-reklamaciu\/"]}]},{"@type":"BreadcrumbList","@id":"https:\/\/www.teka.com\/sk-sk\/podpora\/ziadost-o-opravu-ci-reklamaciu\/#breadcrumb","itemListElement":[{"@type":"ListItem","position":1,"name":"Podpora","item":"https:\/\/www.teka.com\/sk-sk\/podpora\/"},{"@type":"ListItem","position":2,"name":"\u017diados\u0165 o opravu \u010di reklam\u00e1ciu"}]},{"@type":"WebSite","@id":"https:\/\/www.teka.com\/sk-sk\/#website","url":"https:\/\/www.teka.com\/sk-sk\/","name":"Teka Slovensk\u00e1 republika","description":"","potentialAction":[{"@type":"SearchAction","target":{"@type":"EntryPoint","urlTemplate":"https:\/\/www.teka.com\/sk-sk\/?s={search_term_string}"},"query-input":{"@type":"PropertyValueSpecification","valueRequired":true,"valueName":"search_term_string"}}],"inLanguage":"sk-SK"}]}},"_links":{"self":[{"href":"https:\/\/www.teka.com\/sk-sk\/wp-json\/wp\/v2\/pages\/5221","targetHints":{"allow":["GET"]}}],"collection":[{"href":"https:\/\/www.teka.com\/sk-sk\/wp-json\/wp\/v2\/pages"}],"about":[{"href":"https:\/\/www.teka.com\/sk-sk\/wp-json\/wp\/v2\/types\/page"}],"author":[{"embeddable":true,"href":"https:\/\/www.teka.com\/sk-sk\/wp-json\/wp\/v2\/users\/9"}],"replies":[{"embeddable":true,"href":"https:\/\/www.teka.com\/sk-sk\/wp-json\/wp\/v2\/comments?post=5221"}],"version-history":[{"count":29,"href":"https:\/\/www.teka.com\/sk-sk\/wp-json\/wp\/v2\/pages\/5221\/revisions"}],"predecessor-version":[{"id":80450,"href":"https:\/\/www.teka.com\/sk-sk\/wp-json\/wp\/v2\/pages\/5221\/revisions\/80450"}],"up":[{"embeddable":true,"href":"https:\/\/www.teka.com\/sk-sk\/wp-json\/wp\/v2\/pages\/5193"}],"wp:attachment":[{"href":"https:\/\/www.teka.com\/sk-sk\/wp-json\/wp\/v2\/media?parent=5221"}],"curies":[{"name":"wp","href":"https:\/\/api.w.org\/{rel}","templated":true}]}}