{"id":5225,"date":"2018-08-10T10:27:52","date_gmt":"2018-08-10T10:27:52","guid":{"rendered":"http:\/\/teka.com\/?page_id=5225"},"modified":"2025-02-12T12:52:41","modified_gmt":"2025-02-12T11:52:41","slug":"pouzivatelske-prirucky","status":"publish","type":"page","link":"https:\/\/www.teka.com\/sk-sk\/podpora\/pouzivatelske-prirucky\/","title":{"rendered":"Pou\u017e\u00edvate\u013esk\u00e9 pr\u00edru\u010dky"},"content":{"rendered":"<p>[et_pb_section fb_built=&#8220;1&#8243; _builder_version=&#8220;4.27.4&#8243; _module_preset=&#8220;default&#8220; background_image=&#8220;https:\/\/www.teka.com\/sk-sk\/wp-content\/uploads\/sites\/132\/2025\/02\/Atencion-al-cliente-de-teka.webp&#8220; hover_enabled=&#8220;0&#8243; global_colors_info=&#8220;{}&#8220; module_id=&#8220;manual-download-top&#8220; sticky_enabled=&#8220;0&#8243;][et_pb_row column_structure=&#8220;1_2,1_2&#8243; _builder_version=&#8220;4.27.4&#8243; _module_preset=&#8220;default&#8220; global_colors_info=&#8220;{}&#8220;][et_pb_column type=&#8220;1_2&#8243; _builder_version=&#8220;4.27.4&#8243; _module_preset=&#8220;default&#8220; global_colors_info=&#8220;{}&#8220;][et_pb_text _builder_version=&#8220;4.27.4&#8243; _module_preset=&#8220;default&#8220; header_2_font=&#8220;|700|||||||&#8220; header_2_font_size=&#8220;30px&#8220; header_2_line_height=&#8220;1.6em&#8220; background_layout=&#8220;dark&#8220; global_colors_info=&#8220;{}&#8220;]<\/p>\n<h2>Stiahnite si manu\u00e1l<\/h2>\n<p>[\/et_pb_text][et_pb_text _builder_version=&#8220;4.27.4&#8243; _module_preset=&#8220;default&#8220; background_layout=&#8220;dark&#8220; hover_enabled=&#8220;0&#8243; global_colors_info=&#8220;{}&#8220; sticky_enabled=&#8220;0&#8243;]<\/p>\n<p>Zadajte model<\/p>\n<form action=\"https:\/\/www.teka.com\/sk-sk\/podpora\/pouzivatelske-prirucky\/\" id=\"form-manual-container\"><input id=\"input-manual-submit\" name=\"manual-submit\" type=\"submit\" value=\"\ue812\"><select id=\"select-manual\" name=\"se\" style=\"width:420px;float: left\"><\/select><\/form>\n<p>[\/et_pb_text][\/et_pb_column][et_pb_column type=&#8220;1_2&#8243; _builder_version=&#8220;4.27.4&#8243; _module_preset=&#8220;default&#8220; global_colors_info=&#8220;{}&#8220;][\/et_pb_column][\/et_pb_row][\/et_pb_section]<\/p>\n","protected":false},"excerpt":{"rendered":"<p>Stiahnite si manu\u00e1lZadajte model <form action=\"https:\/\/www.teka.com\/sk-sk\/podpora\/pouzivatelske-prirucky\/\" id=\"form-manual-container\"><input id=\"input-manual-submit\" name=\"manual-submit\" type=\"submit\" value=\"\ue812\"><select id=\"select-manual\" name=\"se\" style=\"width:420px;float: left\"><\/select><\/form><\/p>\n","protected":false},"author":9,"featured_media":0,"parent":5193,"menu_order":0,"comment_status":"closed","ping_status":"closed","template":"tp-manuals.php","meta":{"_acf_changed":false,"_et_pb_use_builder":"on","_et_pb_old_content":"","_et_gb_content_width":"","footnotes":""},"class_list":["post-5225","page","type-page","status-publish","hentry"],"acf":[],"yoast_head":"<!-- This site is optimized with the Yoast SEO plugin v27.2 - https:\/\/yoast.com\/product\/yoast-seo-wordpress\/ -->\n<title>Pr\u00edru\u010dky pou\u017e\u00edvate\u013ea Teka | Stiahnite si pr\u00edru\u010dky k produktom a n\u00e1vody na pou\u017eitie<\/title>\n<meta name=\"description\" content=\"Tu si m\u00f4\u017eete stiahnu\u0165 pou\u017e\u00edvate\u013esk\u00e9 pr\u00edru\u010dky pre spotrebi\u010de Teka, a to nielen pre aktu\u00e1lne v\u00fdrobky, ale aj pre tie, ktor\u00e9 u\u017e nie s\u00fa dostupn\u00e9 na trhu.\" \/>\n<meta name=\"robots\" content=\"index, follow, max-snippet:-1, max-image-preview:large, max-video-preview:-1\" \/>\n<link rel=\"canonical\" href=\"https:\/\/www.teka.com\/sk-sk\/podpora\/pouzivatelske-prirucky\/\" \/>\n<meta property=\"og:locale\" content=\"sk_SK\" \/>\n<meta property=\"og:type\" content=\"article\" \/>\n<meta property=\"og:title\" content=\"Pr\u00edru\u010dky pou\u017e\u00edvate\u013ea Teka | Stiahnite si pr\u00edru\u010dky k produktom a n\u00e1vody na pou\u017eitie\" \/>\n<meta property=\"og:description\" content=\"Tu si m\u00f4\u017eete stiahnu\u0165 pou\u017e\u00edvate\u013esk\u00e9 pr\u00edru\u010dky pre spotrebi\u010de Teka, a to nielen pre aktu\u00e1lne v\u00fdrobky, ale aj pre tie, ktor\u00e9 u\u017e nie s\u00fa dostupn\u00e9 na trhu.\" \/>\n<meta property=\"og:url\" content=\"https:\/\/www.teka.com\/sk-sk\/podpora\/pouzivatelske-prirucky\/\" \/>\n<meta property=\"og:site_name\" content=\"Teka Slovensk\u00e1 republika\" \/>\n<meta property=\"article:modified_time\" content=\"2025-02-12T11:52:41+00:00\" \/>\n<meta name=\"twitter:card\" content=\"summary_large_image\" \/>\n<meta name=\"twitter:label1\" content=\"Predpokladan\u00fd \u010das \u010d\u00edtania\" \/>\n\t<meta name=\"twitter:data1\" content=\"1 min\u00fata\" \/>\n<script type=\"application\/ld+json\" class=\"yoast-schema-graph\">{\"@context\":\"https:\/\/schema.org\",\"@graph\":[{\"@type\":\"WebPage\",\"@id\":\"https:\/\/www.teka.com\/sk-sk\/podpora\/pouzivatelske-prirucky\/\",\"url\":\"https:\/\/www.teka.com\/sk-sk\/podpora\/pouzivatelske-prirucky\/\",\"name\":\"Pr\u00edru\u010dky pou\u017e\u00edvate\u013ea Teka | Stiahnite si pr\u00edru\u010dky k produktom a n\u00e1vody na pou\u017eitie\",\"isPartOf\":{\"@id\":\"https:\/\/www.teka.com\/sk-sk\/#website\"},\"datePublished\":\"2018-08-10T10:27:52+00:00\",\"dateModified\":\"2025-02-12T11:52:41+00:00\",\"description\":\"Tu si m\u00f4\u017eete stiahnu\u0165 pou\u017e\u00edvate\u013esk\u00e9 pr\u00edru\u010dky pre spotrebi\u010de Teka, a to nielen pre aktu\u00e1lne v\u00fdrobky, ale aj pre tie, ktor\u00e9 u\u017e nie s\u00fa dostupn\u00e9 na trhu.\",\"breadcrumb\":{\"@id\":\"https:\/\/www.teka.com\/sk-sk\/podpora\/pouzivatelske-prirucky\/#breadcrumb\"},\"inLanguage\":\"sk-SK\",\"potentialAction\":[{\"@type\":\"ReadAction\",\"target\":[\"https:\/\/www.teka.com\/sk-sk\/podpora\/pouzivatelske-prirucky\/\"]}]},{\"@type\":\"BreadcrumbList\",\"@id\":\"https:\/\/www.teka.com\/sk-sk\/podpora\/pouzivatelske-prirucky\/#breadcrumb\",\"itemListElement\":[{\"@type\":\"ListItem\",\"position\":1,\"name\":\"Podpora\",\"item\":\"https:\/\/www.teka.com\/sk-sk\/podpora\/\"},{\"@type\":\"ListItem\",\"position\":2,\"name\":\"Pou\u017e\u00edvate\u013esk\u00e9 pr\u00edru\u010dky\"}]},{\"@type\":\"WebSite\",\"@id\":\"https:\/\/www.teka.com\/sk-sk\/#website\",\"url\":\"https:\/\/www.teka.com\/sk-sk\/\",\"name\":\"Teka Slovensk\u00e1 republika\",\"description\":\"\",\"potentialAction\":[{\"@type\":\"SearchAction\",\"target\":{\"@type\":\"EntryPoint\",\"urlTemplate\":\"https:\/\/www.teka.com\/sk-sk\/?s={search_term_string}\"},\"query-input\":{\"@type\":\"PropertyValueSpecification\",\"valueRequired\":true,\"valueName\":\"search_term_string\"}}],\"inLanguage\":\"sk-SK\"}]}<\/script>\n<!-- \/ Yoast SEO plugin. -->","yoast_head_json":{"title":"Pr\u00edru\u010dky pou\u017e\u00edvate\u013ea Teka | Stiahnite si pr\u00edru\u010dky k produktom a n\u00e1vody na pou\u017eitie","description":"Tu si m\u00f4\u017eete stiahnu\u0165 pou\u017e\u00edvate\u013esk\u00e9 pr\u00edru\u010dky pre spotrebi\u010de Teka, a to nielen pre aktu\u00e1lne v\u00fdrobky, ale aj pre tie, ktor\u00e9 u\u017e nie s\u00fa dostupn\u00e9 na trhu.","robots":{"index":"index","follow":"follow","max-snippet":"max-snippet:-1","max-image-preview":"max-image-preview:large","max-video-preview":"max-video-preview:-1"},"canonical":"https:\/\/www.teka.com\/sk-sk\/podpora\/pouzivatelske-prirucky\/","og_locale":"sk_SK","og_type":"article","og_title":"Pr\u00edru\u010dky pou\u017e\u00edvate\u013ea Teka | Stiahnite si pr\u00edru\u010dky k produktom a n\u00e1vody na pou\u017eitie","og_description":"Tu si m\u00f4\u017eete stiahnu\u0165 pou\u017e\u00edvate\u013esk\u00e9 pr\u00edru\u010dky pre spotrebi\u010de Teka, a to nielen pre aktu\u00e1lne v\u00fdrobky, ale aj pre tie, ktor\u00e9 u\u017e nie s\u00fa dostupn\u00e9 na trhu.","og_url":"https:\/\/www.teka.com\/sk-sk\/podpora\/pouzivatelske-prirucky\/","og_site_name":"Teka Slovensk\u00e1 republika","article_modified_time":"2025-02-12T11:52:41+00:00","twitter_card":"summary_large_image","twitter_misc":{"Predpokladan\u00fd \u010das \u010d\u00edtania":"1 min\u00fata"},"schema":{"@context":"https:\/\/schema.org","@graph":[{"@type":"WebPage","@id":"https:\/\/www.teka.com\/sk-sk\/podpora\/pouzivatelske-prirucky\/","url":"https:\/\/www.teka.com\/sk-sk\/podpora\/pouzivatelske-prirucky\/","name":"Pr\u00edru\u010dky pou\u017e\u00edvate\u013ea Teka | Stiahnite si pr\u00edru\u010dky k produktom a n\u00e1vody na pou\u017eitie","isPartOf":{"@id":"https:\/\/www.teka.com\/sk-sk\/#website"},"datePublished":"2018-08-10T10:27:52+00:00","dateModified":"2025-02-12T11:52:41+00:00","description":"Tu si m\u00f4\u017eete stiahnu\u0165 pou\u017e\u00edvate\u013esk\u00e9 pr\u00edru\u010dky pre spotrebi\u010de Teka, a to nielen pre aktu\u00e1lne v\u00fdrobky, ale aj pre tie, ktor\u00e9 u\u017e nie s\u00fa dostupn\u00e9 na trhu.","breadcrumb":{"@id":"https:\/\/www.teka.com\/sk-sk\/podpora\/pouzivatelske-prirucky\/#breadcrumb"},"inLanguage":"sk-SK","potentialAction":[{"@type":"ReadAction","target":["https:\/\/www.teka.com\/sk-sk\/podpora\/pouzivatelske-prirucky\/"]}]},{"@type":"BreadcrumbList","@id":"https:\/\/www.teka.com\/sk-sk\/podpora\/pouzivatelske-prirucky\/#breadcrumb","itemListElement":[{"@type":"ListItem","position":1,"name":"Podpora","item":"https:\/\/www.teka.com\/sk-sk\/podpora\/"},{"@type":"ListItem","position":2,"name":"Pou\u017e\u00edvate\u013esk\u00e9 pr\u00edru\u010dky"}]},{"@type":"WebSite","@id":"https:\/\/www.teka.com\/sk-sk\/#website","url":"https:\/\/www.teka.com\/sk-sk\/","name":"Teka Slovensk\u00e1 republika","description":"","potentialAction":[{"@type":"SearchAction","target":{"@type":"EntryPoint","urlTemplate":"https:\/\/www.teka.com\/sk-sk\/?s={search_term_string}"},"query-input":{"@type":"PropertyValueSpecification","valueRequired":true,"valueName":"search_term_string"}}],"inLanguage":"sk-SK"}]}},"_links":{"self":[{"href":"https:\/\/www.teka.com\/sk-sk\/wp-json\/wp\/v2\/pages\/5225","targetHints":{"allow":["GET"]}}],"collection":[{"href":"https:\/\/www.teka.com\/sk-sk\/wp-json\/wp\/v2\/pages"}],"about":[{"href":"https:\/\/www.teka.com\/sk-sk\/wp-json\/wp\/v2\/types\/page"}],"author":[{"embeddable":true,"href":"https:\/\/www.teka.com\/sk-sk\/wp-json\/wp\/v2\/users\/9"}],"replies":[{"embeddable":true,"href":"https:\/\/www.teka.com\/sk-sk\/wp-json\/wp\/v2\/comments?post=5225"}],"version-history":[{"count":66,"href":"https:\/\/www.teka.com\/sk-sk\/wp-json\/wp\/v2\/pages\/5225\/revisions"}],"predecessor-version":[{"id":80571,"href":"https:\/\/www.teka.com\/sk-sk\/wp-json\/wp\/v2\/pages\/5225\/revisions\/80571"}],"up":[{"embeddable":true,"href":"https:\/\/www.teka.com\/sk-sk\/wp-json\/wp\/v2\/pages\/5193"}],"wp:attachment":[{"href":"https:\/\/www.teka.com\/sk-sk\/wp-json\/wp\/v2\/media?parent=5225"}],"curies":[{"name":"wp","href":"https:\/\/api.w.org\/{rel}","templated":true}]}}