{"id":81490,"date":"2026-04-07T18:02:58","date_gmt":"2026-04-07T18:02:58","guid":{"rendered":"https:\/\/teka.com\/en-int\/tl-6310-x_40474250"},"modified":"2026-03-15T01:06:34","modified_gmt":"2026-03-15T02:06:34","slug":"tl-6310-x_40474250","status":"publish","type":"product","link":"https:\/\/www.teka.com\/sk-sk\/product\/tl-6310-x_40474250\/","title":{"rendered":"TL 6310 X"},"content":{"rendered":"<ul>\n<li>V\u00fdsuvn\u00fd ods\u00e1va\u010d p\u00e1r 60 cm<\/li>\n<li>Tla\u010didlov\u00e9 ovl\u00e1danie<\/li>\n<li>Automatick\u00fd vyp\u00edna\u010d s v\u00fdsuvnou funkciou<\/li>\n<li>Kon\u0161trukcia z nehrdzavej\u00facej ocele<\/li>\n<li>2 r\u00fdchlosti<\/li>\n<li>V\u00fdkon ods\u00e1vania: min. 160, max. 304 m3\/h<\/li>\n<\/ul>\n","protected":false},"featured_media":0,"parent":0,"template":"","product_cat":[2354],"product_cleaning_system":[],"product_3rd_basket":[],"product_drawers":[],"product_type_of_installation":[],"product_edition":[],"product_serie":[],"product_features":[],"finishes":[],"product_bundles":[],"product_energy_efficiency":[7798],"product_video_training":[],"class_list":["post-81490","product","type-product","status-publish","hentry","product_cat-odsavace-par","usp-hoods-tl-01","usp-hoods-tl-02","usp-hoods-tl-04","usp-hoods-tl-03","usp-hoods-tl-05","usp-hoods-tl-06","color-nerezova-ocel","product_type_of_appliance-integrovane","product_icons-led","product_energy_efficiency-d-icon"],"acf":[],"yoast_head":"<!-- This site is optimized with the Yoast SEO plugin v27.2 - https:\/\/yoast.com\/product\/yoast-seo-wordpress\/ -->\n<title>Vstavan\u00fd v\u00fdsuvn\u00fd digestor TL 6310 | Teka<\/title>\n<meta name=\"robots\" content=\"index, follow, max-snippet:-1, max-image-preview:large, max-video-preview:-1\" \/>\n<link rel=\"canonical\" href=\"https:\/\/www.teka.com\/sk-sk\/product\/tl-6310-x_40474250\/\" \/>\n<meta property=\"og:locale\" content=\"sk_SK\" \/>\n<meta property=\"og:type\" content=\"article\" \/>\n<meta property=\"og:title\" content=\"Vstavan\u00fd v\u00fdsuvn\u00fd digestor TL 6310 | Teka\" \/>\n<meta property=\"og:description\" content=\"V\u00fdsuvn\u00fd ods\u00e1va\u010d p\u00e1r 60 cm Tla\u010didlov\u00e9 ovl\u00e1danie Automatick\u00fd vyp\u00edna\u010d s v\u00fdsuvnou funkciou Kon\u0161trukcia z nehrdzavej\u00facej ocele 2 r\u00fdchlosti V\u00fdkon ods\u00e1vania: min. 160, max. 304 m3\/h\" \/>\n<meta property=\"og:url\" content=\"https:\/\/www.teka.com\/sk-sk\/product\/tl-6310-x_40474250\/\" \/>\n<meta property=\"og:site_name\" content=\"Teka Slovensk\u00e1 republika\" \/>\n<meta name=\"twitter:card\" content=\"summary_large_image\" \/>\n<script type=\"application\/ld+json\" class=\"yoast-schema-graph\">{\"@context\":\"https:\/\/schema.org\",\"@graph\":[{\"@type\":\"WebPage\",\"@id\":\"https:\/\/www.teka.com\/sk-sk\/product\/tl-6310-x_40474250\/\",\"url\":\"https:\/\/www.teka.com\/sk-sk\/product\/tl-6310-x_40474250\/\",\"name\":\"Vstavan\u00fd v\u00fdsuvn\u00fd digestor TL 6310 | Teka\",\"isPartOf\":{\"@id\":\"https:\/\/www.teka.com\/sk-sk\/#website\"},\"datePublished\":\"2026-04-07T18:02:58+00:00\",\"inLanguage\":\"sk-SK\",\"potentialAction\":[{\"@type\":\"ReadAction\",\"target\":[\"https:\/\/www.teka.com\/sk-sk\/product\/tl-6310-x_40474250\/\"]}]},{\"@type\":\"WebSite\",\"@id\":\"https:\/\/www.teka.com\/sk-sk\/#website\",\"url\":\"https:\/\/www.teka.com\/sk-sk\/\",\"name\":\"Teka Slovensk\u00e1 republika\",\"description\":\"\",\"potentialAction\":[{\"@type\":\"SearchAction\",\"target\":{\"@type\":\"EntryPoint\",\"urlTemplate\":\"https:\/\/www.teka.com\/sk-sk\/?s={search_term_string}\"},\"query-input\":{\"@type\":\"PropertyValueSpecification\",\"valueRequired\":true,\"valueName\":\"search_term_string\"}}],\"inLanguage\":\"sk-SK\"}]}<\/script>\n<!-- \/ Yoast SEO plugin. -->","yoast_head_json":{"title":"Vstavan\u00fd v\u00fdsuvn\u00fd digestor TL 6310 | Teka","robots":{"index":"index","follow":"follow","max-snippet":"max-snippet:-1","max-image-preview":"max-image-preview:large","max-video-preview":"max-video-preview:-1"},"canonical":"https:\/\/www.teka.com\/sk-sk\/product\/tl-6310-x_40474250\/","og_locale":"sk_SK","og_type":"article","og_title":"Vstavan\u00fd v\u00fdsuvn\u00fd digestor TL 6310 | Teka","og_description":"V\u00fdsuvn\u00fd ods\u00e1va\u010d p\u00e1r 60 cm Tla\u010didlov\u00e9 ovl\u00e1danie Automatick\u00fd vyp\u00edna\u010d s v\u00fdsuvnou funkciou Kon\u0161trukcia z nehrdzavej\u00facej ocele 2 r\u00fdchlosti V\u00fdkon ods\u00e1vania: min. 160, max. 304 m3\/h","og_url":"https:\/\/www.teka.com\/sk-sk\/product\/tl-6310-x_40474250\/","og_site_name":"Teka Slovensk\u00e1 republika","twitter_card":"summary_large_image","schema":{"@context":"https:\/\/schema.org","@graph":[{"@type":"WebPage","@id":"https:\/\/www.teka.com\/sk-sk\/product\/tl-6310-x_40474250\/","url":"https:\/\/www.teka.com\/sk-sk\/product\/tl-6310-x_40474250\/","name":"Vstavan\u00fd v\u00fdsuvn\u00fd digestor TL 6310 | Teka","isPartOf":{"@id":"https:\/\/www.teka.com\/sk-sk\/#website"},"datePublished":"2026-04-07T18:02:58+00:00","inLanguage":"sk-SK","potentialAction":[{"@type":"ReadAction","target":["https:\/\/www.teka.com\/sk-sk\/product\/tl-6310-x_40474250\/"]}]},{"@type":"WebSite","@id":"https:\/\/www.teka.com\/sk-sk\/#website","url":"https:\/\/www.teka.com\/sk-sk\/","name":"Teka Slovensk\u00e1 republika","description":"","potentialAction":[{"@type":"SearchAction","target":{"@type":"EntryPoint","urlTemplate":"https:\/\/www.teka.com\/sk-sk\/?s={search_term_string}"},"query-input":{"@type":"PropertyValueSpecification","valueRequired":true,"valueName":"search_term_string"}}],"inLanguage":"sk-SK"}]}},"_links":{"self":[{"href":"https:\/\/www.teka.com\/sk-sk\/wp-json\/wp\/v2\/product\/81490","targetHints":{"allow":["GET"]}}],"collection":[{"href":"https:\/\/www.teka.com\/sk-sk\/wp-json\/wp\/v2\/product"}],"about":[{"href":"https:\/\/www.teka.com\/sk-sk\/wp-json\/wp\/v2\/types\/product"}],"wp:attachment":[{"href":"https:\/\/www.teka.com\/sk-sk\/wp-json\/wp\/v2\/media?parent=81490"}],"wp:term":[{"taxonomy":"product_cat","embeddable":true,"href":"https:\/\/www.teka.com\/sk-sk\/wp-json\/wp\/v2\/product_cat?post=81490"},{"taxonomy":"product_cleaning_system","embeddable":true,"href":"https:\/\/www.teka.com\/sk-sk\/wp-json\/wp\/v2\/product_cleaning_system?post=81490"},{"taxonomy":"product_3rd_basket","embeddable":true,"href":"https:\/\/www.teka.com\/sk-sk\/wp-json\/wp\/v2\/product_3rd_basket?post=81490"},{"taxonomy":"product_drawers","embeddable":true,"href":"https:\/\/www.teka.com\/sk-sk\/wp-json\/wp\/v2\/product_drawers?post=81490"},{"taxonomy":"product_type_of_installation","embeddable":true,"href":"https:\/\/www.teka.com\/sk-sk\/wp-json\/wp\/v2\/product_type_of_installation?post=81490"},{"taxonomy":"product_edition","embeddable":true,"href":"https:\/\/www.teka.com\/sk-sk\/wp-json\/wp\/v2\/product_edition?post=81490"},{"taxonomy":"product_serie","embeddable":true,"href":"https:\/\/www.teka.com\/sk-sk\/wp-json\/wp\/v2\/product_serie?post=81490"},{"taxonomy":"product_features","embeddable":true,"href":"https:\/\/www.teka.com\/sk-sk\/wp-json\/wp\/v2\/product_features?post=81490"},{"taxonomy":"finishes","embeddable":true,"href":"https:\/\/www.teka.com\/sk-sk\/wp-json\/wp\/v2\/finishes?post=81490"},{"taxonomy":"product_bundles","embeddable":true,"href":"https:\/\/www.teka.com\/sk-sk\/wp-json\/wp\/v2\/product_bundles?post=81490"},{"taxonomy":"product_energy_efficiency","embeddable":true,"href":"https:\/\/www.teka.com\/sk-sk\/wp-json\/wp\/v2\/product_energy_efficiency?post=81490"},{"taxonomy":"product_video_training","embeddable":true,"href":"https:\/\/www.teka.com\/sk-sk\/wp-json\/wp\/v2\/product_video_training?post=81490"}],"curies":[{"name":"wp","href":"https:\/\/api.w.org\/{rel}","templated":true}]}}