{"id":81497,"date":"2026-04-07T18:15:37","date_gmt":"2026-04-07T18:15:37","guid":{"rendered":"https:\/\/teka.com\/en-int\/ml-822-bis-r-bx_40584301"},"modified":"2026-03-14T03:40:54","modified_gmt":"2026-03-14T04:40:54","slug":"ml-822-bis-r-bx_40584301","status":"publish","type":"product","link":"https:\/\/www.teka.com\/sk-sk\/product\/ml-822-bis-r-bx_40584301\/","title":{"rendered":"ML 822 BIS R BX"},"content":{"rendered":"<ul>\n<li>Vstavan\u00e1 mikrovlnn\u00e1 r\u00fara, 39 cm<\/li>\n<li>Objem: 22 l<\/li>\n<li>5 \u00farovn\u00ed mikrovlnn\u00e9ho ohrevu<\/li>\n<li>Pam\u00e4\u0165 pre 9 pracovn\u00fdch postupov<\/li>\n<li>3 re\u017eimy ohrevu<\/li>\n<\/ul>\n","protected":false},"featured_media":0,"parent":0,"template":"","product_cat":[2362],"product_cleaning_system":[],"product_3rd_basket":[],"product_drawers":[],"product_type_of_installation":[8099],"product_edition":[],"product_serie":[],"product_features":[],"finishes":[],"product_bundles":[],"product_energy_efficiency":[],"product_video_training":[7852,7855,7856],"class_list":["post-81497","product","type-product","status-publish","hentry","product_cat-mikrovlnne-rury","usp-microwaves-01","usp-microwaves-02","usp-microwaves-04","usp-microwaves-05","usp-microwaves-06","usp-renewableenergy-01","usp-microwaves-07","usp-microwaves-08","color-cierne-sklo-s-nerezovym-ramcekom","product_type_of_appliance-vstavane","product_ambient-ambient-08","product_ambient-ambient-23","product_icons-ceramic-base","product_icons-defrost-by-time","product_icons-defrost-by-weight","product_icons-direct-access-menu","product_icons-electronic-door-opening","product_icons-22l","product_type_of_installation-vstavane","product_video_training-traininghoods-05","product_video_training-traininghoods-07","product_video_training-traininghoods-08"],"acf":[],"yoast_head":"<!-- This site is optimized with the Yoast SEO plugin v27.2 - https:\/\/yoast.com\/product\/yoast-seo-wordpress\/ -->\n<title>Mikrovlnn\u00e1 r\u00fara + gril ML 822 BIS s keramick\u00fdm dnom | Teka<\/title>\n<meta name=\"robots\" content=\"index, follow, max-snippet:-1, max-image-preview:large, max-video-preview:-1\" \/>\n<link rel=\"canonical\" href=\"https:\/\/www.teka.com\/sk-sk\/product\/ml-822-bis-r-bx_40584301\/\" \/>\n<meta property=\"og:locale\" content=\"sk_SK\" \/>\n<meta property=\"og:type\" content=\"article\" \/>\n<meta property=\"og:title\" content=\"Mikrovlnn\u00e1 r\u00fara + gril ML 822 BIS s keramick\u00fdm dnom | Teka\" \/>\n<meta property=\"og:description\" content=\"Vstavan\u00e1 mikrovlnn\u00e1 r\u00fara, 39 cm Objem: 22 l 5 \u00farovn\u00ed mikrovlnn\u00e9ho ohrevu Pam\u00e4\u0165 pre 9 pracovn\u00fdch postupov 3 re\u017eimy ohrevu\" \/>\n<meta property=\"og:url\" content=\"https:\/\/www.teka.com\/sk-sk\/product\/ml-822-bis-r-bx_40584301\/\" \/>\n<meta property=\"og:site_name\" content=\"Teka Slovensk\u00e1 republika\" \/>\n<meta name=\"twitter:card\" content=\"summary_large_image\" \/>\n<script type=\"application\/ld+json\" class=\"yoast-schema-graph\">{\"@context\":\"https:\/\/schema.org\",\"@graph\":[{\"@type\":\"WebPage\",\"@id\":\"https:\/\/www.teka.com\/sk-sk\/product\/ml-822-bis-r-bx_40584301\/\",\"url\":\"https:\/\/www.teka.com\/sk-sk\/product\/ml-822-bis-r-bx_40584301\/\",\"name\":\"Mikrovlnn\u00e1 r\u00fara + gril ML 822 BIS s keramick\u00fdm dnom | Teka\",\"isPartOf\":{\"@id\":\"https:\/\/www.teka.com\/sk-sk\/#website\"},\"datePublished\":\"2026-04-07T18:15:37+00:00\",\"inLanguage\":\"sk-SK\",\"potentialAction\":[{\"@type\":\"ReadAction\",\"target\":[\"https:\/\/www.teka.com\/sk-sk\/product\/ml-822-bis-r-bx_40584301\/\"]}]},{\"@type\":\"WebSite\",\"@id\":\"https:\/\/www.teka.com\/sk-sk\/#website\",\"url\":\"https:\/\/www.teka.com\/sk-sk\/\",\"name\":\"Teka Slovensk\u00e1 republika\",\"description\":\"\",\"potentialAction\":[{\"@type\":\"SearchAction\",\"target\":{\"@type\":\"EntryPoint\",\"urlTemplate\":\"https:\/\/www.teka.com\/sk-sk\/?s={search_term_string}\"},\"query-input\":{\"@type\":\"PropertyValueSpecification\",\"valueRequired\":true,\"valueName\":\"search_term_string\"}}],\"inLanguage\":\"sk-SK\"}]}<\/script>\n<!-- \/ Yoast SEO plugin. -->","yoast_head_json":{"title":"Mikrovlnn\u00e1 r\u00fara + gril ML 822 BIS s keramick\u00fdm dnom | Teka","robots":{"index":"index","follow":"follow","max-snippet":"max-snippet:-1","max-image-preview":"max-image-preview:large","max-video-preview":"max-video-preview:-1"},"canonical":"https:\/\/www.teka.com\/sk-sk\/product\/ml-822-bis-r-bx_40584301\/","og_locale":"sk_SK","og_type":"article","og_title":"Mikrovlnn\u00e1 r\u00fara + gril ML 822 BIS s keramick\u00fdm dnom | Teka","og_description":"Vstavan\u00e1 mikrovlnn\u00e1 r\u00fara, 39 cm Objem: 22 l 5 \u00farovn\u00ed mikrovlnn\u00e9ho ohrevu Pam\u00e4\u0165 pre 9 pracovn\u00fdch postupov 3 re\u017eimy ohrevu","og_url":"https:\/\/www.teka.com\/sk-sk\/product\/ml-822-bis-r-bx_40584301\/","og_site_name":"Teka Slovensk\u00e1 republika","twitter_card":"summary_large_image","schema":{"@context":"https:\/\/schema.org","@graph":[{"@type":"WebPage","@id":"https:\/\/www.teka.com\/sk-sk\/product\/ml-822-bis-r-bx_40584301\/","url":"https:\/\/www.teka.com\/sk-sk\/product\/ml-822-bis-r-bx_40584301\/","name":"Mikrovlnn\u00e1 r\u00fara + gril ML 822 BIS s keramick\u00fdm dnom | Teka","isPartOf":{"@id":"https:\/\/www.teka.com\/sk-sk\/#website"},"datePublished":"2026-04-07T18:15:37+00:00","inLanguage":"sk-SK","potentialAction":[{"@type":"ReadAction","target":["https:\/\/www.teka.com\/sk-sk\/product\/ml-822-bis-r-bx_40584301\/"]}]},{"@type":"WebSite","@id":"https:\/\/www.teka.com\/sk-sk\/#website","url":"https:\/\/www.teka.com\/sk-sk\/","name":"Teka Slovensk\u00e1 republika","description":"","potentialAction":[{"@type":"SearchAction","target":{"@type":"EntryPoint","urlTemplate":"https:\/\/www.teka.com\/sk-sk\/?s={search_term_string}"},"query-input":{"@type":"PropertyValueSpecification","valueRequired":true,"valueName":"search_term_string"}}],"inLanguage":"sk-SK"}]}},"_links":{"self":[{"href":"https:\/\/www.teka.com\/sk-sk\/wp-json\/wp\/v2\/product\/81497","targetHints":{"allow":["GET"]}}],"collection":[{"href":"https:\/\/www.teka.com\/sk-sk\/wp-json\/wp\/v2\/product"}],"about":[{"href":"https:\/\/www.teka.com\/sk-sk\/wp-json\/wp\/v2\/types\/product"}],"wp:attachment":[{"href":"https:\/\/www.teka.com\/sk-sk\/wp-json\/wp\/v2\/media?parent=81497"}],"wp:term":[{"taxonomy":"product_cat","embeddable":true,"href":"https:\/\/www.teka.com\/sk-sk\/wp-json\/wp\/v2\/product_cat?post=81497"},{"taxonomy":"product_cleaning_system","embeddable":true,"href":"https:\/\/www.teka.com\/sk-sk\/wp-json\/wp\/v2\/product_cleaning_system?post=81497"},{"taxonomy":"product_3rd_basket","embeddable":true,"href":"https:\/\/www.teka.com\/sk-sk\/wp-json\/wp\/v2\/product_3rd_basket?post=81497"},{"taxonomy":"product_drawers","embeddable":true,"href":"https:\/\/www.teka.com\/sk-sk\/wp-json\/wp\/v2\/product_drawers?post=81497"},{"taxonomy":"product_type_of_installation","embeddable":true,"href":"https:\/\/www.teka.com\/sk-sk\/wp-json\/wp\/v2\/product_type_of_installation?post=81497"},{"taxonomy":"product_edition","embeddable":true,"href":"https:\/\/www.teka.com\/sk-sk\/wp-json\/wp\/v2\/product_edition?post=81497"},{"taxonomy":"product_serie","embeddable":true,"href":"https:\/\/www.teka.com\/sk-sk\/wp-json\/wp\/v2\/product_serie?post=81497"},{"taxonomy":"product_features","embeddable":true,"href":"https:\/\/www.teka.com\/sk-sk\/wp-json\/wp\/v2\/product_features?post=81497"},{"taxonomy":"finishes","embeddable":true,"href":"https:\/\/www.teka.com\/sk-sk\/wp-json\/wp\/v2\/finishes?post=81497"},{"taxonomy":"product_bundles","embeddable":true,"href":"https:\/\/www.teka.com\/sk-sk\/wp-json\/wp\/v2\/product_bundles?post=81497"},{"taxonomy":"product_energy_efficiency","embeddable":true,"href":"https:\/\/www.teka.com\/sk-sk\/wp-json\/wp\/v2\/product_energy_efficiency?post=81497"},{"taxonomy":"product_video_training","embeddable":true,"href":"https:\/\/www.teka.com\/sk-sk\/wp-json\/wp\/v2\/product_video_training?post=81497"}],"curies":[{"name":"wp","href":"https:\/\/api.w.org\/{rel}","templated":true}]}}