{"id":81502,"date":"2026-04-07T18:33:34","date_gmt":"2026-04-07T18:33:34","guid":{"rendered":"https:\/\/teka.com\/en-int\/clc-855-gm-bx_41598030"},"modified":"2026-03-14T03:52:37","modified_gmt":"2026-03-14T04:52:37","slug":"clc-855-gm-bx_41598030","status":"publish","type":"product","link":"https:\/\/www.teka.com\/sk-sk\/product\/clc-855-gm-bx_41598030\/","title":{"rendered":"CLC 855 GM BX"},"content":{"rendered":"<ul>\n<li>Automatick\u00fd vstavan\u00fd k\u00e1vovar 45 cm<\/li>\n<li>Funkcia \u010distenia<\/li>\n<li>Regul\u00e1cia intenzity, teploty a mno\u017estva k\u00e1vy<\/li>\n<li>Elektronick\u00e9 ovl\u00e1danie s digit\u00e1lnym displejom<\/li>\n<li>Teleskopick\u00e9 nadstavce na jednoduch\u00fa manipul\u00e1ciu<\/li>\n<\/ul>\n","protected":false},"featured_media":0,"parent":0,"template":"","product_cat":[2391],"product_cleaning_system":[],"product_3rd_basket":[],"product_drawers":[],"product_type_of_installation":[8099],"product_edition":[],"product_serie":[],"product_features":[],"finishes":[],"product_bundles":[],"product_energy_efficiency":[],"product_video_training":[],"class_list":["post-81502","product","type-product","status-publish","hentry","product_cat-kavovary","usp-coffeemachine-01","usp-coffeemachine-02","usp-coffeemachine-03","usp-cookinglovers-10","color-cierne-sklo-s-nerezovym-ramcekom","product_ambient-ambient-02","product_ambient-ambient-03","product_ambient-ambient-08","product_ambient-ambient-09","product_ambient-ambient-12","product_icons-coffee-beans","product_icons-ground-coffee","product_type_of_installation-vstavane"],"acf":[],"yoast_head":"<!-- This site is optimized with the Yoast SEO plugin v27.2 - https:\/\/yoast.com\/product\/yoast-seo-wordpress\/ -->\n<title>Vstavan\u00fd k\u00e1vovar CLC 855 GM |<\/title>\n<meta name=\"robots\" content=\"index, follow, max-snippet:-1, max-image-preview:large, max-video-preview:-1\" \/>\n<link rel=\"canonical\" href=\"https:\/\/www.teka.com\/sk-sk\/product\/clc-855-gm-bx_41598030\/\" \/>\n<meta property=\"og:locale\" content=\"sk_SK\" \/>\n<meta property=\"og:type\" content=\"article\" \/>\n<meta property=\"og:title\" content=\"Vstavan\u00fd k\u00e1vovar CLC 855 GM |\" \/>\n<meta property=\"og:description\" content=\"Automatick\u00fd vstavan\u00fd k\u00e1vovar 45 cm Funkcia \u010distenia Regul\u00e1cia intenzity, teploty a mno\u017estva k\u00e1vy Elektronick\u00e9 ovl\u00e1danie s digit\u00e1lnym displejom Teleskopick\u00e9 nadstavce na jednoduch\u00fa manipul\u00e1ciu\" \/>\n<meta property=\"og:url\" content=\"https:\/\/www.teka.com\/sk-sk\/product\/clc-855-gm-bx_41598030\/\" \/>\n<meta property=\"og:site_name\" content=\"Teka Slovensk\u00e1 republika\" \/>\n<meta name=\"twitter:card\" content=\"summary_large_image\" \/>\n<script type=\"application\/ld+json\" class=\"yoast-schema-graph\">{\"@context\":\"https:\/\/schema.org\",\"@graph\":[{\"@type\":\"WebPage\",\"@id\":\"https:\/\/www.teka.com\/sk-sk\/product\/clc-855-gm-bx_41598030\/\",\"url\":\"https:\/\/www.teka.com\/sk-sk\/product\/clc-855-gm-bx_41598030\/\",\"name\":\"Vstavan\u00fd k\u00e1vovar CLC 855 GM |\",\"isPartOf\":{\"@id\":\"https:\/\/www.teka.com\/sk-sk\/#website\"},\"datePublished\":\"2026-04-07T18:33:34+00:00\",\"inLanguage\":\"sk-SK\",\"potentialAction\":[{\"@type\":\"ReadAction\",\"target\":[\"https:\/\/www.teka.com\/sk-sk\/product\/clc-855-gm-bx_41598030\/\"]}]},{\"@type\":\"WebSite\",\"@id\":\"https:\/\/www.teka.com\/sk-sk\/#website\",\"url\":\"https:\/\/www.teka.com\/sk-sk\/\",\"name\":\"Teka Slovensk\u00e1 republika\",\"description\":\"\",\"potentialAction\":[{\"@type\":\"SearchAction\",\"target\":{\"@type\":\"EntryPoint\",\"urlTemplate\":\"https:\/\/www.teka.com\/sk-sk\/?s={search_term_string}\"},\"query-input\":{\"@type\":\"PropertyValueSpecification\",\"valueRequired\":true,\"valueName\":\"search_term_string\"}}],\"inLanguage\":\"sk-SK\"}]}<\/script>\n<!-- \/ Yoast SEO plugin. -->","yoast_head_json":{"title":"Vstavan\u00fd k\u00e1vovar CLC 855 GM |","robots":{"index":"index","follow":"follow","max-snippet":"max-snippet:-1","max-image-preview":"max-image-preview:large","max-video-preview":"max-video-preview:-1"},"canonical":"https:\/\/www.teka.com\/sk-sk\/product\/clc-855-gm-bx_41598030\/","og_locale":"sk_SK","og_type":"article","og_title":"Vstavan\u00fd k\u00e1vovar CLC 855 GM |","og_description":"Automatick\u00fd vstavan\u00fd k\u00e1vovar 45 cm Funkcia \u010distenia Regul\u00e1cia intenzity, teploty a mno\u017estva k\u00e1vy Elektronick\u00e9 ovl\u00e1danie s digit\u00e1lnym displejom Teleskopick\u00e9 nadstavce na jednoduch\u00fa manipul\u00e1ciu","og_url":"https:\/\/www.teka.com\/sk-sk\/product\/clc-855-gm-bx_41598030\/","og_site_name":"Teka Slovensk\u00e1 republika","twitter_card":"summary_large_image","schema":{"@context":"https:\/\/schema.org","@graph":[{"@type":"WebPage","@id":"https:\/\/www.teka.com\/sk-sk\/product\/clc-855-gm-bx_41598030\/","url":"https:\/\/www.teka.com\/sk-sk\/product\/clc-855-gm-bx_41598030\/","name":"Vstavan\u00fd k\u00e1vovar CLC 855 GM |","isPartOf":{"@id":"https:\/\/www.teka.com\/sk-sk\/#website"},"datePublished":"2026-04-07T18:33:34+00:00","inLanguage":"sk-SK","potentialAction":[{"@type":"ReadAction","target":["https:\/\/www.teka.com\/sk-sk\/product\/clc-855-gm-bx_41598030\/"]}]},{"@type":"WebSite","@id":"https:\/\/www.teka.com\/sk-sk\/#website","url":"https:\/\/www.teka.com\/sk-sk\/","name":"Teka Slovensk\u00e1 republika","description":"","potentialAction":[{"@type":"SearchAction","target":{"@type":"EntryPoint","urlTemplate":"https:\/\/www.teka.com\/sk-sk\/?s={search_term_string}"},"query-input":{"@type":"PropertyValueSpecification","valueRequired":true,"valueName":"search_term_string"}}],"inLanguage":"sk-SK"}]}},"_links":{"self":[{"href":"https:\/\/www.teka.com\/sk-sk\/wp-json\/wp\/v2\/product\/81502","targetHints":{"allow":["GET"]}}],"collection":[{"href":"https:\/\/www.teka.com\/sk-sk\/wp-json\/wp\/v2\/product"}],"about":[{"href":"https:\/\/www.teka.com\/sk-sk\/wp-json\/wp\/v2\/types\/product"}],"wp:attachment":[{"href":"https:\/\/www.teka.com\/sk-sk\/wp-json\/wp\/v2\/media?parent=81502"}],"wp:term":[{"taxonomy":"product_cat","embeddable":true,"href":"https:\/\/www.teka.com\/sk-sk\/wp-json\/wp\/v2\/product_cat?post=81502"},{"taxonomy":"product_cleaning_system","embeddable":true,"href":"https:\/\/www.teka.com\/sk-sk\/wp-json\/wp\/v2\/product_cleaning_system?post=81502"},{"taxonomy":"product_3rd_basket","embeddable":true,"href":"https:\/\/www.teka.com\/sk-sk\/wp-json\/wp\/v2\/product_3rd_basket?post=81502"},{"taxonomy":"product_drawers","embeddable":true,"href":"https:\/\/www.teka.com\/sk-sk\/wp-json\/wp\/v2\/product_drawers?post=81502"},{"taxonomy":"product_type_of_installation","embeddable":true,"href":"https:\/\/www.teka.com\/sk-sk\/wp-json\/wp\/v2\/product_type_of_installation?post=81502"},{"taxonomy":"product_edition","embeddable":true,"href":"https:\/\/www.teka.com\/sk-sk\/wp-json\/wp\/v2\/product_edition?post=81502"},{"taxonomy":"product_serie","embeddable":true,"href":"https:\/\/www.teka.com\/sk-sk\/wp-json\/wp\/v2\/product_serie?post=81502"},{"taxonomy":"product_features","embeddable":true,"href":"https:\/\/www.teka.com\/sk-sk\/wp-json\/wp\/v2\/product_features?post=81502"},{"taxonomy":"finishes","embeddable":true,"href":"https:\/\/www.teka.com\/sk-sk\/wp-json\/wp\/v2\/finishes?post=81502"},{"taxonomy":"product_bundles","embeddable":true,"href":"https:\/\/www.teka.com\/sk-sk\/wp-json\/wp\/v2\/product_bundles?post=81502"},{"taxonomy":"product_energy_efficiency","embeddable":true,"href":"https:\/\/www.teka.com\/sk-sk\/wp-json\/wp\/v2\/product_energy_efficiency?post=81502"},{"taxonomy":"product_video_training","embeddable":true,"href":"https:\/\/www.teka.com\/sk-sk\/wp-json\/wp\/v2\/product_video_training?post=81502"}],"curies":[{"name":"wp","href":"https:\/\/api.w.org\/{rel}","templated":true}]}}