{"id":81530,"date":"2026-04-08T23:33:59","date_gmt":"2026-04-08T23:33:59","guid":{"rendered":"https:\/\/teka.com\/en-int\/dos-901-atbs_40489333"},"modified":"2026-04-08T08:19:31","modified_gmt":"2026-04-08T09:19:31","slug":"dos-901-atbs_40489333","status":"publish","type":"product","link":"https:\/\/www.teka.com\/sk-sk\/product\/dos-901-atbs_40489333\/","title":{"rendered":"DOS 90.1 ATBS"},"content":{"rendered":"<ul>\n<li>Rustik\u00e1lny kom\u00ednov\u00fd ods\u00e1va\u010d p\u00e1r 90 cm<\/li>\n<li>1 dvojturb\u00ednov\u00fd motor s v\u00fdkonom 650 m3\/h<\/li>\n<li>Elektronick\u00e9 ovl\u00e1danie<\/li>\n<li>2x LED \u017eiarovka<\/li>\n<li>3-stup\u0148ov\u00e1 regul\u00e1cia v\u00fdkonu<\/li>\n<\/ul>\n","protected":false},"featured_media":0,"parent":0,"template":"","product_cat":[2354],"product_cleaning_system":[],"product_3rd_basket":[],"product_drawers":[],"product_type_of_installation":[],"product_edition":[7189],"product_serie":[],"product_features":[],"finishes":[],"product_bundles":[],"product_energy_efficiency":[7793],"product_video_training":[],"class_list":["post-81530","product","type-product","status-publish","hentry","product_cat-odsavace-par","usp-hoods-04","usp-hoods-05","color-antracit-medena","product_type_of_appliance-dekorativne","product_ambient-countrystyle-01","product_ambient-countrystyle-02","product_icons-led","product_edition-anthracite","product_energy_efficiency-b-icon"],"acf":[],"yoast_head":"<!-- This site is optimized with the Yoast SEO plugin v27.2 - https:\/\/yoast.com\/product\/yoast-seo-wordpress\/ -->\n<title>DOS 90.1 ATBS | Teka Slovensk\u00e1 republika<\/title>\n<meta name=\"robots\" content=\"index, follow, max-snippet:-1, max-image-preview:large, max-video-preview:-1\" \/>\n<link rel=\"canonical\" href=\"https:\/\/www.teka.com\/sk-sk\/product\/dos-901-atbs_40489333\/\" \/>\n<meta property=\"og:locale\" content=\"sk_SK\" \/>\n<meta property=\"og:type\" content=\"article\" \/>\n<meta property=\"og:title\" content=\"DOS 90.1 ATBS | Teka Slovensk\u00e1 republika\" \/>\n<meta property=\"og:description\" content=\"Rustik\u00e1lny kom\u00ednov\u00fd ods\u00e1va\u010d p\u00e1r 90 cm 1 dvojturb\u00ednov\u00fd motor s v\u00fdkonom 650 m3\/h Elektronick\u00e9 ovl\u00e1danie 2x LED \u017eiarovka 3-stup\u0148ov\u00e1 regul\u00e1cia v\u00fdkonu\" \/>\n<meta property=\"og:url\" content=\"https:\/\/www.teka.com\/sk-sk\/product\/dos-901-atbs_40489333\/\" \/>\n<meta property=\"og:site_name\" content=\"Teka Slovensk\u00e1 republika\" \/>\n<meta name=\"twitter:card\" content=\"summary_large_image\" \/>\n<script type=\"application\/ld+json\" class=\"yoast-schema-graph\">{\"@context\":\"https:\/\/schema.org\",\"@graph\":[{\"@type\":\"WebPage\",\"@id\":\"https:\/\/www.teka.com\/sk-sk\/product\/dos-901-atbs_40489333\/\",\"url\":\"https:\/\/www.teka.com\/sk-sk\/product\/dos-901-atbs_40489333\/\",\"name\":\"DOS 90.1 ATBS | Teka Slovensk\u00e1 republika\",\"isPartOf\":{\"@id\":\"https:\/\/www.teka.com\/sk-sk\/#website\"},\"datePublished\":\"2026-04-08T23:33:59+00:00\",\"inLanguage\":\"sk-SK\",\"potentialAction\":[{\"@type\":\"ReadAction\",\"target\":[\"https:\/\/www.teka.com\/sk-sk\/product\/dos-901-atbs_40489333\/\"]}]},{\"@type\":\"WebSite\",\"@id\":\"https:\/\/www.teka.com\/sk-sk\/#website\",\"url\":\"https:\/\/www.teka.com\/sk-sk\/\",\"name\":\"Teka Slovensk\u00e1 republika\",\"description\":\"\",\"potentialAction\":[{\"@type\":\"SearchAction\",\"target\":{\"@type\":\"EntryPoint\",\"urlTemplate\":\"https:\/\/www.teka.com\/sk-sk\/?s={search_term_string}\"},\"query-input\":{\"@type\":\"PropertyValueSpecification\",\"valueRequired\":true,\"valueName\":\"search_term_string\"}}],\"inLanguage\":\"sk-SK\"}]}<\/script>\n<!-- \/ Yoast SEO plugin. -->","yoast_head_json":{"title":"DOS 90.1 ATBS | Teka Slovensk\u00e1 republika","robots":{"index":"index","follow":"follow","max-snippet":"max-snippet:-1","max-image-preview":"max-image-preview:large","max-video-preview":"max-video-preview:-1"},"canonical":"https:\/\/www.teka.com\/sk-sk\/product\/dos-901-atbs_40489333\/","og_locale":"sk_SK","og_type":"article","og_title":"DOS 90.1 ATBS | Teka Slovensk\u00e1 republika","og_description":"Rustik\u00e1lny kom\u00ednov\u00fd ods\u00e1va\u010d p\u00e1r 90 cm 1 dvojturb\u00ednov\u00fd motor s v\u00fdkonom 650 m3\/h Elektronick\u00e9 ovl\u00e1danie 2x LED \u017eiarovka 3-stup\u0148ov\u00e1 regul\u00e1cia v\u00fdkonu","og_url":"https:\/\/www.teka.com\/sk-sk\/product\/dos-901-atbs_40489333\/","og_site_name":"Teka Slovensk\u00e1 republika","twitter_card":"summary_large_image","schema":{"@context":"https:\/\/schema.org","@graph":[{"@type":"WebPage","@id":"https:\/\/www.teka.com\/sk-sk\/product\/dos-901-atbs_40489333\/","url":"https:\/\/www.teka.com\/sk-sk\/product\/dos-901-atbs_40489333\/","name":"DOS 90.1 ATBS | Teka Slovensk\u00e1 republika","isPartOf":{"@id":"https:\/\/www.teka.com\/sk-sk\/#website"},"datePublished":"2026-04-08T23:33:59+00:00","inLanguage":"sk-SK","potentialAction":[{"@type":"ReadAction","target":["https:\/\/www.teka.com\/sk-sk\/product\/dos-901-atbs_40489333\/"]}]},{"@type":"WebSite","@id":"https:\/\/www.teka.com\/sk-sk\/#website","url":"https:\/\/www.teka.com\/sk-sk\/","name":"Teka Slovensk\u00e1 republika","description":"","potentialAction":[{"@type":"SearchAction","target":{"@type":"EntryPoint","urlTemplate":"https:\/\/www.teka.com\/sk-sk\/?s={search_term_string}"},"query-input":{"@type":"PropertyValueSpecification","valueRequired":true,"valueName":"search_term_string"}}],"inLanguage":"sk-SK"}]}},"_links":{"self":[{"href":"https:\/\/www.teka.com\/sk-sk\/wp-json\/wp\/v2\/product\/81530","targetHints":{"allow":["GET"]}}],"collection":[{"href":"https:\/\/www.teka.com\/sk-sk\/wp-json\/wp\/v2\/product"}],"about":[{"href":"https:\/\/www.teka.com\/sk-sk\/wp-json\/wp\/v2\/types\/product"}],"wp:attachment":[{"href":"https:\/\/www.teka.com\/sk-sk\/wp-json\/wp\/v2\/media?parent=81530"}],"wp:term":[{"taxonomy":"product_cat","embeddable":true,"href":"https:\/\/www.teka.com\/sk-sk\/wp-json\/wp\/v2\/product_cat?post=81530"},{"taxonomy":"product_cleaning_system","embeddable":true,"href":"https:\/\/www.teka.com\/sk-sk\/wp-json\/wp\/v2\/product_cleaning_system?post=81530"},{"taxonomy":"product_3rd_basket","embeddable":true,"href":"https:\/\/www.teka.com\/sk-sk\/wp-json\/wp\/v2\/product_3rd_basket?post=81530"},{"taxonomy":"product_drawers","embeddable":true,"href":"https:\/\/www.teka.com\/sk-sk\/wp-json\/wp\/v2\/product_drawers?post=81530"},{"taxonomy":"product_type_of_installation","embeddable":true,"href":"https:\/\/www.teka.com\/sk-sk\/wp-json\/wp\/v2\/product_type_of_installation?post=81530"},{"taxonomy":"product_edition","embeddable":true,"href":"https:\/\/www.teka.com\/sk-sk\/wp-json\/wp\/v2\/product_edition?post=81530"},{"taxonomy":"product_serie","embeddable":true,"href":"https:\/\/www.teka.com\/sk-sk\/wp-json\/wp\/v2\/product_serie?post=81530"},{"taxonomy":"product_features","embeddable":true,"href":"https:\/\/www.teka.com\/sk-sk\/wp-json\/wp\/v2\/product_features?post=81530"},{"taxonomy":"finishes","embeddable":true,"href":"https:\/\/www.teka.com\/sk-sk\/wp-json\/wp\/v2\/finishes?post=81530"},{"taxonomy":"product_bundles","embeddable":true,"href":"https:\/\/www.teka.com\/sk-sk\/wp-json\/wp\/v2\/product_bundles?post=81530"},{"taxonomy":"product_energy_efficiency","embeddable":true,"href":"https:\/\/www.teka.com\/sk-sk\/wp-json\/wp\/v2\/product_energy_efficiency?post=81530"},{"taxonomy":"product_video_training","embeddable":true,"href":"https:\/\/www.teka.com\/sk-sk\/wp-json\/wp\/v2\/product_video_training?post=81530"}],"curies":[{"name":"wp","href":"https:\/\/api.w.org\/{rel}","templated":true}]}}