{"id":81548,"date":"2026-04-07T19:06:47","date_gmt":"2026-04-07T19:06:47","guid":{"rendered":"https:\/\/teka.com\/en-int\/smart-ewh-100-ve-d_42080340"},"modified":"2026-03-14T04:45:15","modified_gmt":"2026-03-14T05:45:15","slug":"smart-ewh-100-ve-d_42080340","status":"publish","type":"product","link":"https:\/\/www.teka.com\/sk-sk\/product\/smart-ewh-100-ve-d_42080340\/","title":{"rendered":"SMART EWH 100 VE-D"},"content":{"rendered":"<ul>\n<li>Ohrieva\u010d vody 100 l<\/li>\n<li>Vertik\u00e1lna in\u0161tal\u00e1cia<\/li>\n<li>SMART CONTROL<\/li>\n<li>Objem: 100 litrov<\/li>\n<li>N\u00e1dr\u017e s povrchovou \u00fapravou zo zaf\u00edrov\u00e9ho smaltu<\/li>\n<li>LED indik\u00e1tor teploty<\/li>\n<\/ul>\n","protected":false},"featured_media":0,"parent":0,"template":"","product_cat":[7217],"product_cleaning_system":[],"product_3rd_basket":[],"product_drawers":[],"product_type_of_installation":[7152],"product_edition":[],"product_serie":[],"product_features":[],"finishes":[],"product_bundles":[],"product_energy_efficiency":[7270],"product_video_training":[],"class_list":["post-81548","product","type-product","status-publish","hentry","product_cat-ohrievace-vody","usp-waterheaters-01","usp-waterheaters-03","usp-waterheaters-04","usp-waterheaters-05","color-biela","product_icons-dry-heating-protection","product_icons-humidity-control","product_icons-overheating-protection","product_type_of_installation-vertical","product_energy_efficiency-b-ue-icon-new"],"acf":[],"yoast_head":"<!-- This site is optimized with the Yoast SEO plugin v27.2 - https:\/\/yoast.com\/product\/yoast-seo-wordpress\/ -->\n<title>SMART EWH 100 VE-D | Teka Slovensk\u00e1 republika<\/title>\n<meta name=\"robots\" content=\"index, follow, max-snippet:-1, max-image-preview:large, max-video-preview:-1\" \/>\n<link rel=\"canonical\" href=\"https:\/\/www.teka.com\/sk-sk\/product\/smart-ewh-100-ve-d_42080340\/\" \/>\n<meta property=\"og:locale\" content=\"sk_SK\" \/>\n<meta property=\"og:type\" content=\"article\" \/>\n<meta property=\"og:title\" content=\"SMART EWH 100 VE-D | Teka Slovensk\u00e1 republika\" \/>\n<meta property=\"og:description\" content=\"Ohrieva\u010d vody 100 l Vertik\u00e1lna in\u0161tal\u00e1cia SMART CONTROL Objem: 100 litrov N\u00e1dr\u017e s povrchovou \u00fapravou zo zaf\u00edrov\u00e9ho smaltu LED indik\u00e1tor teploty\" \/>\n<meta property=\"og:url\" content=\"https:\/\/www.teka.com\/sk-sk\/product\/smart-ewh-100-ve-d_42080340\/\" \/>\n<meta property=\"og:site_name\" content=\"Teka Slovensk\u00e1 republika\" \/>\n<meta name=\"twitter:card\" content=\"summary_large_image\" \/>\n<script type=\"application\/ld+json\" class=\"yoast-schema-graph\">{\"@context\":\"https:\/\/schema.org\",\"@graph\":[{\"@type\":\"WebPage\",\"@id\":\"https:\/\/www.teka.com\/sk-sk\/product\/smart-ewh-100-ve-d_42080340\/\",\"url\":\"https:\/\/www.teka.com\/sk-sk\/product\/smart-ewh-100-ve-d_42080340\/\",\"name\":\"SMART EWH 100 VE-D | Teka Slovensk\u00e1 republika\",\"isPartOf\":{\"@id\":\"https:\/\/www.teka.com\/sk-sk\/#website\"},\"datePublished\":\"2026-04-07T19:06:47+00:00\",\"inLanguage\":\"sk-SK\",\"potentialAction\":[{\"@type\":\"ReadAction\",\"target\":[\"https:\/\/www.teka.com\/sk-sk\/product\/smart-ewh-100-ve-d_42080340\/\"]}]},{\"@type\":\"WebSite\",\"@id\":\"https:\/\/www.teka.com\/sk-sk\/#website\",\"url\":\"https:\/\/www.teka.com\/sk-sk\/\",\"name\":\"Teka Slovensk\u00e1 republika\",\"description\":\"\",\"potentialAction\":[{\"@type\":\"SearchAction\",\"target\":{\"@type\":\"EntryPoint\",\"urlTemplate\":\"https:\/\/www.teka.com\/sk-sk\/?s={search_term_string}\"},\"query-input\":{\"@type\":\"PropertyValueSpecification\",\"valueRequired\":true,\"valueName\":\"search_term_string\"}}],\"inLanguage\":\"sk-SK\"}]}<\/script>\n<!-- \/ Yoast SEO plugin. -->","yoast_head_json":{"title":"SMART EWH 100 VE-D | Teka Slovensk\u00e1 republika","robots":{"index":"index","follow":"follow","max-snippet":"max-snippet:-1","max-image-preview":"max-image-preview:large","max-video-preview":"max-video-preview:-1"},"canonical":"https:\/\/www.teka.com\/sk-sk\/product\/smart-ewh-100-ve-d_42080340\/","og_locale":"sk_SK","og_type":"article","og_title":"SMART EWH 100 VE-D | Teka Slovensk\u00e1 republika","og_description":"Ohrieva\u010d vody 100 l Vertik\u00e1lna in\u0161tal\u00e1cia SMART CONTROL Objem: 100 litrov N\u00e1dr\u017e s povrchovou \u00fapravou zo zaf\u00edrov\u00e9ho smaltu LED indik\u00e1tor teploty","og_url":"https:\/\/www.teka.com\/sk-sk\/product\/smart-ewh-100-ve-d_42080340\/","og_site_name":"Teka Slovensk\u00e1 republika","twitter_card":"summary_large_image","schema":{"@context":"https:\/\/schema.org","@graph":[{"@type":"WebPage","@id":"https:\/\/www.teka.com\/sk-sk\/product\/smart-ewh-100-ve-d_42080340\/","url":"https:\/\/www.teka.com\/sk-sk\/product\/smart-ewh-100-ve-d_42080340\/","name":"SMART EWH 100 VE-D | Teka Slovensk\u00e1 republika","isPartOf":{"@id":"https:\/\/www.teka.com\/sk-sk\/#website"},"datePublished":"2026-04-07T19:06:47+00:00","inLanguage":"sk-SK","potentialAction":[{"@type":"ReadAction","target":["https:\/\/www.teka.com\/sk-sk\/product\/smart-ewh-100-ve-d_42080340\/"]}]},{"@type":"WebSite","@id":"https:\/\/www.teka.com\/sk-sk\/#website","url":"https:\/\/www.teka.com\/sk-sk\/","name":"Teka Slovensk\u00e1 republika","description":"","potentialAction":[{"@type":"SearchAction","target":{"@type":"EntryPoint","urlTemplate":"https:\/\/www.teka.com\/sk-sk\/?s={search_term_string}"},"query-input":{"@type":"PropertyValueSpecification","valueRequired":true,"valueName":"search_term_string"}}],"inLanguage":"sk-SK"}]}},"_links":{"self":[{"href":"https:\/\/www.teka.com\/sk-sk\/wp-json\/wp\/v2\/product\/81548","targetHints":{"allow":["GET"]}}],"collection":[{"href":"https:\/\/www.teka.com\/sk-sk\/wp-json\/wp\/v2\/product"}],"about":[{"href":"https:\/\/www.teka.com\/sk-sk\/wp-json\/wp\/v2\/types\/product"}],"wp:attachment":[{"href":"https:\/\/www.teka.com\/sk-sk\/wp-json\/wp\/v2\/media?parent=81548"}],"wp:term":[{"taxonomy":"product_cat","embeddable":true,"href":"https:\/\/www.teka.com\/sk-sk\/wp-json\/wp\/v2\/product_cat?post=81548"},{"taxonomy":"product_cleaning_system","embeddable":true,"href":"https:\/\/www.teka.com\/sk-sk\/wp-json\/wp\/v2\/product_cleaning_system?post=81548"},{"taxonomy":"product_3rd_basket","embeddable":true,"href":"https:\/\/www.teka.com\/sk-sk\/wp-json\/wp\/v2\/product_3rd_basket?post=81548"},{"taxonomy":"product_drawers","embeddable":true,"href":"https:\/\/www.teka.com\/sk-sk\/wp-json\/wp\/v2\/product_drawers?post=81548"},{"taxonomy":"product_type_of_installation","embeddable":true,"href":"https:\/\/www.teka.com\/sk-sk\/wp-json\/wp\/v2\/product_type_of_installation?post=81548"},{"taxonomy":"product_edition","embeddable":true,"href":"https:\/\/www.teka.com\/sk-sk\/wp-json\/wp\/v2\/product_edition?post=81548"},{"taxonomy":"product_serie","embeddable":true,"href":"https:\/\/www.teka.com\/sk-sk\/wp-json\/wp\/v2\/product_serie?post=81548"},{"taxonomy":"product_features","embeddable":true,"href":"https:\/\/www.teka.com\/sk-sk\/wp-json\/wp\/v2\/product_features?post=81548"},{"taxonomy":"finishes","embeddable":true,"href":"https:\/\/www.teka.com\/sk-sk\/wp-json\/wp\/v2\/finishes?post=81548"},{"taxonomy":"product_bundles","embeddable":true,"href":"https:\/\/www.teka.com\/sk-sk\/wp-json\/wp\/v2\/product_bundles?post=81548"},{"taxonomy":"product_energy_efficiency","embeddable":true,"href":"https:\/\/www.teka.com\/sk-sk\/wp-json\/wp\/v2\/product_energy_efficiency?post=81548"},{"taxonomy":"product_video_training","embeddable":true,"href":"https:\/\/www.teka.com\/sk-sk\/wp-json\/wp\/v2\/product_video_training?post=81548"}],"curies":[{"name":"wp","href":"https:\/\/api.w.org\/{rel}","templated":true}]}}