{"id":81588,"date":"2026-04-07T19:43:34","date_gmt":"2026-04-07T19:43:34","guid":{"rendered":"https:\/\/teka.com\/en-int\/hrb-6300-vnbs_111010012"},"modified":"2026-03-14T05:37:17","modified_gmt":"2026-03-14T06:37:17","slug":"hrb-6300-vnbs_111010012","status":"publish","type":"product","link":"https:\/\/www.teka.com\/sk-sk\/product\/hrb-6300-vnbs_111010012\/","title":{"rendered":"HRB 6300 VNBS"},"content":{"rendered":"<ul>\n<li>Multifunk\u010dn\u00e1 r\u00fara s technol\u00f3giou SurroundTemp<\/li>\n<li>9 funkci\u00ed pe\u010denia<\/li>\n<li>Syst\u00e9m \u010distenia HydroClean\u00ae PRO<\/li>\n<li>Objem: 70 l<\/li>\n<li>Rustik\u00e1lne prvky vo farbe &quot;star\u00e1 mosadz&quot;<\/li>\n<\/ul>\n","protected":false},"featured_media":0,"parent":0,"template":"","product_cat":[2373],"product_cleaning_system":[3092],"product_3rd_basket":[],"product_drawers":[],"product_type_of_installation":[8099],"product_edition":[7191],"product_serie":[],"product_features":[],"finishes":[],"product_bundles":[],"product_energy_efficiency":[7792],"product_video_training":[7859,7863,7869,7883],"class_list":["post-81588","product","type-product","status-publish","hentry","product_cat-vstavane-rury","usp-ovens-04","usp-ovens-11","usp-cookinglovers-01","usp-renewableenergy-01","color-vanilla-medena","product_type_of_appliance-multifunkcne-rury","product_ambient-countrystyle-01","product_ambient-countrystyle-02","product_icons-70l","product_icons-plus-extension-telescopic-guide","product_icons-hydroclean","product_icons-surroundtemp","product_cleaning_system-hydroclean","product_type_of_installation-vstavane","product_edition-vanilla","product_energy_efficiency-a-icon","product_video_training-trainingovens-01","product_video_training-trainingovens-02","product_video_training-trainingovens-05","product_video_training-trainingovens-12"],"acf":[],"yoast_head":"<!-- This site is optimized with the Yoast SEO plugin v27.2 - https:\/\/yoast.com\/product\/yoast-seo-wordpress\/ -->\n<title>HRB 6300 VN multifunk\u010dn\u00e1 60 cm r\u00fara | Teka<\/title>\n<meta name=\"robots\" content=\"index, follow, max-snippet:-1, max-image-preview:large, max-video-preview:-1\" \/>\n<link rel=\"canonical\" href=\"https:\/\/www.teka.com\/sk-sk\/product\/hrb-6300-vnbs_111010012\/\" \/>\n<meta property=\"og:locale\" content=\"sk_SK\" \/>\n<meta property=\"og:type\" content=\"article\" \/>\n<meta property=\"og:title\" content=\"HRB 6300 VN multifunk\u010dn\u00e1 60 cm r\u00fara | Teka\" \/>\n<meta property=\"og:description\" content=\"Multifunk\u010dn\u00e1 r\u00fara s technol\u00f3giou SurroundTemp 9 funkci\u00ed pe\u010denia Syst\u00e9m \u010distenia HydroClean\u00ae PRO Objem: 70 l Rustik\u00e1lne prvky vo farbe &quot;star\u00e1 mosadz&quot;\" \/>\n<meta property=\"og:url\" content=\"https:\/\/www.teka.com\/sk-sk\/product\/hrb-6300-vnbs_111010012\/\" \/>\n<meta property=\"og:site_name\" content=\"Teka Slovensk\u00e1 republika\" \/>\n<meta name=\"twitter:card\" content=\"summary_large_image\" \/>\n<script type=\"application\/ld+json\" class=\"yoast-schema-graph\">{\"@context\":\"https:\/\/schema.org\",\"@graph\":[{\"@type\":\"WebPage\",\"@id\":\"https:\/\/www.teka.com\/sk-sk\/product\/hrb-6300-vnbs_111010012\/\",\"url\":\"https:\/\/www.teka.com\/sk-sk\/product\/hrb-6300-vnbs_111010012\/\",\"name\":\"HRB 6300 VN multifunk\u010dn\u00e1 60 cm r\u00fara | Teka\",\"isPartOf\":{\"@id\":\"https:\/\/www.teka.com\/sk-sk\/#website\"},\"datePublished\":\"2026-04-07T19:43:34+00:00\",\"inLanguage\":\"sk-SK\",\"potentialAction\":[{\"@type\":\"ReadAction\",\"target\":[\"https:\/\/www.teka.com\/sk-sk\/product\/hrb-6300-vnbs_111010012\/\"]}]},{\"@type\":\"WebSite\",\"@id\":\"https:\/\/www.teka.com\/sk-sk\/#website\",\"url\":\"https:\/\/www.teka.com\/sk-sk\/\",\"name\":\"Teka Slovensk\u00e1 republika\",\"description\":\"\",\"potentialAction\":[{\"@type\":\"SearchAction\",\"target\":{\"@type\":\"EntryPoint\",\"urlTemplate\":\"https:\/\/www.teka.com\/sk-sk\/?s={search_term_string}\"},\"query-input\":{\"@type\":\"PropertyValueSpecification\",\"valueRequired\":true,\"valueName\":\"search_term_string\"}}],\"inLanguage\":\"sk-SK\"}]}<\/script>\n<!-- \/ Yoast SEO plugin. -->","yoast_head_json":{"title":"HRB 6300 VN multifunk\u010dn\u00e1 60 cm r\u00fara | Teka","robots":{"index":"index","follow":"follow","max-snippet":"max-snippet:-1","max-image-preview":"max-image-preview:large","max-video-preview":"max-video-preview:-1"},"canonical":"https:\/\/www.teka.com\/sk-sk\/product\/hrb-6300-vnbs_111010012\/","og_locale":"sk_SK","og_type":"article","og_title":"HRB 6300 VN multifunk\u010dn\u00e1 60 cm r\u00fara | Teka","og_description":"Multifunk\u010dn\u00e1 r\u00fara s technol\u00f3giou SurroundTemp 9 funkci\u00ed pe\u010denia Syst\u00e9m \u010distenia HydroClean\u00ae PRO Objem: 70 l Rustik\u00e1lne prvky vo farbe &quot;star\u00e1 mosadz&quot;","og_url":"https:\/\/www.teka.com\/sk-sk\/product\/hrb-6300-vnbs_111010012\/","og_site_name":"Teka Slovensk\u00e1 republika","twitter_card":"summary_large_image","schema":{"@context":"https:\/\/schema.org","@graph":[{"@type":"WebPage","@id":"https:\/\/www.teka.com\/sk-sk\/product\/hrb-6300-vnbs_111010012\/","url":"https:\/\/www.teka.com\/sk-sk\/product\/hrb-6300-vnbs_111010012\/","name":"HRB 6300 VN multifunk\u010dn\u00e1 60 cm r\u00fara | Teka","isPartOf":{"@id":"https:\/\/www.teka.com\/sk-sk\/#website"},"datePublished":"2026-04-07T19:43:34+00:00","inLanguage":"sk-SK","potentialAction":[{"@type":"ReadAction","target":["https:\/\/www.teka.com\/sk-sk\/product\/hrb-6300-vnbs_111010012\/"]}]},{"@type":"WebSite","@id":"https:\/\/www.teka.com\/sk-sk\/#website","url":"https:\/\/www.teka.com\/sk-sk\/","name":"Teka Slovensk\u00e1 republika","description":"","potentialAction":[{"@type":"SearchAction","target":{"@type":"EntryPoint","urlTemplate":"https:\/\/www.teka.com\/sk-sk\/?s={search_term_string}"},"query-input":{"@type":"PropertyValueSpecification","valueRequired":true,"valueName":"search_term_string"}}],"inLanguage":"sk-SK"}]}},"_links":{"self":[{"href":"https:\/\/www.teka.com\/sk-sk\/wp-json\/wp\/v2\/product\/81588","targetHints":{"allow":["GET"]}}],"collection":[{"href":"https:\/\/www.teka.com\/sk-sk\/wp-json\/wp\/v2\/product"}],"about":[{"href":"https:\/\/www.teka.com\/sk-sk\/wp-json\/wp\/v2\/types\/product"}],"wp:attachment":[{"href":"https:\/\/www.teka.com\/sk-sk\/wp-json\/wp\/v2\/media?parent=81588"}],"wp:term":[{"taxonomy":"product_cat","embeddable":true,"href":"https:\/\/www.teka.com\/sk-sk\/wp-json\/wp\/v2\/product_cat?post=81588"},{"taxonomy":"product_cleaning_system","embeddable":true,"href":"https:\/\/www.teka.com\/sk-sk\/wp-json\/wp\/v2\/product_cleaning_system?post=81588"},{"taxonomy":"product_3rd_basket","embeddable":true,"href":"https:\/\/www.teka.com\/sk-sk\/wp-json\/wp\/v2\/product_3rd_basket?post=81588"},{"taxonomy":"product_drawers","embeddable":true,"href":"https:\/\/www.teka.com\/sk-sk\/wp-json\/wp\/v2\/product_drawers?post=81588"},{"taxonomy":"product_type_of_installation","embeddable":true,"href":"https:\/\/www.teka.com\/sk-sk\/wp-json\/wp\/v2\/product_type_of_installation?post=81588"},{"taxonomy":"product_edition","embeddable":true,"href":"https:\/\/www.teka.com\/sk-sk\/wp-json\/wp\/v2\/product_edition?post=81588"},{"taxonomy":"product_serie","embeddable":true,"href":"https:\/\/www.teka.com\/sk-sk\/wp-json\/wp\/v2\/product_serie?post=81588"},{"taxonomy":"product_features","embeddable":true,"href":"https:\/\/www.teka.com\/sk-sk\/wp-json\/wp\/v2\/product_features?post=81588"},{"taxonomy":"finishes","embeddable":true,"href":"https:\/\/www.teka.com\/sk-sk\/wp-json\/wp\/v2\/finishes?post=81588"},{"taxonomy":"product_bundles","embeddable":true,"href":"https:\/\/www.teka.com\/sk-sk\/wp-json\/wp\/v2\/product_bundles?post=81588"},{"taxonomy":"product_energy_efficiency","embeddable":true,"href":"https:\/\/www.teka.com\/sk-sk\/wp-json\/wp\/v2\/product_energy_efficiency?post=81588"},{"taxonomy":"product_video_training","embeddable":true,"href":"https:\/\/www.teka.com\/sk-sk\/wp-json\/wp\/v2\/product_video_training?post=81588"}],"curies":[{"name":"wp","href":"https:\/\/api.w.org\/{rel}","templated":true}]}}