{"id":81603,"date":"2026-04-07T19:50:15","date_gmt":"2026-04-07T19:50:15","guid":{"rendered":"https:\/\/teka.com\/en-int\/flexlinea-rs15-4040-x_115000014"},"modified":"2026-03-14T05:43:56","modified_gmt":"2026-03-14T06:43:56","slug":"flexlinea-rs15-4040-x_115000014","status":"publish","type":"product","link":"https:\/\/www.teka.com\/sk-sk\/product\/flexlinea-rs15-4040-x_115000014\/","title":{"rendered":"FLEXLINEA RS15 40.40 X"},"content":{"rendered":"<ul>\n<li>Dekorat\u00edvny kryt odtoku SilentSmart, o 50 % menej hluku<\/li>\n<li>Jednoduch\u00e9 \u010distenie v rohoch<\/li>\n<li>Odtokov\u00e1 s\u00faprava s 3 1\/2&quot; sitkom<\/li>\n<\/ul>\n","protected":false},"featured_media":0,"parent":0,"template":"","product_cat":[2319],"product_cleaning_system":[],"product_3rd_basket":[],"product_drawers":[],"product_type_of_installation":[8107,8108,8109],"product_edition":[],"product_serie":[],"product_features":[],"finishes":[],"product_bundles":[],"product_energy_efficiency":[],"product_video_training":[],"class_list":["post-81603","product","type-product","status-publish","hentry","product_cat-drezy","usp-sinks-02","usp-sinks-04","usp-sinks-05","usp-sinks-06","usp-sinks-installation-01","usp-flexlinea-01","color-nerezova-ocel","product_type_of_appliance-nerezove","product_icons-200mm","product_icons-hygiene","product_icons-lifetime-warrantysilentsmart","product_icons-r15","product_type_of_installation-spodna-montaz","product_type_of_installation-zapusteny","product_type_of_installation-horna-montaz"],"acf":[],"yoast_head":"<!-- This site is optimized with the Yoast SEO plugin v27.2 - https:\/\/yoast.com\/product\/yoast-seo-wordpress\/ -->\n<title>FLEXLINEA RS15 40.40 X | Teka Slovensk\u00e1 republika<\/title>\n<meta name=\"robots\" content=\"index, follow, max-snippet:-1, max-image-preview:large, max-video-preview:-1\" \/>\n<link rel=\"canonical\" href=\"https:\/\/www.teka.com\/sk-sk\/product\/flexlinea-rs15-4040-x_115000014\/\" \/>\n<meta property=\"og:locale\" content=\"sk_SK\" \/>\n<meta property=\"og:type\" content=\"article\" \/>\n<meta property=\"og:title\" content=\"FLEXLINEA RS15 40.40 X | Teka Slovensk\u00e1 republika\" \/>\n<meta property=\"og:description\" content=\"Dekorat\u00edvny kryt odtoku SilentSmart, o 50 % menej hluku Jednoduch\u00e9 \u010distenie v rohoch Odtokov\u00e1 s\u00faprava s 3 1\/2&quot; sitkom\" \/>\n<meta property=\"og:url\" content=\"https:\/\/www.teka.com\/sk-sk\/product\/flexlinea-rs15-4040-x_115000014\/\" \/>\n<meta property=\"og:site_name\" content=\"Teka Slovensk\u00e1 republika\" \/>\n<meta name=\"twitter:card\" content=\"summary_large_image\" \/>\n<script type=\"application\/ld+json\" class=\"yoast-schema-graph\">{\"@context\":\"https:\/\/schema.org\",\"@graph\":[{\"@type\":\"WebPage\",\"@id\":\"https:\/\/www.teka.com\/sk-sk\/product\/flexlinea-rs15-4040-x_115000014\/\",\"url\":\"https:\/\/www.teka.com\/sk-sk\/product\/flexlinea-rs15-4040-x_115000014\/\",\"name\":\"FLEXLINEA RS15 40.40 X | Teka Slovensk\u00e1 republika\",\"isPartOf\":{\"@id\":\"https:\/\/www.teka.com\/sk-sk\/#website\"},\"datePublished\":\"2026-04-07T19:50:15+00:00\",\"inLanguage\":\"sk-SK\",\"potentialAction\":[{\"@type\":\"ReadAction\",\"target\":[\"https:\/\/www.teka.com\/sk-sk\/product\/flexlinea-rs15-4040-x_115000014\/\"]}]},{\"@type\":\"WebSite\",\"@id\":\"https:\/\/www.teka.com\/sk-sk\/#website\",\"url\":\"https:\/\/www.teka.com\/sk-sk\/\",\"name\":\"Teka Slovensk\u00e1 republika\",\"description\":\"\",\"potentialAction\":[{\"@type\":\"SearchAction\",\"target\":{\"@type\":\"EntryPoint\",\"urlTemplate\":\"https:\/\/www.teka.com\/sk-sk\/?s={search_term_string}\"},\"query-input\":{\"@type\":\"PropertyValueSpecification\",\"valueRequired\":true,\"valueName\":\"search_term_string\"}}],\"inLanguage\":\"sk-SK\"}]}<\/script>\n<!-- \/ Yoast SEO plugin. -->","yoast_head_json":{"title":"FLEXLINEA RS15 40.40 X | Teka Slovensk\u00e1 republika","robots":{"index":"index","follow":"follow","max-snippet":"max-snippet:-1","max-image-preview":"max-image-preview:large","max-video-preview":"max-video-preview:-1"},"canonical":"https:\/\/www.teka.com\/sk-sk\/product\/flexlinea-rs15-4040-x_115000014\/","og_locale":"sk_SK","og_type":"article","og_title":"FLEXLINEA RS15 40.40 X | Teka Slovensk\u00e1 republika","og_description":"Dekorat\u00edvny kryt odtoku SilentSmart, o 50 % menej hluku Jednoduch\u00e9 \u010distenie v rohoch Odtokov\u00e1 s\u00faprava s 3 1\/2&quot; sitkom","og_url":"https:\/\/www.teka.com\/sk-sk\/product\/flexlinea-rs15-4040-x_115000014\/","og_site_name":"Teka Slovensk\u00e1 republika","twitter_card":"summary_large_image","schema":{"@context":"https:\/\/schema.org","@graph":[{"@type":"WebPage","@id":"https:\/\/www.teka.com\/sk-sk\/product\/flexlinea-rs15-4040-x_115000014\/","url":"https:\/\/www.teka.com\/sk-sk\/product\/flexlinea-rs15-4040-x_115000014\/","name":"FLEXLINEA RS15 40.40 X | Teka Slovensk\u00e1 republika","isPartOf":{"@id":"https:\/\/www.teka.com\/sk-sk\/#website"},"datePublished":"2026-04-07T19:50:15+00:00","inLanguage":"sk-SK","potentialAction":[{"@type":"ReadAction","target":["https:\/\/www.teka.com\/sk-sk\/product\/flexlinea-rs15-4040-x_115000014\/"]}]},{"@type":"WebSite","@id":"https:\/\/www.teka.com\/sk-sk\/#website","url":"https:\/\/www.teka.com\/sk-sk\/","name":"Teka Slovensk\u00e1 republika","description":"","potentialAction":[{"@type":"SearchAction","target":{"@type":"EntryPoint","urlTemplate":"https:\/\/www.teka.com\/sk-sk\/?s={search_term_string}"},"query-input":{"@type":"PropertyValueSpecification","valueRequired":true,"valueName":"search_term_string"}}],"inLanguage":"sk-SK"}]}},"_links":{"self":[{"href":"https:\/\/www.teka.com\/sk-sk\/wp-json\/wp\/v2\/product\/81603","targetHints":{"allow":["GET"]}}],"collection":[{"href":"https:\/\/www.teka.com\/sk-sk\/wp-json\/wp\/v2\/product"}],"about":[{"href":"https:\/\/www.teka.com\/sk-sk\/wp-json\/wp\/v2\/types\/product"}],"wp:attachment":[{"href":"https:\/\/www.teka.com\/sk-sk\/wp-json\/wp\/v2\/media?parent=81603"}],"wp:term":[{"taxonomy":"product_cat","embeddable":true,"href":"https:\/\/www.teka.com\/sk-sk\/wp-json\/wp\/v2\/product_cat?post=81603"},{"taxonomy":"product_cleaning_system","embeddable":true,"href":"https:\/\/www.teka.com\/sk-sk\/wp-json\/wp\/v2\/product_cleaning_system?post=81603"},{"taxonomy":"product_3rd_basket","embeddable":true,"href":"https:\/\/www.teka.com\/sk-sk\/wp-json\/wp\/v2\/product_3rd_basket?post=81603"},{"taxonomy":"product_drawers","embeddable":true,"href":"https:\/\/www.teka.com\/sk-sk\/wp-json\/wp\/v2\/product_drawers?post=81603"},{"taxonomy":"product_type_of_installation","embeddable":true,"href":"https:\/\/www.teka.com\/sk-sk\/wp-json\/wp\/v2\/product_type_of_installation?post=81603"},{"taxonomy":"product_edition","embeddable":true,"href":"https:\/\/www.teka.com\/sk-sk\/wp-json\/wp\/v2\/product_edition?post=81603"},{"taxonomy":"product_serie","embeddable":true,"href":"https:\/\/www.teka.com\/sk-sk\/wp-json\/wp\/v2\/product_serie?post=81603"},{"taxonomy":"product_features","embeddable":true,"href":"https:\/\/www.teka.com\/sk-sk\/wp-json\/wp\/v2\/product_features?post=81603"},{"taxonomy":"finishes","embeddable":true,"href":"https:\/\/www.teka.com\/sk-sk\/wp-json\/wp\/v2\/finishes?post=81603"},{"taxonomy":"product_bundles","embeddable":true,"href":"https:\/\/www.teka.com\/sk-sk\/wp-json\/wp\/v2\/product_bundles?post=81603"},{"taxonomy":"product_energy_efficiency","embeddable":true,"href":"https:\/\/www.teka.com\/sk-sk\/wp-json\/wp\/v2\/product_energy_efficiency?post=81603"},{"taxonomy":"product_video_training","embeddable":true,"href":"https:\/\/www.teka.com\/sk-sk\/wp-json\/wp\/v2\/product_video_training?post=81603"}],"curies":[{"name":"wp","href":"https:\/\/api.w.org\/{rel}","templated":true}]}}