{"id":81609,"date":"2026-04-07T19:51:36","date_gmt":"2026-04-07T19:51:36","guid":{"rendered":"https:\/\/teka.com\/en-int\/rbf-78720-bk-eu_113400000"},"modified":"2026-03-14T05:45:09","modified_gmt":"2026-03-14T06:45:09","slug":"rbf-78720-bk-eu_113400000","status":"publish","type":"product","link":"https:\/\/www.teka.com\/sk-sk\/product\/rbf-78720-bk-eu_113400000\/","title":{"rendered":"RBF 78720 BK EU"},"content":{"rendered":"<ul>\n<li>Ed\u00edcia Urban Colors<\/li>\n<li>Vo\u013ene stojaca chladni\u010dka s mrazni\u010dkou<\/li>\n<li>V\u00fd\u0161ka 192 cm<\/li>\n<li>Energetick\u00e1 trieda E<\/li>\n<li>Technol\u00f3gia IonClean na neutraliz\u00e1ciu bakt\u00e9ri\u00ed a z\u00e1pachu<\/li>\n<li>Syst\u00e9m LongLife No Frost s dvoma nez\u00e1visl\u00fdmi okruhmi<\/li>\n<\/ul>\n","protected":false},"featured_media":0,"parent":0,"template":"","product_cat":[2403],"product_cleaning_system":[],"product_3rd_basket":[],"product_drawers":[7148,7149],"product_type_of_installation":[8100],"product_edition":[7180],"product_serie":[7169],"product_features":[],"finishes":[],"product_bundles":[],"product_energy_efficiency":[],"product_video_training":[],"class_list":["post-81609","product","type-product","status-publish","hentry","product_cat-chladnicky","usp-coldline-01","usp-coldline-04","usp-coldline-07","color-cierne-sklo","product_type_of_appliance-chladnicky","product_ambient-fbk-01","product_icons-on-holidays-function","product_icons-eco-function","product_icons-70cm-width","product_icons-ionclean-technology","product_icons-led","product_icons-longlife-no-frost","product_icons-vitacare-box","product_icons-zero-box","product_drawers-vitacare-box","product_drawers-zero-box","product_type_of_installation-volne-stojace","product_edition-night-river-black","product_serie-crystaldoor-coldline"],"acf":[],"yoast_head":"<!-- This site is optimized with the Yoast SEO plugin v27.2 - https:\/\/yoast.com\/product\/yoast-seo-wordpress\/ -->\n<title>RBF 78720 BK EU | Teka Slovensk\u00e1 republika<\/title>\n<meta name=\"robots\" content=\"index, follow, max-snippet:-1, max-image-preview:large, max-video-preview:-1\" \/>\n<link rel=\"canonical\" href=\"https:\/\/www.teka.com\/sk-sk\/product\/rbf-78720-bk-eu_113400000\/\" \/>\n<meta property=\"og:locale\" content=\"sk_SK\" \/>\n<meta property=\"og:type\" content=\"article\" \/>\n<meta property=\"og:title\" content=\"RBF 78720 BK EU | Teka Slovensk\u00e1 republika\" \/>\n<meta property=\"og:description\" content=\"Ed\u00edcia Urban Colors Vo\u013ene stojaca chladni\u010dka s mrazni\u010dkou V\u00fd\u0161ka 192 cm Energetick\u00e1 trieda E Technol\u00f3gia IonClean na neutraliz\u00e1ciu bakt\u00e9ri\u00ed a z\u00e1pachu Syst\u00e9m LongLife No Frost s dvoma nez\u00e1visl\u00fdmi okruhmi\" \/>\n<meta property=\"og:url\" content=\"https:\/\/www.teka.com\/sk-sk\/product\/rbf-78720-bk-eu_113400000\/\" \/>\n<meta property=\"og:site_name\" content=\"Teka Slovensk\u00e1 republika\" \/>\n<meta name=\"twitter:card\" content=\"summary_large_image\" \/>\n<script type=\"application\/ld+json\" class=\"yoast-schema-graph\">{\"@context\":\"https:\/\/schema.org\",\"@graph\":[{\"@type\":\"WebPage\",\"@id\":\"https:\/\/www.teka.com\/sk-sk\/product\/rbf-78720-bk-eu_113400000\/\",\"url\":\"https:\/\/www.teka.com\/sk-sk\/product\/rbf-78720-bk-eu_113400000\/\",\"name\":\"RBF 78720 BK EU | Teka Slovensk\u00e1 republika\",\"isPartOf\":{\"@id\":\"https:\/\/www.teka.com\/sk-sk\/#website\"},\"datePublished\":\"2026-04-07T19:51:36+00:00\",\"inLanguage\":\"sk-SK\",\"potentialAction\":[{\"@type\":\"ReadAction\",\"target\":[\"https:\/\/www.teka.com\/sk-sk\/product\/rbf-78720-bk-eu_113400000\/\"]}]},{\"@type\":\"WebSite\",\"@id\":\"https:\/\/www.teka.com\/sk-sk\/#website\",\"url\":\"https:\/\/www.teka.com\/sk-sk\/\",\"name\":\"Teka Slovensk\u00e1 republika\",\"description\":\"\",\"potentialAction\":[{\"@type\":\"SearchAction\",\"target\":{\"@type\":\"EntryPoint\",\"urlTemplate\":\"https:\/\/www.teka.com\/sk-sk\/?s={search_term_string}\"},\"query-input\":{\"@type\":\"PropertyValueSpecification\",\"valueRequired\":true,\"valueName\":\"search_term_string\"}}],\"inLanguage\":\"sk-SK\"}]}<\/script>\n<!-- \/ Yoast SEO plugin. -->","yoast_head_json":{"title":"RBF 78720 BK EU | Teka Slovensk\u00e1 republika","robots":{"index":"index","follow":"follow","max-snippet":"max-snippet:-1","max-image-preview":"max-image-preview:large","max-video-preview":"max-video-preview:-1"},"canonical":"https:\/\/www.teka.com\/sk-sk\/product\/rbf-78720-bk-eu_113400000\/","og_locale":"sk_SK","og_type":"article","og_title":"RBF 78720 BK EU | Teka Slovensk\u00e1 republika","og_description":"Ed\u00edcia Urban Colors Vo\u013ene stojaca chladni\u010dka s mrazni\u010dkou V\u00fd\u0161ka 192 cm Energetick\u00e1 trieda E Technol\u00f3gia IonClean na neutraliz\u00e1ciu bakt\u00e9ri\u00ed a z\u00e1pachu Syst\u00e9m LongLife No Frost s dvoma nez\u00e1visl\u00fdmi okruhmi","og_url":"https:\/\/www.teka.com\/sk-sk\/product\/rbf-78720-bk-eu_113400000\/","og_site_name":"Teka Slovensk\u00e1 republika","twitter_card":"summary_large_image","schema":{"@context":"https:\/\/schema.org","@graph":[{"@type":"WebPage","@id":"https:\/\/www.teka.com\/sk-sk\/product\/rbf-78720-bk-eu_113400000\/","url":"https:\/\/www.teka.com\/sk-sk\/product\/rbf-78720-bk-eu_113400000\/","name":"RBF 78720 BK EU | Teka Slovensk\u00e1 republika","isPartOf":{"@id":"https:\/\/www.teka.com\/sk-sk\/#website"},"datePublished":"2026-04-07T19:51:36+00:00","inLanguage":"sk-SK","potentialAction":[{"@type":"ReadAction","target":["https:\/\/www.teka.com\/sk-sk\/product\/rbf-78720-bk-eu_113400000\/"]}]},{"@type":"WebSite","@id":"https:\/\/www.teka.com\/sk-sk\/#website","url":"https:\/\/www.teka.com\/sk-sk\/","name":"Teka Slovensk\u00e1 republika","description":"","potentialAction":[{"@type":"SearchAction","target":{"@type":"EntryPoint","urlTemplate":"https:\/\/www.teka.com\/sk-sk\/?s={search_term_string}"},"query-input":{"@type":"PropertyValueSpecification","valueRequired":true,"valueName":"search_term_string"}}],"inLanguage":"sk-SK"}]}},"_links":{"self":[{"href":"https:\/\/www.teka.com\/sk-sk\/wp-json\/wp\/v2\/product\/81609","targetHints":{"allow":["GET"]}}],"collection":[{"href":"https:\/\/www.teka.com\/sk-sk\/wp-json\/wp\/v2\/product"}],"about":[{"href":"https:\/\/www.teka.com\/sk-sk\/wp-json\/wp\/v2\/types\/product"}],"wp:attachment":[{"href":"https:\/\/www.teka.com\/sk-sk\/wp-json\/wp\/v2\/media?parent=81609"}],"wp:term":[{"taxonomy":"product_cat","embeddable":true,"href":"https:\/\/www.teka.com\/sk-sk\/wp-json\/wp\/v2\/product_cat?post=81609"},{"taxonomy":"product_cleaning_system","embeddable":true,"href":"https:\/\/www.teka.com\/sk-sk\/wp-json\/wp\/v2\/product_cleaning_system?post=81609"},{"taxonomy":"product_3rd_basket","embeddable":true,"href":"https:\/\/www.teka.com\/sk-sk\/wp-json\/wp\/v2\/product_3rd_basket?post=81609"},{"taxonomy":"product_drawers","embeddable":true,"href":"https:\/\/www.teka.com\/sk-sk\/wp-json\/wp\/v2\/product_drawers?post=81609"},{"taxonomy":"product_type_of_installation","embeddable":true,"href":"https:\/\/www.teka.com\/sk-sk\/wp-json\/wp\/v2\/product_type_of_installation?post=81609"},{"taxonomy":"product_edition","embeddable":true,"href":"https:\/\/www.teka.com\/sk-sk\/wp-json\/wp\/v2\/product_edition?post=81609"},{"taxonomy":"product_serie","embeddable":true,"href":"https:\/\/www.teka.com\/sk-sk\/wp-json\/wp\/v2\/product_serie?post=81609"},{"taxonomy":"product_features","embeddable":true,"href":"https:\/\/www.teka.com\/sk-sk\/wp-json\/wp\/v2\/product_features?post=81609"},{"taxonomy":"finishes","embeddable":true,"href":"https:\/\/www.teka.com\/sk-sk\/wp-json\/wp\/v2\/finishes?post=81609"},{"taxonomy":"product_bundles","embeddable":true,"href":"https:\/\/www.teka.com\/sk-sk\/wp-json\/wp\/v2\/product_bundles?post=81609"},{"taxonomy":"product_energy_efficiency","embeddable":true,"href":"https:\/\/www.teka.com\/sk-sk\/wp-json\/wp\/v2\/product_energy_efficiency?post=81609"},{"taxonomy":"product_video_training","embeddable":true,"href":"https:\/\/www.teka.com\/sk-sk\/wp-json\/wp\/v2\/product_video_training?post=81609"}],"curies":[{"name":"wp","href":"https:\/\/api.w.org\/{rel}","templated":true}]}}