{"id":81666,"date":"2026-04-07T20:10:46","date_gmt":"2026-04-07T20:10:46","guid":{"rendered":"https:\/\/teka.com\/en-int\/icc-915_116030006"},"modified":"2026-03-14T06:35:57","modified_gmt":"2026-03-14T07:35:57","slug":"icc-915_116030006","status":"publish","type":"product","link":"https:\/\/www.teka.com\/sk-sk\/product\/icc-915_116030006\/","title":{"rendered":"ICC 915"},"content":{"rendered":"<ul>\n<li>Metalick\u00e1 ed\u00edcia<\/li>\n<li>Povrchov\u00e1 \u00faprava PVD v medenom preveden\u00ed<\/li>\n<li>Vysok\u00e9 ramienko<\/li>\n<li>Kartu\u0161a s keramick\u00fdmi diskami s vysokou odolnos\u0165ou<\/li>\n<li>Perl\u00e1tor s \u00fapravou proti usadzovaniu vodn\u00e9ho kame\u0148a<\/li>\n<li>Flexi kovov\u00e9 pripojovacie hadi\u010dky so z\u00e1vitom 3\/8\u201d &#8211; 1\/2&#8220;<\/li>\n<\/ul>\n","protected":false},"featured_media":0,"parent":0,"template":"","product_cat":[2337],"product_cleaning_system":[],"product_3rd_basket":[],"product_drawers":[],"product_type_of_installation":[8100],"product_edition":[7241],"product_serie":[],"product_features":[],"finishes":[],"product_bundles":[],"product_energy_efficiency":[],"product_video_training":[],"class_list":["post-81666","product","type-product","status-publish","hentry","product_cat-kuchynske-baterie","color-mosadz","product_type_of_appliance-vysoke-ramienko","product_ambient-ambient-14","product_icons-fingerprint-proof","product_icons-anti-scale_aerator","product_icons-swivel_spout","product_icons-pvd","product_type_of_installation-volne-stojace","product_edition-brass"],"acf":[],"yoast_head":"<!-- This site is optimized with the Yoast SEO plugin v27.2 - https:\/\/yoast.com\/product\/yoast-seo-wordpress\/ -->\n<title>ICC 915 | Teka Slovensk\u00e1 republika<\/title>\n<meta name=\"robots\" content=\"index, follow, max-snippet:-1, max-image-preview:large, max-video-preview:-1\" \/>\n<link rel=\"canonical\" href=\"https:\/\/www.teka.com\/sk-sk\/product\/icc-915_116030006\/\" \/>\n<meta property=\"og:locale\" content=\"sk_SK\" \/>\n<meta property=\"og:type\" content=\"article\" \/>\n<meta property=\"og:title\" content=\"ICC 915 | Teka Slovensk\u00e1 republika\" \/>\n<meta property=\"og:description\" content=\"Metalick\u00e1 ed\u00edcia Povrchov\u00e1 \u00faprava PVD v medenom preveden\u00ed Vysok\u00e9 ramienko Kartu\u0161a s keramick\u00fdmi diskami s vysokou odolnos\u0165ou Perl\u00e1tor s \u00fapravou proti usadzovaniu vodn\u00e9ho kame\u0148a Flexi kovov\u00e9 pripojovacie hadi\u010dky so z\u00e1vitom 3\/8\u201d &#8211; 1\/2&#8220;\" \/>\n<meta property=\"og:url\" content=\"https:\/\/www.teka.com\/sk-sk\/product\/icc-915_116030006\/\" \/>\n<meta property=\"og:site_name\" content=\"Teka Slovensk\u00e1 republika\" \/>\n<meta name=\"twitter:card\" content=\"summary_large_image\" \/>\n<script type=\"application\/ld+json\" class=\"yoast-schema-graph\">{\"@context\":\"https:\/\/schema.org\",\"@graph\":[{\"@type\":\"WebPage\",\"@id\":\"https:\/\/www.teka.com\/sk-sk\/product\/icc-915_116030006\/\",\"url\":\"https:\/\/www.teka.com\/sk-sk\/product\/icc-915_116030006\/\",\"name\":\"ICC 915 | Teka Slovensk\u00e1 republika\",\"isPartOf\":{\"@id\":\"https:\/\/www.teka.com\/sk-sk\/#website\"},\"datePublished\":\"2026-04-07T20:10:46+00:00\",\"inLanguage\":\"sk-SK\",\"potentialAction\":[{\"@type\":\"ReadAction\",\"target\":[\"https:\/\/www.teka.com\/sk-sk\/product\/icc-915_116030006\/\"]}]},{\"@type\":\"WebSite\",\"@id\":\"https:\/\/www.teka.com\/sk-sk\/#website\",\"url\":\"https:\/\/www.teka.com\/sk-sk\/\",\"name\":\"Teka Slovensk\u00e1 republika\",\"description\":\"\",\"potentialAction\":[{\"@type\":\"SearchAction\",\"target\":{\"@type\":\"EntryPoint\",\"urlTemplate\":\"https:\/\/www.teka.com\/sk-sk\/?s={search_term_string}\"},\"query-input\":{\"@type\":\"PropertyValueSpecification\",\"valueRequired\":true,\"valueName\":\"search_term_string\"}}],\"inLanguage\":\"sk-SK\"}]}<\/script>\n<!-- \/ Yoast SEO plugin. -->","yoast_head_json":{"title":"ICC 915 | Teka Slovensk\u00e1 republika","robots":{"index":"index","follow":"follow","max-snippet":"max-snippet:-1","max-image-preview":"max-image-preview:large","max-video-preview":"max-video-preview:-1"},"canonical":"https:\/\/www.teka.com\/sk-sk\/product\/icc-915_116030006\/","og_locale":"sk_SK","og_type":"article","og_title":"ICC 915 | Teka Slovensk\u00e1 republika","og_description":"Metalick\u00e1 ed\u00edcia Povrchov\u00e1 \u00faprava PVD v medenom preveden\u00ed Vysok\u00e9 ramienko Kartu\u0161a s keramick\u00fdmi diskami s vysokou odolnos\u0165ou Perl\u00e1tor s \u00fapravou proti usadzovaniu vodn\u00e9ho kame\u0148a Flexi kovov\u00e9 pripojovacie hadi\u010dky so z\u00e1vitom 3\/8\u201d &#8211; 1\/2&#8220;","og_url":"https:\/\/www.teka.com\/sk-sk\/product\/icc-915_116030006\/","og_site_name":"Teka Slovensk\u00e1 republika","twitter_card":"summary_large_image","schema":{"@context":"https:\/\/schema.org","@graph":[{"@type":"WebPage","@id":"https:\/\/www.teka.com\/sk-sk\/product\/icc-915_116030006\/","url":"https:\/\/www.teka.com\/sk-sk\/product\/icc-915_116030006\/","name":"ICC 915 | Teka Slovensk\u00e1 republika","isPartOf":{"@id":"https:\/\/www.teka.com\/sk-sk\/#website"},"datePublished":"2026-04-07T20:10:46+00:00","inLanguage":"sk-SK","potentialAction":[{"@type":"ReadAction","target":["https:\/\/www.teka.com\/sk-sk\/product\/icc-915_116030006\/"]}]},{"@type":"WebSite","@id":"https:\/\/www.teka.com\/sk-sk\/#website","url":"https:\/\/www.teka.com\/sk-sk\/","name":"Teka Slovensk\u00e1 republika","description":"","potentialAction":[{"@type":"SearchAction","target":{"@type":"EntryPoint","urlTemplate":"https:\/\/www.teka.com\/sk-sk\/?s={search_term_string}"},"query-input":{"@type":"PropertyValueSpecification","valueRequired":true,"valueName":"search_term_string"}}],"inLanguage":"sk-SK"}]}},"_links":{"self":[{"href":"https:\/\/www.teka.com\/sk-sk\/wp-json\/wp\/v2\/product\/81666","targetHints":{"allow":["GET"]}}],"collection":[{"href":"https:\/\/www.teka.com\/sk-sk\/wp-json\/wp\/v2\/product"}],"about":[{"href":"https:\/\/www.teka.com\/sk-sk\/wp-json\/wp\/v2\/types\/product"}],"wp:attachment":[{"href":"https:\/\/www.teka.com\/sk-sk\/wp-json\/wp\/v2\/media?parent=81666"}],"wp:term":[{"taxonomy":"product_cat","embeddable":true,"href":"https:\/\/www.teka.com\/sk-sk\/wp-json\/wp\/v2\/product_cat?post=81666"},{"taxonomy":"product_cleaning_system","embeddable":true,"href":"https:\/\/www.teka.com\/sk-sk\/wp-json\/wp\/v2\/product_cleaning_system?post=81666"},{"taxonomy":"product_3rd_basket","embeddable":true,"href":"https:\/\/www.teka.com\/sk-sk\/wp-json\/wp\/v2\/product_3rd_basket?post=81666"},{"taxonomy":"product_drawers","embeddable":true,"href":"https:\/\/www.teka.com\/sk-sk\/wp-json\/wp\/v2\/product_drawers?post=81666"},{"taxonomy":"product_type_of_installation","embeddable":true,"href":"https:\/\/www.teka.com\/sk-sk\/wp-json\/wp\/v2\/product_type_of_installation?post=81666"},{"taxonomy":"product_edition","embeddable":true,"href":"https:\/\/www.teka.com\/sk-sk\/wp-json\/wp\/v2\/product_edition?post=81666"},{"taxonomy":"product_serie","embeddable":true,"href":"https:\/\/www.teka.com\/sk-sk\/wp-json\/wp\/v2\/product_serie?post=81666"},{"taxonomy":"product_features","embeddable":true,"href":"https:\/\/www.teka.com\/sk-sk\/wp-json\/wp\/v2\/product_features?post=81666"},{"taxonomy":"finishes","embeddable":true,"href":"https:\/\/www.teka.com\/sk-sk\/wp-json\/wp\/v2\/finishes?post=81666"},{"taxonomy":"product_bundles","embeddable":true,"href":"https:\/\/www.teka.com\/sk-sk\/wp-json\/wp\/v2\/product_bundles?post=81666"},{"taxonomy":"product_energy_efficiency","embeddable":true,"href":"https:\/\/www.teka.com\/sk-sk\/wp-json\/wp\/v2\/product_energy_efficiency?post=81666"},{"taxonomy":"product_video_training","embeddable":true,"href":"https:\/\/www.teka.com\/sk-sk\/wp-json\/wp\/v2\/product_video_training?post=81666"}],"curies":[{"name":"wp","href":"https:\/\/api.w.org\/{rel}","templated":true}]}}