{"id":81684,"date":"2026-04-07T20:16:32","date_gmt":"2026-04-07T20:16:32","guid":{"rendered":"https:\/\/teka.com\/en-int\/steakmaster_111000036"},"modified":"2026-03-26T01:40:31","modified_gmt":"2026-03-26T02:40:31","slug":"steakmaster_111000036","status":"publish","type":"product","link":"https:\/\/www.teka.com\/sk-sk\/product\/steakmaster_111000036\/","title":{"rendered":"SteakMaster"},"content":{"rendered":"<ul>\n<li>Multifunk\u010dn\u00e1 pyrolytick\u00e1 pec s technol\u00f3giou SurroundTemp<\/li>\n<li>12 funkci\u00ed na pr\u00edpravu jed\u00e1l<\/li>\n<li>V\u00fdkonn\u00fd SteakGrill (700 \u00b0C)<\/li>\n<li>Syst\u00e9m \u010distenia DualClean: pyrol\u00fdza a HydroClean\u00ae PRO<\/li>\n<li>Hrub\u00fd\/\u010dist\u00fd objem: 71\/63 l<\/li>\n<\/ul>\n","protected":false},"featured_media":0,"parent":0,"template":"","product_cat":[2373],"product_cleaning_system":[3092,8081],"product_3rd_basket":[],"product_drawers":[],"product_type_of_installation":[8099],"product_edition":[7180],"product_serie":[],"product_features":[],"finishes":[],"product_bundles":[],"product_energy_efficiency":[7792],"product_video_training":[7859,7863,7869,7872,7878,7879,7880,7881,7883],"class_list":["post-81684","product","type-product","status-publish","hentry","product_cat-vstavane-rury","usp-steakmaster-08","usp-steakmaster-01","usp-steakmaster-02","usp-steakmaster-03","usp-steakmaster-04","usp-steakmaster-05","usp-steakmaster-06","usp-compacts-08","usp-renewableenergy-01","color-cierne-sklo","product_type_of_appliance-multifunkcne-rury","product_ambient-urban-colors-01","product_ambient-urban-colors-02","product_ambient-urban-colors-03","product_ambient-ambient-10","product_ambient-ambient-23","product_icons-plus-extension-telescopic-guide","product_icons-hydroclean","product_icons-pyrolysis","product_icons-softclose","product_icons-surroundtemp","product_cleaning_system-hydroclean","product_cleaning_system-pyrolyza","product_type_of_installation-vstavane","product_edition-night-river-black","product_energy_efficiency-a-icon","product_video_training-trainingovens-01","product_video_training-trainingovens-02","product_video_training-trainingovens-05","product_video_training-trainingovens-06","product_video_training-trainingovens-07","product_video_training-trainingovens-08","product_video_training-trainingovens-09","product_video_training-trainingovens-10","product_video_training-trainingovens-12"],"acf":[],"yoast_head":"<!-- This site is optimized with the Yoast SEO plugin v27.2 - https:\/\/yoast.com\/product\/yoast-seo-wordpress\/ -->\n<title>Pyrolytick\u00e1 r\u00fara SteakMaster so \u0161peci\u00e1lnym grilom na steaky | Teka<\/title>\n<meta name=\"robots\" content=\"index, follow, max-snippet:-1, max-image-preview:large, max-video-preview:-1\" \/>\n<link rel=\"canonical\" href=\"https:\/\/www.teka.com\/sk-sk\/product\/steakmaster_111000036\/\" \/>\n<meta property=\"og:locale\" content=\"sk_SK\" \/>\n<meta property=\"og:type\" content=\"article\" \/>\n<meta property=\"og:title\" content=\"Pyrolytick\u00e1 r\u00fara SteakMaster so \u0161peci\u00e1lnym grilom na steaky | Teka\" \/>\n<meta property=\"og:description\" content=\"Multifunk\u010dn\u00e1 pyrolytick\u00e1 pec s technol\u00f3giou SurroundTemp 12 funkci\u00ed na pr\u00edpravu jed\u00e1l V\u00fdkonn\u00fd SteakGrill (700 \u00b0C) Syst\u00e9m \u010distenia DualClean: pyrol\u00fdza a HydroClean\u00ae PRO Hrub\u00fd\/\u010dist\u00fd objem: 71\/63 l\" \/>\n<meta property=\"og:url\" content=\"https:\/\/www.teka.com\/sk-sk\/product\/steakmaster_111000036\/\" \/>\n<meta property=\"og:site_name\" content=\"Teka Slovensk\u00e1 republika\" \/>\n<meta name=\"twitter:card\" content=\"summary_large_image\" \/>\n<script type=\"application\/ld+json\" class=\"yoast-schema-graph\">{\"@context\":\"https:\/\/schema.org\",\"@graph\":[{\"@type\":\"WebPage\",\"@id\":\"https:\/\/www.teka.com\/sk-sk\/product\/steakmaster_111000036\/\",\"url\":\"https:\/\/www.teka.com\/sk-sk\/product\/steakmaster_111000036\/\",\"name\":\"Pyrolytick\u00e1 r\u00fara SteakMaster so \u0161peci\u00e1lnym grilom na steaky | Teka\",\"isPartOf\":{\"@id\":\"https:\/\/www.teka.com\/sk-sk\/#website\"},\"datePublished\":\"2026-04-07T20:16:32+00:00\",\"inLanguage\":\"sk-SK\",\"potentialAction\":[{\"@type\":\"ReadAction\",\"target\":[\"https:\/\/www.teka.com\/sk-sk\/product\/steakmaster_111000036\/\"]}]},{\"@type\":\"WebSite\",\"@id\":\"https:\/\/www.teka.com\/sk-sk\/#website\",\"url\":\"https:\/\/www.teka.com\/sk-sk\/\",\"name\":\"Teka Slovensk\u00e1 republika\",\"description\":\"\",\"potentialAction\":[{\"@type\":\"SearchAction\",\"target\":{\"@type\":\"EntryPoint\",\"urlTemplate\":\"https:\/\/www.teka.com\/sk-sk\/?s={search_term_string}\"},\"query-input\":{\"@type\":\"PropertyValueSpecification\",\"valueRequired\":true,\"valueName\":\"search_term_string\"}}],\"inLanguage\":\"sk-SK\"}]}<\/script>\n<!-- \/ Yoast SEO plugin. -->","yoast_head_json":{"title":"Pyrolytick\u00e1 r\u00fara SteakMaster so \u0161peci\u00e1lnym grilom na steaky | Teka","robots":{"index":"index","follow":"follow","max-snippet":"max-snippet:-1","max-image-preview":"max-image-preview:large","max-video-preview":"max-video-preview:-1"},"canonical":"https:\/\/www.teka.com\/sk-sk\/product\/steakmaster_111000036\/","og_locale":"sk_SK","og_type":"article","og_title":"Pyrolytick\u00e1 r\u00fara SteakMaster so \u0161peci\u00e1lnym grilom na steaky | Teka","og_description":"Multifunk\u010dn\u00e1 pyrolytick\u00e1 pec s technol\u00f3giou SurroundTemp 12 funkci\u00ed na pr\u00edpravu jed\u00e1l V\u00fdkonn\u00fd SteakGrill (700 \u00b0C) Syst\u00e9m \u010distenia DualClean: pyrol\u00fdza a HydroClean\u00ae PRO Hrub\u00fd\/\u010dist\u00fd objem: 71\/63 l","og_url":"https:\/\/www.teka.com\/sk-sk\/product\/steakmaster_111000036\/","og_site_name":"Teka Slovensk\u00e1 republika","twitter_card":"summary_large_image","schema":{"@context":"https:\/\/schema.org","@graph":[{"@type":"WebPage","@id":"https:\/\/www.teka.com\/sk-sk\/product\/steakmaster_111000036\/","url":"https:\/\/www.teka.com\/sk-sk\/product\/steakmaster_111000036\/","name":"Pyrolytick\u00e1 r\u00fara SteakMaster so \u0161peci\u00e1lnym grilom na steaky | Teka","isPartOf":{"@id":"https:\/\/www.teka.com\/sk-sk\/#website"},"datePublished":"2026-04-07T20:16:32+00:00","inLanguage":"sk-SK","potentialAction":[{"@type":"ReadAction","target":["https:\/\/www.teka.com\/sk-sk\/product\/steakmaster_111000036\/"]}]},{"@type":"WebSite","@id":"https:\/\/www.teka.com\/sk-sk\/#website","url":"https:\/\/www.teka.com\/sk-sk\/","name":"Teka Slovensk\u00e1 republika","description":"","potentialAction":[{"@type":"SearchAction","target":{"@type":"EntryPoint","urlTemplate":"https:\/\/www.teka.com\/sk-sk\/?s={search_term_string}"},"query-input":{"@type":"PropertyValueSpecification","valueRequired":true,"valueName":"search_term_string"}}],"inLanguage":"sk-SK"}]}},"_links":{"self":[{"href":"https:\/\/www.teka.com\/sk-sk\/wp-json\/wp\/v2\/product\/81684","targetHints":{"allow":["GET"]}}],"collection":[{"href":"https:\/\/www.teka.com\/sk-sk\/wp-json\/wp\/v2\/product"}],"about":[{"href":"https:\/\/www.teka.com\/sk-sk\/wp-json\/wp\/v2\/types\/product"}],"wp:attachment":[{"href":"https:\/\/www.teka.com\/sk-sk\/wp-json\/wp\/v2\/media?parent=81684"}],"wp:term":[{"taxonomy":"product_cat","embeddable":true,"href":"https:\/\/www.teka.com\/sk-sk\/wp-json\/wp\/v2\/product_cat?post=81684"},{"taxonomy":"product_cleaning_system","embeddable":true,"href":"https:\/\/www.teka.com\/sk-sk\/wp-json\/wp\/v2\/product_cleaning_system?post=81684"},{"taxonomy":"product_3rd_basket","embeddable":true,"href":"https:\/\/www.teka.com\/sk-sk\/wp-json\/wp\/v2\/product_3rd_basket?post=81684"},{"taxonomy":"product_drawers","embeddable":true,"href":"https:\/\/www.teka.com\/sk-sk\/wp-json\/wp\/v2\/product_drawers?post=81684"},{"taxonomy":"product_type_of_installation","embeddable":true,"href":"https:\/\/www.teka.com\/sk-sk\/wp-json\/wp\/v2\/product_type_of_installation?post=81684"},{"taxonomy":"product_edition","embeddable":true,"href":"https:\/\/www.teka.com\/sk-sk\/wp-json\/wp\/v2\/product_edition?post=81684"},{"taxonomy":"product_serie","embeddable":true,"href":"https:\/\/www.teka.com\/sk-sk\/wp-json\/wp\/v2\/product_serie?post=81684"},{"taxonomy":"product_features","embeddable":true,"href":"https:\/\/www.teka.com\/sk-sk\/wp-json\/wp\/v2\/product_features?post=81684"},{"taxonomy":"finishes","embeddable":true,"href":"https:\/\/www.teka.com\/sk-sk\/wp-json\/wp\/v2\/finishes?post=81684"},{"taxonomy":"product_bundles","embeddable":true,"href":"https:\/\/www.teka.com\/sk-sk\/wp-json\/wp\/v2\/product_bundles?post=81684"},{"taxonomy":"product_energy_efficiency","embeddable":true,"href":"https:\/\/www.teka.com\/sk-sk\/wp-json\/wp\/v2\/product_energy_efficiency?post=81684"},{"taxonomy":"product_video_training","embeddable":true,"href":"https:\/\/www.teka.com\/sk-sk\/wp-json\/wp\/v2\/product_video_training?post=81684"}],"curies":[{"name":"wp","href":"https:\/\/api.w.org\/{rel}","templated":true}]}}