{"id":81693,"date":"2026-04-07T20:20:49","date_gmt":"2026-04-07T20:20:49","guid":{"rendered":"https:\/\/teka.com\/en-int\/izf-64600-msp-bk_112500035"},"modified":"2026-03-14T06:58:26","modified_gmt":"2026-03-14T07:58:26","slug":"izf-64600-msp-bk_112500035","status":"publish","type":"product","link":"https:\/\/www.teka.com\/sk-sk\/product\/izf-64600-msp-bk_112500035\/","title":{"rendered":"IZF 64600 MSP BK"},"content":{"rendered":"<ul>\n<li>Induk\u010dn\u00e1 varn\u00e1 doska 60 cm<\/li>\n<li>Dotykov\u00e9 ovl\u00e1danie MultiSlider<\/li>\n<li>Keramick\u00e9 sklo, skosen\u00e1 predn\u00e1 hrana<\/li>\n<li>6 induk\u010dn\u00fdch varn\u00fdch z\u00f3n<\/li>\n<li>\u0160peci\u00e1lna funkcia varenia so sn\u00edma\u010dmi teploty<\/li>\n<\/ul>\n","protected":false},"featured_media":0,"parent":0,"template":"","product_cat":[2325],"product_cleaning_system":[],"product_3rd_basket":[],"product_drawers":[],"product_type_of_installation":[],"product_edition":[7180],"product_serie":[],"product_features":[7156,8077,8089,8090],"finishes":[],"product_bundles":[],"product_energy_efficiency":[],"product_video_training":[7860,7865,7867,7868,7876],"class_list":["post-81693","product","type-product","status-publish","hentry","product_cat-varne-dosky","usp-induction-05","usp-induction-06","usp-induction-07","usp-induction-10","usp-induction-17","usp-induction-18","color-cierne-sklo","product_type_of_appliance-indukcne-dosky","product_ambient-urban-colors-01","product_ambient-urban-colors-02","product_ambient-urban-colors-03","product_ambient-neo-series-01","product_icons-multislider","product_icons-autolock","product_icons-power","product_icons-power-plus","product_icons-easy-installation","product_icons-flex","product_edition-night-river-black","product_features-flex","product_features-udrzanie-teploty","product_features-vrenie","product_features-topenie","product_video_training-traininghobs-02","product_video_training-traininghobs-05","product_video_training-traininghobs-06","product_video_training-traininghobs-07","product_video_training-traininghobs-11"],"acf":[],"yoast_head":"<!-- This site is optimized with the Yoast SEO plugin v27.2 - https:\/\/yoast.com\/product\/yoast-seo-wordpress\/ -->\n<title>IZF 64600 MSP BK | Teka Slovensk\u00e1 republika<\/title>\n<meta name=\"robots\" content=\"index, follow, max-snippet:-1, max-image-preview:large, max-video-preview:-1\" \/>\n<link rel=\"canonical\" href=\"https:\/\/www.teka.com\/sk-sk\/product\/izf-64600-msp-bk_112500035\/\" \/>\n<meta property=\"og:locale\" content=\"sk_SK\" \/>\n<meta property=\"og:type\" content=\"article\" \/>\n<meta property=\"og:title\" content=\"IZF 64600 MSP BK | Teka Slovensk\u00e1 republika\" \/>\n<meta property=\"og:description\" content=\"Induk\u010dn\u00e1 varn\u00e1 doska 60 cm Dotykov\u00e9 ovl\u00e1danie MultiSlider Keramick\u00e9 sklo, skosen\u00e1 predn\u00e1 hrana 6 induk\u010dn\u00fdch varn\u00fdch z\u00f3n \u0160peci\u00e1lna funkcia varenia so sn\u00edma\u010dmi teploty\" \/>\n<meta property=\"og:url\" content=\"https:\/\/www.teka.com\/sk-sk\/product\/izf-64600-msp-bk_112500035\/\" \/>\n<meta property=\"og:site_name\" content=\"Teka Slovensk\u00e1 republika\" \/>\n<meta name=\"twitter:card\" content=\"summary_large_image\" \/>\n<script type=\"application\/ld+json\" class=\"yoast-schema-graph\">{\"@context\":\"https:\/\/schema.org\",\"@graph\":[{\"@type\":\"WebPage\",\"@id\":\"https:\/\/www.teka.com\/sk-sk\/product\/izf-64600-msp-bk_112500035\/\",\"url\":\"https:\/\/www.teka.com\/sk-sk\/product\/izf-64600-msp-bk_112500035\/\",\"name\":\"IZF 64600 MSP BK | Teka Slovensk\u00e1 republika\",\"isPartOf\":{\"@id\":\"https:\/\/www.teka.com\/sk-sk\/#website\"},\"datePublished\":\"2026-04-07T20:20:49+00:00\",\"inLanguage\":\"sk-SK\",\"potentialAction\":[{\"@type\":\"ReadAction\",\"target\":[\"https:\/\/www.teka.com\/sk-sk\/product\/izf-64600-msp-bk_112500035\/\"]}]},{\"@type\":\"WebSite\",\"@id\":\"https:\/\/www.teka.com\/sk-sk\/#website\",\"url\":\"https:\/\/www.teka.com\/sk-sk\/\",\"name\":\"Teka Slovensk\u00e1 republika\",\"description\":\"\",\"potentialAction\":[{\"@type\":\"SearchAction\",\"target\":{\"@type\":\"EntryPoint\",\"urlTemplate\":\"https:\/\/www.teka.com\/sk-sk\/?s={search_term_string}\"},\"query-input\":{\"@type\":\"PropertyValueSpecification\",\"valueRequired\":true,\"valueName\":\"search_term_string\"}}],\"inLanguage\":\"sk-SK\"}]}<\/script>\n<!-- \/ Yoast SEO plugin. -->","yoast_head_json":{"title":"IZF 64600 MSP BK | Teka Slovensk\u00e1 republika","robots":{"index":"index","follow":"follow","max-snippet":"max-snippet:-1","max-image-preview":"max-image-preview:large","max-video-preview":"max-video-preview:-1"},"canonical":"https:\/\/www.teka.com\/sk-sk\/product\/izf-64600-msp-bk_112500035\/","og_locale":"sk_SK","og_type":"article","og_title":"IZF 64600 MSP BK | Teka Slovensk\u00e1 republika","og_description":"Induk\u010dn\u00e1 varn\u00e1 doska 60 cm Dotykov\u00e9 ovl\u00e1danie MultiSlider Keramick\u00e9 sklo, skosen\u00e1 predn\u00e1 hrana 6 induk\u010dn\u00fdch varn\u00fdch z\u00f3n \u0160peci\u00e1lna funkcia varenia so sn\u00edma\u010dmi teploty","og_url":"https:\/\/www.teka.com\/sk-sk\/product\/izf-64600-msp-bk_112500035\/","og_site_name":"Teka Slovensk\u00e1 republika","twitter_card":"summary_large_image","schema":{"@context":"https:\/\/schema.org","@graph":[{"@type":"WebPage","@id":"https:\/\/www.teka.com\/sk-sk\/product\/izf-64600-msp-bk_112500035\/","url":"https:\/\/www.teka.com\/sk-sk\/product\/izf-64600-msp-bk_112500035\/","name":"IZF 64600 MSP BK | Teka Slovensk\u00e1 republika","isPartOf":{"@id":"https:\/\/www.teka.com\/sk-sk\/#website"},"datePublished":"2026-04-07T20:20:49+00:00","inLanguage":"sk-SK","potentialAction":[{"@type":"ReadAction","target":["https:\/\/www.teka.com\/sk-sk\/product\/izf-64600-msp-bk_112500035\/"]}]},{"@type":"WebSite","@id":"https:\/\/www.teka.com\/sk-sk\/#website","url":"https:\/\/www.teka.com\/sk-sk\/","name":"Teka Slovensk\u00e1 republika","description":"","potentialAction":[{"@type":"SearchAction","target":{"@type":"EntryPoint","urlTemplate":"https:\/\/www.teka.com\/sk-sk\/?s={search_term_string}"},"query-input":{"@type":"PropertyValueSpecification","valueRequired":true,"valueName":"search_term_string"}}],"inLanguage":"sk-SK"}]}},"_links":{"self":[{"href":"https:\/\/www.teka.com\/sk-sk\/wp-json\/wp\/v2\/product\/81693","targetHints":{"allow":["GET"]}}],"collection":[{"href":"https:\/\/www.teka.com\/sk-sk\/wp-json\/wp\/v2\/product"}],"about":[{"href":"https:\/\/www.teka.com\/sk-sk\/wp-json\/wp\/v2\/types\/product"}],"wp:attachment":[{"href":"https:\/\/www.teka.com\/sk-sk\/wp-json\/wp\/v2\/media?parent=81693"}],"wp:term":[{"taxonomy":"product_cat","embeddable":true,"href":"https:\/\/www.teka.com\/sk-sk\/wp-json\/wp\/v2\/product_cat?post=81693"},{"taxonomy":"product_cleaning_system","embeddable":true,"href":"https:\/\/www.teka.com\/sk-sk\/wp-json\/wp\/v2\/product_cleaning_system?post=81693"},{"taxonomy":"product_3rd_basket","embeddable":true,"href":"https:\/\/www.teka.com\/sk-sk\/wp-json\/wp\/v2\/product_3rd_basket?post=81693"},{"taxonomy":"product_drawers","embeddable":true,"href":"https:\/\/www.teka.com\/sk-sk\/wp-json\/wp\/v2\/product_drawers?post=81693"},{"taxonomy":"product_type_of_installation","embeddable":true,"href":"https:\/\/www.teka.com\/sk-sk\/wp-json\/wp\/v2\/product_type_of_installation?post=81693"},{"taxonomy":"product_edition","embeddable":true,"href":"https:\/\/www.teka.com\/sk-sk\/wp-json\/wp\/v2\/product_edition?post=81693"},{"taxonomy":"product_serie","embeddable":true,"href":"https:\/\/www.teka.com\/sk-sk\/wp-json\/wp\/v2\/product_serie?post=81693"},{"taxonomy":"product_features","embeddable":true,"href":"https:\/\/www.teka.com\/sk-sk\/wp-json\/wp\/v2\/product_features?post=81693"},{"taxonomy":"finishes","embeddable":true,"href":"https:\/\/www.teka.com\/sk-sk\/wp-json\/wp\/v2\/finishes?post=81693"},{"taxonomy":"product_bundles","embeddable":true,"href":"https:\/\/www.teka.com\/sk-sk\/wp-json\/wp\/v2\/product_bundles?post=81693"},{"taxonomy":"product_energy_efficiency","embeddable":true,"href":"https:\/\/www.teka.com\/sk-sk\/wp-json\/wp\/v2\/product_energy_efficiency?post=81693"},{"taxonomy":"product_video_training","embeddable":true,"href":"https:\/\/www.teka.com\/sk-sk\/wp-json\/wp\/v2\/product_video_training?post=81693"}],"curies":[{"name":"wp","href":"https:\/\/api.w.org\/{rel}","templated":true}]}}