{"id":81696,"date":"2026-04-07T20:23:31","date_gmt":"2026-04-07T20:23:31","guid":{"rendered":"https:\/\/teka.com\/en-int\/tzc-32320-ttc-bk_112540002"},"modified":"2026-03-14T07:00:44","modified_gmt":"2026-03-14T08:00:44","slug":"tzc-32320-ttc-bk_112540002","status":"publish","type":"product","link":"https:\/\/www.teka.com\/sk-sk\/product\/tzc-32320-ttc-bk_112540002\/","title":{"rendered":"TZC 32320 TTC BK"},"content":{"rendered":"<ul>\n<li>S\u00e9ria VarioPro<\/li>\n<li>Modul\u00e1rna 30 cm sklokeramick\u00e1 varn\u00e1 doska<\/li>\n<li>Dotykov\u00e9 ovl\u00e1danie<\/li>\n<li>Sklokeramick\u00e9 sklo, skosen\u00e1 predn\u00e1 hrana<\/li>\n<li>Dve varn\u00e9 z\u00f3ny<\/li>\n<\/ul>\n","protected":false},"featured_media":0,"parent":0,"template":"","product_cat":[2325],"product_cleaning_system":[],"product_3rd_basket":[],"product_drawers":[],"product_type_of_installation":[],"product_edition":[7180],"product_serie":[7173],"product_features":[],"finishes":[],"product_bundles":[],"product_energy_efficiency":[],"product_video_training":[],"class_list":["post-81696","product","type-product","status-publish","hentry","product_cat-varne-dosky","usp-variopro-01","usp-award-06","color-cierne-sklo","product_type_of_appliance-sklokeramicke-dosky","product_ambient-variopro-01","product_ambient-ambient-13","product_icons-autolock","product_icons-easy-installation","product_edition-night-river-black","product_serie-variopro-hobs"],"acf":[],"yoast_head":"<!-- This site is optimized with the Yoast SEO plugin v27.2 - https:\/\/yoast.com\/product\/yoast-seo-wordpress\/ -->\n<title>TZC 32320 TTC BK | Teka Slovensk\u00e1 republika<\/title>\n<meta name=\"robots\" content=\"index, follow, max-snippet:-1, max-image-preview:large, max-video-preview:-1\" \/>\n<link rel=\"canonical\" href=\"https:\/\/www.teka.com\/sk-sk\/product\/tzc-32320-ttc-bk_112540002\/\" \/>\n<meta property=\"og:locale\" content=\"sk_SK\" \/>\n<meta property=\"og:type\" content=\"article\" \/>\n<meta property=\"og:title\" content=\"TZC 32320 TTC BK | Teka Slovensk\u00e1 republika\" \/>\n<meta property=\"og:description\" content=\"S\u00e9ria VarioPro Modul\u00e1rna 30 cm sklokeramick\u00e1 varn\u00e1 doska Dotykov\u00e9 ovl\u00e1danie Sklokeramick\u00e9 sklo, skosen\u00e1 predn\u00e1 hrana Dve varn\u00e9 z\u00f3ny\" \/>\n<meta property=\"og:url\" content=\"https:\/\/www.teka.com\/sk-sk\/product\/tzc-32320-ttc-bk_112540002\/\" \/>\n<meta property=\"og:site_name\" content=\"Teka Slovensk\u00e1 republika\" \/>\n<meta name=\"twitter:card\" content=\"summary_large_image\" \/>\n<script type=\"application\/ld+json\" class=\"yoast-schema-graph\">{\"@context\":\"https:\/\/schema.org\",\"@graph\":[{\"@type\":\"WebPage\",\"@id\":\"https:\/\/www.teka.com\/sk-sk\/product\/tzc-32320-ttc-bk_112540002\/\",\"url\":\"https:\/\/www.teka.com\/sk-sk\/product\/tzc-32320-ttc-bk_112540002\/\",\"name\":\"TZC 32320 TTC BK | Teka Slovensk\u00e1 republika\",\"isPartOf\":{\"@id\":\"https:\/\/www.teka.com\/sk-sk\/#website\"},\"datePublished\":\"2026-04-07T20:23:31+00:00\",\"inLanguage\":\"sk-SK\",\"potentialAction\":[{\"@type\":\"ReadAction\",\"target\":[\"https:\/\/www.teka.com\/sk-sk\/product\/tzc-32320-ttc-bk_112540002\/\"]}]},{\"@type\":\"WebSite\",\"@id\":\"https:\/\/www.teka.com\/sk-sk\/#website\",\"url\":\"https:\/\/www.teka.com\/sk-sk\/\",\"name\":\"Teka Slovensk\u00e1 republika\",\"description\":\"\",\"potentialAction\":[{\"@type\":\"SearchAction\",\"target\":{\"@type\":\"EntryPoint\",\"urlTemplate\":\"https:\/\/www.teka.com\/sk-sk\/?s={search_term_string}\"},\"query-input\":{\"@type\":\"PropertyValueSpecification\",\"valueRequired\":true,\"valueName\":\"search_term_string\"}}],\"inLanguage\":\"sk-SK\"}]}<\/script>\n<!-- \/ Yoast SEO plugin. -->","yoast_head_json":{"title":"TZC 32320 TTC BK | Teka Slovensk\u00e1 republika","robots":{"index":"index","follow":"follow","max-snippet":"max-snippet:-1","max-image-preview":"max-image-preview:large","max-video-preview":"max-video-preview:-1"},"canonical":"https:\/\/www.teka.com\/sk-sk\/product\/tzc-32320-ttc-bk_112540002\/","og_locale":"sk_SK","og_type":"article","og_title":"TZC 32320 TTC BK | Teka Slovensk\u00e1 republika","og_description":"S\u00e9ria VarioPro Modul\u00e1rna 30 cm sklokeramick\u00e1 varn\u00e1 doska Dotykov\u00e9 ovl\u00e1danie Sklokeramick\u00e9 sklo, skosen\u00e1 predn\u00e1 hrana Dve varn\u00e9 z\u00f3ny","og_url":"https:\/\/www.teka.com\/sk-sk\/product\/tzc-32320-ttc-bk_112540002\/","og_site_name":"Teka Slovensk\u00e1 republika","twitter_card":"summary_large_image","schema":{"@context":"https:\/\/schema.org","@graph":[{"@type":"WebPage","@id":"https:\/\/www.teka.com\/sk-sk\/product\/tzc-32320-ttc-bk_112540002\/","url":"https:\/\/www.teka.com\/sk-sk\/product\/tzc-32320-ttc-bk_112540002\/","name":"TZC 32320 TTC BK | Teka Slovensk\u00e1 republika","isPartOf":{"@id":"https:\/\/www.teka.com\/sk-sk\/#website"},"datePublished":"2026-04-07T20:23:31+00:00","inLanguage":"sk-SK","potentialAction":[{"@type":"ReadAction","target":["https:\/\/www.teka.com\/sk-sk\/product\/tzc-32320-ttc-bk_112540002\/"]}]},{"@type":"WebSite","@id":"https:\/\/www.teka.com\/sk-sk\/#website","url":"https:\/\/www.teka.com\/sk-sk\/","name":"Teka Slovensk\u00e1 republika","description":"","potentialAction":[{"@type":"SearchAction","target":{"@type":"EntryPoint","urlTemplate":"https:\/\/www.teka.com\/sk-sk\/?s={search_term_string}"},"query-input":{"@type":"PropertyValueSpecification","valueRequired":true,"valueName":"search_term_string"}}],"inLanguage":"sk-SK"}]}},"_links":{"self":[{"href":"https:\/\/www.teka.com\/sk-sk\/wp-json\/wp\/v2\/product\/81696","targetHints":{"allow":["GET"]}}],"collection":[{"href":"https:\/\/www.teka.com\/sk-sk\/wp-json\/wp\/v2\/product"}],"about":[{"href":"https:\/\/www.teka.com\/sk-sk\/wp-json\/wp\/v2\/types\/product"}],"wp:attachment":[{"href":"https:\/\/www.teka.com\/sk-sk\/wp-json\/wp\/v2\/media?parent=81696"}],"wp:term":[{"taxonomy":"product_cat","embeddable":true,"href":"https:\/\/www.teka.com\/sk-sk\/wp-json\/wp\/v2\/product_cat?post=81696"},{"taxonomy":"product_cleaning_system","embeddable":true,"href":"https:\/\/www.teka.com\/sk-sk\/wp-json\/wp\/v2\/product_cleaning_system?post=81696"},{"taxonomy":"product_3rd_basket","embeddable":true,"href":"https:\/\/www.teka.com\/sk-sk\/wp-json\/wp\/v2\/product_3rd_basket?post=81696"},{"taxonomy":"product_drawers","embeddable":true,"href":"https:\/\/www.teka.com\/sk-sk\/wp-json\/wp\/v2\/product_drawers?post=81696"},{"taxonomy":"product_type_of_installation","embeddable":true,"href":"https:\/\/www.teka.com\/sk-sk\/wp-json\/wp\/v2\/product_type_of_installation?post=81696"},{"taxonomy":"product_edition","embeddable":true,"href":"https:\/\/www.teka.com\/sk-sk\/wp-json\/wp\/v2\/product_edition?post=81696"},{"taxonomy":"product_serie","embeddable":true,"href":"https:\/\/www.teka.com\/sk-sk\/wp-json\/wp\/v2\/product_serie?post=81696"},{"taxonomy":"product_features","embeddable":true,"href":"https:\/\/www.teka.com\/sk-sk\/wp-json\/wp\/v2\/product_features?post=81696"},{"taxonomy":"finishes","embeddable":true,"href":"https:\/\/www.teka.com\/sk-sk\/wp-json\/wp\/v2\/finishes?post=81696"},{"taxonomy":"product_bundles","embeddable":true,"href":"https:\/\/www.teka.com\/sk-sk\/wp-json\/wp\/v2\/product_bundles?post=81696"},{"taxonomy":"product_energy_efficiency","embeddable":true,"href":"https:\/\/www.teka.com\/sk-sk\/wp-json\/wp\/v2\/product_energy_efficiency?post=81696"},{"taxonomy":"product_video_training","embeddable":true,"href":"https:\/\/www.teka.com\/sk-sk\/wp-json\/wp\/v2\/product_video_training?post=81696"}],"curies":[{"name":"wp","href":"https:\/\/api.w.org\/{rel}","templated":true}]}}