{"id":81719,"date":"2026-04-07T20:28:19","date_gmt":"2026-04-07T20:28:19","guid":{"rendered":"https:\/\/teka.com\/en-int\/dsi-76850-x_114260009"},"modified":"2026-03-14T07:25:39","modified_gmt":"2026-03-14T08:25:39","slug":"dsi-76850-x_114260009","status":"publish","type":"product","link":"https:\/\/www.teka.com\/sk-sk\/product\/dsi-76850-x_114260009\/","title":{"rendered":"DSI 76850 X"},"content":{"rendered":"<ul>\n<li>Vstavan\u00e1 um\u00fdva\u010dka riadu s panelom 60 cm<\/li>\n<li>Elektronick\u00fd ovl\u00e1dac\u00ed panel s bielym LED displejom<\/li>\n<li>Tretia z\u00e1suvka na pr\u00edbory<\/li>\n<li>Antibakteri\u00e1lna funkcia IonClean<\/li>\n<li>Kapacita: 14 s\u00faprav riadu<\/li>\n<\/ul>\n","protected":false},"featured_media":0,"parent":0,"template":"","product_cat":[2407],"product_cleaning_system":[],"product_3rd_basket":[8093],"product_drawers":[],"product_type_of_installation":[8099],"product_edition":[],"product_serie":[],"product_features":[],"finishes":[],"product_bundles":[],"product_energy_efficiency":[7272],"product_video_training":[],"class_list":["post-81719","product","type-product","status-publish","hentry","product_cat-umyvacky-riadu","usp-dishwashers-09","usp-dishwashers-11","usp-dishwashers-13","usp-dishwashers-14","usp-dishwashers-15","usp-dishwashers-16","usp-dishwashers-20","usp-dishwashers-21","usp-productoftheyear-02","color-nerezova-ocel","product_type_of_appliance-vstavane","product_icons-eco-function","product_icons-third-cutlery-tray","product_icons-extra-dry-function","product_icons-ionclean","product_icons-smart-sensor","product_3rd_basket-3-kos","product_type_of_installation-vstavane","product_energy_efficiency-d-ue-icon-new"],"acf":[],"yoast_head":"<!-- This site is optimized with the Yoast SEO plugin v27.2 - https:\/\/yoast.com\/product\/yoast-seo-wordpress\/ -->\n<title>DSI 76850 X | Teka Slovensk\u00e1 republika<\/title>\n<meta name=\"robots\" content=\"index, follow, max-snippet:-1, max-image-preview:large, max-video-preview:-1\" \/>\n<link rel=\"canonical\" href=\"https:\/\/www.teka.com\/sk-sk\/product\/dsi-76850-x_114260009\/\" \/>\n<meta property=\"og:locale\" content=\"sk_SK\" \/>\n<meta property=\"og:type\" content=\"article\" \/>\n<meta property=\"og:title\" content=\"DSI 76850 X | Teka Slovensk\u00e1 republika\" \/>\n<meta property=\"og:description\" content=\"Vstavan\u00e1 um\u00fdva\u010dka riadu s panelom 60 cm Elektronick\u00fd ovl\u00e1dac\u00ed panel s bielym LED displejom Tretia z\u00e1suvka na pr\u00edbory Antibakteri\u00e1lna funkcia IonClean Kapacita: 14 s\u00faprav riadu\" \/>\n<meta property=\"og:url\" content=\"https:\/\/www.teka.com\/sk-sk\/product\/dsi-76850-x_114260009\/\" \/>\n<meta property=\"og:site_name\" content=\"Teka Slovensk\u00e1 republika\" \/>\n<meta name=\"twitter:card\" content=\"summary_large_image\" \/>\n<script type=\"application\/ld+json\" class=\"yoast-schema-graph\">{\"@context\":\"https:\/\/schema.org\",\"@graph\":[{\"@type\":\"WebPage\",\"@id\":\"https:\/\/www.teka.com\/sk-sk\/product\/dsi-76850-x_114260009\/\",\"url\":\"https:\/\/www.teka.com\/sk-sk\/product\/dsi-76850-x_114260009\/\",\"name\":\"DSI 76850 X | Teka Slovensk\u00e1 republika\",\"isPartOf\":{\"@id\":\"https:\/\/www.teka.com\/sk-sk\/#website\"},\"datePublished\":\"2026-04-07T20:28:19+00:00\",\"inLanguage\":\"sk-SK\",\"potentialAction\":[{\"@type\":\"ReadAction\",\"target\":[\"https:\/\/www.teka.com\/sk-sk\/product\/dsi-76850-x_114260009\/\"]}]},{\"@type\":\"WebSite\",\"@id\":\"https:\/\/www.teka.com\/sk-sk\/#website\",\"url\":\"https:\/\/www.teka.com\/sk-sk\/\",\"name\":\"Teka Slovensk\u00e1 republika\",\"description\":\"\",\"potentialAction\":[{\"@type\":\"SearchAction\",\"target\":{\"@type\":\"EntryPoint\",\"urlTemplate\":\"https:\/\/www.teka.com\/sk-sk\/?s={search_term_string}\"},\"query-input\":{\"@type\":\"PropertyValueSpecification\",\"valueRequired\":true,\"valueName\":\"search_term_string\"}}],\"inLanguage\":\"sk-SK\"}]}<\/script>\n<!-- \/ Yoast SEO plugin. -->","yoast_head_json":{"title":"DSI 76850 X | Teka Slovensk\u00e1 republika","robots":{"index":"index","follow":"follow","max-snippet":"max-snippet:-1","max-image-preview":"max-image-preview:large","max-video-preview":"max-video-preview:-1"},"canonical":"https:\/\/www.teka.com\/sk-sk\/product\/dsi-76850-x_114260009\/","og_locale":"sk_SK","og_type":"article","og_title":"DSI 76850 X | Teka Slovensk\u00e1 republika","og_description":"Vstavan\u00e1 um\u00fdva\u010dka riadu s panelom 60 cm Elektronick\u00fd ovl\u00e1dac\u00ed panel s bielym LED displejom Tretia z\u00e1suvka na pr\u00edbory Antibakteri\u00e1lna funkcia IonClean Kapacita: 14 s\u00faprav riadu","og_url":"https:\/\/www.teka.com\/sk-sk\/product\/dsi-76850-x_114260009\/","og_site_name":"Teka Slovensk\u00e1 republika","twitter_card":"summary_large_image","schema":{"@context":"https:\/\/schema.org","@graph":[{"@type":"WebPage","@id":"https:\/\/www.teka.com\/sk-sk\/product\/dsi-76850-x_114260009\/","url":"https:\/\/www.teka.com\/sk-sk\/product\/dsi-76850-x_114260009\/","name":"DSI 76850 X | Teka Slovensk\u00e1 republika","isPartOf":{"@id":"https:\/\/www.teka.com\/sk-sk\/#website"},"datePublished":"2026-04-07T20:28:19+00:00","inLanguage":"sk-SK","potentialAction":[{"@type":"ReadAction","target":["https:\/\/www.teka.com\/sk-sk\/product\/dsi-76850-x_114260009\/"]}]},{"@type":"WebSite","@id":"https:\/\/www.teka.com\/sk-sk\/#website","url":"https:\/\/www.teka.com\/sk-sk\/","name":"Teka Slovensk\u00e1 republika","description":"","potentialAction":[{"@type":"SearchAction","target":{"@type":"EntryPoint","urlTemplate":"https:\/\/www.teka.com\/sk-sk\/?s={search_term_string}"},"query-input":{"@type":"PropertyValueSpecification","valueRequired":true,"valueName":"search_term_string"}}],"inLanguage":"sk-SK"}]}},"_links":{"self":[{"href":"https:\/\/www.teka.com\/sk-sk\/wp-json\/wp\/v2\/product\/81719","targetHints":{"allow":["GET"]}}],"collection":[{"href":"https:\/\/www.teka.com\/sk-sk\/wp-json\/wp\/v2\/product"}],"about":[{"href":"https:\/\/www.teka.com\/sk-sk\/wp-json\/wp\/v2\/types\/product"}],"wp:attachment":[{"href":"https:\/\/www.teka.com\/sk-sk\/wp-json\/wp\/v2\/media?parent=81719"}],"wp:term":[{"taxonomy":"product_cat","embeddable":true,"href":"https:\/\/www.teka.com\/sk-sk\/wp-json\/wp\/v2\/product_cat?post=81719"},{"taxonomy":"product_cleaning_system","embeddable":true,"href":"https:\/\/www.teka.com\/sk-sk\/wp-json\/wp\/v2\/product_cleaning_system?post=81719"},{"taxonomy":"product_3rd_basket","embeddable":true,"href":"https:\/\/www.teka.com\/sk-sk\/wp-json\/wp\/v2\/product_3rd_basket?post=81719"},{"taxonomy":"product_drawers","embeddable":true,"href":"https:\/\/www.teka.com\/sk-sk\/wp-json\/wp\/v2\/product_drawers?post=81719"},{"taxonomy":"product_type_of_installation","embeddable":true,"href":"https:\/\/www.teka.com\/sk-sk\/wp-json\/wp\/v2\/product_type_of_installation?post=81719"},{"taxonomy":"product_edition","embeddable":true,"href":"https:\/\/www.teka.com\/sk-sk\/wp-json\/wp\/v2\/product_edition?post=81719"},{"taxonomy":"product_serie","embeddable":true,"href":"https:\/\/www.teka.com\/sk-sk\/wp-json\/wp\/v2\/product_serie?post=81719"},{"taxonomy":"product_features","embeddable":true,"href":"https:\/\/www.teka.com\/sk-sk\/wp-json\/wp\/v2\/product_features?post=81719"},{"taxonomy":"finishes","embeddable":true,"href":"https:\/\/www.teka.com\/sk-sk\/wp-json\/wp\/v2\/finishes?post=81719"},{"taxonomy":"product_bundles","embeddable":true,"href":"https:\/\/www.teka.com\/sk-sk\/wp-json\/wp\/v2\/product_bundles?post=81719"},{"taxonomy":"product_energy_efficiency","embeddable":true,"href":"https:\/\/www.teka.com\/sk-sk\/wp-json\/wp\/v2\/product_energy_efficiency?post=81719"},{"taxonomy":"product_video_training","embeddable":true,"href":"https:\/\/www.teka.com\/sk-sk\/wp-json\/wp\/v2\/product_video_training?post=81719"}],"curies":[{"name":"wp","href":"https:\/\/api.w.org\/{rel}","templated":true}]}}