{"id":81729,"date":"2026-04-07T20:29:16","date_gmt":"2026-04-07T20:29:16","guid":{"rendered":"https:\/\/teka.com\/en-int\/universe-45-t-xp-1b-1d_115110011"},"modified":"2026-03-14T07:26:48","modified_gmt":"2026-03-14T08:26:48","slug":"universe-45-t-xp-1b-1d_115110011","status":"publish","type":"product","link":"https:\/\/www.teka.com\/sk-sk\/product\/universe-45-t-xp-1b-1d_115110011\/","title":{"rendered":"UNIVERSE 45 T-XP 1B 1D"},"content":{"rendered":"<ul>\n<li>Povrchov\u00e1 \u00faprava: leskl\u00e1<\/li>\n<li>Hr\u00fabka plechu z nehrdzavej\u00facej ocele 0,7 mm<\/li>\n<li>Odtokov\u00e1 s\u00faprava s 3\u00bd&quot; sitkom a prepadom<\/li>\n<li>Bez otvorov<\/li>\n<\/ul>\n","protected":false},"featured_media":0,"parent":0,"template":"","product_cat":[2319],"product_cleaning_system":[],"product_3rd_basket":[],"product_drawers":[],"product_type_of_installation":[8106],"product_edition":[],"product_serie":[7172],"product_features":[],"finishes":[],"product_bundles":[],"product_energy_efficiency":[],"product_video_training":[],"class_list":["post-81729","product","type-product","status-publish","hentry","product_cat-drezy","usp-sinks-02","usp-universe-01","usp-award-05","usp-sinks-installation-06","color-nerezova-ocel","product_type_of_appliance-nerezove","product_icons-hygiene","product_icons-lifetime-warranty","product_type_of_installation-vstavany","product_serie-universe-sinks"],"acf":[],"yoast_head":"<!-- This site is optimized with the Yoast SEO plugin v27.2 - https:\/\/yoast.com\/product\/yoast-seo-wordpress\/ -->\n<title>UNIVERSE 45 T-XP 1B 1D | Teka Slovensk\u00e1 republika<\/title>\n<meta name=\"robots\" content=\"index, follow, max-snippet:-1, max-image-preview:large, max-video-preview:-1\" \/>\n<link rel=\"canonical\" href=\"https:\/\/www.teka.com\/sk-sk\/product\/universe-45-t-xp-1b-1d_115110011\/\" \/>\n<meta property=\"og:locale\" content=\"sk_SK\" \/>\n<meta property=\"og:type\" content=\"article\" \/>\n<meta property=\"og:title\" content=\"UNIVERSE 45 T-XP 1B 1D | Teka Slovensk\u00e1 republika\" \/>\n<meta property=\"og:description\" content=\"Povrchov\u00e1 \u00faprava: leskl\u00e1 Hr\u00fabka plechu z nehrdzavej\u00facej ocele 0,7 mm Odtokov\u00e1 s\u00faprava s 3\u00bd&quot; sitkom a prepadom Bez otvorov\" \/>\n<meta property=\"og:url\" content=\"https:\/\/www.teka.com\/sk-sk\/product\/universe-45-t-xp-1b-1d_115110011\/\" \/>\n<meta property=\"og:site_name\" content=\"Teka Slovensk\u00e1 republika\" \/>\n<meta name=\"twitter:card\" content=\"summary_large_image\" \/>\n<script type=\"application\/ld+json\" class=\"yoast-schema-graph\">{\"@context\":\"https:\/\/schema.org\",\"@graph\":[{\"@type\":\"WebPage\",\"@id\":\"https:\/\/www.teka.com\/sk-sk\/product\/universe-45-t-xp-1b-1d_115110011\/\",\"url\":\"https:\/\/www.teka.com\/sk-sk\/product\/universe-45-t-xp-1b-1d_115110011\/\",\"name\":\"UNIVERSE 45 T-XP 1B 1D | Teka Slovensk\u00e1 republika\",\"isPartOf\":{\"@id\":\"https:\/\/www.teka.com\/sk-sk\/#website\"},\"datePublished\":\"2026-04-07T20:29:16+00:00\",\"inLanguage\":\"sk-SK\",\"potentialAction\":[{\"@type\":\"ReadAction\",\"target\":[\"https:\/\/www.teka.com\/sk-sk\/product\/universe-45-t-xp-1b-1d_115110011\/\"]}]},{\"@type\":\"WebSite\",\"@id\":\"https:\/\/www.teka.com\/sk-sk\/#website\",\"url\":\"https:\/\/www.teka.com\/sk-sk\/\",\"name\":\"Teka Slovensk\u00e1 republika\",\"description\":\"\",\"potentialAction\":[{\"@type\":\"SearchAction\",\"target\":{\"@type\":\"EntryPoint\",\"urlTemplate\":\"https:\/\/www.teka.com\/sk-sk\/?s={search_term_string}\"},\"query-input\":{\"@type\":\"PropertyValueSpecification\",\"valueRequired\":true,\"valueName\":\"search_term_string\"}}],\"inLanguage\":\"sk-SK\"}]}<\/script>\n<!-- \/ Yoast SEO plugin. -->","yoast_head_json":{"title":"UNIVERSE 45 T-XP 1B 1D | Teka Slovensk\u00e1 republika","robots":{"index":"index","follow":"follow","max-snippet":"max-snippet:-1","max-image-preview":"max-image-preview:large","max-video-preview":"max-video-preview:-1"},"canonical":"https:\/\/www.teka.com\/sk-sk\/product\/universe-45-t-xp-1b-1d_115110011\/","og_locale":"sk_SK","og_type":"article","og_title":"UNIVERSE 45 T-XP 1B 1D | Teka Slovensk\u00e1 republika","og_description":"Povrchov\u00e1 \u00faprava: leskl\u00e1 Hr\u00fabka plechu z nehrdzavej\u00facej ocele 0,7 mm Odtokov\u00e1 s\u00faprava s 3\u00bd&quot; sitkom a prepadom Bez otvorov","og_url":"https:\/\/www.teka.com\/sk-sk\/product\/universe-45-t-xp-1b-1d_115110011\/","og_site_name":"Teka Slovensk\u00e1 republika","twitter_card":"summary_large_image","schema":{"@context":"https:\/\/schema.org","@graph":[{"@type":"WebPage","@id":"https:\/\/www.teka.com\/sk-sk\/product\/universe-45-t-xp-1b-1d_115110011\/","url":"https:\/\/www.teka.com\/sk-sk\/product\/universe-45-t-xp-1b-1d_115110011\/","name":"UNIVERSE 45 T-XP 1B 1D | Teka Slovensk\u00e1 republika","isPartOf":{"@id":"https:\/\/www.teka.com\/sk-sk\/#website"},"datePublished":"2026-04-07T20:29:16+00:00","inLanguage":"sk-SK","potentialAction":[{"@type":"ReadAction","target":["https:\/\/www.teka.com\/sk-sk\/product\/universe-45-t-xp-1b-1d_115110011\/"]}]},{"@type":"WebSite","@id":"https:\/\/www.teka.com\/sk-sk\/#website","url":"https:\/\/www.teka.com\/sk-sk\/","name":"Teka Slovensk\u00e1 republika","description":"","potentialAction":[{"@type":"SearchAction","target":{"@type":"EntryPoint","urlTemplate":"https:\/\/www.teka.com\/sk-sk\/?s={search_term_string}"},"query-input":{"@type":"PropertyValueSpecification","valueRequired":true,"valueName":"search_term_string"}}],"inLanguage":"sk-SK"}]}},"_links":{"self":[{"href":"https:\/\/www.teka.com\/sk-sk\/wp-json\/wp\/v2\/product\/81729","targetHints":{"allow":["GET"]}}],"collection":[{"href":"https:\/\/www.teka.com\/sk-sk\/wp-json\/wp\/v2\/product"}],"about":[{"href":"https:\/\/www.teka.com\/sk-sk\/wp-json\/wp\/v2\/types\/product"}],"wp:attachment":[{"href":"https:\/\/www.teka.com\/sk-sk\/wp-json\/wp\/v2\/media?parent=81729"}],"wp:term":[{"taxonomy":"product_cat","embeddable":true,"href":"https:\/\/www.teka.com\/sk-sk\/wp-json\/wp\/v2\/product_cat?post=81729"},{"taxonomy":"product_cleaning_system","embeddable":true,"href":"https:\/\/www.teka.com\/sk-sk\/wp-json\/wp\/v2\/product_cleaning_system?post=81729"},{"taxonomy":"product_3rd_basket","embeddable":true,"href":"https:\/\/www.teka.com\/sk-sk\/wp-json\/wp\/v2\/product_3rd_basket?post=81729"},{"taxonomy":"product_drawers","embeddable":true,"href":"https:\/\/www.teka.com\/sk-sk\/wp-json\/wp\/v2\/product_drawers?post=81729"},{"taxonomy":"product_type_of_installation","embeddable":true,"href":"https:\/\/www.teka.com\/sk-sk\/wp-json\/wp\/v2\/product_type_of_installation?post=81729"},{"taxonomy":"product_edition","embeddable":true,"href":"https:\/\/www.teka.com\/sk-sk\/wp-json\/wp\/v2\/product_edition?post=81729"},{"taxonomy":"product_serie","embeddable":true,"href":"https:\/\/www.teka.com\/sk-sk\/wp-json\/wp\/v2\/product_serie?post=81729"},{"taxonomy":"product_features","embeddable":true,"href":"https:\/\/www.teka.com\/sk-sk\/wp-json\/wp\/v2\/product_features?post=81729"},{"taxonomy":"finishes","embeddable":true,"href":"https:\/\/www.teka.com\/sk-sk\/wp-json\/wp\/v2\/finishes?post=81729"},{"taxonomy":"product_bundles","embeddable":true,"href":"https:\/\/www.teka.com\/sk-sk\/wp-json\/wp\/v2\/product_bundles?post=81729"},{"taxonomy":"product_energy_efficiency","embeddable":true,"href":"https:\/\/www.teka.com\/sk-sk\/wp-json\/wp\/v2\/product_energy_efficiency?post=81729"},{"taxonomy":"product_video_training","embeddable":true,"href":"https:\/\/www.teka.com\/sk-sk\/wp-json\/wp\/v2\/product_video_training?post=81729"}],"curies":[{"name":"wp","href":"https:\/\/api.w.org\/{rel}","templated":true}]}}