{"id":81736,"date":"2026-04-07T20:31:38","date_gmt":"2026-04-07T20:31:38","guid":{"rendered":"https:\/\/teka.com\/en-int\/dfs-74850-ss_114300003"},"modified":"2026-03-14T07:29:20","modified_gmt":"2026-03-14T08:29:20","slug":"dfs-74850-ss_114300003","status":"publish","type":"product","link":"https:\/\/www.teka.com\/sk-sk\/product\/dfs-74850-ss_114300003\/","title":{"rendered":"DFS 74850 SS"},"content":{"rendered":"<ul>\n<li>Vo\u013ene stojaca um\u00fdva\u010dka riadu 45 cm<\/li>\n<li>Elektronick\u00fd panel s LED displejom<\/li>\n<li>Invertorov\u00fd motor<\/li>\n<li>R\u00fdchle programy: 1 hodina, intenz\u00edvny<\/li>\n<li>Extra tich\u00fd program<\/li>\n<li>Hygienick\u00fd program<\/li>\n<li>\u0160peci\u00e1lne funkcie: IonClean, PowerWash, Express<\/li>\n<li>Energetick\u00e1 trieda D<\/li>\n<\/ul>\n","protected":false},"featured_media":0,"parent":0,"template":"","product_cat":[2407],"product_cleaning_system":[],"product_3rd_basket":[8093],"product_drawers":[],"product_type_of_installation":[8100],"product_edition":[],"product_serie":[],"product_features":[],"finishes":[],"product_bundles":[],"product_energy_efficiency":[7272],"product_video_training":[],"class_list":["post-81736","product","type-product","status-publish","hentry","product_cat-umyvacky-riadu","usp-dishwashers-09","usp-dishwashers-11","usp-dishwashers-15","usp-dishwashers-16","usp-dishwashers-20","usp-dishwashers-21","usp-productoftheyear-02","usp-award-06","color-nerezova-ocel","product_type_of_appliance-volne-stojace","product_icons-eco-function","product_icons-third-cutlery-tray","product_icons-extra-dry-function","product_icons-ionclean","product_icons-premium-dry","product_icons-smart-sensor","product_3rd_basket-3-kos","product_type_of_installation-volne-stojace","product_energy_efficiency-d-ue-icon-new"],"acf":[],"yoast_head":"<!-- This site is optimized with the Yoast SEO plugin v27.2 - https:\/\/yoast.com\/product\/yoast-seo-wordpress\/ -->\n<title>DFS 74850 SS | Teka Slovensk\u00e1 republika<\/title>\n<meta name=\"robots\" content=\"index, follow, max-snippet:-1, max-image-preview:large, max-video-preview:-1\" \/>\n<link rel=\"canonical\" href=\"https:\/\/www.teka.com\/sk-sk\/product\/dfs-74850-ss_114300003\/\" \/>\n<meta property=\"og:locale\" content=\"sk_SK\" \/>\n<meta property=\"og:type\" content=\"article\" \/>\n<meta property=\"og:title\" content=\"DFS 74850 SS | Teka Slovensk\u00e1 republika\" \/>\n<meta property=\"og:description\" content=\"Vo\u013ene stojaca um\u00fdva\u010dka riadu 45 cm Elektronick\u00fd panel s LED displejom Invertorov\u00fd motor R\u00fdchle programy: 1 hodina, intenz\u00edvny Extra tich\u00fd program Hygienick\u00fd program \u0160peci\u00e1lne funkcie: IonClean, PowerWash, Express Energetick\u00e1 trieda D\" \/>\n<meta property=\"og:url\" content=\"https:\/\/www.teka.com\/sk-sk\/product\/dfs-74850-ss_114300003\/\" \/>\n<meta property=\"og:site_name\" content=\"Teka Slovensk\u00e1 republika\" \/>\n<meta name=\"twitter:card\" content=\"summary_large_image\" \/>\n<script type=\"application\/ld+json\" class=\"yoast-schema-graph\">{\"@context\":\"https:\/\/schema.org\",\"@graph\":[{\"@type\":\"WebPage\",\"@id\":\"https:\/\/www.teka.com\/sk-sk\/product\/dfs-74850-ss_114300003\/\",\"url\":\"https:\/\/www.teka.com\/sk-sk\/product\/dfs-74850-ss_114300003\/\",\"name\":\"DFS 74850 SS | Teka Slovensk\u00e1 republika\",\"isPartOf\":{\"@id\":\"https:\/\/www.teka.com\/sk-sk\/#website\"},\"datePublished\":\"2026-04-07T20:31:38+00:00\",\"inLanguage\":\"sk-SK\",\"potentialAction\":[{\"@type\":\"ReadAction\",\"target\":[\"https:\/\/www.teka.com\/sk-sk\/product\/dfs-74850-ss_114300003\/\"]}]},{\"@type\":\"WebSite\",\"@id\":\"https:\/\/www.teka.com\/sk-sk\/#website\",\"url\":\"https:\/\/www.teka.com\/sk-sk\/\",\"name\":\"Teka Slovensk\u00e1 republika\",\"description\":\"\",\"potentialAction\":[{\"@type\":\"SearchAction\",\"target\":{\"@type\":\"EntryPoint\",\"urlTemplate\":\"https:\/\/www.teka.com\/sk-sk\/?s={search_term_string}\"},\"query-input\":{\"@type\":\"PropertyValueSpecification\",\"valueRequired\":true,\"valueName\":\"search_term_string\"}}],\"inLanguage\":\"sk-SK\"}]}<\/script>\n<!-- \/ Yoast SEO plugin. -->","yoast_head_json":{"title":"DFS 74850 SS | Teka Slovensk\u00e1 republika","robots":{"index":"index","follow":"follow","max-snippet":"max-snippet:-1","max-image-preview":"max-image-preview:large","max-video-preview":"max-video-preview:-1"},"canonical":"https:\/\/www.teka.com\/sk-sk\/product\/dfs-74850-ss_114300003\/","og_locale":"sk_SK","og_type":"article","og_title":"DFS 74850 SS | Teka Slovensk\u00e1 republika","og_description":"Vo\u013ene stojaca um\u00fdva\u010dka riadu 45 cm Elektronick\u00fd panel s LED displejom Invertorov\u00fd motor R\u00fdchle programy: 1 hodina, intenz\u00edvny Extra tich\u00fd program Hygienick\u00fd program \u0160peci\u00e1lne funkcie: IonClean, PowerWash, Express Energetick\u00e1 trieda D","og_url":"https:\/\/www.teka.com\/sk-sk\/product\/dfs-74850-ss_114300003\/","og_site_name":"Teka Slovensk\u00e1 republika","twitter_card":"summary_large_image","schema":{"@context":"https:\/\/schema.org","@graph":[{"@type":"WebPage","@id":"https:\/\/www.teka.com\/sk-sk\/product\/dfs-74850-ss_114300003\/","url":"https:\/\/www.teka.com\/sk-sk\/product\/dfs-74850-ss_114300003\/","name":"DFS 74850 SS | Teka Slovensk\u00e1 republika","isPartOf":{"@id":"https:\/\/www.teka.com\/sk-sk\/#website"},"datePublished":"2026-04-07T20:31:38+00:00","inLanguage":"sk-SK","potentialAction":[{"@type":"ReadAction","target":["https:\/\/www.teka.com\/sk-sk\/product\/dfs-74850-ss_114300003\/"]}]},{"@type":"WebSite","@id":"https:\/\/www.teka.com\/sk-sk\/#website","url":"https:\/\/www.teka.com\/sk-sk\/","name":"Teka Slovensk\u00e1 republika","description":"","potentialAction":[{"@type":"SearchAction","target":{"@type":"EntryPoint","urlTemplate":"https:\/\/www.teka.com\/sk-sk\/?s={search_term_string}"},"query-input":{"@type":"PropertyValueSpecification","valueRequired":true,"valueName":"search_term_string"}}],"inLanguage":"sk-SK"}]}},"_links":{"self":[{"href":"https:\/\/www.teka.com\/sk-sk\/wp-json\/wp\/v2\/product\/81736","targetHints":{"allow":["GET"]}}],"collection":[{"href":"https:\/\/www.teka.com\/sk-sk\/wp-json\/wp\/v2\/product"}],"about":[{"href":"https:\/\/www.teka.com\/sk-sk\/wp-json\/wp\/v2\/types\/product"}],"wp:attachment":[{"href":"https:\/\/www.teka.com\/sk-sk\/wp-json\/wp\/v2\/media?parent=81736"}],"wp:term":[{"taxonomy":"product_cat","embeddable":true,"href":"https:\/\/www.teka.com\/sk-sk\/wp-json\/wp\/v2\/product_cat?post=81736"},{"taxonomy":"product_cleaning_system","embeddable":true,"href":"https:\/\/www.teka.com\/sk-sk\/wp-json\/wp\/v2\/product_cleaning_system?post=81736"},{"taxonomy":"product_3rd_basket","embeddable":true,"href":"https:\/\/www.teka.com\/sk-sk\/wp-json\/wp\/v2\/product_3rd_basket?post=81736"},{"taxonomy":"product_drawers","embeddable":true,"href":"https:\/\/www.teka.com\/sk-sk\/wp-json\/wp\/v2\/product_drawers?post=81736"},{"taxonomy":"product_type_of_installation","embeddable":true,"href":"https:\/\/www.teka.com\/sk-sk\/wp-json\/wp\/v2\/product_type_of_installation?post=81736"},{"taxonomy":"product_edition","embeddable":true,"href":"https:\/\/www.teka.com\/sk-sk\/wp-json\/wp\/v2\/product_edition?post=81736"},{"taxonomy":"product_serie","embeddable":true,"href":"https:\/\/www.teka.com\/sk-sk\/wp-json\/wp\/v2\/product_serie?post=81736"},{"taxonomy":"product_features","embeddable":true,"href":"https:\/\/www.teka.com\/sk-sk\/wp-json\/wp\/v2\/product_features?post=81736"},{"taxonomy":"finishes","embeddable":true,"href":"https:\/\/www.teka.com\/sk-sk\/wp-json\/wp\/v2\/finishes?post=81736"},{"taxonomy":"product_bundles","embeddable":true,"href":"https:\/\/www.teka.com\/sk-sk\/wp-json\/wp\/v2\/product_bundles?post=81736"},{"taxonomy":"product_energy_efficiency","embeddable":true,"href":"https:\/\/www.teka.com\/sk-sk\/wp-json\/wp\/v2\/product_energy_efficiency?post=81736"},{"taxonomy":"product_video_training","embeddable":true,"href":"https:\/\/www.teka.com\/sk-sk\/wp-json\/wp\/v2\/product_video_training?post=81736"}],"curies":[{"name":"wp","href":"https:\/\/api.w.org\/{rel}","templated":true}]}}