{"id":81739,"date":"2026-04-25T11:51:27","date_gmt":"2026-04-25T11:51:27","guid":{"rendered":"https:\/\/teka.com\/en-int\/directsense-izf-88700-mst_112500029"},"modified":"2026-04-21T01:53:22","modified_gmt":"2026-04-21T02:53:22","slug":"directsense-izf-88700-mst_112500029","status":"publish","type":"product","link":"https:\/\/www.teka.com\/sk-sk\/product\/directsense-izf-88700-mst_112500029\/","title":{"rendered":"DirectSense IZF 88700 MST"},"content":{"rendered":"<ul>\n<li>Induk\u010dn\u00e1 varn\u00e1 doska 80 cm<\/li>\n<li>S\u00e9ria MasterSense<\/li>\n<li>Dotykov\u00e9 ovl\u00e1danie Multislider<\/li>\n<li>FullFlex<\/li>\n<li>Keramick\u00e9 sklo<\/li>\n<li>4 induk\u010dn\u00e9 varn\u00e9 z\u00f3ny<\/li>\n<\/ul>\n","protected":false},"featured_media":0,"parent":0,"template":"","product_cat":[2325],"product_cleaning_system":[],"product_3rd_basket":[],"product_drawers":[],"product_type_of_installation":[],"product_edition":[7180],"product_serie":[],"product_features":[7156,8076,8077,8086,8087,8088,8089,8090,8091,8095,8096],"finishes":[],"product_bundles":[],"product_energy_efficiency":[],"product_video_training":[7854,7860,7862,7865,7867,7868,7870,7871,7873,7876],"class_list":["post-81739","product","type-product","status-publish","hentry","product_cat-varne-dosky","usp-induction-01","usp-induction-02","usp-induction-03","usp-induction-04","usp-induction-05","usp-induction-06","usp-induction-07","usp-induction-08","usp-induction-19","usp-productoftheyear-03","color-cierne-sklo","product_type_of_appliance-indukcne-dosky","product_ambient-urban-colors-01","product_ambient-urban-colors-02","product_ambient-urban-colors-03","product_icons-multislider","product_icons-autolock","product_icons-power","product_icons-power-plus","product_icons-easy-installation","product_icons-flex","product_edition-night-river-black","product_features-flex","product_features-rychyy-var","product_features-udrzanie-teploty","product_features-grilovanie","product_features-vyprazanie","product_features-fritovanie","product_features-vrenie","product_features-topenie","product_features-konfitovanie","product_features-posirovanie","product_features-varenie-ryze","product_video_training-traininghobs-01","product_video_training-traininghobs-02","product_video_training-traininghobs-04","product_video_training-traininghobs-05","product_video_training-traininghobs-06","product_video_training-traininghobs-07","product_video_training-traininghobs-08","product_video_training-traininghobs-09","product_video_training-traininghobs-10","product_video_training-traininghobs-11"],"acf":[],"yoast_head":"<!-- This site is optimized with the Yoast SEO plugin v27.2 - https:\/\/yoast.com\/product\/yoast-seo-wordpress\/ -->\n<title>DirectSense IZF 88700 MST | Teka Slovensk\u00e1 republika<\/title>\n<meta name=\"robots\" content=\"index, follow, max-snippet:-1, max-image-preview:large, max-video-preview:-1\" \/>\n<link rel=\"canonical\" href=\"https:\/\/www.teka.com\/sk-sk\/product\/directsense-izf-88700-mst_112500029\/\" \/>\n<meta property=\"og:locale\" content=\"sk_SK\" \/>\n<meta property=\"og:type\" content=\"article\" \/>\n<meta property=\"og:title\" content=\"DirectSense IZF 88700 MST | Teka Slovensk\u00e1 republika\" \/>\n<meta property=\"og:description\" content=\"Induk\u010dn\u00e1 varn\u00e1 doska 80 cm S\u00e9ria MasterSense Dotykov\u00e9 ovl\u00e1danie Multislider FullFlex Keramick\u00e9 sklo 4 induk\u010dn\u00e9 varn\u00e9 z\u00f3ny\" \/>\n<meta property=\"og:url\" content=\"https:\/\/www.teka.com\/sk-sk\/product\/directsense-izf-88700-mst_112500029\/\" \/>\n<meta property=\"og:site_name\" content=\"Teka Slovensk\u00e1 republika\" \/>\n<meta name=\"twitter:card\" content=\"summary_large_image\" \/>\n<script type=\"application\/ld+json\" class=\"yoast-schema-graph\">{\"@context\":\"https:\/\/schema.org\",\"@graph\":[{\"@type\":\"WebPage\",\"@id\":\"https:\/\/www.teka.com\/sk-sk\/product\/directsense-izf-88700-mst_112500029\/\",\"url\":\"https:\/\/www.teka.com\/sk-sk\/product\/directsense-izf-88700-mst_112500029\/\",\"name\":\"DirectSense IZF 88700 MST | Teka Slovensk\u00e1 republika\",\"isPartOf\":{\"@id\":\"https:\/\/www.teka.com\/sk-sk\/#website\"},\"datePublished\":\"2026-04-25T11:51:27+00:00\",\"inLanguage\":\"sk-SK\",\"potentialAction\":[{\"@type\":\"ReadAction\",\"target\":[\"https:\/\/www.teka.com\/sk-sk\/product\/directsense-izf-88700-mst_112500029\/\"]}]},{\"@type\":\"WebSite\",\"@id\":\"https:\/\/www.teka.com\/sk-sk\/#website\",\"url\":\"https:\/\/www.teka.com\/sk-sk\/\",\"name\":\"Teka Slovensk\u00e1 republika\",\"description\":\"\",\"potentialAction\":[{\"@type\":\"SearchAction\",\"target\":{\"@type\":\"EntryPoint\",\"urlTemplate\":\"https:\/\/www.teka.com\/sk-sk\/?s={search_term_string}\"},\"query-input\":{\"@type\":\"PropertyValueSpecification\",\"valueRequired\":true,\"valueName\":\"search_term_string\"}}],\"inLanguage\":\"sk-SK\"}]}<\/script>\n<!-- \/ Yoast SEO plugin. -->","yoast_head_json":{"title":"DirectSense IZF 88700 MST | Teka Slovensk\u00e1 republika","robots":{"index":"index","follow":"follow","max-snippet":"max-snippet:-1","max-image-preview":"max-image-preview:large","max-video-preview":"max-video-preview:-1"},"canonical":"https:\/\/www.teka.com\/sk-sk\/product\/directsense-izf-88700-mst_112500029\/","og_locale":"sk_SK","og_type":"article","og_title":"DirectSense IZF 88700 MST | Teka Slovensk\u00e1 republika","og_description":"Induk\u010dn\u00e1 varn\u00e1 doska 80 cm S\u00e9ria MasterSense Dotykov\u00e9 ovl\u00e1danie Multislider FullFlex Keramick\u00e9 sklo 4 induk\u010dn\u00e9 varn\u00e9 z\u00f3ny","og_url":"https:\/\/www.teka.com\/sk-sk\/product\/directsense-izf-88700-mst_112500029\/","og_site_name":"Teka Slovensk\u00e1 republika","twitter_card":"summary_large_image","schema":{"@context":"https:\/\/schema.org","@graph":[{"@type":"WebPage","@id":"https:\/\/www.teka.com\/sk-sk\/product\/directsense-izf-88700-mst_112500029\/","url":"https:\/\/www.teka.com\/sk-sk\/product\/directsense-izf-88700-mst_112500029\/","name":"DirectSense IZF 88700 MST | Teka Slovensk\u00e1 republika","isPartOf":{"@id":"https:\/\/www.teka.com\/sk-sk\/#website"},"datePublished":"2026-04-25T11:51:27+00:00","inLanguage":"sk-SK","potentialAction":[{"@type":"ReadAction","target":["https:\/\/www.teka.com\/sk-sk\/product\/directsense-izf-88700-mst_112500029\/"]}]},{"@type":"WebSite","@id":"https:\/\/www.teka.com\/sk-sk\/#website","url":"https:\/\/www.teka.com\/sk-sk\/","name":"Teka Slovensk\u00e1 republika","description":"","potentialAction":[{"@type":"SearchAction","target":{"@type":"EntryPoint","urlTemplate":"https:\/\/www.teka.com\/sk-sk\/?s={search_term_string}"},"query-input":{"@type":"PropertyValueSpecification","valueRequired":true,"valueName":"search_term_string"}}],"inLanguage":"sk-SK"}]}},"_links":{"self":[{"href":"https:\/\/www.teka.com\/sk-sk\/wp-json\/wp\/v2\/product\/81739","targetHints":{"allow":["GET"]}}],"collection":[{"href":"https:\/\/www.teka.com\/sk-sk\/wp-json\/wp\/v2\/product"}],"about":[{"href":"https:\/\/www.teka.com\/sk-sk\/wp-json\/wp\/v2\/types\/product"}],"wp:attachment":[{"href":"https:\/\/www.teka.com\/sk-sk\/wp-json\/wp\/v2\/media?parent=81739"}],"wp:term":[{"taxonomy":"product_cat","embeddable":true,"href":"https:\/\/www.teka.com\/sk-sk\/wp-json\/wp\/v2\/product_cat?post=81739"},{"taxonomy":"product_cleaning_system","embeddable":true,"href":"https:\/\/www.teka.com\/sk-sk\/wp-json\/wp\/v2\/product_cleaning_system?post=81739"},{"taxonomy":"product_3rd_basket","embeddable":true,"href":"https:\/\/www.teka.com\/sk-sk\/wp-json\/wp\/v2\/product_3rd_basket?post=81739"},{"taxonomy":"product_drawers","embeddable":true,"href":"https:\/\/www.teka.com\/sk-sk\/wp-json\/wp\/v2\/product_drawers?post=81739"},{"taxonomy":"product_type_of_installation","embeddable":true,"href":"https:\/\/www.teka.com\/sk-sk\/wp-json\/wp\/v2\/product_type_of_installation?post=81739"},{"taxonomy":"product_edition","embeddable":true,"href":"https:\/\/www.teka.com\/sk-sk\/wp-json\/wp\/v2\/product_edition?post=81739"},{"taxonomy":"product_serie","embeddable":true,"href":"https:\/\/www.teka.com\/sk-sk\/wp-json\/wp\/v2\/product_serie?post=81739"},{"taxonomy":"product_features","embeddable":true,"href":"https:\/\/www.teka.com\/sk-sk\/wp-json\/wp\/v2\/product_features?post=81739"},{"taxonomy":"finishes","embeddable":true,"href":"https:\/\/www.teka.com\/sk-sk\/wp-json\/wp\/v2\/finishes?post=81739"},{"taxonomy":"product_bundles","embeddable":true,"href":"https:\/\/www.teka.com\/sk-sk\/wp-json\/wp\/v2\/product_bundles?post=81739"},{"taxonomy":"product_energy_efficiency","embeddable":true,"href":"https:\/\/www.teka.com\/sk-sk\/wp-json\/wp\/v2\/product_energy_efficiency?post=81739"},{"taxonomy":"product_video_training","embeddable":true,"href":"https:\/\/www.teka.com\/sk-sk\/wp-json\/wp\/v2\/product_video_training?post=81739"}],"curies":[{"name":"wp","href":"https:\/\/api.w.org\/{rel}","templated":true}]}}