{"id":81744,"date":"2026-04-07T20:34:08","date_gmt":"2026-04-07T20:34:08","guid":{"rendered":"https:\/\/teka.com\/en-int\/recirksada-regenerdlvdvt_113290012"},"modified":"2026-03-14T07:31:49","modified_gmt":"2026-03-14T08:31:49","slug":"recirksada-regenerdlvdvt_113290012","status":"publish","type":"product","link":"https:\/\/www.teka.com\/sk-sk\/product\/recirksada-regenerdlvdvt_113290012\/","title":{"rendered":"Recirk.sada regener.DLV\/DVT"},"content":{"rendered":"<ul>\n<li>S\u00faprava na prev\u00e1dzku ods\u00e1va\u010da p\u00e1r v re\u017eime recirkul\u00e1cie<\/li>\n<li>In\u0161talovan\u00e9 na v\u00fdstupe z ods\u00e1va\u010da p\u00e1r, bez potreby r\u00farok ani kom\u00ednov na pr\u00fadenie vzduchu<\/li>\n<li>Obsahuje keramick\u00fd filter R1RTK&quot;<\/li>\n<\/ul>\n","protected":false},"featured_media":0,"parent":0,"template":"","product_cat":[2343],"product_cleaning_system":[],"product_3rd_basket":[],"product_drawers":[],"product_type_of_installation":[],"product_edition":[],"product_serie":[],"product_features":[],"finishes":[],"product_bundles":[],"product_energy_efficiency":[],"product_video_training":[7874,7875],"class_list":["post-81744","product","type-product","status-publish","hentry","product_cat-nahradne-diely-do-kuchyne","color-nerezova-ocel","product_type_of_appliance-digestory","product_video_training-traininghoods-02","product_video_training-traininghoods-03"],"acf":[],"yoast_head":"<!-- This site is optimized with the Yoast SEO plugin v27.2 - https:\/\/yoast.com\/product\/yoast-seo-wordpress\/ -->\n<title>Recirk.sada regener.DLV\/DVT | Teka Slovensk\u00e1 republika<\/title>\n<meta name=\"robots\" content=\"index, follow, max-snippet:-1, max-image-preview:large, max-video-preview:-1\" \/>\n<link rel=\"canonical\" href=\"https:\/\/www.teka.com\/sk-sk\/product\/recirksada-regenerdlvdvt_113290012\/\" \/>\n<meta property=\"og:locale\" content=\"sk_SK\" \/>\n<meta property=\"og:type\" content=\"article\" \/>\n<meta property=\"og:title\" content=\"Recirk.sada regener.DLV\/DVT | Teka Slovensk\u00e1 republika\" \/>\n<meta property=\"og:description\" content=\"S\u00faprava na prev\u00e1dzku ods\u00e1va\u010da p\u00e1r v re\u017eime recirkul\u00e1cie In\u0161talovan\u00e9 na v\u00fdstupe z ods\u00e1va\u010da p\u00e1r, bez potreby r\u00farok ani kom\u00ednov na pr\u00fadenie vzduchu Obsahuje keramick\u00fd filter R1RTK&quot;\" \/>\n<meta property=\"og:url\" content=\"https:\/\/www.teka.com\/sk-sk\/product\/recirksada-regenerdlvdvt_113290012\/\" \/>\n<meta property=\"og:site_name\" content=\"Teka Slovensk\u00e1 republika\" \/>\n<meta name=\"twitter:card\" content=\"summary_large_image\" \/>\n<script type=\"application\/ld+json\" class=\"yoast-schema-graph\">{\"@context\":\"https:\/\/schema.org\",\"@graph\":[{\"@type\":\"WebPage\",\"@id\":\"https:\/\/www.teka.com\/sk-sk\/product\/recirksada-regenerdlvdvt_113290012\/\",\"url\":\"https:\/\/www.teka.com\/sk-sk\/product\/recirksada-regenerdlvdvt_113290012\/\",\"name\":\"Recirk.sada regener.DLV\/DVT | Teka Slovensk\u00e1 republika\",\"isPartOf\":{\"@id\":\"https:\/\/www.teka.com\/sk-sk\/#website\"},\"datePublished\":\"2026-04-07T20:34:08+00:00\",\"inLanguage\":\"sk-SK\",\"potentialAction\":[{\"@type\":\"ReadAction\",\"target\":[\"https:\/\/www.teka.com\/sk-sk\/product\/recirksada-regenerdlvdvt_113290012\/\"]}]},{\"@type\":\"WebSite\",\"@id\":\"https:\/\/www.teka.com\/sk-sk\/#website\",\"url\":\"https:\/\/www.teka.com\/sk-sk\/\",\"name\":\"Teka Slovensk\u00e1 republika\",\"description\":\"\",\"potentialAction\":[{\"@type\":\"SearchAction\",\"target\":{\"@type\":\"EntryPoint\",\"urlTemplate\":\"https:\/\/www.teka.com\/sk-sk\/?s={search_term_string}\"},\"query-input\":{\"@type\":\"PropertyValueSpecification\",\"valueRequired\":true,\"valueName\":\"search_term_string\"}}],\"inLanguage\":\"sk-SK\"}]}<\/script>\n<!-- \/ Yoast SEO plugin. -->","yoast_head_json":{"title":"Recirk.sada regener.DLV\/DVT | Teka Slovensk\u00e1 republika","robots":{"index":"index","follow":"follow","max-snippet":"max-snippet:-1","max-image-preview":"max-image-preview:large","max-video-preview":"max-video-preview:-1"},"canonical":"https:\/\/www.teka.com\/sk-sk\/product\/recirksada-regenerdlvdvt_113290012\/","og_locale":"sk_SK","og_type":"article","og_title":"Recirk.sada regener.DLV\/DVT | Teka Slovensk\u00e1 republika","og_description":"S\u00faprava na prev\u00e1dzku ods\u00e1va\u010da p\u00e1r v re\u017eime recirkul\u00e1cie In\u0161talovan\u00e9 na v\u00fdstupe z ods\u00e1va\u010da p\u00e1r, bez potreby r\u00farok ani kom\u00ednov na pr\u00fadenie vzduchu Obsahuje keramick\u00fd filter R1RTK&quot;","og_url":"https:\/\/www.teka.com\/sk-sk\/product\/recirksada-regenerdlvdvt_113290012\/","og_site_name":"Teka Slovensk\u00e1 republika","twitter_card":"summary_large_image","schema":{"@context":"https:\/\/schema.org","@graph":[{"@type":"WebPage","@id":"https:\/\/www.teka.com\/sk-sk\/product\/recirksada-regenerdlvdvt_113290012\/","url":"https:\/\/www.teka.com\/sk-sk\/product\/recirksada-regenerdlvdvt_113290012\/","name":"Recirk.sada regener.DLV\/DVT | Teka Slovensk\u00e1 republika","isPartOf":{"@id":"https:\/\/www.teka.com\/sk-sk\/#website"},"datePublished":"2026-04-07T20:34:08+00:00","inLanguage":"sk-SK","potentialAction":[{"@type":"ReadAction","target":["https:\/\/www.teka.com\/sk-sk\/product\/recirksada-regenerdlvdvt_113290012\/"]}]},{"@type":"WebSite","@id":"https:\/\/www.teka.com\/sk-sk\/#website","url":"https:\/\/www.teka.com\/sk-sk\/","name":"Teka Slovensk\u00e1 republika","description":"","potentialAction":[{"@type":"SearchAction","target":{"@type":"EntryPoint","urlTemplate":"https:\/\/www.teka.com\/sk-sk\/?s={search_term_string}"},"query-input":{"@type":"PropertyValueSpecification","valueRequired":true,"valueName":"search_term_string"}}],"inLanguage":"sk-SK"}]}},"_links":{"self":[{"href":"https:\/\/www.teka.com\/sk-sk\/wp-json\/wp\/v2\/product\/81744","targetHints":{"allow":["GET"]}}],"collection":[{"href":"https:\/\/www.teka.com\/sk-sk\/wp-json\/wp\/v2\/product"}],"about":[{"href":"https:\/\/www.teka.com\/sk-sk\/wp-json\/wp\/v2\/types\/product"}],"wp:attachment":[{"href":"https:\/\/www.teka.com\/sk-sk\/wp-json\/wp\/v2\/media?parent=81744"}],"wp:term":[{"taxonomy":"product_cat","embeddable":true,"href":"https:\/\/www.teka.com\/sk-sk\/wp-json\/wp\/v2\/product_cat?post=81744"},{"taxonomy":"product_cleaning_system","embeddable":true,"href":"https:\/\/www.teka.com\/sk-sk\/wp-json\/wp\/v2\/product_cleaning_system?post=81744"},{"taxonomy":"product_3rd_basket","embeddable":true,"href":"https:\/\/www.teka.com\/sk-sk\/wp-json\/wp\/v2\/product_3rd_basket?post=81744"},{"taxonomy":"product_drawers","embeddable":true,"href":"https:\/\/www.teka.com\/sk-sk\/wp-json\/wp\/v2\/product_drawers?post=81744"},{"taxonomy":"product_type_of_installation","embeddable":true,"href":"https:\/\/www.teka.com\/sk-sk\/wp-json\/wp\/v2\/product_type_of_installation?post=81744"},{"taxonomy":"product_edition","embeddable":true,"href":"https:\/\/www.teka.com\/sk-sk\/wp-json\/wp\/v2\/product_edition?post=81744"},{"taxonomy":"product_serie","embeddable":true,"href":"https:\/\/www.teka.com\/sk-sk\/wp-json\/wp\/v2\/product_serie?post=81744"},{"taxonomy":"product_features","embeddable":true,"href":"https:\/\/www.teka.com\/sk-sk\/wp-json\/wp\/v2\/product_features?post=81744"},{"taxonomy":"finishes","embeddable":true,"href":"https:\/\/www.teka.com\/sk-sk\/wp-json\/wp\/v2\/finishes?post=81744"},{"taxonomy":"product_bundles","embeddable":true,"href":"https:\/\/www.teka.com\/sk-sk\/wp-json\/wp\/v2\/product_bundles?post=81744"},{"taxonomy":"product_energy_efficiency","embeddable":true,"href":"https:\/\/www.teka.com\/sk-sk\/wp-json\/wp\/v2\/product_energy_efficiency?post=81744"},{"taxonomy":"product_video_training","embeddable":true,"href":"https:\/\/www.teka.com\/sk-sk\/wp-json\/wp\/v2\/product_video_training?post=81744"}],"curies":[{"name":"wp","href":"https:\/\/api.w.org\/{rel}","templated":true}]}}