{"id":81749,"date":"2026-04-07T20:34:48","date_gmt":"2026-04-07T20:34:48","guid":{"rendered":"https:\/\/teka.com\/en-int\/recirksada-regenerdlv_113290010"},"modified":"2026-03-14T07:32:50","modified_gmt":"2026-03-14T08:32:50","slug":"recirksada-regenerdlv_113290010","status":"publish","type":"product","link":"https:\/\/www.teka.com\/sk-sk\/product\/recirksada-regenerdlv_113290010\/","title":{"rendered":"Recirk.sada regener.DLV"},"content":{"rendered":"<ul>\n<li>Odpor\u00fa\u010dan\u00e9 s\u00fapravy, ke\u010f nie je mo\u017en\u00e9 vetranie smerom von<\/li>\n<li>Obsahuje kotviace podpery motora a filtrov<\/li>\n<li>Regenera\u010dn\u00e9 filtre s akt\u00edvnym uhl\u00edm pre udr\u017eanie \u010dist\u00e9ho a zdrav\u00e9ho prostredia v kuchyni<\/li>\n<li>Jednoduch\u00e1 in\u0161tal\u00e1cia a v\u00fdmena po nahromaden\u00ed \u010dast\u00edc vo filtri, aby stratil \u010distenie<\/li>\n<li>Dostupn\u00e9 pre modely ods\u00e1va\u010dov p\u00e1r DLV<\/li>\n<\/ul>\n","protected":false},"featured_media":0,"parent":0,"template":"","product_cat":[2343],"product_cleaning_system":[],"product_3rd_basket":[],"product_drawers":[],"product_type_of_installation":[],"product_edition":[],"product_serie":[],"product_features":[],"finishes":[],"product_bundles":[],"product_energy_efficiency":[],"product_video_training":[7874,7875],"class_list":["post-81749","product","type-product","status-publish","hentry","product_cat-nahradne-diely-do-kuchyne","color-nerezova-ocel","product_type_of_appliance-digestory","product_video_training-traininghoods-02","product_video_training-traininghoods-03"],"acf":[],"yoast_head":"<!-- This site is optimized with the Yoast SEO plugin v27.2 - https:\/\/yoast.com\/product\/yoast-seo-wordpress\/ -->\n<title>Recirk.sada regener.DLV | Teka Slovensk\u00e1 republika<\/title>\n<meta name=\"robots\" content=\"index, follow, max-snippet:-1, max-image-preview:large, max-video-preview:-1\" \/>\n<link rel=\"canonical\" href=\"https:\/\/www.teka.com\/sk-sk\/product\/recirksada-regenerdlv_113290010\/\" \/>\n<meta property=\"og:locale\" content=\"sk_SK\" \/>\n<meta property=\"og:type\" content=\"article\" \/>\n<meta property=\"og:title\" content=\"Recirk.sada regener.DLV | Teka Slovensk\u00e1 republika\" \/>\n<meta property=\"og:description\" content=\"Odpor\u00fa\u010dan\u00e9 s\u00fapravy, ke\u010f nie je mo\u017en\u00e9 vetranie smerom von Obsahuje kotviace podpery motora a filtrov Regenera\u010dn\u00e9 filtre s akt\u00edvnym uhl\u00edm pre udr\u017eanie \u010dist\u00e9ho a zdrav\u00e9ho prostredia v kuchyni Jednoduch\u00e1 in\u0161tal\u00e1cia a v\u00fdmena po nahromaden\u00ed \u010dast\u00edc vo filtri, aby stratil \u010distenie Dostupn\u00e9 pre modely ods\u00e1va\u010dov p\u00e1r DLV\" \/>\n<meta property=\"og:url\" content=\"https:\/\/www.teka.com\/sk-sk\/product\/recirksada-regenerdlv_113290010\/\" \/>\n<meta property=\"og:site_name\" content=\"Teka Slovensk\u00e1 republika\" \/>\n<meta name=\"twitter:card\" content=\"summary_large_image\" \/>\n<script type=\"application\/ld+json\" class=\"yoast-schema-graph\">{\"@context\":\"https:\/\/schema.org\",\"@graph\":[{\"@type\":\"WebPage\",\"@id\":\"https:\/\/www.teka.com\/sk-sk\/product\/recirksada-regenerdlv_113290010\/\",\"url\":\"https:\/\/www.teka.com\/sk-sk\/product\/recirksada-regenerdlv_113290010\/\",\"name\":\"Recirk.sada regener.DLV | Teka Slovensk\u00e1 republika\",\"isPartOf\":{\"@id\":\"https:\/\/www.teka.com\/sk-sk\/#website\"},\"datePublished\":\"2026-04-07T20:34:48+00:00\",\"inLanguage\":\"sk-SK\",\"potentialAction\":[{\"@type\":\"ReadAction\",\"target\":[\"https:\/\/www.teka.com\/sk-sk\/product\/recirksada-regenerdlv_113290010\/\"]}]},{\"@type\":\"WebSite\",\"@id\":\"https:\/\/www.teka.com\/sk-sk\/#website\",\"url\":\"https:\/\/www.teka.com\/sk-sk\/\",\"name\":\"Teka Slovensk\u00e1 republika\",\"description\":\"\",\"potentialAction\":[{\"@type\":\"SearchAction\",\"target\":{\"@type\":\"EntryPoint\",\"urlTemplate\":\"https:\/\/www.teka.com\/sk-sk\/?s={search_term_string}\"},\"query-input\":{\"@type\":\"PropertyValueSpecification\",\"valueRequired\":true,\"valueName\":\"search_term_string\"}}],\"inLanguage\":\"sk-SK\"}]}<\/script>\n<!-- \/ Yoast SEO plugin. -->","yoast_head_json":{"title":"Recirk.sada regener.DLV | Teka Slovensk\u00e1 republika","robots":{"index":"index","follow":"follow","max-snippet":"max-snippet:-1","max-image-preview":"max-image-preview:large","max-video-preview":"max-video-preview:-1"},"canonical":"https:\/\/www.teka.com\/sk-sk\/product\/recirksada-regenerdlv_113290010\/","og_locale":"sk_SK","og_type":"article","og_title":"Recirk.sada regener.DLV | Teka Slovensk\u00e1 republika","og_description":"Odpor\u00fa\u010dan\u00e9 s\u00fapravy, ke\u010f nie je mo\u017en\u00e9 vetranie smerom von Obsahuje kotviace podpery motora a filtrov Regenera\u010dn\u00e9 filtre s akt\u00edvnym uhl\u00edm pre udr\u017eanie \u010dist\u00e9ho a zdrav\u00e9ho prostredia v kuchyni Jednoduch\u00e1 in\u0161tal\u00e1cia a v\u00fdmena po nahromaden\u00ed \u010dast\u00edc vo filtri, aby stratil \u010distenie Dostupn\u00e9 pre modely ods\u00e1va\u010dov p\u00e1r DLV","og_url":"https:\/\/www.teka.com\/sk-sk\/product\/recirksada-regenerdlv_113290010\/","og_site_name":"Teka Slovensk\u00e1 republika","twitter_card":"summary_large_image","schema":{"@context":"https:\/\/schema.org","@graph":[{"@type":"WebPage","@id":"https:\/\/www.teka.com\/sk-sk\/product\/recirksada-regenerdlv_113290010\/","url":"https:\/\/www.teka.com\/sk-sk\/product\/recirksada-regenerdlv_113290010\/","name":"Recirk.sada regener.DLV | Teka Slovensk\u00e1 republika","isPartOf":{"@id":"https:\/\/www.teka.com\/sk-sk\/#website"},"datePublished":"2026-04-07T20:34:48+00:00","inLanguage":"sk-SK","potentialAction":[{"@type":"ReadAction","target":["https:\/\/www.teka.com\/sk-sk\/product\/recirksada-regenerdlv_113290010\/"]}]},{"@type":"WebSite","@id":"https:\/\/www.teka.com\/sk-sk\/#website","url":"https:\/\/www.teka.com\/sk-sk\/","name":"Teka Slovensk\u00e1 republika","description":"","potentialAction":[{"@type":"SearchAction","target":{"@type":"EntryPoint","urlTemplate":"https:\/\/www.teka.com\/sk-sk\/?s={search_term_string}"},"query-input":{"@type":"PropertyValueSpecification","valueRequired":true,"valueName":"search_term_string"}}],"inLanguage":"sk-SK"}]}},"_links":{"self":[{"href":"https:\/\/www.teka.com\/sk-sk\/wp-json\/wp\/v2\/product\/81749","targetHints":{"allow":["GET"]}}],"collection":[{"href":"https:\/\/www.teka.com\/sk-sk\/wp-json\/wp\/v2\/product"}],"about":[{"href":"https:\/\/www.teka.com\/sk-sk\/wp-json\/wp\/v2\/types\/product"}],"wp:attachment":[{"href":"https:\/\/www.teka.com\/sk-sk\/wp-json\/wp\/v2\/media?parent=81749"}],"wp:term":[{"taxonomy":"product_cat","embeddable":true,"href":"https:\/\/www.teka.com\/sk-sk\/wp-json\/wp\/v2\/product_cat?post=81749"},{"taxonomy":"product_cleaning_system","embeddable":true,"href":"https:\/\/www.teka.com\/sk-sk\/wp-json\/wp\/v2\/product_cleaning_system?post=81749"},{"taxonomy":"product_3rd_basket","embeddable":true,"href":"https:\/\/www.teka.com\/sk-sk\/wp-json\/wp\/v2\/product_3rd_basket?post=81749"},{"taxonomy":"product_drawers","embeddable":true,"href":"https:\/\/www.teka.com\/sk-sk\/wp-json\/wp\/v2\/product_drawers?post=81749"},{"taxonomy":"product_type_of_installation","embeddable":true,"href":"https:\/\/www.teka.com\/sk-sk\/wp-json\/wp\/v2\/product_type_of_installation?post=81749"},{"taxonomy":"product_edition","embeddable":true,"href":"https:\/\/www.teka.com\/sk-sk\/wp-json\/wp\/v2\/product_edition?post=81749"},{"taxonomy":"product_serie","embeddable":true,"href":"https:\/\/www.teka.com\/sk-sk\/wp-json\/wp\/v2\/product_serie?post=81749"},{"taxonomy":"product_features","embeddable":true,"href":"https:\/\/www.teka.com\/sk-sk\/wp-json\/wp\/v2\/product_features?post=81749"},{"taxonomy":"finishes","embeddable":true,"href":"https:\/\/www.teka.com\/sk-sk\/wp-json\/wp\/v2\/finishes?post=81749"},{"taxonomy":"product_bundles","embeddable":true,"href":"https:\/\/www.teka.com\/sk-sk\/wp-json\/wp\/v2\/product_bundles?post=81749"},{"taxonomy":"product_energy_efficiency","embeddable":true,"href":"https:\/\/www.teka.com\/sk-sk\/wp-json\/wp\/v2\/product_energy_efficiency?post=81749"},{"taxonomy":"product_video_training","embeddable":true,"href":"https:\/\/www.teka.com\/sk-sk\/wp-json\/wp\/v2\/product_video_training?post=81749"}],"curies":[{"name":"wp","href":"https:\/\/api.w.org\/{rel}","templated":true}]}}