{"id":81762,"date":"2026-04-07T20:38:49","date_gmt":"2026-04-07T20:38:49","guid":{"rendered":"https:\/\/teka.com\/en-int\/hlb-8510-p-bk-maestro-pizza_111000046"},"modified":"2026-03-14T07:48:07","modified_gmt":"2026-03-14T08:48:07","slug":"hlb-8510-p-bk-maestro-pizza_111000046","status":"publish","type":"product","link":"https:\/\/www.teka.com\/sk-sk\/product\/hlb-8510-p-bk-maestro-pizza_111000046\/","title":{"rendered":"HLB 8510 P BK MAESTRO PIZZA"},"content":{"rendered":"<ul>\n<li>Multifunk\u010dn\u00e1 pyrolytick\u00e1 pec so \u0161peci\u00e1lnou funkciou na pe\u010denie pizze pri 340 \u00baC<\/li>\n<li>Technol\u00f3gia SurroundTemp<\/li>\n<li>8 funkci\u00ed na pr\u00edpravu jed\u00e1l<\/li>\n<li>\u0160peci\u00e1lny program na pr\u00edpravu pizze s teplotou 340 \u00b0C<\/li>\n<li>Syst\u00e9m \u010distenia DualClean: pyrol\u00fdza a HydroClean\u00ae PRO<\/li>\n<\/ul>\n","protected":false},"featured_media":0,"parent":0,"template":"","product_cat":[2373],"product_cleaning_system":[3092,8081],"product_3rd_basket":[],"product_drawers":[],"product_type_of_installation":[8099],"product_edition":[7180],"product_serie":[],"product_features":[],"finishes":[],"product_bundles":[],"product_energy_efficiency":[7796],"product_video_training":[7859,7863,7869,7872,7883],"class_list":["post-81762","product","type-product","status-publish","hentry","product_cat-vstavane-rury","usp-ovens-05","usp-ovens-13","usp-maestropizza-06","usp-maestropizza-02","usp-maestropizza-04","usp-maestropizza-05","usp-compacts-05","usp-award-06","usp-pizzastone-03","usp-maestropizza-07","color-cierne-sklo","product_type_of_appliance-multifunkcne-rury","product_ambient-ambient-06","product_ambient-ambient-23","product_icons-70l","product_icons-plus-extension-telescopic-guide","product_icons-hydroclean","product_icons-pyrolysis","product_icons-softclose","product_icons-surroundtemp","product_cleaning_system-hydroclean","product_cleaning_system-pyrolyza","product_type_of_installation-vstavane","product_edition-night-river-black","product_energy_efficiency-a-plus-icon","product_video_training-trainingovens-01","product_video_training-trainingovens-02","product_video_training-trainingovens-05","product_video_training-trainingovens-06","product_video_training-trainingovens-12"],"acf":[],"yoast_head":"<!-- This site is optimized with the Yoast SEO plugin v27.2 - https:\/\/yoast.com\/product\/yoast-seo-wordpress\/ -->\n<title>MaestroPizza HLB 8510 P pyrolytick\u00e1 r\u00fara 340\u00baC | Teka<\/title>\n<meta name=\"robots\" content=\"index, follow, max-snippet:-1, max-image-preview:large, max-video-preview:-1\" \/>\n<link rel=\"canonical\" href=\"https:\/\/www.teka.com\/sk-sk\/product\/hlb-8510-p-bk-maestro-pizza_111000046\/\" \/>\n<meta property=\"og:locale\" content=\"sk_SK\" \/>\n<meta property=\"og:type\" content=\"article\" \/>\n<meta property=\"og:title\" content=\"MaestroPizza HLB 8510 P pyrolytick\u00e1 r\u00fara 340\u00baC | Teka\" \/>\n<meta property=\"og:description\" content=\"Multifunk\u010dn\u00e1 pyrolytick\u00e1 pec so \u0161peci\u00e1lnou funkciou na pe\u010denie pizze pri 340 \u00baC Technol\u00f3gia SurroundTemp 8 funkci\u00ed na pr\u00edpravu jed\u00e1l \u0160peci\u00e1lny program na pr\u00edpravu pizze s teplotou 340 \u00b0C Syst\u00e9m \u010distenia DualClean: pyrol\u00fdza a HydroClean\u00ae PRO\" \/>\n<meta property=\"og:url\" content=\"https:\/\/www.teka.com\/sk-sk\/product\/hlb-8510-p-bk-maestro-pizza_111000046\/\" \/>\n<meta property=\"og:site_name\" content=\"Teka Slovensk\u00e1 republika\" \/>\n<meta name=\"twitter:card\" content=\"summary_large_image\" \/>\n<script type=\"application\/ld+json\" class=\"yoast-schema-graph\">{\"@context\":\"https:\/\/schema.org\",\"@graph\":[{\"@type\":\"WebPage\",\"@id\":\"https:\/\/www.teka.com\/sk-sk\/product\/hlb-8510-p-bk-maestro-pizza_111000046\/\",\"url\":\"https:\/\/www.teka.com\/sk-sk\/product\/hlb-8510-p-bk-maestro-pizza_111000046\/\",\"name\":\"MaestroPizza HLB 8510 P pyrolytick\u00e1 r\u00fara 340\u00baC | Teka\",\"isPartOf\":{\"@id\":\"https:\/\/www.teka.com\/sk-sk\/#website\"},\"datePublished\":\"2026-04-07T20:38:49+00:00\",\"inLanguage\":\"sk-SK\",\"potentialAction\":[{\"@type\":\"ReadAction\",\"target\":[\"https:\/\/www.teka.com\/sk-sk\/product\/hlb-8510-p-bk-maestro-pizza_111000046\/\"]}]},{\"@type\":\"WebSite\",\"@id\":\"https:\/\/www.teka.com\/sk-sk\/#website\",\"url\":\"https:\/\/www.teka.com\/sk-sk\/\",\"name\":\"Teka Slovensk\u00e1 republika\",\"description\":\"\",\"potentialAction\":[{\"@type\":\"SearchAction\",\"target\":{\"@type\":\"EntryPoint\",\"urlTemplate\":\"https:\/\/www.teka.com\/sk-sk\/?s={search_term_string}\"},\"query-input\":{\"@type\":\"PropertyValueSpecification\",\"valueRequired\":true,\"valueName\":\"search_term_string\"}}],\"inLanguage\":\"sk-SK\"}]}<\/script>\n<!-- \/ Yoast SEO plugin. -->","yoast_head_json":{"title":"MaestroPizza HLB 8510 P pyrolytick\u00e1 r\u00fara 340\u00baC | Teka","robots":{"index":"index","follow":"follow","max-snippet":"max-snippet:-1","max-image-preview":"max-image-preview:large","max-video-preview":"max-video-preview:-1"},"canonical":"https:\/\/www.teka.com\/sk-sk\/product\/hlb-8510-p-bk-maestro-pizza_111000046\/","og_locale":"sk_SK","og_type":"article","og_title":"MaestroPizza HLB 8510 P pyrolytick\u00e1 r\u00fara 340\u00baC | Teka","og_description":"Multifunk\u010dn\u00e1 pyrolytick\u00e1 pec so \u0161peci\u00e1lnou funkciou na pe\u010denie pizze pri 340 \u00baC Technol\u00f3gia SurroundTemp 8 funkci\u00ed na pr\u00edpravu jed\u00e1l \u0160peci\u00e1lny program na pr\u00edpravu pizze s teplotou 340 \u00b0C Syst\u00e9m \u010distenia DualClean: pyrol\u00fdza a HydroClean\u00ae PRO","og_url":"https:\/\/www.teka.com\/sk-sk\/product\/hlb-8510-p-bk-maestro-pizza_111000046\/","og_site_name":"Teka Slovensk\u00e1 republika","twitter_card":"summary_large_image","schema":{"@context":"https:\/\/schema.org","@graph":[{"@type":"WebPage","@id":"https:\/\/www.teka.com\/sk-sk\/product\/hlb-8510-p-bk-maestro-pizza_111000046\/","url":"https:\/\/www.teka.com\/sk-sk\/product\/hlb-8510-p-bk-maestro-pizza_111000046\/","name":"MaestroPizza HLB 8510 P pyrolytick\u00e1 r\u00fara 340\u00baC | Teka","isPartOf":{"@id":"https:\/\/www.teka.com\/sk-sk\/#website"},"datePublished":"2026-04-07T20:38:49+00:00","inLanguage":"sk-SK","potentialAction":[{"@type":"ReadAction","target":["https:\/\/www.teka.com\/sk-sk\/product\/hlb-8510-p-bk-maestro-pizza_111000046\/"]}]},{"@type":"WebSite","@id":"https:\/\/www.teka.com\/sk-sk\/#website","url":"https:\/\/www.teka.com\/sk-sk\/","name":"Teka Slovensk\u00e1 republika","description":"","potentialAction":[{"@type":"SearchAction","target":{"@type":"EntryPoint","urlTemplate":"https:\/\/www.teka.com\/sk-sk\/?s={search_term_string}"},"query-input":{"@type":"PropertyValueSpecification","valueRequired":true,"valueName":"search_term_string"}}],"inLanguage":"sk-SK"}]}},"_links":{"self":[{"href":"https:\/\/www.teka.com\/sk-sk\/wp-json\/wp\/v2\/product\/81762","targetHints":{"allow":["GET"]}}],"collection":[{"href":"https:\/\/www.teka.com\/sk-sk\/wp-json\/wp\/v2\/product"}],"about":[{"href":"https:\/\/www.teka.com\/sk-sk\/wp-json\/wp\/v2\/types\/product"}],"wp:attachment":[{"href":"https:\/\/www.teka.com\/sk-sk\/wp-json\/wp\/v2\/media?parent=81762"}],"wp:term":[{"taxonomy":"product_cat","embeddable":true,"href":"https:\/\/www.teka.com\/sk-sk\/wp-json\/wp\/v2\/product_cat?post=81762"},{"taxonomy":"product_cleaning_system","embeddable":true,"href":"https:\/\/www.teka.com\/sk-sk\/wp-json\/wp\/v2\/product_cleaning_system?post=81762"},{"taxonomy":"product_3rd_basket","embeddable":true,"href":"https:\/\/www.teka.com\/sk-sk\/wp-json\/wp\/v2\/product_3rd_basket?post=81762"},{"taxonomy":"product_drawers","embeddable":true,"href":"https:\/\/www.teka.com\/sk-sk\/wp-json\/wp\/v2\/product_drawers?post=81762"},{"taxonomy":"product_type_of_installation","embeddable":true,"href":"https:\/\/www.teka.com\/sk-sk\/wp-json\/wp\/v2\/product_type_of_installation?post=81762"},{"taxonomy":"product_edition","embeddable":true,"href":"https:\/\/www.teka.com\/sk-sk\/wp-json\/wp\/v2\/product_edition?post=81762"},{"taxonomy":"product_serie","embeddable":true,"href":"https:\/\/www.teka.com\/sk-sk\/wp-json\/wp\/v2\/product_serie?post=81762"},{"taxonomy":"product_features","embeddable":true,"href":"https:\/\/www.teka.com\/sk-sk\/wp-json\/wp\/v2\/product_features?post=81762"},{"taxonomy":"finishes","embeddable":true,"href":"https:\/\/www.teka.com\/sk-sk\/wp-json\/wp\/v2\/finishes?post=81762"},{"taxonomy":"product_bundles","embeddable":true,"href":"https:\/\/www.teka.com\/sk-sk\/wp-json\/wp\/v2\/product_bundles?post=81762"},{"taxonomy":"product_energy_efficiency","embeddable":true,"href":"https:\/\/www.teka.com\/sk-sk\/wp-json\/wp\/v2\/product_energy_efficiency?post=81762"},{"taxonomy":"product_video_training","embeddable":true,"href":"https:\/\/www.teka.com\/sk-sk\/wp-json\/wp\/v2\/product_video_training?post=81762"}],"curies":[{"name":"wp","href":"https:\/\/api.w.org\/{rel}","templated":true}]}}