{"id":81797,"date":"2026-04-07T20:48:08","date_gmt":"2026-04-07T20:48:08","guid":{"rendered":"https:\/\/teka.com\/en-int\/dht-97670-ros-wh_113100004"},"modified":"2026-03-14T07:54:23","modified_gmt":"2026-03-14T08:54:23","slug":"dht-97670-ros-wh_113100004","status":"publish","type":"product","link":"https:\/\/www.teka.com\/sk-sk\/product\/dht-97670-ros-wh_113100004\/","title":{"rendered":"DHT 97670 ROS WH"},"content":{"rendered":"<ul>\n<li>Stropn\u00fd ods\u00e1va\u010d p\u00e1r 90 cm<\/li>\n<li>Obvodov\u00fd ods\u00e1vac\u00ed syst\u00e9m<\/li>\n<li>Elektronick\u00e9 ovl\u00e1danie s dia\u013ekov\u00fdm ovl\u00e1dan\u00edm<\/li>\n<li>Funkcia FreshAir<\/li>\n<li>4 r\u00fdchlosti + 2 intenz\u00edvne<\/li>\n<li>V\u00fdkon ods\u00e1vania: min. 317, max. 634, max. 808 m3\/h<\/li>\n<\/ul>\n","protected":false},"featured_media":0,"parent":0,"template":"","product_cat":[2354],"product_cleaning_system":[],"product_3rd_basket":[],"product_drawers":[],"product_type_of_installation":[],"product_edition":[],"product_serie":[],"product_features":[],"finishes":[],"product_bundles":[],"product_energy_efficiency":[7797],"product_video_training":[],"class_list":["post-81797","product","type-product","status-publish","hentry","product_cat-odsavace-par","usp-hoods-06","usp-hoods-10","usp-hoods-12","usp-hoods-17","usp-hoods-18","color-biela","product_type_of_appliance-dekorativne","product_ambient-ambient-23","product_icons-remote-control","product_icons-led","product_icons-perimeter-extraction","product_icons-stop-delay-timer","product_icons-freshair","product_energy_efficiency-a-2plus-icon"],"acf":[],"yoast_head":"<!-- This site is optimized with the Yoast SEO plugin v27.2 - https:\/\/yoast.com\/product\/yoast-seo-wordpress\/ -->\n<title>DHT 97670 ROS WH | Teka Slovensk\u00e1 republika<\/title>\n<meta name=\"robots\" content=\"index, follow, max-snippet:-1, max-image-preview:large, max-video-preview:-1\" \/>\n<link rel=\"canonical\" href=\"https:\/\/www.teka.com\/sk-sk\/product\/dht-97670-ros-wh_113100004\/\" \/>\n<meta property=\"og:locale\" content=\"sk_SK\" \/>\n<meta property=\"og:type\" content=\"article\" \/>\n<meta property=\"og:title\" content=\"DHT 97670 ROS WH | Teka Slovensk\u00e1 republika\" \/>\n<meta property=\"og:description\" content=\"Stropn\u00fd ods\u00e1va\u010d p\u00e1r 90 cm Obvodov\u00fd ods\u00e1vac\u00ed syst\u00e9m Elektronick\u00e9 ovl\u00e1danie s dia\u013ekov\u00fdm ovl\u00e1dan\u00edm Funkcia FreshAir 4 r\u00fdchlosti + 2 intenz\u00edvne V\u00fdkon ods\u00e1vania: min. 317, max. 634, max. 808 m3\/h\" \/>\n<meta property=\"og:url\" content=\"https:\/\/www.teka.com\/sk-sk\/product\/dht-97670-ros-wh_113100004\/\" \/>\n<meta property=\"og:site_name\" content=\"Teka Slovensk\u00e1 republika\" \/>\n<meta name=\"twitter:card\" content=\"summary_large_image\" \/>\n<script type=\"application\/ld+json\" class=\"yoast-schema-graph\">{\"@context\":\"https:\/\/schema.org\",\"@graph\":[{\"@type\":\"WebPage\",\"@id\":\"https:\/\/www.teka.com\/sk-sk\/product\/dht-97670-ros-wh_113100004\/\",\"url\":\"https:\/\/www.teka.com\/sk-sk\/product\/dht-97670-ros-wh_113100004\/\",\"name\":\"DHT 97670 ROS WH | Teka Slovensk\u00e1 republika\",\"isPartOf\":{\"@id\":\"https:\/\/www.teka.com\/sk-sk\/#website\"},\"datePublished\":\"2026-04-07T20:48:08+00:00\",\"inLanguage\":\"sk-SK\",\"potentialAction\":[{\"@type\":\"ReadAction\",\"target\":[\"https:\/\/www.teka.com\/sk-sk\/product\/dht-97670-ros-wh_113100004\/\"]}]},{\"@type\":\"WebSite\",\"@id\":\"https:\/\/www.teka.com\/sk-sk\/#website\",\"url\":\"https:\/\/www.teka.com\/sk-sk\/\",\"name\":\"Teka Slovensk\u00e1 republika\",\"description\":\"\",\"potentialAction\":[{\"@type\":\"SearchAction\",\"target\":{\"@type\":\"EntryPoint\",\"urlTemplate\":\"https:\/\/www.teka.com\/sk-sk\/?s={search_term_string}\"},\"query-input\":{\"@type\":\"PropertyValueSpecification\",\"valueRequired\":true,\"valueName\":\"search_term_string\"}}],\"inLanguage\":\"sk-SK\"}]}<\/script>\n<!-- \/ Yoast SEO plugin. -->","yoast_head_json":{"title":"DHT 97670 ROS WH | Teka Slovensk\u00e1 republika","robots":{"index":"index","follow":"follow","max-snippet":"max-snippet:-1","max-image-preview":"max-image-preview:large","max-video-preview":"max-video-preview:-1"},"canonical":"https:\/\/www.teka.com\/sk-sk\/product\/dht-97670-ros-wh_113100004\/","og_locale":"sk_SK","og_type":"article","og_title":"DHT 97670 ROS WH | Teka Slovensk\u00e1 republika","og_description":"Stropn\u00fd ods\u00e1va\u010d p\u00e1r 90 cm Obvodov\u00fd ods\u00e1vac\u00ed syst\u00e9m Elektronick\u00e9 ovl\u00e1danie s dia\u013ekov\u00fdm ovl\u00e1dan\u00edm Funkcia FreshAir 4 r\u00fdchlosti + 2 intenz\u00edvne V\u00fdkon ods\u00e1vania: min. 317, max. 634, max. 808 m3\/h","og_url":"https:\/\/www.teka.com\/sk-sk\/product\/dht-97670-ros-wh_113100004\/","og_site_name":"Teka Slovensk\u00e1 republika","twitter_card":"summary_large_image","schema":{"@context":"https:\/\/schema.org","@graph":[{"@type":"WebPage","@id":"https:\/\/www.teka.com\/sk-sk\/product\/dht-97670-ros-wh_113100004\/","url":"https:\/\/www.teka.com\/sk-sk\/product\/dht-97670-ros-wh_113100004\/","name":"DHT 97670 ROS WH | Teka Slovensk\u00e1 republika","isPartOf":{"@id":"https:\/\/www.teka.com\/sk-sk\/#website"},"datePublished":"2026-04-07T20:48:08+00:00","inLanguage":"sk-SK","potentialAction":[{"@type":"ReadAction","target":["https:\/\/www.teka.com\/sk-sk\/product\/dht-97670-ros-wh_113100004\/"]}]},{"@type":"WebSite","@id":"https:\/\/www.teka.com\/sk-sk\/#website","url":"https:\/\/www.teka.com\/sk-sk\/","name":"Teka Slovensk\u00e1 republika","description":"","potentialAction":[{"@type":"SearchAction","target":{"@type":"EntryPoint","urlTemplate":"https:\/\/www.teka.com\/sk-sk\/?s={search_term_string}"},"query-input":{"@type":"PropertyValueSpecification","valueRequired":true,"valueName":"search_term_string"}}],"inLanguage":"sk-SK"}]}},"_links":{"self":[{"href":"https:\/\/www.teka.com\/sk-sk\/wp-json\/wp\/v2\/product\/81797","targetHints":{"allow":["GET"]}}],"collection":[{"href":"https:\/\/www.teka.com\/sk-sk\/wp-json\/wp\/v2\/product"}],"about":[{"href":"https:\/\/www.teka.com\/sk-sk\/wp-json\/wp\/v2\/types\/product"}],"wp:attachment":[{"href":"https:\/\/www.teka.com\/sk-sk\/wp-json\/wp\/v2\/media?parent=81797"}],"wp:term":[{"taxonomy":"product_cat","embeddable":true,"href":"https:\/\/www.teka.com\/sk-sk\/wp-json\/wp\/v2\/product_cat?post=81797"},{"taxonomy":"product_cleaning_system","embeddable":true,"href":"https:\/\/www.teka.com\/sk-sk\/wp-json\/wp\/v2\/product_cleaning_system?post=81797"},{"taxonomy":"product_3rd_basket","embeddable":true,"href":"https:\/\/www.teka.com\/sk-sk\/wp-json\/wp\/v2\/product_3rd_basket?post=81797"},{"taxonomy":"product_drawers","embeddable":true,"href":"https:\/\/www.teka.com\/sk-sk\/wp-json\/wp\/v2\/product_drawers?post=81797"},{"taxonomy":"product_type_of_installation","embeddable":true,"href":"https:\/\/www.teka.com\/sk-sk\/wp-json\/wp\/v2\/product_type_of_installation?post=81797"},{"taxonomy":"product_edition","embeddable":true,"href":"https:\/\/www.teka.com\/sk-sk\/wp-json\/wp\/v2\/product_edition?post=81797"},{"taxonomy":"product_serie","embeddable":true,"href":"https:\/\/www.teka.com\/sk-sk\/wp-json\/wp\/v2\/product_serie?post=81797"},{"taxonomy":"product_features","embeddable":true,"href":"https:\/\/www.teka.com\/sk-sk\/wp-json\/wp\/v2\/product_features?post=81797"},{"taxonomy":"finishes","embeddable":true,"href":"https:\/\/www.teka.com\/sk-sk\/wp-json\/wp\/v2\/finishes?post=81797"},{"taxonomy":"product_bundles","embeddable":true,"href":"https:\/\/www.teka.com\/sk-sk\/wp-json\/wp\/v2\/product_bundles?post=81797"},{"taxonomy":"product_energy_efficiency","embeddable":true,"href":"https:\/\/www.teka.com\/sk-sk\/wp-json\/wp\/v2\/product_energy_efficiency?post=81797"},{"taxonomy":"product_video_training","embeddable":true,"href":"https:\/\/www.teka.com\/sk-sk\/wp-json\/wp\/v2\/product_video_training?post=81797"}],"curies":[{"name":"wp","href":"https:\/\/api.w.org\/{rel}","templated":true}]}}