{"id":81803,"date":"2026-04-07T20:49:59","date_gmt":"2026-04-07T20:49:59","guid":{"rendered":"https:\/\/teka.com\/en-int\/hlb-85-g1-p-bm-maestro-pizza_111000056"},"modified":"2026-03-27T08:51:13","modified_gmt":"2026-03-27T09:51:13","slug":"hlb-85-g1-p-bm-maestro-pizza_111000056","status":"publish","type":"product","link":"https:\/\/www.teka.com\/sk-sk\/product\/hlb-85-g1-p-bm-maestro-pizza_111000056\/","title":{"rendered":"HLB 85-G1 P BM MAESTRO PIZZA"},"content":{"rendered":"<ul>\n<li>Multifunk\u010dn\u00e1 pyrolytick\u00e1 r\u00fara z ed\u00edcie Infinity G1 so \u0161peci\u00e1lnou funkciou na pe\u010denie pizze<\/li>\n<li>Technol\u00f3gia SurroundTemp<\/li>\n<li>8 funkci\u00ed pe\u010denia<\/li>\n<li>\u0160peci\u00e1lny program na pe\u010denie pizze s teplotou 340 \u00b0C<\/li>\n<li>Syst\u00e9m \u010distenia DualClean: pyrol\u00fdza a HydroClean\u00ae PRO<\/li>\n<li>Objem: 70 l<\/li>\n<\/ul>\n","protected":false},"featured_media":0,"parent":0,"template":"","product_cat":[2373],"product_cleaning_system":[3092,8081],"product_3rd_basket":[],"product_drawers":[],"product_type_of_installation":[],"product_edition":[],"product_serie":[],"product_features":[],"finishes":[],"product_bundles":[],"product_energy_efficiency":[7796],"product_video_training":[7859,7863,7869,7883],"class_list":["post-81803","product","type-product","status-publish","hentry","product_cat-vstavane-rury","usp-maestropizza-06","usp-maestropizza-02","usp-maestropizza-04","usp-maestropizza-05","usp-infinityg1-01","usp-infinityg1-02","usp-infinityg1-03","usp-award-06","usp-pizzastone-03","usp-maestropizza-07","color-matna-cierna","product_ambient-infinityg1","product_icons-70l","product_icons-hydroclean","product_icons-softclose","product_cleaning_system-hydroclean","product_cleaning_system-pyrolyza","product_energy_efficiency-a-plus-icon","product_video_training-trainingovens-01","product_video_training-trainingovens-02","product_video_training-trainingovens-05","product_video_training-trainingovens-12"],"acf":[],"yoast_head":"<!-- This site is optimized with the Yoast SEO plugin v27.2 - https:\/\/yoast.com\/product\/yoast-seo-wordpress\/ -->\n<title>MaestroPizza HLB 85 Infinity G1 | Teka<\/title>\n<meta name=\"robots\" content=\"index, follow, max-snippet:-1, max-image-preview:large, max-video-preview:-1\" \/>\n<link rel=\"canonical\" href=\"https:\/\/www.teka.com\/sk-sk\/product\/hlb-85-g1-p-bm-maestro-pizza_111000056\/\" \/>\n<meta property=\"og:locale\" content=\"sk_SK\" \/>\n<meta property=\"og:type\" content=\"article\" \/>\n<meta property=\"og:title\" content=\"MaestroPizza HLB 85 Infinity G1 | Teka\" \/>\n<meta property=\"og:description\" content=\"Multifunk\u010dn\u00e1 pyrolytick\u00e1 r\u00fara z ed\u00edcie Infinity G1 so \u0161peci\u00e1lnou funkciou na pe\u010denie pizze Technol\u00f3gia SurroundTemp 8 funkci\u00ed pe\u010denia \u0160peci\u00e1lny program na pe\u010denie pizze s teplotou 340 \u00b0C Syst\u00e9m \u010distenia DualClean: pyrol\u00fdza a HydroClean\u00ae PRO Objem: 70 l\" \/>\n<meta property=\"og:url\" content=\"https:\/\/www.teka.com\/sk-sk\/product\/hlb-85-g1-p-bm-maestro-pizza_111000056\/\" \/>\n<meta property=\"og:site_name\" content=\"Teka Slovensk\u00e1 republika\" \/>\n<meta name=\"twitter:card\" content=\"summary_large_image\" \/>\n<script type=\"application\/ld+json\" class=\"yoast-schema-graph\">{\"@context\":\"https:\/\/schema.org\",\"@graph\":[{\"@type\":\"WebPage\",\"@id\":\"https:\/\/www.teka.com\/sk-sk\/product\/hlb-85-g1-p-bm-maestro-pizza_111000056\/\",\"url\":\"https:\/\/www.teka.com\/sk-sk\/product\/hlb-85-g1-p-bm-maestro-pizza_111000056\/\",\"name\":\"MaestroPizza HLB 85 Infinity G1 | Teka\",\"isPartOf\":{\"@id\":\"https:\/\/www.teka.com\/sk-sk\/#website\"},\"datePublished\":\"2026-04-07T20:49:59+00:00\",\"inLanguage\":\"sk-SK\",\"potentialAction\":[{\"@type\":\"ReadAction\",\"target\":[\"https:\/\/www.teka.com\/sk-sk\/product\/hlb-85-g1-p-bm-maestro-pizza_111000056\/\"]}]},{\"@type\":\"WebSite\",\"@id\":\"https:\/\/www.teka.com\/sk-sk\/#website\",\"url\":\"https:\/\/www.teka.com\/sk-sk\/\",\"name\":\"Teka Slovensk\u00e1 republika\",\"description\":\"\",\"potentialAction\":[{\"@type\":\"SearchAction\",\"target\":{\"@type\":\"EntryPoint\",\"urlTemplate\":\"https:\/\/www.teka.com\/sk-sk\/?s={search_term_string}\"},\"query-input\":{\"@type\":\"PropertyValueSpecification\",\"valueRequired\":true,\"valueName\":\"search_term_string\"}}],\"inLanguage\":\"sk-SK\"}]}<\/script>\n<!-- \/ Yoast SEO plugin. -->","yoast_head_json":{"title":"MaestroPizza HLB 85 Infinity G1 | Teka","robots":{"index":"index","follow":"follow","max-snippet":"max-snippet:-1","max-image-preview":"max-image-preview:large","max-video-preview":"max-video-preview:-1"},"canonical":"https:\/\/www.teka.com\/sk-sk\/product\/hlb-85-g1-p-bm-maestro-pizza_111000056\/","og_locale":"sk_SK","og_type":"article","og_title":"MaestroPizza HLB 85 Infinity G1 | Teka","og_description":"Multifunk\u010dn\u00e1 pyrolytick\u00e1 r\u00fara z ed\u00edcie Infinity G1 so \u0161peci\u00e1lnou funkciou na pe\u010denie pizze Technol\u00f3gia SurroundTemp 8 funkci\u00ed pe\u010denia \u0160peci\u00e1lny program na pe\u010denie pizze s teplotou 340 \u00b0C Syst\u00e9m \u010distenia DualClean: pyrol\u00fdza a HydroClean\u00ae PRO Objem: 70 l","og_url":"https:\/\/www.teka.com\/sk-sk\/product\/hlb-85-g1-p-bm-maestro-pizza_111000056\/","og_site_name":"Teka Slovensk\u00e1 republika","twitter_card":"summary_large_image","schema":{"@context":"https:\/\/schema.org","@graph":[{"@type":"WebPage","@id":"https:\/\/www.teka.com\/sk-sk\/product\/hlb-85-g1-p-bm-maestro-pizza_111000056\/","url":"https:\/\/www.teka.com\/sk-sk\/product\/hlb-85-g1-p-bm-maestro-pizza_111000056\/","name":"MaestroPizza HLB 85 Infinity G1 | Teka","isPartOf":{"@id":"https:\/\/www.teka.com\/sk-sk\/#website"},"datePublished":"2026-04-07T20:49:59+00:00","inLanguage":"sk-SK","potentialAction":[{"@type":"ReadAction","target":["https:\/\/www.teka.com\/sk-sk\/product\/hlb-85-g1-p-bm-maestro-pizza_111000056\/"]}]},{"@type":"WebSite","@id":"https:\/\/www.teka.com\/sk-sk\/#website","url":"https:\/\/www.teka.com\/sk-sk\/","name":"Teka Slovensk\u00e1 republika","description":"","potentialAction":[{"@type":"SearchAction","target":{"@type":"EntryPoint","urlTemplate":"https:\/\/www.teka.com\/sk-sk\/?s={search_term_string}"},"query-input":{"@type":"PropertyValueSpecification","valueRequired":true,"valueName":"search_term_string"}}],"inLanguage":"sk-SK"}]}},"_links":{"self":[{"href":"https:\/\/www.teka.com\/sk-sk\/wp-json\/wp\/v2\/product\/81803","targetHints":{"allow":["GET"]}}],"collection":[{"href":"https:\/\/www.teka.com\/sk-sk\/wp-json\/wp\/v2\/product"}],"about":[{"href":"https:\/\/www.teka.com\/sk-sk\/wp-json\/wp\/v2\/types\/product"}],"wp:attachment":[{"href":"https:\/\/www.teka.com\/sk-sk\/wp-json\/wp\/v2\/media?parent=81803"}],"wp:term":[{"taxonomy":"product_cat","embeddable":true,"href":"https:\/\/www.teka.com\/sk-sk\/wp-json\/wp\/v2\/product_cat?post=81803"},{"taxonomy":"product_cleaning_system","embeddable":true,"href":"https:\/\/www.teka.com\/sk-sk\/wp-json\/wp\/v2\/product_cleaning_system?post=81803"},{"taxonomy":"product_3rd_basket","embeddable":true,"href":"https:\/\/www.teka.com\/sk-sk\/wp-json\/wp\/v2\/product_3rd_basket?post=81803"},{"taxonomy":"product_drawers","embeddable":true,"href":"https:\/\/www.teka.com\/sk-sk\/wp-json\/wp\/v2\/product_drawers?post=81803"},{"taxonomy":"product_type_of_installation","embeddable":true,"href":"https:\/\/www.teka.com\/sk-sk\/wp-json\/wp\/v2\/product_type_of_installation?post=81803"},{"taxonomy":"product_edition","embeddable":true,"href":"https:\/\/www.teka.com\/sk-sk\/wp-json\/wp\/v2\/product_edition?post=81803"},{"taxonomy":"product_serie","embeddable":true,"href":"https:\/\/www.teka.com\/sk-sk\/wp-json\/wp\/v2\/product_serie?post=81803"},{"taxonomy":"product_features","embeddable":true,"href":"https:\/\/www.teka.com\/sk-sk\/wp-json\/wp\/v2\/product_features?post=81803"},{"taxonomy":"finishes","embeddable":true,"href":"https:\/\/www.teka.com\/sk-sk\/wp-json\/wp\/v2\/finishes?post=81803"},{"taxonomy":"product_bundles","embeddable":true,"href":"https:\/\/www.teka.com\/sk-sk\/wp-json\/wp\/v2\/product_bundles?post=81803"},{"taxonomy":"product_energy_efficiency","embeddable":true,"href":"https:\/\/www.teka.com\/sk-sk\/wp-json\/wp\/v2\/product_energy_efficiency?post=81803"},{"taxonomy":"product_video_training","embeddable":true,"href":"https:\/\/www.teka.com\/sk-sk\/wp-json\/wp\/v2\/product_video_training?post=81803"}],"curies":[{"name":"wp","href":"https:\/\/api.w.org\/{rel}","templated":true}]}}