{"id":81806,"date":"2026-04-07T20:50:52","date_gmt":"2026-04-07T20:50:52","guid":{"rendered":"https:\/\/teka.com\/en-int\/r1res-filter-dht-97670-ros-wh_113290026"},"modified":"2026-03-14T07:56:38","modified_gmt":"2026-03-14T08:56:38","slug":"r1res-filter-dht-97670-ros-wh_113290026","status":"publish","type":"product","link":"https:\/\/www.teka.com\/sk-sk\/product\/r1res-filter-dht-97670-ros-wh_113290026\/","title":{"rendered":"R1RES (filter DHT 97670 ROS WH)"},"content":{"rendered":"<ul>\n<li>Keramick\u00fd filter pre prev\u00e1dzku ods\u00e1va\u010da p\u00e1r v recirkul\u00e1cii<\/li>\n<li>M\u00f4\u017ee sa regenerova\u0165 po jednej hodine v r\u00fare pri teplote 200 \u00baC so zapnut\u00fdm re\u017eimom ventil\u00e1tora<\/li>\n<li>Odpor\u00fa\u010da sa regenerova\u0165 ka\u017ed\u00fdch 3-6 mesiacov, preto\u017ee str\u00e1caj\u00fa \u010distiacu schopnos\u0165<\/li>\n<li>Priemern\u00e1 \u017eivotnos\u0165 je 3 roky, ale m\u00f4\u017ee vydr\u017ea\u0165 a\u017e 5 rokov pod\u013ea toho, ko\u013ekokr\u00e1t sa regeneroval<\/li>\n<\/ul>\n","protected":false},"featured_media":0,"parent":0,"template":"","product_cat":[2343],"product_cleaning_system":[],"product_3rd_basket":[],"product_drawers":[],"product_type_of_installation":[],"product_edition":[],"product_serie":[],"product_features":[],"finishes":[],"product_bundles":[],"product_energy_efficiency":[],"product_video_training":[],"class_list":["post-81806","product","type-product","status-publish","hentry","product_cat-nahradne-diely-do-kuchyne","color-nero","product_type_of_appliance-digestory"],"acf":[],"yoast_head":"<!-- This site is optimized with the Yoast SEO plugin v27.2 - https:\/\/yoast.com\/product\/yoast-seo-wordpress\/ -->\n<title>R1RES (filter DHT 97670 ROS WH) | Teka Slovensk\u00e1 republika<\/title>\n<meta name=\"robots\" content=\"index, follow, max-snippet:-1, max-image-preview:large, max-video-preview:-1\" \/>\n<link rel=\"canonical\" href=\"https:\/\/www.teka.com\/sk-sk\/product\/r1res-filter-dht-97670-ros-wh_113290026\/\" \/>\n<meta property=\"og:locale\" content=\"sk_SK\" \/>\n<meta property=\"og:type\" content=\"article\" \/>\n<meta property=\"og:title\" content=\"R1RES (filter DHT 97670 ROS WH) | Teka Slovensk\u00e1 republika\" \/>\n<meta property=\"og:description\" content=\"Keramick\u00fd filter pre prev\u00e1dzku ods\u00e1va\u010da p\u00e1r v recirkul\u00e1cii M\u00f4\u017ee sa regenerova\u0165 po jednej hodine v r\u00fare pri teplote 200 \u00baC so zapnut\u00fdm re\u017eimom ventil\u00e1tora Odpor\u00fa\u010da sa regenerova\u0165 ka\u017ed\u00fdch 3-6 mesiacov, preto\u017ee str\u00e1caj\u00fa \u010distiacu schopnos\u0165 Priemern\u00e1 \u017eivotnos\u0165 je 3 roky, ale m\u00f4\u017ee vydr\u017ea\u0165 a\u017e 5 rokov pod\u013ea toho, ko\u013ekokr\u00e1t sa regeneroval\" \/>\n<meta property=\"og:url\" content=\"https:\/\/www.teka.com\/sk-sk\/product\/r1res-filter-dht-97670-ros-wh_113290026\/\" \/>\n<meta property=\"og:site_name\" content=\"Teka Slovensk\u00e1 republika\" \/>\n<meta name=\"twitter:card\" content=\"summary_large_image\" \/>\n<script type=\"application\/ld+json\" class=\"yoast-schema-graph\">{\"@context\":\"https:\/\/schema.org\",\"@graph\":[{\"@type\":\"WebPage\",\"@id\":\"https:\/\/www.teka.com\/sk-sk\/product\/r1res-filter-dht-97670-ros-wh_113290026\/\",\"url\":\"https:\/\/www.teka.com\/sk-sk\/product\/r1res-filter-dht-97670-ros-wh_113290026\/\",\"name\":\"R1RES (filter DHT 97670 ROS WH) | Teka Slovensk\u00e1 republika\",\"isPartOf\":{\"@id\":\"https:\/\/www.teka.com\/sk-sk\/#website\"},\"datePublished\":\"2026-04-07T20:50:52+00:00\",\"inLanguage\":\"sk-SK\",\"potentialAction\":[{\"@type\":\"ReadAction\",\"target\":[\"https:\/\/www.teka.com\/sk-sk\/product\/r1res-filter-dht-97670-ros-wh_113290026\/\"]}]},{\"@type\":\"WebSite\",\"@id\":\"https:\/\/www.teka.com\/sk-sk\/#website\",\"url\":\"https:\/\/www.teka.com\/sk-sk\/\",\"name\":\"Teka Slovensk\u00e1 republika\",\"description\":\"\",\"potentialAction\":[{\"@type\":\"SearchAction\",\"target\":{\"@type\":\"EntryPoint\",\"urlTemplate\":\"https:\/\/www.teka.com\/sk-sk\/?s={search_term_string}\"},\"query-input\":{\"@type\":\"PropertyValueSpecification\",\"valueRequired\":true,\"valueName\":\"search_term_string\"}}],\"inLanguage\":\"sk-SK\"}]}<\/script>\n<!-- \/ Yoast SEO plugin. -->","yoast_head_json":{"title":"R1RES (filter DHT 97670 ROS WH) | Teka Slovensk\u00e1 republika","robots":{"index":"index","follow":"follow","max-snippet":"max-snippet:-1","max-image-preview":"max-image-preview:large","max-video-preview":"max-video-preview:-1"},"canonical":"https:\/\/www.teka.com\/sk-sk\/product\/r1res-filter-dht-97670-ros-wh_113290026\/","og_locale":"sk_SK","og_type":"article","og_title":"R1RES (filter DHT 97670 ROS WH) | Teka Slovensk\u00e1 republika","og_description":"Keramick\u00fd filter pre prev\u00e1dzku ods\u00e1va\u010da p\u00e1r v recirkul\u00e1cii M\u00f4\u017ee sa regenerova\u0165 po jednej hodine v r\u00fare pri teplote 200 \u00baC so zapnut\u00fdm re\u017eimom ventil\u00e1tora Odpor\u00fa\u010da sa regenerova\u0165 ka\u017ed\u00fdch 3-6 mesiacov, preto\u017ee str\u00e1caj\u00fa \u010distiacu schopnos\u0165 Priemern\u00e1 \u017eivotnos\u0165 je 3 roky, ale m\u00f4\u017ee vydr\u017ea\u0165 a\u017e 5 rokov pod\u013ea toho, ko\u013ekokr\u00e1t sa regeneroval","og_url":"https:\/\/www.teka.com\/sk-sk\/product\/r1res-filter-dht-97670-ros-wh_113290026\/","og_site_name":"Teka Slovensk\u00e1 republika","twitter_card":"summary_large_image","schema":{"@context":"https:\/\/schema.org","@graph":[{"@type":"WebPage","@id":"https:\/\/www.teka.com\/sk-sk\/product\/r1res-filter-dht-97670-ros-wh_113290026\/","url":"https:\/\/www.teka.com\/sk-sk\/product\/r1res-filter-dht-97670-ros-wh_113290026\/","name":"R1RES (filter DHT 97670 ROS WH) | Teka Slovensk\u00e1 republika","isPartOf":{"@id":"https:\/\/www.teka.com\/sk-sk\/#website"},"datePublished":"2026-04-07T20:50:52+00:00","inLanguage":"sk-SK","potentialAction":[{"@type":"ReadAction","target":["https:\/\/www.teka.com\/sk-sk\/product\/r1res-filter-dht-97670-ros-wh_113290026\/"]}]},{"@type":"WebSite","@id":"https:\/\/www.teka.com\/sk-sk\/#website","url":"https:\/\/www.teka.com\/sk-sk\/","name":"Teka Slovensk\u00e1 republika","description":"","potentialAction":[{"@type":"SearchAction","target":{"@type":"EntryPoint","urlTemplate":"https:\/\/www.teka.com\/sk-sk\/?s={search_term_string}"},"query-input":{"@type":"PropertyValueSpecification","valueRequired":true,"valueName":"search_term_string"}}],"inLanguage":"sk-SK"}]}},"_links":{"self":[{"href":"https:\/\/www.teka.com\/sk-sk\/wp-json\/wp\/v2\/product\/81806","targetHints":{"allow":["GET"]}}],"collection":[{"href":"https:\/\/www.teka.com\/sk-sk\/wp-json\/wp\/v2\/product"}],"about":[{"href":"https:\/\/www.teka.com\/sk-sk\/wp-json\/wp\/v2\/types\/product"}],"wp:attachment":[{"href":"https:\/\/www.teka.com\/sk-sk\/wp-json\/wp\/v2\/media?parent=81806"}],"wp:term":[{"taxonomy":"product_cat","embeddable":true,"href":"https:\/\/www.teka.com\/sk-sk\/wp-json\/wp\/v2\/product_cat?post=81806"},{"taxonomy":"product_cleaning_system","embeddable":true,"href":"https:\/\/www.teka.com\/sk-sk\/wp-json\/wp\/v2\/product_cleaning_system?post=81806"},{"taxonomy":"product_3rd_basket","embeddable":true,"href":"https:\/\/www.teka.com\/sk-sk\/wp-json\/wp\/v2\/product_3rd_basket?post=81806"},{"taxonomy":"product_drawers","embeddable":true,"href":"https:\/\/www.teka.com\/sk-sk\/wp-json\/wp\/v2\/product_drawers?post=81806"},{"taxonomy":"product_type_of_installation","embeddable":true,"href":"https:\/\/www.teka.com\/sk-sk\/wp-json\/wp\/v2\/product_type_of_installation?post=81806"},{"taxonomy":"product_edition","embeddable":true,"href":"https:\/\/www.teka.com\/sk-sk\/wp-json\/wp\/v2\/product_edition?post=81806"},{"taxonomy":"product_serie","embeddable":true,"href":"https:\/\/www.teka.com\/sk-sk\/wp-json\/wp\/v2\/product_serie?post=81806"},{"taxonomy":"product_features","embeddable":true,"href":"https:\/\/www.teka.com\/sk-sk\/wp-json\/wp\/v2\/product_features?post=81806"},{"taxonomy":"finishes","embeddable":true,"href":"https:\/\/www.teka.com\/sk-sk\/wp-json\/wp\/v2\/finishes?post=81806"},{"taxonomy":"product_bundles","embeddable":true,"href":"https:\/\/www.teka.com\/sk-sk\/wp-json\/wp\/v2\/product_bundles?post=81806"},{"taxonomy":"product_energy_efficiency","embeddable":true,"href":"https:\/\/www.teka.com\/sk-sk\/wp-json\/wp\/v2\/product_energy_efficiency?post=81806"},{"taxonomy":"product_video_training","embeddable":true,"href":"https:\/\/www.teka.com\/sk-sk\/wp-json\/wp\/v2\/product_video_training?post=81806"}],"curies":[{"name":"wp","href":"https:\/\/api.w.org\/{rel}","templated":true}]}}