{"id":81817,"date":"2026-04-07T20:54:34","date_gmt":"2026-04-07T20:54:34","guid":{"rendered":"https:\/\/teka.com\/en-int\/gbc-64-g1-gb_112570208"},"modified":"2026-03-17T11:31:43","modified_gmt":"2026-03-17T12:31:43","slug":"gbc-64-g1-gb_112570208","status":"publish","type":"product","link":"https:\/\/www.teka.com\/sk-sk\/product\/gbc-64-g1-gb_112570208\/","title":{"rendered":"GBC 64-G1 GB"},"content":{"rendered":"<ul>\n<li>Infinity G1 Edition<\/li>\n<li>Sklenen\u00e1 plynov\u00e1 varn\u00e1 doska 60 cm<\/li>\n<li>4 varn\u00e9 z\u00f3ny<\/li>\n<li>Oto\u010dn\u00e9 ovl\u00e1danie s nov\u00fdm ergonomick\u00fdm dizajnom<\/li>\n<li>4 samostatn\u00e9 liatinov\u00e9 ro\u0161ty<\/li>\n<\/ul>\n","protected":false},"featured_media":0,"parent":0,"template":"","product_cat":[2325],"product_cleaning_system":[],"product_3rd_basket":[],"product_drawers":[],"product_type_of_installation":[],"product_edition":[],"product_serie":[],"product_features":[],"finishes":[],"product_bundles":[],"product_energy_efficiency":[],"product_video_training":[],"class_list":["post-81817","product","type-product","status-publish","hentry","product_cat-varne-dosky","usp-infinityg1-01","usp-infinityg1-02","usp-infinityg1-03","usp-infinityg1-16","usp-infinityg1-17","usp-cookinglovers-13","usp-award-06","color-matna-cierna","product_type_of_appliance-plynove-rury","product_ambient-infinityg1","product_icons-auto-ignition","product_icons-autolock","product_icons-easy-installation"],"acf":[],"yoast_head":"<!-- This site is optimized with the Yoast SEO plugin v27.2 - https:\/\/yoast.com\/product\/yoast-seo-wordpress\/ -->\n<title>GBC 64-G1 GB | Teka Slovensk\u00e1 republika<\/title>\n<meta name=\"robots\" content=\"index, follow, max-snippet:-1, max-image-preview:large, max-video-preview:-1\" \/>\n<link rel=\"canonical\" href=\"https:\/\/www.teka.com\/sk-sk\/product\/gbc-64-g1-gb_112570208\/\" \/>\n<meta property=\"og:locale\" content=\"sk_SK\" \/>\n<meta property=\"og:type\" content=\"article\" \/>\n<meta property=\"og:title\" content=\"GBC 64-G1 GB | Teka Slovensk\u00e1 republika\" \/>\n<meta property=\"og:description\" content=\"Infinity G1 Edition Sklenen\u00e1 plynov\u00e1 varn\u00e1 doska 60 cm 4 varn\u00e9 z\u00f3ny Oto\u010dn\u00e9 ovl\u00e1danie s nov\u00fdm ergonomick\u00fdm dizajnom 4 samostatn\u00e9 liatinov\u00e9 ro\u0161ty\" \/>\n<meta property=\"og:url\" content=\"https:\/\/www.teka.com\/sk-sk\/product\/gbc-64-g1-gb_112570208\/\" \/>\n<meta property=\"og:site_name\" content=\"Teka Slovensk\u00e1 republika\" \/>\n<meta name=\"twitter:card\" content=\"summary_large_image\" \/>\n<script type=\"application\/ld+json\" class=\"yoast-schema-graph\">{\"@context\":\"https:\/\/schema.org\",\"@graph\":[{\"@type\":\"WebPage\",\"@id\":\"https:\/\/www.teka.com\/sk-sk\/product\/gbc-64-g1-gb_112570208\/\",\"url\":\"https:\/\/www.teka.com\/sk-sk\/product\/gbc-64-g1-gb_112570208\/\",\"name\":\"GBC 64-G1 GB | Teka Slovensk\u00e1 republika\",\"isPartOf\":{\"@id\":\"https:\/\/www.teka.com\/sk-sk\/#website\"},\"datePublished\":\"2026-04-07T20:54:34+00:00\",\"inLanguage\":\"sk-SK\",\"potentialAction\":[{\"@type\":\"ReadAction\",\"target\":[\"https:\/\/www.teka.com\/sk-sk\/product\/gbc-64-g1-gb_112570208\/\"]}]},{\"@type\":\"WebSite\",\"@id\":\"https:\/\/www.teka.com\/sk-sk\/#website\",\"url\":\"https:\/\/www.teka.com\/sk-sk\/\",\"name\":\"Teka Slovensk\u00e1 republika\",\"description\":\"\",\"potentialAction\":[{\"@type\":\"SearchAction\",\"target\":{\"@type\":\"EntryPoint\",\"urlTemplate\":\"https:\/\/www.teka.com\/sk-sk\/?s={search_term_string}\"},\"query-input\":{\"@type\":\"PropertyValueSpecification\",\"valueRequired\":true,\"valueName\":\"search_term_string\"}}],\"inLanguage\":\"sk-SK\"}]}<\/script>\n<!-- \/ Yoast SEO plugin. -->","yoast_head_json":{"title":"GBC 64-G1 GB | Teka Slovensk\u00e1 republika","robots":{"index":"index","follow":"follow","max-snippet":"max-snippet:-1","max-image-preview":"max-image-preview:large","max-video-preview":"max-video-preview:-1"},"canonical":"https:\/\/www.teka.com\/sk-sk\/product\/gbc-64-g1-gb_112570208\/","og_locale":"sk_SK","og_type":"article","og_title":"GBC 64-G1 GB | Teka Slovensk\u00e1 republika","og_description":"Infinity G1 Edition Sklenen\u00e1 plynov\u00e1 varn\u00e1 doska 60 cm 4 varn\u00e9 z\u00f3ny Oto\u010dn\u00e9 ovl\u00e1danie s nov\u00fdm ergonomick\u00fdm dizajnom 4 samostatn\u00e9 liatinov\u00e9 ro\u0161ty","og_url":"https:\/\/www.teka.com\/sk-sk\/product\/gbc-64-g1-gb_112570208\/","og_site_name":"Teka Slovensk\u00e1 republika","twitter_card":"summary_large_image","schema":{"@context":"https:\/\/schema.org","@graph":[{"@type":"WebPage","@id":"https:\/\/www.teka.com\/sk-sk\/product\/gbc-64-g1-gb_112570208\/","url":"https:\/\/www.teka.com\/sk-sk\/product\/gbc-64-g1-gb_112570208\/","name":"GBC 64-G1 GB | Teka Slovensk\u00e1 republika","isPartOf":{"@id":"https:\/\/www.teka.com\/sk-sk\/#website"},"datePublished":"2026-04-07T20:54:34+00:00","inLanguage":"sk-SK","potentialAction":[{"@type":"ReadAction","target":["https:\/\/www.teka.com\/sk-sk\/product\/gbc-64-g1-gb_112570208\/"]}]},{"@type":"WebSite","@id":"https:\/\/www.teka.com\/sk-sk\/#website","url":"https:\/\/www.teka.com\/sk-sk\/","name":"Teka Slovensk\u00e1 republika","description":"","potentialAction":[{"@type":"SearchAction","target":{"@type":"EntryPoint","urlTemplate":"https:\/\/www.teka.com\/sk-sk\/?s={search_term_string}"},"query-input":{"@type":"PropertyValueSpecification","valueRequired":true,"valueName":"search_term_string"}}],"inLanguage":"sk-SK"}]}},"_links":{"self":[{"href":"https:\/\/www.teka.com\/sk-sk\/wp-json\/wp\/v2\/product\/81817","targetHints":{"allow":["GET"]}}],"collection":[{"href":"https:\/\/www.teka.com\/sk-sk\/wp-json\/wp\/v2\/product"}],"about":[{"href":"https:\/\/www.teka.com\/sk-sk\/wp-json\/wp\/v2\/types\/product"}],"wp:attachment":[{"href":"https:\/\/www.teka.com\/sk-sk\/wp-json\/wp\/v2\/media?parent=81817"}],"wp:term":[{"taxonomy":"product_cat","embeddable":true,"href":"https:\/\/www.teka.com\/sk-sk\/wp-json\/wp\/v2\/product_cat?post=81817"},{"taxonomy":"product_cleaning_system","embeddable":true,"href":"https:\/\/www.teka.com\/sk-sk\/wp-json\/wp\/v2\/product_cleaning_system?post=81817"},{"taxonomy":"product_3rd_basket","embeddable":true,"href":"https:\/\/www.teka.com\/sk-sk\/wp-json\/wp\/v2\/product_3rd_basket?post=81817"},{"taxonomy":"product_drawers","embeddable":true,"href":"https:\/\/www.teka.com\/sk-sk\/wp-json\/wp\/v2\/product_drawers?post=81817"},{"taxonomy":"product_type_of_installation","embeddable":true,"href":"https:\/\/www.teka.com\/sk-sk\/wp-json\/wp\/v2\/product_type_of_installation?post=81817"},{"taxonomy":"product_edition","embeddable":true,"href":"https:\/\/www.teka.com\/sk-sk\/wp-json\/wp\/v2\/product_edition?post=81817"},{"taxonomy":"product_serie","embeddable":true,"href":"https:\/\/www.teka.com\/sk-sk\/wp-json\/wp\/v2\/product_serie?post=81817"},{"taxonomy":"product_features","embeddable":true,"href":"https:\/\/www.teka.com\/sk-sk\/wp-json\/wp\/v2\/product_features?post=81817"},{"taxonomy":"finishes","embeddable":true,"href":"https:\/\/www.teka.com\/sk-sk\/wp-json\/wp\/v2\/finishes?post=81817"},{"taxonomy":"product_bundles","embeddable":true,"href":"https:\/\/www.teka.com\/sk-sk\/wp-json\/wp\/v2\/product_bundles?post=81817"},{"taxonomy":"product_energy_efficiency","embeddable":true,"href":"https:\/\/www.teka.com\/sk-sk\/wp-json\/wp\/v2\/product_energy_efficiency?post=81817"},{"taxonomy":"product_video_training","embeddable":true,"href":"https:\/\/www.teka.com\/sk-sk\/wp-json\/wp\/v2\/product_video_training?post=81817"}],"curies":[{"name":"wp","href":"https:\/\/api.w.org\/{rel}","templated":true}]}}