{"id":81861,"date":"2026-04-26T12:48:37","date_gmt":"2026-04-26T12:48:37","guid":{"rendered":"https:\/\/teka.com\/es-es\/ikc-94628-mst-bk_112500054"},"modified":"2026-03-14T08:26:06","modified_gmt":"2026-03-14T09:26:06","slug":"ikc-94628-mst-bk_112500054","status":"publish","type":"product","link":"https:\/\/www.teka.com\/sk-sk\/product\/ikc-94628-mst-bk_112500054\/","title":{"rendered":"IKC 94628 MST BK"},"content":{"rendered":"<ul>\n<li>Induk\u010dn\u00e1 varn\u00e1 doska 95 cm<\/li>\n<li>S\u00e9ria MasterSense<\/li>\n<li>Dotykov\u00e9 ovl\u00e1danie Multislider<\/li>\n<li>Keramick\u00e9 sklo<\/li>\n<li>4 induk\u010dn\u00e9 varn\u00e9 z\u00f3ny: 1x \u00d8 280 mm, 2x \u00d8 180 mm, 1x \u00d8 145 mm<\/li>\n<\/ul>\n","protected":false},"featured_media":0,"parent":0,"template":"","product_cat":[2325],"product_cleaning_system":[],"product_3rd_basket":[],"product_drawers":[],"product_type_of_installation":[],"product_edition":[],"product_serie":[],"product_features":[8076,8077,8086,8087,8088,8089,8090,8095],"finishes":[],"product_bundles":[],"product_energy_efficiency":[],"product_video_training":[7854,7862,7865,7867,7870,7871,7873,7876],"class_list":["post-81861","product","type-product","status-publish","hentry","product_cat-varne-dosky","color-cierne-sklo","product_type_of_appliance-indukcne-dosky","product_icons-multislider","product_icons-autolock","product_icons-power","product_icons-power-plus","product_icons-easy-installation","product_features-rychyy-var","product_features-udrzanie-teploty","product_features-grilovanie","product_features-vyprazanie","product_features-fritovanie","product_features-vrenie","product_features-topenie","product_features-posirovanie","product_video_training-traininghobs-01","product_video_training-traininghobs-04","product_video_training-traininghobs-05","product_video_training-traininghobs-06","product_video_training-traininghobs-08","product_video_training-traininghobs-09","product_video_training-traininghobs-10","product_video_training-traininghobs-11"],"acf":[],"yoast_head":"<!-- This site is optimized with the Yoast SEO plugin v27.5 - https:\/\/yoast.com\/product\/yoast-seo-wordpress\/ -->\n<title>IKC 94628 MST BK | Teka Slovensk\u00e1 republika<\/title>\n<meta name=\"robots\" content=\"index, follow, max-snippet:-1, max-image-preview:large, max-video-preview:-1\" \/>\n<link rel=\"canonical\" href=\"https:\/\/www.teka.com\/sk-sk\/product\/ikc-94628-mst-bk_112500054\/\" \/>\n<meta property=\"og:locale\" content=\"sk_SK\" \/>\n<meta property=\"og:type\" content=\"article\" \/>\n<meta property=\"og:title\" content=\"IKC 94628 MST BK | Teka Slovensk\u00e1 republika\" \/>\n<meta property=\"og:description\" content=\"Induk\u010dn\u00e1 varn\u00e1 doska 95 cm S\u00e9ria MasterSense Dotykov\u00e9 ovl\u00e1danie Multislider Keramick\u00e9 sklo 4 induk\u010dn\u00e9 varn\u00e9 z\u00f3ny: 1x \u00d8 280 mm, 2x \u00d8 180 mm, 1x \u00d8 145 mm\" \/>\n<meta property=\"og:url\" content=\"https:\/\/www.teka.com\/sk-sk\/product\/ikc-94628-mst-bk_112500054\/\" \/>\n<meta property=\"og:site_name\" content=\"Teka Slovensk\u00e1 republika\" \/>\n<meta name=\"twitter:card\" content=\"summary_large_image\" \/>\n<script type=\"application\/ld+json\" class=\"yoast-schema-graph\">{\"@context\":\"https:\\\/\\\/schema.org\",\"@graph\":[{\"@type\":\"WebPage\",\"@id\":\"https:\\\/\\\/www.teka.com\\\/sk-sk\\\/product\\\/ikc-94628-mst-bk_112500054\\\/\",\"url\":\"https:\\\/\\\/www.teka.com\\\/sk-sk\\\/product\\\/ikc-94628-mst-bk_112500054\\\/\",\"name\":\"IKC 94628 MST BK | Teka Slovensk\u00e1 republika\",\"isPartOf\":{\"@id\":\"https:\\\/\\\/www.teka.com\\\/sk-sk\\\/#website\"},\"datePublished\":\"2026-04-26T12:48:37+00:00\",\"inLanguage\":\"sk-SK\",\"potentialAction\":[{\"@type\":\"ReadAction\",\"target\":[\"https:\\\/\\\/www.teka.com\\\/sk-sk\\\/product\\\/ikc-94628-mst-bk_112500054\\\/\"]}]},{\"@type\":\"WebSite\",\"@id\":\"https:\\\/\\\/www.teka.com\\\/sk-sk\\\/#website\",\"url\":\"https:\\\/\\\/www.teka.com\\\/sk-sk\\\/\",\"name\":\"Teka Slovensk\u00e1 republika\",\"description\":\"\",\"potentialAction\":[{\"@type\":\"SearchAction\",\"target\":{\"@type\":\"EntryPoint\",\"urlTemplate\":\"https:\\\/\\\/www.teka.com\\\/sk-sk\\\/?s={search_term_string}\"},\"query-input\":{\"@type\":\"PropertyValueSpecification\",\"valueRequired\":true,\"valueName\":\"search_term_string\"}}],\"inLanguage\":\"sk-SK\"}]}<\/script>\n<!-- \/ Yoast SEO plugin. -->","yoast_head_json":{"title":"IKC 94628 MST BK | Teka Slovensk\u00e1 republika","robots":{"index":"index","follow":"follow","max-snippet":"max-snippet:-1","max-image-preview":"max-image-preview:large","max-video-preview":"max-video-preview:-1"},"canonical":"https:\/\/www.teka.com\/sk-sk\/product\/ikc-94628-mst-bk_112500054\/","og_locale":"sk_SK","og_type":"article","og_title":"IKC 94628 MST BK | Teka Slovensk\u00e1 republika","og_description":"Induk\u010dn\u00e1 varn\u00e1 doska 95 cm S\u00e9ria MasterSense Dotykov\u00e9 ovl\u00e1danie Multislider Keramick\u00e9 sklo 4 induk\u010dn\u00e9 varn\u00e9 z\u00f3ny: 1x \u00d8 280 mm, 2x \u00d8 180 mm, 1x \u00d8 145 mm","og_url":"https:\/\/www.teka.com\/sk-sk\/product\/ikc-94628-mst-bk_112500054\/","og_site_name":"Teka Slovensk\u00e1 republika","twitter_card":"summary_large_image","schema":{"@context":"https:\/\/schema.org","@graph":[{"@type":"WebPage","@id":"https:\/\/www.teka.com\/sk-sk\/product\/ikc-94628-mst-bk_112500054\/","url":"https:\/\/www.teka.com\/sk-sk\/product\/ikc-94628-mst-bk_112500054\/","name":"IKC 94628 MST BK | Teka Slovensk\u00e1 republika","isPartOf":{"@id":"https:\/\/www.teka.com\/sk-sk\/#website"},"datePublished":"2026-04-26T12:48:37+00:00","inLanguage":"sk-SK","potentialAction":[{"@type":"ReadAction","target":["https:\/\/www.teka.com\/sk-sk\/product\/ikc-94628-mst-bk_112500054\/"]}]},{"@type":"WebSite","@id":"https:\/\/www.teka.com\/sk-sk\/#website","url":"https:\/\/www.teka.com\/sk-sk\/","name":"Teka Slovensk\u00e1 republika","description":"","potentialAction":[{"@type":"SearchAction","target":{"@type":"EntryPoint","urlTemplate":"https:\/\/www.teka.com\/sk-sk\/?s={search_term_string}"},"query-input":{"@type":"PropertyValueSpecification","valueRequired":true,"valueName":"search_term_string"}}],"inLanguage":"sk-SK"}]}},"_links":{"self":[{"href":"https:\/\/www.teka.com\/sk-sk\/wp-json\/wp\/v2\/product\/81861","targetHints":{"allow":["GET"]}}],"collection":[{"href":"https:\/\/www.teka.com\/sk-sk\/wp-json\/wp\/v2\/product"}],"about":[{"href":"https:\/\/www.teka.com\/sk-sk\/wp-json\/wp\/v2\/types\/product"}],"wp:attachment":[{"href":"https:\/\/www.teka.com\/sk-sk\/wp-json\/wp\/v2\/media?parent=81861"}],"wp:term":[{"taxonomy":"product_cat","embeddable":true,"href":"https:\/\/www.teka.com\/sk-sk\/wp-json\/wp\/v2\/product_cat?post=81861"},{"taxonomy":"product_cleaning_system","embeddable":true,"href":"https:\/\/www.teka.com\/sk-sk\/wp-json\/wp\/v2\/product_cleaning_system?post=81861"},{"taxonomy":"product_3rd_basket","embeddable":true,"href":"https:\/\/www.teka.com\/sk-sk\/wp-json\/wp\/v2\/product_3rd_basket?post=81861"},{"taxonomy":"product_drawers","embeddable":true,"href":"https:\/\/www.teka.com\/sk-sk\/wp-json\/wp\/v2\/product_drawers?post=81861"},{"taxonomy":"product_type_of_installation","embeddable":true,"href":"https:\/\/www.teka.com\/sk-sk\/wp-json\/wp\/v2\/product_type_of_installation?post=81861"},{"taxonomy":"product_edition","embeddable":true,"href":"https:\/\/www.teka.com\/sk-sk\/wp-json\/wp\/v2\/product_edition?post=81861"},{"taxonomy":"product_serie","embeddable":true,"href":"https:\/\/www.teka.com\/sk-sk\/wp-json\/wp\/v2\/product_serie?post=81861"},{"taxonomy":"product_features","embeddable":true,"href":"https:\/\/www.teka.com\/sk-sk\/wp-json\/wp\/v2\/product_features?post=81861"},{"taxonomy":"finishes","embeddable":true,"href":"https:\/\/www.teka.com\/sk-sk\/wp-json\/wp\/v2\/finishes?post=81861"},{"taxonomy":"product_bundles","embeddable":true,"href":"https:\/\/www.teka.com\/sk-sk\/wp-json\/wp\/v2\/product_bundles?post=81861"},{"taxonomy":"product_energy_efficiency","embeddable":true,"href":"https:\/\/www.teka.com\/sk-sk\/wp-json\/wp\/v2\/product_energy_efficiency?post=81861"},{"taxonomy":"product_video_training","embeddable":true,"href":"https:\/\/www.teka.com\/sk-sk\/wp-json\/wp\/v2\/product_video_training?post=81861"}],"curies":[{"name":"wp","href":"https:\/\/api.w.org\/{rel}","templated":true}]}}