{"id":81866,"date":"2026-04-07T21:03:18","date_gmt":"2026-04-07T21:03:18","guid":{"rendered":"https:\/\/teka.com\/en-int\/clc-85-g1-gm_111630007"},"modified":"2026-03-14T08:28:41","modified_gmt":"2026-03-14T09:28:41","slug":"clc-85-g1-gm_111630007","status":"publish","type":"product","link":"https:\/\/www.teka.com\/sk-sk\/product\/clc-85-g1-gm_111630007\/","title":{"rendered":"CLC 85-G1 GM"},"content":{"rendered":"<ul>\n<li>Infinity G1 Edition \u2013 navrhnut\u00fd v Taliansku spolo\u010dnos\u0165ou Italdesign Giugiaro<\/li>\n<li>Automatick\u00fd vstavan\u00fd k\u00e1vovar, 45 cm<\/li>\n<li>Funkcia \u010distenia<\/li>\n<li>Dotykov\u00fd ovl\u00e1dac\u00ed displej s tla\u010didlami<\/li>\n<li>30 automatick\u00fdch programov<\/li>\n<li>Kapacita: 2 \u0161\u00e1lky naraz<\/li>\n<\/ul>\n","protected":false},"featured_media":0,"parent":0,"template":"","product_cat":[2391],"product_cleaning_system":[],"product_3rd_basket":[],"product_drawers":[],"product_type_of_installation":[],"product_edition":[],"product_serie":[],"product_features":[],"finishes":[],"product_bundles":[],"product_energy_efficiency":[],"product_video_training":[],"class_list":["post-81866","product","type-product","status-publish","hentry","product_cat-kavovary","usp-coffeemachine-01","usp-coffeemachine-02","usp-coffeemachine-03","usp-infinityg1-01","usp-infinityg1-02","usp-infinityg1-03","usp-cookinglovers-10","usp-infinityg1-18","color-matna-cierna","product_icons-coffee-beans","product_icons-ground-coffee"],"acf":[],"yoast_head":"<!-- This site is optimized with the Yoast SEO plugin v27.2 - https:\/\/yoast.com\/product\/yoast-seo-wordpress\/ -->\n<title>CLC 85-G1 GM | Teka Slovensk\u00e1 republika<\/title>\n<meta name=\"robots\" content=\"index, follow, max-snippet:-1, max-image-preview:large, max-video-preview:-1\" \/>\n<link rel=\"canonical\" href=\"https:\/\/www.teka.com\/sk-sk\/product\/clc-85-g1-gm_111630007\/\" \/>\n<meta property=\"og:locale\" content=\"sk_SK\" \/>\n<meta property=\"og:type\" content=\"article\" \/>\n<meta property=\"og:title\" content=\"CLC 85-G1 GM | Teka Slovensk\u00e1 republika\" \/>\n<meta property=\"og:description\" content=\"Infinity G1 Edition \u2013 navrhnut\u00fd v Taliansku spolo\u010dnos\u0165ou Italdesign Giugiaro Automatick\u00fd vstavan\u00fd k\u00e1vovar, 45 cm Funkcia \u010distenia Dotykov\u00fd ovl\u00e1dac\u00ed displej s tla\u010didlami 30 automatick\u00fdch programov Kapacita: 2 \u0161\u00e1lky naraz\" \/>\n<meta property=\"og:url\" content=\"https:\/\/www.teka.com\/sk-sk\/product\/clc-85-g1-gm_111630007\/\" \/>\n<meta property=\"og:site_name\" content=\"Teka Slovensk\u00e1 republika\" \/>\n<meta name=\"twitter:card\" content=\"summary_large_image\" \/>\n<script type=\"application\/ld+json\" class=\"yoast-schema-graph\">{\"@context\":\"https:\/\/schema.org\",\"@graph\":[{\"@type\":\"WebPage\",\"@id\":\"https:\/\/www.teka.com\/sk-sk\/product\/clc-85-g1-gm_111630007\/\",\"url\":\"https:\/\/www.teka.com\/sk-sk\/product\/clc-85-g1-gm_111630007\/\",\"name\":\"CLC 85-G1 GM | Teka Slovensk\u00e1 republika\",\"isPartOf\":{\"@id\":\"https:\/\/www.teka.com\/sk-sk\/#website\"},\"datePublished\":\"2026-04-07T21:03:18+00:00\",\"inLanguage\":\"sk-SK\",\"potentialAction\":[{\"@type\":\"ReadAction\",\"target\":[\"https:\/\/www.teka.com\/sk-sk\/product\/clc-85-g1-gm_111630007\/\"]}]},{\"@type\":\"WebSite\",\"@id\":\"https:\/\/www.teka.com\/sk-sk\/#website\",\"url\":\"https:\/\/www.teka.com\/sk-sk\/\",\"name\":\"Teka Slovensk\u00e1 republika\",\"description\":\"\",\"potentialAction\":[{\"@type\":\"SearchAction\",\"target\":{\"@type\":\"EntryPoint\",\"urlTemplate\":\"https:\/\/www.teka.com\/sk-sk\/?s={search_term_string}\"},\"query-input\":{\"@type\":\"PropertyValueSpecification\",\"valueRequired\":true,\"valueName\":\"search_term_string\"}}],\"inLanguage\":\"sk-SK\"}]}<\/script>\n<!-- \/ Yoast SEO plugin. -->","yoast_head_json":{"title":"CLC 85-G1 GM | Teka Slovensk\u00e1 republika","robots":{"index":"index","follow":"follow","max-snippet":"max-snippet:-1","max-image-preview":"max-image-preview:large","max-video-preview":"max-video-preview:-1"},"canonical":"https:\/\/www.teka.com\/sk-sk\/product\/clc-85-g1-gm_111630007\/","og_locale":"sk_SK","og_type":"article","og_title":"CLC 85-G1 GM | Teka Slovensk\u00e1 republika","og_description":"Infinity G1 Edition \u2013 navrhnut\u00fd v Taliansku spolo\u010dnos\u0165ou Italdesign Giugiaro Automatick\u00fd vstavan\u00fd k\u00e1vovar, 45 cm Funkcia \u010distenia Dotykov\u00fd ovl\u00e1dac\u00ed displej s tla\u010didlami 30 automatick\u00fdch programov Kapacita: 2 \u0161\u00e1lky naraz","og_url":"https:\/\/www.teka.com\/sk-sk\/product\/clc-85-g1-gm_111630007\/","og_site_name":"Teka Slovensk\u00e1 republika","twitter_card":"summary_large_image","schema":{"@context":"https:\/\/schema.org","@graph":[{"@type":"WebPage","@id":"https:\/\/www.teka.com\/sk-sk\/product\/clc-85-g1-gm_111630007\/","url":"https:\/\/www.teka.com\/sk-sk\/product\/clc-85-g1-gm_111630007\/","name":"CLC 85-G1 GM | Teka Slovensk\u00e1 republika","isPartOf":{"@id":"https:\/\/www.teka.com\/sk-sk\/#website"},"datePublished":"2026-04-07T21:03:18+00:00","inLanguage":"sk-SK","potentialAction":[{"@type":"ReadAction","target":["https:\/\/www.teka.com\/sk-sk\/product\/clc-85-g1-gm_111630007\/"]}]},{"@type":"WebSite","@id":"https:\/\/www.teka.com\/sk-sk\/#website","url":"https:\/\/www.teka.com\/sk-sk\/","name":"Teka Slovensk\u00e1 republika","description":"","potentialAction":[{"@type":"SearchAction","target":{"@type":"EntryPoint","urlTemplate":"https:\/\/www.teka.com\/sk-sk\/?s={search_term_string}"},"query-input":{"@type":"PropertyValueSpecification","valueRequired":true,"valueName":"search_term_string"}}],"inLanguage":"sk-SK"}]}},"_links":{"self":[{"href":"https:\/\/www.teka.com\/sk-sk\/wp-json\/wp\/v2\/product\/81866","targetHints":{"allow":["GET"]}}],"collection":[{"href":"https:\/\/www.teka.com\/sk-sk\/wp-json\/wp\/v2\/product"}],"about":[{"href":"https:\/\/www.teka.com\/sk-sk\/wp-json\/wp\/v2\/types\/product"}],"wp:attachment":[{"href":"https:\/\/www.teka.com\/sk-sk\/wp-json\/wp\/v2\/media?parent=81866"}],"wp:term":[{"taxonomy":"product_cat","embeddable":true,"href":"https:\/\/www.teka.com\/sk-sk\/wp-json\/wp\/v2\/product_cat?post=81866"},{"taxonomy":"product_cleaning_system","embeddable":true,"href":"https:\/\/www.teka.com\/sk-sk\/wp-json\/wp\/v2\/product_cleaning_system?post=81866"},{"taxonomy":"product_3rd_basket","embeddable":true,"href":"https:\/\/www.teka.com\/sk-sk\/wp-json\/wp\/v2\/product_3rd_basket?post=81866"},{"taxonomy":"product_drawers","embeddable":true,"href":"https:\/\/www.teka.com\/sk-sk\/wp-json\/wp\/v2\/product_drawers?post=81866"},{"taxonomy":"product_type_of_installation","embeddable":true,"href":"https:\/\/www.teka.com\/sk-sk\/wp-json\/wp\/v2\/product_type_of_installation?post=81866"},{"taxonomy":"product_edition","embeddable":true,"href":"https:\/\/www.teka.com\/sk-sk\/wp-json\/wp\/v2\/product_edition?post=81866"},{"taxonomy":"product_serie","embeddable":true,"href":"https:\/\/www.teka.com\/sk-sk\/wp-json\/wp\/v2\/product_serie?post=81866"},{"taxonomy":"product_features","embeddable":true,"href":"https:\/\/www.teka.com\/sk-sk\/wp-json\/wp\/v2\/product_features?post=81866"},{"taxonomy":"finishes","embeddable":true,"href":"https:\/\/www.teka.com\/sk-sk\/wp-json\/wp\/v2\/finishes?post=81866"},{"taxonomy":"product_bundles","embeddable":true,"href":"https:\/\/www.teka.com\/sk-sk\/wp-json\/wp\/v2\/product_bundles?post=81866"},{"taxonomy":"product_energy_efficiency","embeddable":true,"href":"https:\/\/www.teka.com\/sk-sk\/wp-json\/wp\/v2\/product_energy_efficiency?post=81866"},{"taxonomy":"product_video_training","embeddable":true,"href":"https:\/\/www.teka.com\/sk-sk\/wp-json\/wp\/v2\/product_video_training?post=81866"}],"curies":[{"name":"wp","href":"https:\/\/api.w.org\/{rel}","templated":true}]}}