{"id":81868,"date":"2026-04-27T06:32:43","date_gmt":"2026-04-27T06:32:43","guid":{"rendered":"https:\/\/teka.com\/en-int\/hlc-84-g1-c-bm_111160026"},"modified":"2026-04-24T02:13:36","modified_gmt":"2026-04-24T03:13:36","slug":"hlc-84-g1-c-bm_111160026","status":"publish","type":"product","link":"https:\/\/www.teka.com\/sk-sk\/product\/hlc-84-g1-c-bm_111160026\/","title":{"rendered":"HLC 84-G1 C BM"},"content":{"rendered":"<ul>\n<li>Infinity G1 Edition<\/li>\n<li>Kompaktn\u00e1 kombinovan\u00e1 multifunk\u010dn\u00e1 a mikrovlnn\u00e1 r\u00fara, 45 cm<\/li>\n<li>Technol\u00f3gia SurroundTemp<\/li>\n<li>11 funkci\u00ed varenia<\/li>\n<li>Objem: 40 l<\/li>\n<li>Syst\u00e9m \u010distenia HydroClean\u00ae PRO<\/li>\n<\/ul>\n","protected":false},"featured_media":0,"parent":0,"template":"","product_cat":[2373],"product_cleaning_system":[3092],"product_3rd_basket":[],"product_drawers":[],"product_type_of_installation":[],"product_edition":[],"product_serie":[],"product_features":[],"finishes":[],"product_bundles":[],"product_energy_efficiency":[],"product_video_training":[],"class_list":["post-81868","product","type-product","status-publish","hentry","product_cat-vstavane-rury","usp-infinityg1-01","usp-infinityg1-02","usp-infinityg1-03","usp-infinityg1-07","usp-infinityg1-08","usp-cookinglovers-13","usp-award-06","color-matna-cierna","product_type_of_appliance-multifunkcne-rury","product_type_of_appliance-kompakty","product_type_of_appliance-s-mikrovlnnou-rurou","product_ambient-infinityg1","product_icons-40l","product_icons-hydroclean","product_icons-surroundtemp","product_cleaning_system-hydroclean"],"acf":[],"yoast_head":"<!-- This site is optimized with the Yoast SEO plugin v27.5 - https:\/\/yoast.com\/product\/yoast-seo-wordpress\/ -->\n<title>HLC 84-G1 C BM | Teka Slovensk\u00e1 republika<\/title>\n<meta name=\"robots\" content=\"index, follow, max-snippet:-1, max-image-preview:large, max-video-preview:-1\" \/>\n<link rel=\"canonical\" href=\"https:\/\/www.teka.com\/sk-sk\/product\/hlc-84-g1-c-bm_111160026\/\" \/>\n<meta property=\"og:locale\" content=\"sk_SK\" \/>\n<meta property=\"og:type\" content=\"article\" \/>\n<meta property=\"og:title\" content=\"HLC 84-G1 C BM | Teka Slovensk\u00e1 republika\" \/>\n<meta property=\"og:description\" content=\"Infinity G1 Edition Kompaktn\u00e1 kombinovan\u00e1 multifunk\u010dn\u00e1 a mikrovlnn\u00e1 r\u00fara, 45 cm Technol\u00f3gia SurroundTemp 11 funkci\u00ed varenia Objem: 40 l Syst\u00e9m \u010distenia HydroClean\u00ae PRO\" \/>\n<meta property=\"og:url\" content=\"https:\/\/www.teka.com\/sk-sk\/product\/hlc-84-g1-c-bm_111160026\/\" \/>\n<meta property=\"og:site_name\" content=\"Teka Slovensk\u00e1 republika\" \/>\n<meta name=\"twitter:card\" content=\"summary_large_image\" \/>\n<script type=\"application\/ld+json\" class=\"yoast-schema-graph\">{\"@context\":\"https:\\\/\\\/schema.org\",\"@graph\":[{\"@type\":\"WebPage\",\"@id\":\"https:\\\/\\\/www.teka.com\\\/sk-sk\\\/product\\\/hlc-84-g1-c-bm_111160026\\\/\",\"url\":\"https:\\\/\\\/www.teka.com\\\/sk-sk\\\/product\\\/hlc-84-g1-c-bm_111160026\\\/\",\"name\":\"HLC 84-G1 C BM | Teka Slovensk\u00e1 republika\",\"isPartOf\":{\"@id\":\"https:\\\/\\\/www.teka.com\\\/sk-sk\\\/#website\"},\"datePublished\":\"2026-04-27T06:32:43+00:00\",\"inLanguage\":\"sk-SK\",\"potentialAction\":[{\"@type\":\"ReadAction\",\"target\":[\"https:\\\/\\\/www.teka.com\\\/sk-sk\\\/product\\\/hlc-84-g1-c-bm_111160026\\\/\"]}]},{\"@type\":\"WebSite\",\"@id\":\"https:\\\/\\\/www.teka.com\\\/sk-sk\\\/#website\",\"url\":\"https:\\\/\\\/www.teka.com\\\/sk-sk\\\/\",\"name\":\"Teka Slovensk\u00e1 republika\",\"description\":\"\",\"potentialAction\":[{\"@type\":\"SearchAction\",\"target\":{\"@type\":\"EntryPoint\",\"urlTemplate\":\"https:\\\/\\\/www.teka.com\\\/sk-sk\\\/?s={search_term_string}\"},\"query-input\":{\"@type\":\"PropertyValueSpecification\",\"valueRequired\":true,\"valueName\":\"search_term_string\"}}],\"inLanguage\":\"sk-SK\"}]}<\/script>\n<!-- \/ Yoast SEO plugin. -->","yoast_head_json":{"title":"HLC 84-G1 C BM | Teka Slovensk\u00e1 republika","robots":{"index":"index","follow":"follow","max-snippet":"max-snippet:-1","max-image-preview":"max-image-preview:large","max-video-preview":"max-video-preview:-1"},"canonical":"https:\/\/www.teka.com\/sk-sk\/product\/hlc-84-g1-c-bm_111160026\/","og_locale":"sk_SK","og_type":"article","og_title":"HLC 84-G1 C BM | Teka Slovensk\u00e1 republika","og_description":"Infinity G1 Edition Kompaktn\u00e1 kombinovan\u00e1 multifunk\u010dn\u00e1 a mikrovlnn\u00e1 r\u00fara, 45 cm Technol\u00f3gia SurroundTemp 11 funkci\u00ed varenia Objem: 40 l Syst\u00e9m \u010distenia HydroClean\u00ae PRO","og_url":"https:\/\/www.teka.com\/sk-sk\/product\/hlc-84-g1-c-bm_111160026\/","og_site_name":"Teka Slovensk\u00e1 republika","twitter_card":"summary_large_image","schema":{"@context":"https:\/\/schema.org","@graph":[{"@type":"WebPage","@id":"https:\/\/www.teka.com\/sk-sk\/product\/hlc-84-g1-c-bm_111160026\/","url":"https:\/\/www.teka.com\/sk-sk\/product\/hlc-84-g1-c-bm_111160026\/","name":"HLC 84-G1 C BM | Teka Slovensk\u00e1 republika","isPartOf":{"@id":"https:\/\/www.teka.com\/sk-sk\/#website"},"datePublished":"2026-04-27T06:32:43+00:00","inLanguage":"sk-SK","potentialAction":[{"@type":"ReadAction","target":["https:\/\/www.teka.com\/sk-sk\/product\/hlc-84-g1-c-bm_111160026\/"]}]},{"@type":"WebSite","@id":"https:\/\/www.teka.com\/sk-sk\/#website","url":"https:\/\/www.teka.com\/sk-sk\/","name":"Teka Slovensk\u00e1 republika","description":"","potentialAction":[{"@type":"SearchAction","target":{"@type":"EntryPoint","urlTemplate":"https:\/\/www.teka.com\/sk-sk\/?s={search_term_string}"},"query-input":{"@type":"PropertyValueSpecification","valueRequired":true,"valueName":"search_term_string"}}],"inLanguage":"sk-SK"}]}},"_links":{"self":[{"href":"https:\/\/www.teka.com\/sk-sk\/wp-json\/wp\/v2\/product\/81868","targetHints":{"allow":["GET"]}}],"collection":[{"href":"https:\/\/www.teka.com\/sk-sk\/wp-json\/wp\/v2\/product"}],"about":[{"href":"https:\/\/www.teka.com\/sk-sk\/wp-json\/wp\/v2\/types\/product"}],"wp:attachment":[{"href":"https:\/\/www.teka.com\/sk-sk\/wp-json\/wp\/v2\/media?parent=81868"}],"wp:term":[{"taxonomy":"product_cat","embeddable":true,"href":"https:\/\/www.teka.com\/sk-sk\/wp-json\/wp\/v2\/product_cat?post=81868"},{"taxonomy":"product_cleaning_system","embeddable":true,"href":"https:\/\/www.teka.com\/sk-sk\/wp-json\/wp\/v2\/product_cleaning_system?post=81868"},{"taxonomy":"product_3rd_basket","embeddable":true,"href":"https:\/\/www.teka.com\/sk-sk\/wp-json\/wp\/v2\/product_3rd_basket?post=81868"},{"taxonomy":"product_drawers","embeddable":true,"href":"https:\/\/www.teka.com\/sk-sk\/wp-json\/wp\/v2\/product_drawers?post=81868"},{"taxonomy":"product_type_of_installation","embeddable":true,"href":"https:\/\/www.teka.com\/sk-sk\/wp-json\/wp\/v2\/product_type_of_installation?post=81868"},{"taxonomy":"product_edition","embeddable":true,"href":"https:\/\/www.teka.com\/sk-sk\/wp-json\/wp\/v2\/product_edition?post=81868"},{"taxonomy":"product_serie","embeddable":true,"href":"https:\/\/www.teka.com\/sk-sk\/wp-json\/wp\/v2\/product_serie?post=81868"},{"taxonomy":"product_features","embeddable":true,"href":"https:\/\/www.teka.com\/sk-sk\/wp-json\/wp\/v2\/product_features?post=81868"},{"taxonomy":"finishes","embeddable":true,"href":"https:\/\/www.teka.com\/sk-sk\/wp-json\/wp\/v2\/finishes?post=81868"},{"taxonomy":"product_bundles","embeddable":true,"href":"https:\/\/www.teka.com\/sk-sk\/wp-json\/wp\/v2\/product_bundles?post=81868"},{"taxonomy":"product_energy_efficiency","embeddable":true,"href":"https:\/\/www.teka.com\/sk-sk\/wp-json\/wp\/v2\/product_energy_efficiency?post=81868"},{"taxonomy":"product_video_training","embeddable":true,"href":"https:\/\/www.teka.com\/sk-sk\/wp-json\/wp\/v2\/product_video_training?post=81868"}],"curies":[{"name":"wp","href":"https:\/\/api.w.org\/{rel}","templated":true}]}}