{"id":81878,"date":"2026-05-04T15:34:38","date_gmt":"2026-05-04T15:34:38","guid":{"rendered":"https:\/\/teka.com\/en-int\/hlb-8418-p-bk_111000083"},"modified":"2026-05-04T01:34:38","modified_gmt":"2026-05-04T02:34:38","slug":"hlb-8418-p-bk_111000083","status":"publish","type":"product","link":"https:\/\/www.teka.com\/sk-sk\/product\/hlb-8418-p-bk_111000083\/","title":{"rendered":"HLB 8418 P BK"},"content":{"rendered":"<ul>\n<li>Multifunk\u010dn\u00e1 pyrolytick\u00e1 pec s technol\u00f3giou SurroundTemp<\/li>\n<li>Syst\u00e9m EasySteam na pr\u00edpravu pary<\/li>\n<li>8 funkci\u00ed pe\u010denia<\/li>\n<li>Syst\u00e9m \u010distenia DualClean: pyrol\u00fdza + HydroClean\u00ae PRO<\/li>\n<\/ul>\n","protected":false},"featured_media":0,"parent":0,"template":"","product_cat":[2373],"product_cleaning_system":[3092,8081],"product_3rd_basket":[],"product_drawers":[],"product_type_of_installation":[],"product_edition":[],"product_serie":[],"product_features":[],"finishes":[],"product_bundles":[],"product_energy_efficiency":[7796],"product_video_training":[7859,7863,7869,7872,7883,8035],"class_list":["post-81878","product","type-product","status-publish","hentry","product_cat-vstavane-rury","usp-ovens-04","usp-ovens-05","usp-ovens-06","usp-ovens-10","usp-ovens-13","usp-compacts-05","usp-easysteam-03","usp-easysteam-01","usp-easysteam-02","usp-steamgourmet-04","color-cierne-sklo","product_type_of_appliance-multifunkcne-rury","product_icons-70l","product_icons-hydroclean","product_icons-pyrolysis","product_icons-softclose","product_icons-surroundtemp","product_cleaning_system-hydroclean","product_cleaning_system-pyrolyza","product_energy_efficiency-a-plus-icon","product_video_training-trainingovens-01","product_video_training-trainingovens-02","product_video_training-trainingovens-05","product_video_training-trainingovens-06","product_video_training-trainingovens-12","product_video_training-trainingovens-20"],"acf":[],"yoast_head":"<!-- This site is optimized with the Yoast SEO plugin v27.5 - https:\/\/yoast.com\/product\/yoast-seo-wordpress\/ -->\n<title>EasySteam HLB 8418 P multifunk\u010dn\u00e1 pyrolytick\u00e1 r\u00fara | Teka<\/title>\n<meta name=\"robots\" content=\"index, follow, max-snippet:-1, max-image-preview:large, max-video-preview:-1\" \/>\n<link rel=\"canonical\" href=\"https:\/\/www.teka.com\/sk-sk\/product\/hlb-8418-p-bk_111000083\/\" \/>\n<meta property=\"og:locale\" content=\"sk_SK\" \/>\n<meta property=\"og:type\" content=\"article\" \/>\n<meta property=\"og:title\" content=\"EasySteam HLB 8418 P multifunk\u010dn\u00e1 pyrolytick\u00e1 r\u00fara | Teka\" \/>\n<meta property=\"og:description\" content=\"Multifunk\u010dn\u00e1 pyrolytick\u00e1 pec s technol\u00f3giou SurroundTemp Syst\u00e9m EasySteam na pr\u00edpravu pary 8 funkci\u00ed pe\u010denia Syst\u00e9m \u010distenia DualClean: pyrol\u00fdza + HydroClean\u00ae PRO\" \/>\n<meta property=\"og:url\" content=\"https:\/\/www.teka.com\/sk-sk\/product\/hlb-8418-p-bk_111000083\/\" \/>\n<meta property=\"og:site_name\" content=\"Teka Slovensk\u00e1 republika\" \/>\n<meta name=\"twitter:card\" content=\"summary_large_image\" \/>\n<script type=\"application\/ld+json\" class=\"yoast-schema-graph\">{\"@context\":\"https:\\\/\\\/schema.org\",\"@graph\":[{\"@type\":\"WebPage\",\"@id\":\"https:\\\/\\\/www.teka.com\\\/sk-sk\\\/product\\\/hlb-8418-p-bk_111000083\\\/\",\"url\":\"https:\\\/\\\/www.teka.com\\\/sk-sk\\\/product\\\/hlb-8418-p-bk_111000083\\\/\",\"name\":\"EasySteam HLB 8418 P multifunk\u010dn\u00e1 pyrolytick\u00e1 r\u00fara | Teka\",\"isPartOf\":{\"@id\":\"https:\\\/\\\/www.teka.com\\\/sk-sk\\\/#website\"},\"datePublished\":\"2026-05-04T15:34:38+00:00\",\"inLanguage\":\"sk-SK\",\"potentialAction\":[{\"@type\":\"ReadAction\",\"target\":[\"https:\\\/\\\/www.teka.com\\\/sk-sk\\\/product\\\/hlb-8418-p-bk_111000083\\\/\"]}]},{\"@type\":\"WebSite\",\"@id\":\"https:\\\/\\\/www.teka.com\\\/sk-sk\\\/#website\",\"url\":\"https:\\\/\\\/www.teka.com\\\/sk-sk\\\/\",\"name\":\"Teka Slovensk\u00e1 republika\",\"description\":\"\",\"potentialAction\":[{\"@type\":\"SearchAction\",\"target\":{\"@type\":\"EntryPoint\",\"urlTemplate\":\"https:\\\/\\\/www.teka.com\\\/sk-sk\\\/?s={search_term_string}\"},\"query-input\":{\"@type\":\"PropertyValueSpecification\",\"valueRequired\":true,\"valueName\":\"search_term_string\"}}],\"inLanguage\":\"sk-SK\"}]}<\/script>\n<!-- \/ Yoast SEO plugin. -->","yoast_head_json":{"title":"EasySteam HLB 8418 P multifunk\u010dn\u00e1 pyrolytick\u00e1 r\u00fara | Teka","robots":{"index":"index","follow":"follow","max-snippet":"max-snippet:-1","max-image-preview":"max-image-preview:large","max-video-preview":"max-video-preview:-1"},"canonical":"https:\/\/www.teka.com\/sk-sk\/product\/hlb-8418-p-bk_111000083\/","og_locale":"sk_SK","og_type":"article","og_title":"EasySteam HLB 8418 P multifunk\u010dn\u00e1 pyrolytick\u00e1 r\u00fara | Teka","og_description":"Multifunk\u010dn\u00e1 pyrolytick\u00e1 pec s technol\u00f3giou SurroundTemp Syst\u00e9m EasySteam na pr\u00edpravu pary 8 funkci\u00ed pe\u010denia Syst\u00e9m \u010distenia DualClean: pyrol\u00fdza + HydroClean\u00ae PRO","og_url":"https:\/\/www.teka.com\/sk-sk\/product\/hlb-8418-p-bk_111000083\/","og_site_name":"Teka Slovensk\u00e1 republika","twitter_card":"summary_large_image","schema":{"@context":"https:\/\/schema.org","@graph":[{"@type":"WebPage","@id":"https:\/\/www.teka.com\/sk-sk\/product\/hlb-8418-p-bk_111000083\/","url":"https:\/\/www.teka.com\/sk-sk\/product\/hlb-8418-p-bk_111000083\/","name":"EasySteam HLB 8418 P multifunk\u010dn\u00e1 pyrolytick\u00e1 r\u00fara | Teka","isPartOf":{"@id":"https:\/\/www.teka.com\/sk-sk\/#website"},"datePublished":"2026-05-04T15:34:38+00:00","inLanguage":"sk-SK","potentialAction":[{"@type":"ReadAction","target":["https:\/\/www.teka.com\/sk-sk\/product\/hlb-8418-p-bk_111000083\/"]}]},{"@type":"WebSite","@id":"https:\/\/www.teka.com\/sk-sk\/#website","url":"https:\/\/www.teka.com\/sk-sk\/","name":"Teka Slovensk\u00e1 republika","description":"","potentialAction":[{"@type":"SearchAction","target":{"@type":"EntryPoint","urlTemplate":"https:\/\/www.teka.com\/sk-sk\/?s={search_term_string}"},"query-input":{"@type":"PropertyValueSpecification","valueRequired":true,"valueName":"search_term_string"}}],"inLanguage":"sk-SK"}]}},"_links":{"self":[{"href":"https:\/\/www.teka.com\/sk-sk\/wp-json\/wp\/v2\/product\/81878","targetHints":{"allow":["GET"]}}],"collection":[{"href":"https:\/\/www.teka.com\/sk-sk\/wp-json\/wp\/v2\/product"}],"about":[{"href":"https:\/\/www.teka.com\/sk-sk\/wp-json\/wp\/v2\/types\/product"}],"wp:attachment":[{"href":"https:\/\/www.teka.com\/sk-sk\/wp-json\/wp\/v2\/media?parent=81878"}],"wp:term":[{"taxonomy":"product_cat","embeddable":true,"href":"https:\/\/www.teka.com\/sk-sk\/wp-json\/wp\/v2\/product_cat?post=81878"},{"taxonomy":"product_cleaning_system","embeddable":true,"href":"https:\/\/www.teka.com\/sk-sk\/wp-json\/wp\/v2\/product_cleaning_system?post=81878"},{"taxonomy":"product_3rd_basket","embeddable":true,"href":"https:\/\/www.teka.com\/sk-sk\/wp-json\/wp\/v2\/product_3rd_basket?post=81878"},{"taxonomy":"product_drawers","embeddable":true,"href":"https:\/\/www.teka.com\/sk-sk\/wp-json\/wp\/v2\/product_drawers?post=81878"},{"taxonomy":"product_type_of_installation","embeddable":true,"href":"https:\/\/www.teka.com\/sk-sk\/wp-json\/wp\/v2\/product_type_of_installation?post=81878"},{"taxonomy":"product_edition","embeddable":true,"href":"https:\/\/www.teka.com\/sk-sk\/wp-json\/wp\/v2\/product_edition?post=81878"},{"taxonomy":"product_serie","embeddable":true,"href":"https:\/\/www.teka.com\/sk-sk\/wp-json\/wp\/v2\/product_serie?post=81878"},{"taxonomy":"product_features","embeddable":true,"href":"https:\/\/www.teka.com\/sk-sk\/wp-json\/wp\/v2\/product_features?post=81878"},{"taxonomy":"finishes","embeddable":true,"href":"https:\/\/www.teka.com\/sk-sk\/wp-json\/wp\/v2\/finishes?post=81878"},{"taxonomy":"product_bundles","embeddable":true,"href":"https:\/\/www.teka.com\/sk-sk\/wp-json\/wp\/v2\/product_bundles?post=81878"},{"taxonomy":"product_energy_efficiency","embeddable":true,"href":"https:\/\/www.teka.com\/sk-sk\/wp-json\/wp\/v2\/product_energy_efficiency?post=81878"},{"taxonomy":"product_video_training","embeddable":true,"href":"https:\/\/www.teka.com\/sk-sk\/wp-json\/wp\/v2\/product_video_training?post=81878"}],"curies":[{"name":"wp","href":"https:\/\/api.w.org\/{rel}","templated":true}]}}