{"id":81902,"date":"2026-04-08T05:19:29","date_gmt":"2026-04-08T05:19:29","guid":{"rendered":"https:\/\/teka.com\/en-int\/dfi-76960_114260027"},"modified":"2026-04-08T02:25:29","modified_gmt":"2026-04-08T03:25:29","slug":"dfi-76960_114260027","status":"publish","type":"product","link":"https:\/\/www.teka.com\/sk-sk\/product\/dfi-76960_114260027\/","title":{"rendered":"DFI 76960"},"content":{"rendered":"<ul>\n<li>Plne integrovan\u00e1 um\u00fdva\u010dka riadu 60 cm<\/li>\n<li>Dotykov\u00e9 ovl\u00e1danie<\/li>\n<li>In\u0161tal\u00e1cia: SlidingDoor<\/li>\n<li>Z\u00e1suvka na pr\u00edbory<\/li>\n<li>Podlahov\u00e9 osvetlenie<\/li>\n<\/ul>\n","protected":false},"featured_media":0,"parent":0,"template":"","product_cat":[2407],"product_cleaning_system":[],"product_3rd_basket":[8093],"product_drawers":[],"product_type_of_installation":[8099],"product_edition":[],"product_serie":[],"product_features":[],"finishes":[],"product_bundles":[],"product_energy_efficiency":[7270],"product_video_training":[7857],"class_list":["post-81902","product","type-product","status-publish","hentry","product_cat-umyvacky-riadu","usp-dishwashers-02","usp-dishwashers-04","usp-dishwashers-09","usp-dishwashers-10","usp-dishwashers-11","usp-dishwashers-05","product_type_of_appliance-vstavane","product_icons-beam-on-floor","product_icons-eco-function","product_icons-third-cutlery-tray","product_icons-ionclean","product_icons-premium-dry","product_icons-sliding-door","product_icons-smart-sensor","product_3rd_basket-3-kos","product_type_of_installation-vstavane","product_energy_efficiency-b-ue-icon-new","product_video_training-trainingdishwasers-01"],"acf":[],"yoast_head":"<!-- This site is optimized with the Yoast SEO plugin v27.2 - https:\/\/yoast.com\/product\/yoast-seo-wordpress\/ -->\n<title>DFI 76960 | Teka Slovensk\u00e1 republika<\/title>\n<meta name=\"robots\" content=\"index, follow, max-snippet:-1, max-image-preview:large, max-video-preview:-1\" \/>\n<link rel=\"canonical\" href=\"https:\/\/www.teka.com\/sk-sk\/product\/dfi-76960_114260027\/\" \/>\n<meta property=\"og:locale\" content=\"sk_SK\" \/>\n<meta property=\"og:type\" content=\"article\" \/>\n<meta property=\"og:title\" content=\"DFI 76960 | Teka Slovensk\u00e1 republika\" \/>\n<meta property=\"og:description\" content=\"Plne integrovan\u00e1 um\u00fdva\u010dka riadu 60 cm Dotykov\u00e9 ovl\u00e1danie In\u0161tal\u00e1cia: SlidingDoor Z\u00e1suvka na pr\u00edbory Podlahov\u00e9 osvetlenie\" \/>\n<meta property=\"og:url\" content=\"https:\/\/www.teka.com\/sk-sk\/product\/dfi-76960_114260027\/\" \/>\n<meta property=\"og:site_name\" content=\"Teka Slovensk\u00e1 republika\" \/>\n<meta name=\"twitter:card\" content=\"summary_large_image\" \/>\n<script type=\"application\/ld+json\" class=\"yoast-schema-graph\">{\"@context\":\"https:\/\/schema.org\",\"@graph\":[{\"@type\":\"WebPage\",\"@id\":\"https:\/\/www.teka.com\/sk-sk\/product\/dfi-76960_114260027\/\",\"url\":\"https:\/\/www.teka.com\/sk-sk\/product\/dfi-76960_114260027\/\",\"name\":\"DFI 76960 | Teka Slovensk\u00e1 republika\",\"isPartOf\":{\"@id\":\"https:\/\/www.teka.com\/sk-sk\/#website\"},\"datePublished\":\"2026-04-08T05:19:29+00:00\",\"inLanguage\":\"sk-SK\",\"potentialAction\":[{\"@type\":\"ReadAction\",\"target\":[\"https:\/\/www.teka.com\/sk-sk\/product\/dfi-76960_114260027\/\"]}]},{\"@type\":\"WebSite\",\"@id\":\"https:\/\/www.teka.com\/sk-sk\/#website\",\"url\":\"https:\/\/www.teka.com\/sk-sk\/\",\"name\":\"Teka Slovensk\u00e1 republika\",\"description\":\"\",\"potentialAction\":[{\"@type\":\"SearchAction\",\"target\":{\"@type\":\"EntryPoint\",\"urlTemplate\":\"https:\/\/www.teka.com\/sk-sk\/?s={search_term_string}\"},\"query-input\":{\"@type\":\"PropertyValueSpecification\",\"valueRequired\":true,\"valueName\":\"search_term_string\"}}],\"inLanguage\":\"sk-SK\"}]}<\/script>\n<!-- \/ Yoast SEO plugin. -->","yoast_head_json":{"title":"DFI 76960 | Teka Slovensk\u00e1 republika","robots":{"index":"index","follow":"follow","max-snippet":"max-snippet:-1","max-image-preview":"max-image-preview:large","max-video-preview":"max-video-preview:-1"},"canonical":"https:\/\/www.teka.com\/sk-sk\/product\/dfi-76960_114260027\/","og_locale":"sk_SK","og_type":"article","og_title":"DFI 76960 | Teka Slovensk\u00e1 republika","og_description":"Plne integrovan\u00e1 um\u00fdva\u010dka riadu 60 cm Dotykov\u00e9 ovl\u00e1danie In\u0161tal\u00e1cia: SlidingDoor Z\u00e1suvka na pr\u00edbory Podlahov\u00e9 osvetlenie","og_url":"https:\/\/www.teka.com\/sk-sk\/product\/dfi-76960_114260027\/","og_site_name":"Teka Slovensk\u00e1 republika","twitter_card":"summary_large_image","schema":{"@context":"https:\/\/schema.org","@graph":[{"@type":"WebPage","@id":"https:\/\/www.teka.com\/sk-sk\/product\/dfi-76960_114260027\/","url":"https:\/\/www.teka.com\/sk-sk\/product\/dfi-76960_114260027\/","name":"DFI 76960 | Teka Slovensk\u00e1 republika","isPartOf":{"@id":"https:\/\/www.teka.com\/sk-sk\/#website"},"datePublished":"2026-04-08T05:19:29+00:00","inLanguage":"sk-SK","potentialAction":[{"@type":"ReadAction","target":["https:\/\/www.teka.com\/sk-sk\/product\/dfi-76960_114260027\/"]}]},{"@type":"WebSite","@id":"https:\/\/www.teka.com\/sk-sk\/#website","url":"https:\/\/www.teka.com\/sk-sk\/","name":"Teka Slovensk\u00e1 republika","description":"","potentialAction":[{"@type":"SearchAction","target":{"@type":"EntryPoint","urlTemplate":"https:\/\/www.teka.com\/sk-sk\/?s={search_term_string}"},"query-input":{"@type":"PropertyValueSpecification","valueRequired":true,"valueName":"search_term_string"}}],"inLanguage":"sk-SK"}]}},"_links":{"self":[{"href":"https:\/\/www.teka.com\/sk-sk\/wp-json\/wp\/v2\/product\/81902","targetHints":{"allow":["GET"]}}],"collection":[{"href":"https:\/\/www.teka.com\/sk-sk\/wp-json\/wp\/v2\/product"}],"about":[{"href":"https:\/\/www.teka.com\/sk-sk\/wp-json\/wp\/v2\/types\/product"}],"wp:attachment":[{"href":"https:\/\/www.teka.com\/sk-sk\/wp-json\/wp\/v2\/media?parent=81902"}],"wp:term":[{"taxonomy":"product_cat","embeddable":true,"href":"https:\/\/www.teka.com\/sk-sk\/wp-json\/wp\/v2\/product_cat?post=81902"},{"taxonomy":"product_cleaning_system","embeddable":true,"href":"https:\/\/www.teka.com\/sk-sk\/wp-json\/wp\/v2\/product_cleaning_system?post=81902"},{"taxonomy":"product_3rd_basket","embeddable":true,"href":"https:\/\/www.teka.com\/sk-sk\/wp-json\/wp\/v2\/product_3rd_basket?post=81902"},{"taxonomy":"product_drawers","embeddable":true,"href":"https:\/\/www.teka.com\/sk-sk\/wp-json\/wp\/v2\/product_drawers?post=81902"},{"taxonomy":"product_type_of_installation","embeddable":true,"href":"https:\/\/www.teka.com\/sk-sk\/wp-json\/wp\/v2\/product_type_of_installation?post=81902"},{"taxonomy":"product_edition","embeddable":true,"href":"https:\/\/www.teka.com\/sk-sk\/wp-json\/wp\/v2\/product_edition?post=81902"},{"taxonomy":"product_serie","embeddable":true,"href":"https:\/\/www.teka.com\/sk-sk\/wp-json\/wp\/v2\/product_serie?post=81902"},{"taxonomy":"product_features","embeddable":true,"href":"https:\/\/www.teka.com\/sk-sk\/wp-json\/wp\/v2\/product_features?post=81902"},{"taxonomy":"finishes","embeddable":true,"href":"https:\/\/www.teka.com\/sk-sk\/wp-json\/wp\/v2\/finishes?post=81902"},{"taxonomy":"product_bundles","embeddable":true,"href":"https:\/\/www.teka.com\/sk-sk\/wp-json\/wp\/v2\/product_bundles?post=81902"},{"taxonomy":"product_energy_efficiency","embeddable":true,"href":"https:\/\/www.teka.com\/sk-sk\/wp-json\/wp\/v2\/product_energy_efficiency?post=81902"},{"taxonomy":"product_video_training","embeddable":true,"href":"https:\/\/www.teka.com\/sk-sk\/wp-json\/wp\/v2\/product_video_training?post=81902"}],"curies":[{"name":"wp","href":"https:\/\/api.w.org\/{rel}","templated":true}]}}