{"id":81920,"date":"2026-04-26T22:36:01","date_gmt":"2026-04-26T22:36:01","guid":{"rendered":"https:\/\/teka.com\/en-int\/van-gogh-dvt-98660-tos-vg_112930075"},"modified":"2026-04-21T02:23:16","modified_gmt":"2026-04-21T03:23:16","slug":"van-gogh-dvt-98660-tos-vg_112930075","status":"publish","type":"product","link":"https:\/\/www.teka.com\/sk-sk\/product\/van-gogh-dvt-98660-tos-vg_112930075\/","title":{"rendered":"Van Gogh DVT 98660 TOS VG"},"content":{"rendered":"<ul>\n<li>Ed\u00edcia Van Gogh<\/li>\n<li>Dizajn in\u0161pirovan\u00fd obrazom Slne\u010dnice<\/li>\n<li>Dvojfarebn\u00fd dizajn s detailmi v \u0161ampanskej farbe<\/li>\n<li>Funkcia FreshAir<\/li>\n<li>Motor EcoPower<\/li>\n<\/ul>\n","protected":false},"featured_media":0,"parent":0,"template":"","product_cat":[2354],"product_cleaning_system":[],"product_3rd_basket":[],"product_drawers":[],"product_type_of_installation":[],"product_edition":[],"product_serie":[],"product_features":[],"finishes":[],"product_bundles":[],"product_energy_efficiency":[7796],"product_video_training":[],"class_list":["post-81920","product","type-product","status-publish","hentry","product_cat-odsavace-par","usp-tekahome-08","usp-infinityg1-12","color-dark-grey-and-black-glass","product_type_of_appliance-dekorativne","product_ambient-van-gogh-03","product_icons-led","product_icons-perimeter-extraction","product_icons-stop-delay-timer","product_icons-freshair","product_energy_efficiency-a-plus-icon"],"acf":[],"yoast_head":"<!-- This site is optimized with the Yoast SEO plugin v27.2 - https:\/\/yoast.com\/product\/yoast-seo-wordpress\/ -->\n<title>Van Gogh DVT 98660 TOS VG | Teka Slovensk\u00e1 republika<\/title>\n<meta name=\"robots\" content=\"index, follow, max-snippet:-1, max-image-preview:large, max-video-preview:-1\" \/>\n<link rel=\"canonical\" href=\"https:\/\/www.teka.com\/sk-sk\/product\/van-gogh-dvt-98660-tos-vg_112930075\/\" \/>\n<meta property=\"og:locale\" content=\"sk_SK\" \/>\n<meta property=\"og:type\" content=\"article\" \/>\n<meta property=\"og:title\" content=\"Van Gogh DVT 98660 TOS VG | Teka Slovensk\u00e1 republika\" \/>\n<meta property=\"og:description\" content=\"Ed\u00edcia Van Gogh Dizajn in\u0161pirovan\u00fd obrazom Slne\u010dnice Dvojfarebn\u00fd dizajn s detailmi v \u0161ampanskej farbe Funkcia FreshAir Motor EcoPower\" \/>\n<meta property=\"og:url\" content=\"https:\/\/www.teka.com\/sk-sk\/product\/van-gogh-dvt-98660-tos-vg_112930075\/\" \/>\n<meta property=\"og:site_name\" content=\"Teka Slovensk\u00e1 republika\" \/>\n<meta name=\"twitter:card\" content=\"summary_large_image\" \/>\n<script type=\"application\/ld+json\" class=\"yoast-schema-graph\">{\"@context\":\"https:\/\/schema.org\",\"@graph\":[{\"@type\":\"WebPage\",\"@id\":\"https:\/\/www.teka.com\/sk-sk\/product\/van-gogh-dvt-98660-tos-vg_112930075\/\",\"url\":\"https:\/\/www.teka.com\/sk-sk\/product\/van-gogh-dvt-98660-tos-vg_112930075\/\",\"name\":\"Van Gogh DVT 98660 TOS VG | Teka Slovensk\u00e1 republika\",\"isPartOf\":{\"@id\":\"https:\/\/www.teka.com\/sk-sk\/#website\"},\"datePublished\":\"2026-04-26T22:36:01+00:00\",\"inLanguage\":\"sk-SK\",\"potentialAction\":[{\"@type\":\"ReadAction\",\"target\":[\"https:\/\/www.teka.com\/sk-sk\/product\/van-gogh-dvt-98660-tos-vg_112930075\/\"]}]},{\"@type\":\"WebSite\",\"@id\":\"https:\/\/www.teka.com\/sk-sk\/#website\",\"url\":\"https:\/\/www.teka.com\/sk-sk\/\",\"name\":\"Teka Slovensk\u00e1 republika\",\"description\":\"\",\"potentialAction\":[{\"@type\":\"SearchAction\",\"target\":{\"@type\":\"EntryPoint\",\"urlTemplate\":\"https:\/\/www.teka.com\/sk-sk\/?s={search_term_string}\"},\"query-input\":{\"@type\":\"PropertyValueSpecification\",\"valueRequired\":true,\"valueName\":\"search_term_string\"}}],\"inLanguage\":\"sk-SK\"}]}<\/script>\n<!-- \/ Yoast SEO plugin. -->","yoast_head_json":{"title":"Van Gogh DVT 98660 TOS VG | Teka Slovensk\u00e1 republika","robots":{"index":"index","follow":"follow","max-snippet":"max-snippet:-1","max-image-preview":"max-image-preview:large","max-video-preview":"max-video-preview:-1"},"canonical":"https:\/\/www.teka.com\/sk-sk\/product\/van-gogh-dvt-98660-tos-vg_112930075\/","og_locale":"sk_SK","og_type":"article","og_title":"Van Gogh DVT 98660 TOS VG | Teka Slovensk\u00e1 republika","og_description":"Ed\u00edcia Van Gogh Dizajn in\u0161pirovan\u00fd obrazom Slne\u010dnice Dvojfarebn\u00fd dizajn s detailmi v \u0161ampanskej farbe Funkcia FreshAir Motor EcoPower","og_url":"https:\/\/www.teka.com\/sk-sk\/product\/van-gogh-dvt-98660-tos-vg_112930075\/","og_site_name":"Teka Slovensk\u00e1 republika","twitter_card":"summary_large_image","schema":{"@context":"https:\/\/schema.org","@graph":[{"@type":"WebPage","@id":"https:\/\/www.teka.com\/sk-sk\/product\/van-gogh-dvt-98660-tos-vg_112930075\/","url":"https:\/\/www.teka.com\/sk-sk\/product\/van-gogh-dvt-98660-tos-vg_112930075\/","name":"Van Gogh DVT 98660 TOS VG | Teka Slovensk\u00e1 republika","isPartOf":{"@id":"https:\/\/www.teka.com\/sk-sk\/#website"},"datePublished":"2026-04-26T22:36:01+00:00","inLanguage":"sk-SK","potentialAction":[{"@type":"ReadAction","target":["https:\/\/www.teka.com\/sk-sk\/product\/van-gogh-dvt-98660-tos-vg_112930075\/"]}]},{"@type":"WebSite","@id":"https:\/\/www.teka.com\/sk-sk\/#website","url":"https:\/\/www.teka.com\/sk-sk\/","name":"Teka Slovensk\u00e1 republika","description":"","potentialAction":[{"@type":"SearchAction","target":{"@type":"EntryPoint","urlTemplate":"https:\/\/www.teka.com\/sk-sk\/?s={search_term_string}"},"query-input":{"@type":"PropertyValueSpecification","valueRequired":true,"valueName":"search_term_string"}}],"inLanguage":"sk-SK"}]}},"_links":{"self":[{"href":"https:\/\/www.teka.com\/sk-sk\/wp-json\/wp\/v2\/product\/81920","targetHints":{"allow":["GET"]}}],"collection":[{"href":"https:\/\/www.teka.com\/sk-sk\/wp-json\/wp\/v2\/product"}],"about":[{"href":"https:\/\/www.teka.com\/sk-sk\/wp-json\/wp\/v2\/types\/product"}],"wp:attachment":[{"href":"https:\/\/www.teka.com\/sk-sk\/wp-json\/wp\/v2\/media?parent=81920"}],"wp:term":[{"taxonomy":"product_cat","embeddable":true,"href":"https:\/\/www.teka.com\/sk-sk\/wp-json\/wp\/v2\/product_cat?post=81920"},{"taxonomy":"product_cleaning_system","embeddable":true,"href":"https:\/\/www.teka.com\/sk-sk\/wp-json\/wp\/v2\/product_cleaning_system?post=81920"},{"taxonomy":"product_3rd_basket","embeddable":true,"href":"https:\/\/www.teka.com\/sk-sk\/wp-json\/wp\/v2\/product_3rd_basket?post=81920"},{"taxonomy":"product_drawers","embeddable":true,"href":"https:\/\/www.teka.com\/sk-sk\/wp-json\/wp\/v2\/product_drawers?post=81920"},{"taxonomy":"product_type_of_installation","embeddable":true,"href":"https:\/\/www.teka.com\/sk-sk\/wp-json\/wp\/v2\/product_type_of_installation?post=81920"},{"taxonomy":"product_edition","embeddable":true,"href":"https:\/\/www.teka.com\/sk-sk\/wp-json\/wp\/v2\/product_edition?post=81920"},{"taxonomy":"product_serie","embeddable":true,"href":"https:\/\/www.teka.com\/sk-sk\/wp-json\/wp\/v2\/product_serie?post=81920"},{"taxonomy":"product_features","embeddable":true,"href":"https:\/\/www.teka.com\/sk-sk\/wp-json\/wp\/v2\/product_features?post=81920"},{"taxonomy":"finishes","embeddable":true,"href":"https:\/\/www.teka.com\/sk-sk\/wp-json\/wp\/v2\/finishes?post=81920"},{"taxonomy":"product_bundles","embeddable":true,"href":"https:\/\/www.teka.com\/sk-sk\/wp-json\/wp\/v2\/product_bundles?post=81920"},{"taxonomy":"product_energy_efficiency","embeddable":true,"href":"https:\/\/www.teka.com\/sk-sk\/wp-json\/wp\/v2\/product_energy_efficiency?post=81920"},{"taxonomy":"product_video_training","embeddable":true,"href":"https:\/\/www.teka.com\/sk-sk\/wp-json\/wp\/v2\/product_video_training?post=81920"}],"curies":[{"name":"wp","href":"https:\/\/api.w.org\/{rel}","templated":true}]}}