{"id":81925,"date":"2026-04-26T22:59:25","date_gmt":"2026-04-26T22:59:25","guid":{"rendered":"https:\/\/teka.com\/en-int\/van-gogh-ibf-95-fst-vg_112510047"},"modified":"2026-04-21T01:36:34","modified_gmt":"2026-04-21T02:36:34","slug":"van-gogh-ibf-95-fst-vg_112510047","status":"publish","type":"product","link":"https:\/\/www.teka.com\/sk-sk\/product\/van-gogh-ibf-95-fst-vg_112510047\/","title":{"rendered":"Van Gogh IBF 95 FST VG"},"content":{"rendered":"<ul>\n<li>Ed\u00edcia Van Gogh<\/li>\n<li>Dizajn in\u0161pirovan\u00fd obrazom Slne\u010dnice<\/li>\n<li>Dvojfarebn\u00fd dizajn s detailmi v \u0161ampanskej farbe<\/li>\n<li>\u0160peci\u00e1lne funkcie varenia s teplotn\u00fdmi senzormi: vypr\u00e1\u017eanie, r\u00fdchle varenie, grilovanie a udr\u017eiavanie teploty<\/li>\n<\/ul>\n","protected":false},"featured_media":0,"parent":0,"template":"","product_cat":[2325],"product_cleaning_system":[],"product_3rd_basket":[],"product_drawers":[],"product_type_of_installation":[],"product_edition":[],"product_serie":[],"product_features":[7156,8076,8077,8086,8088],"finishes":[],"product_bundles":[],"product_energy_efficiency":[],"product_video_training":[7854,7860,7862,7865,7873],"class_list":["post-81925","product","type-product","status-publish","hentry","product_cat-varne-dosky","usp-induction-18","usp-infinityg1-14","color-dark-grey-and-black-glass","product_type_of_appliance-indukcne-dosky","product_ambient-van-gogh-03","product_icons-autolock","product_icons-power","product_icons-power-plus","product_icons-slider","product_icons-easy-installation","product_icons-flex","product_icons-super-zone","product_features-flex","product_features-rychyy-var","product_features-udrzanie-teploty","product_features-grilovanie","product_features-fritovanie","product_video_training-traininghobs-01","product_video_training-traininghobs-02","product_video_training-traininghobs-04","product_video_training-traininghobs-05","product_video_training-traininghobs-10"],"acf":[],"yoast_head":"<!-- This site is optimized with the Yoast SEO plugin v27.2 - https:\/\/yoast.com\/product\/yoast-seo-wordpress\/ -->\n<title>Van Gogh IBF 95 FST VG | Teka Slovensk\u00e1 republika<\/title>\n<meta name=\"robots\" content=\"index, follow, max-snippet:-1, max-image-preview:large, max-video-preview:-1\" \/>\n<link rel=\"canonical\" href=\"https:\/\/www.teka.com\/sk-sk\/product\/van-gogh-ibf-95-fst-vg_112510047\/\" \/>\n<meta property=\"og:locale\" content=\"sk_SK\" \/>\n<meta property=\"og:type\" content=\"article\" \/>\n<meta property=\"og:title\" content=\"Van Gogh IBF 95 FST VG | Teka Slovensk\u00e1 republika\" \/>\n<meta property=\"og:description\" content=\"Ed\u00edcia Van Gogh Dizajn in\u0161pirovan\u00fd obrazom Slne\u010dnice Dvojfarebn\u00fd dizajn s detailmi v \u0161ampanskej farbe \u0160peci\u00e1lne funkcie varenia s teplotn\u00fdmi senzormi: vypr\u00e1\u017eanie, r\u00fdchle varenie, grilovanie a udr\u017eiavanie teploty\" \/>\n<meta property=\"og:url\" content=\"https:\/\/www.teka.com\/sk-sk\/product\/van-gogh-ibf-95-fst-vg_112510047\/\" \/>\n<meta property=\"og:site_name\" content=\"Teka Slovensk\u00e1 republika\" \/>\n<meta name=\"twitter:card\" content=\"summary_large_image\" \/>\n<script type=\"application\/ld+json\" class=\"yoast-schema-graph\">{\"@context\":\"https:\/\/schema.org\",\"@graph\":[{\"@type\":\"WebPage\",\"@id\":\"https:\/\/www.teka.com\/sk-sk\/product\/van-gogh-ibf-95-fst-vg_112510047\/\",\"url\":\"https:\/\/www.teka.com\/sk-sk\/product\/van-gogh-ibf-95-fst-vg_112510047\/\",\"name\":\"Van Gogh IBF 95 FST VG | Teka Slovensk\u00e1 republika\",\"isPartOf\":{\"@id\":\"https:\/\/www.teka.com\/sk-sk\/#website\"},\"datePublished\":\"2026-04-26T22:59:25+00:00\",\"inLanguage\":\"sk-SK\",\"potentialAction\":[{\"@type\":\"ReadAction\",\"target\":[\"https:\/\/www.teka.com\/sk-sk\/product\/van-gogh-ibf-95-fst-vg_112510047\/\"]}]},{\"@type\":\"WebSite\",\"@id\":\"https:\/\/www.teka.com\/sk-sk\/#website\",\"url\":\"https:\/\/www.teka.com\/sk-sk\/\",\"name\":\"Teka Slovensk\u00e1 republika\",\"description\":\"\",\"potentialAction\":[{\"@type\":\"SearchAction\",\"target\":{\"@type\":\"EntryPoint\",\"urlTemplate\":\"https:\/\/www.teka.com\/sk-sk\/?s={search_term_string}\"},\"query-input\":{\"@type\":\"PropertyValueSpecification\",\"valueRequired\":true,\"valueName\":\"search_term_string\"}}],\"inLanguage\":\"sk-SK\"}]}<\/script>\n<!-- \/ Yoast SEO plugin. -->","yoast_head_json":{"title":"Van Gogh IBF 95 FST VG | Teka Slovensk\u00e1 republika","robots":{"index":"index","follow":"follow","max-snippet":"max-snippet:-1","max-image-preview":"max-image-preview:large","max-video-preview":"max-video-preview:-1"},"canonical":"https:\/\/www.teka.com\/sk-sk\/product\/van-gogh-ibf-95-fst-vg_112510047\/","og_locale":"sk_SK","og_type":"article","og_title":"Van Gogh IBF 95 FST VG | Teka Slovensk\u00e1 republika","og_description":"Ed\u00edcia Van Gogh Dizajn in\u0161pirovan\u00fd obrazom Slne\u010dnice Dvojfarebn\u00fd dizajn s detailmi v \u0161ampanskej farbe \u0160peci\u00e1lne funkcie varenia s teplotn\u00fdmi senzormi: vypr\u00e1\u017eanie, r\u00fdchle varenie, grilovanie a udr\u017eiavanie teploty","og_url":"https:\/\/www.teka.com\/sk-sk\/product\/van-gogh-ibf-95-fst-vg_112510047\/","og_site_name":"Teka Slovensk\u00e1 republika","twitter_card":"summary_large_image","schema":{"@context":"https:\/\/schema.org","@graph":[{"@type":"WebPage","@id":"https:\/\/www.teka.com\/sk-sk\/product\/van-gogh-ibf-95-fst-vg_112510047\/","url":"https:\/\/www.teka.com\/sk-sk\/product\/van-gogh-ibf-95-fst-vg_112510047\/","name":"Van Gogh IBF 95 FST VG | Teka Slovensk\u00e1 republika","isPartOf":{"@id":"https:\/\/www.teka.com\/sk-sk\/#website"},"datePublished":"2026-04-26T22:59:25+00:00","inLanguage":"sk-SK","potentialAction":[{"@type":"ReadAction","target":["https:\/\/www.teka.com\/sk-sk\/product\/van-gogh-ibf-95-fst-vg_112510047\/"]}]},{"@type":"WebSite","@id":"https:\/\/www.teka.com\/sk-sk\/#website","url":"https:\/\/www.teka.com\/sk-sk\/","name":"Teka Slovensk\u00e1 republika","description":"","potentialAction":[{"@type":"SearchAction","target":{"@type":"EntryPoint","urlTemplate":"https:\/\/www.teka.com\/sk-sk\/?s={search_term_string}"},"query-input":{"@type":"PropertyValueSpecification","valueRequired":true,"valueName":"search_term_string"}}],"inLanguage":"sk-SK"}]}},"_links":{"self":[{"href":"https:\/\/www.teka.com\/sk-sk\/wp-json\/wp\/v2\/product\/81925","targetHints":{"allow":["GET"]}}],"collection":[{"href":"https:\/\/www.teka.com\/sk-sk\/wp-json\/wp\/v2\/product"}],"about":[{"href":"https:\/\/www.teka.com\/sk-sk\/wp-json\/wp\/v2\/types\/product"}],"wp:attachment":[{"href":"https:\/\/www.teka.com\/sk-sk\/wp-json\/wp\/v2\/media?parent=81925"}],"wp:term":[{"taxonomy":"product_cat","embeddable":true,"href":"https:\/\/www.teka.com\/sk-sk\/wp-json\/wp\/v2\/product_cat?post=81925"},{"taxonomy":"product_cleaning_system","embeddable":true,"href":"https:\/\/www.teka.com\/sk-sk\/wp-json\/wp\/v2\/product_cleaning_system?post=81925"},{"taxonomy":"product_3rd_basket","embeddable":true,"href":"https:\/\/www.teka.com\/sk-sk\/wp-json\/wp\/v2\/product_3rd_basket?post=81925"},{"taxonomy":"product_drawers","embeddable":true,"href":"https:\/\/www.teka.com\/sk-sk\/wp-json\/wp\/v2\/product_drawers?post=81925"},{"taxonomy":"product_type_of_installation","embeddable":true,"href":"https:\/\/www.teka.com\/sk-sk\/wp-json\/wp\/v2\/product_type_of_installation?post=81925"},{"taxonomy":"product_edition","embeddable":true,"href":"https:\/\/www.teka.com\/sk-sk\/wp-json\/wp\/v2\/product_edition?post=81925"},{"taxonomy":"product_serie","embeddable":true,"href":"https:\/\/www.teka.com\/sk-sk\/wp-json\/wp\/v2\/product_serie?post=81925"},{"taxonomy":"product_features","embeddable":true,"href":"https:\/\/www.teka.com\/sk-sk\/wp-json\/wp\/v2\/product_features?post=81925"},{"taxonomy":"finishes","embeddable":true,"href":"https:\/\/www.teka.com\/sk-sk\/wp-json\/wp\/v2\/finishes?post=81925"},{"taxonomy":"product_bundles","embeddable":true,"href":"https:\/\/www.teka.com\/sk-sk\/wp-json\/wp\/v2\/product_bundles?post=81925"},{"taxonomy":"product_energy_efficiency","embeddable":true,"href":"https:\/\/www.teka.com\/sk-sk\/wp-json\/wp\/v2\/product_energy_efficiency?post=81925"},{"taxonomy":"product_video_training","embeddable":true,"href":"https:\/\/www.teka.com\/sk-sk\/wp-json\/wp\/v2\/product_video_training?post=81925"}],"curies":[{"name":"wp","href":"https:\/\/api.w.org\/{rel}","templated":true}]}}