{"id":81950,"date":"2026-04-27T02:43:15","date_gmt":"2026-04-27T02:43:15","guid":{"rendered":"https:\/\/teka.com\/en-int\/icc-915-copper-g1_116030007"},"modified":"2026-04-02T04:24:31","modified_gmt":"2026-04-02T05:24:31","slug":"icc-915-copper-g1_116030007","status":"publish","type":"product","link":"https:\/\/www.teka.com\/sk-sk\/product\/icc-915-copper-g1_116030007\/","title":{"rendered":"ICC 915 Copper (G1)"},"content":{"rendered":"<ul>\n<li>Metalick\u00e1 ed\u00edcia<\/li>\n<li>Povrchov\u00e1 \u00faprava PVD v medenej farbe<\/li>\n<li>Vysok\u00fd v\u00fdtok<\/li>\n<li>Kartu\u0161a s vysoko odoln\u00fdmi keramick\u00fdmi diskami<\/li>\n<li>Pretokov\u00fd regul\u00e1tor s \u00fapravou proti usadzovaniu vodn\u00e9ho kame\u0148a<\/li>\n<li>Ohebn\u00e9 kovov\u00e9 pripojovacie hadice so z\u00e1vitom 3\/8\u201e \u2013 1\/2\u201c<\/li>\n<\/ul>\n","protected":false},"featured_media":0,"parent":0,"template":"","product_cat":[2337],"product_cleaning_system":[],"product_3rd_basket":[],"product_drawers":[],"product_type_of_installation":[8100],"product_edition":[],"product_serie":[],"product_features":[],"finishes":[],"product_bundles":[],"product_energy_efficiency":[],"product_video_training":[],"class_list":["post-81950","product","type-product","status-publish","hentry","product_cat-kuchynske-baterie","color-medena","product_type_of_appliance-vysoke-ramienko","product_icons-anti-scale_aerator","product_icons-high_resistance","product_icons-swivel_spout","product_icons-easy_quick","product_icons-pvd","product_type_of_installation-volne-stojace"],"acf":[],"yoast_head":"<!-- This site is optimized with the Yoast SEO plugin v27.5 - https:\/\/yoast.com\/product\/yoast-seo-wordpress\/ -->\n<title>ICC 915 Copper (G1) | Teka Slovensk\u00e1 republika<\/title>\n<meta name=\"robots\" content=\"index, follow, max-snippet:-1, max-image-preview:large, max-video-preview:-1\" \/>\n<link rel=\"canonical\" href=\"https:\/\/www.teka.com\/sk-sk\/product\/icc-915-copper-g1_116030007\/\" \/>\n<meta property=\"og:locale\" content=\"sk_SK\" \/>\n<meta property=\"og:type\" content=\"article\" \/>\n<meta property=\"og:title\" content=\"ICC 915 Copper (G1) | Teka Slovensk\u00e1 republika\" \/>\n<meta property=\"og:description\" content=\"Metalick\u00e1 ed\u00edcia Povrchov\u00e1 \u00faprava PVD v medenej farbe Vysok\u00fd v\u00fdtok Kartu\u0161a s vysoko odoln\u00fdmi keramick\u00fdmi diskami Pretokov\u00fd regul\u00e1tor s \u00fapravou proti usadzovaniu vodn\u00e9ho kame\u0148a Ohebn\u00e9 kovov\u00e9 pripojovacie hadice so z\u00e1vitom 3\/8\u201e \u2013 1\/2\u201c\" \/>\n<meta property=\"og:url\" content=\"https:\/\/www.teka.com\/sk-sk\/product\/icc-915-copper-g1_116030007\/\" \/>\n<meta property=\"og:site_name\" content=\"Teka Slovensk\u00e1 republika\" \/>\n<meta name=\"twitter:card\" content=\"summary_large_image\" \/>\n<script type=\"application\/ld+json\" class=\"yoast-schema-graph\">{\"@context\":\"https:\\\/\\\/schema.org\",\"@graph\":[{\"@type\":\"WebPage\",\"@id\":\"https:\\\/\\\/www.teka.com\\\/sk-sk\\\/product\\\/icc-915-copper-g1_116030007\\\/\",\"url\":\"https:\\\/\\\/www.teka.com\\\/sk-sk\\\/product\\\/icc-915-copper-g1_116030007\\\/\",\"name\":\"ICC 915 Copper (G1) | Teka Slovensk\u00e1 republika\",\"isPartOf\":{\"@id\":\"https:\\\/\\\/www.teka.com\\\/sk-sk\\\/#website\"},\"datePublished\":\"2026-04-27T02:43:15+00:00\",\"inLanguage\":\"sk-SK\",\"potentialAction\":[{\"@type\":\"ReadAction\",\"target\":[\"https:\\\/\\\/www.teka.com\\\/sk-sk\\\/product\\\/icc-915-copper-g1_116030007\\\/\"]}]},{\"@type\":\"WebSite\",\"@id\":\"https:\\\/\\\/www.teka.com\\\/sk-sk\\\/#website\",\"url\":\"https:\\\/\\\/www.teka.com\\\/sk-sk\\\/\",\"name\":\"Teka Slovensk\u00e1 republika\",\"description\":\"\",\"potentialAction\":[{\"@type\":\"SearchAction\",\"target\":{\"@type\":\"EntryPoint\",\"urlTemplate\":\"https:\\\/\\\/www.teka.com\\\/sk-sk\\\/?s={search_term_string}\"},\"query-input\":{\"@type\":\"PropertyValueSpecification\",\"valueRequired\":true,\"valueName\":\"search_term_string\"}}],\"inLanguage\":\"sk-SK\"}]}<\/script>\n<!-- \/ Yoast SEO plugin. -->","yoast_head_json":{"title":"ICC 915 Copper (G1) | Teka Slovensk\u00e1 republika","robots":{"index":"index","follow":"follow","max-snippet":"max-snippet:-1","max-image-preview":"max-image-preview:large","max-video-preview":"max-video-preview:-1"},"canonical":"https:\/\/www.teka.com\/sk-sk\/product\/icc-915-copper-g1_116030007\/","og_locale":"sk_SK","og_type":"article","og_title":"ICC 915 Copper (G1) | Teka Slovensk\u00e1 republika","og_description":"Metalick\u00e1 ed\u00edcia Povrchov\u00e1 \u00faprava PVD v medenej farbe Vysok\u00fd v\u00fdtok Kartu\u0161a s vysoko odoln\u00fdmi keramick\u00fdmi diskami Pretokov\u00fd regul\u00e1tor s \u00fapravou proti usadzovaniu vodn\u00e9ho kame\u0148a Ohebn\u00e9 kovov\u00e9 pripojovacie hadice so z\u00e1vitom 3\/8\u201e \u2013 1\/2\u201c","og_url":"https:\/\/www.teka.com\/sk-sk\/product\/icc-915-copper-g1_116030007\/","og_site_name":"Teka Slovensk\u00e1 republika","twitter_card":"summary_large_image","schema":{"@context":"https:\/\/schema.org","@graph":[{"@type":"WebPage","@id":"https:\/\/www.teka.com\/sk-sk\/product\/icc-915-copper-g1_116030007\/","url":"https:\/\/www.teka.com\/sk-sk\/product\/icc-915-copper-g1_116030007\/","name":"ICC 915 Copper (G1) | Teka Slovensk\u00e1 republika","isPartOf":{"@id":"https:\/\/www.teka.com\/sk-sk\/#website"},"datePublished":"2026-04-27T02:43:15+00:00","inLanguage":"sk-SK","potentialAction":[{"@type":"ReadAction","target":["https:\/\/www.teka.com\/sk-sk\/product\/icc-915-copper-g1_116030007\/"]}]},{"@type":"WebSite","@id":"https:\/\/www.teka.com\/sk-sk\/#website","url":"https:\/\/www.teka.com\/sk-sk\/","name":"Teka Slovensk\u00e1 republika","description":"","potentialAction":[{"@type":"SearchAction","target":{"@type":"EntryPoint","urlTemplate":"https:\/\/www.teka.com\/sk-sk\/?s={search_term_string}"},"query-input":{"@type":"PropertyValueSpecification","valueRequired":true,"valueName":"search_term_string"}}],"inLanguage":"sk-SK"}]}},"_links":{"self":[{"href":"https:\/\/www.teka.com\/sk-sk\/wp-json\/wp\/v2\/product\/81950","targetHints":{"allow":["GET"]}}],"collection":[{"href":"https:\/\/www.teka.com\/sk-sk\/wp-json\/wp\/v2\/product"}],"about":[{"href":"https:\/\/www.teka.com\/sk-sk\/wp-json\/wp\/v2\/types\/product"}],"wp:attachment":[{"href":"https:\/\/www.teka.com\/sk-sk\/wp-json\/wp\/v2\/media?parent=81950"}],"wp:term":[{"taxonomy":"product_cat","embeddable":true,"href":"https:\/\/www.teka.com\/sk-sk\/wp-json\/wp\/v2\/product_cat?post=81950"},{"taxonomy":"product_cleaning_system","embeddable":true,"href":"https:\/\/www.teka.com\/sk-sk\/wp-json\/wp\/v2\/product_cleaning_system?post=81950"},{"taxonomy":"product_3rd_basket","embeddable":true,"href":"https:\/\/www.teka.com\/sk-sk\/wp-json\/wp\/v2\/product_3rd_basket?post=81950"},{"taxonomy":"product_drawers","embeddable":true,"href":"https:\/\/www.teka.com\/sk-sk\/wp-json\/wp\/v2\/product_drawers?post=81950"},{"taxonomy":"product_type_of_installation","embeddable":true,"href":"https:\/\/www.teka.com\/sk-sk\/wp-json\/wp\/v2\/product_type_of_installation?post=81950"},{"taxonomy":"product_edition","embeddable":true,"href":"https:\/\/www.teka.com\/sk-sk\/wp-json\/wp\/v2\/product_edition?post=81950"},{"taxonomy":"product_serie","embeddable":true,"href":"https:\/\/www.teka.com\/sk-sk\/wp-json\/wp\/v2\/product_serie?post=81950"},{"taxonomy":"product_features","embeddable":true,"href":"https:\/\/www.teka.com\/sk-sk\/wp-json\/wp\/v2\/product_features?post=81950"},{"taxonomy":"finishes","embeddable":true,"href":"https:\/\/www.teka.com\/sk-sk\/wp-json\/wp\/v2\/finishes?post=81950"},{"taxonomy":"product_bundles","embeddable":true,"href":"https:\/\/www.teka.com\/sk-sk\/wp-json\/wp\/v2\/product_bundles?post=81950"},{"taxonomy":"product_energy_efficiency","embeddable":true,"href":"https:\/\/www.teka.com\/sk-sk\/wp-json\/wp\/v2\/product_energy_efficiency?post=81950"},{"taxonomy":"product_video_training","embeddable":true,"href":"https:\/\/www.teka.com\/sk-sk\/wp-json\/wp\/v2\/product_video_training?post=81950"}],"curies":[{"name":"wp","href":"https:\/\/api.w.org\/{rel}","templated":true}]}}