{"id":81993,"date":"2026-04-09T13:03:42","date_gmt":"2026-04-09T13:03:42","guid":{"rendered":"https:\/\/teka.com\/en-int\/rbf-43345-fi_113570026"},"modified":"2026-03-17T11:34:01","modified_gmt":"2026-03-17T12:34:01","slug":"rbf-43345-fi_113570026","status":"publish","type":"product","link":"https:\/\/www.teka.com\/sk-sk\/product\/rbf-43345-fi_113570026\/","title":{"rendered":"RBF 43345 FI"},"content":{"rendered":"<ul>\n<li>Vstavan\u00e1 chladni\u010dka s mrazni\u010dkou<\/li>\n<li>V\u00fd\u0161ka 178 cm<\/li>\n<li>Trieda energetickej \u00fa\u010dinnosti E<\/li>\n<li>Spojenie dvoch z\u00e1suviek mrazni\u010dky do jednej pomocou FlipBoxu<\/li>\n<li>Nov\u00e1 skryt\u00e1 z\u00f3na vo vn\u00fatri<\/li>\n<li>FreshBox pre dlh\u0161iu \u010derstvos\u0165<\/li>\n<li>R\u00fdchla a jednoduch\u00e1 in\u0161tal\u00e1cia zasunut\u00edm<\/li>\n<\/ul>\n","protected":false},"featured_media":0,"parent":0,"template":"","product_cat":[2403],"product_cleaning_system":[],"product_3rd_basket":[],"product_drawers":[],"product_type_of_installation":[8099],"product_edition":[],"product_serie":[],"product_features":[],"finishes":[],"product_bundles":[],"product_energy_efficiency":[7273],"product_video_training":[],"class_list":["post-81993","product","type-product","status-publish","hentry","product_cat-chladnicky","color-biela","product_icons-motor-inverter","product_icons-easy-90","product_icons-led","product_type_of_installation-vstavane","product_energy_efficiency-e-ue-icon-new"],"acf":[],"yoast_head":"<!-- This site is optimized with the Yoast SEO plugin v27.2 - https:\/\/yoast.com\/product\/yoast-seo-wordpress\/ -->\n<title>RBF 43345 FI | Teka Slovensk\u00e1 republika<\/title>\n<meta name=\"robots\" content=\"index, follow, max-snippet:-1, max-image-preview:large, max-video-preview:-1\" \/>\n<link rel=\"canonical\" href=\"https:\/\/www.teka.com\/sk-sk\/product\/rbf-43345-fi_113570026\/\" \/>\n<meta property=\"og:locale\" content=\"sk_SK\" \/>\n<meta property=\"og:type\" content=\"article\" \/>\n<meta property=\"og:title\" content=\"RBF 43345 FI | Teka Slovensk\u00e1 republika\" \/>\n<meta property=\"og:description\" content=\"Vstavan\u00e1 chladni\u010dka s mrazni\u010dkou V\u00fd\u0161ka 178 cm Trieda energetickej \u00fa\u010dinnosti E Spojenie dvoch z\u00e1suviek mrazni\u010dky do jednej pomocou FlipBoxu Nov\u00e1 skryt\u00e1 z\u00f3na vo vn\u00fatri FreshBox pre dlh\u0161iu \u010derstvos\u0165 R\u00fdchla a jednoduch\u00e1 in\u0161tal\u00e1cia zasunut\u00edm\" \/>\n<meta property=\"og:url\" content=\"https:\/\/www.teka.com\/sk-sk\/product\/rbf-43345-fi_113570026\/\" \/>\n<meta property=\"og:site_name\" content=\"Teka Slovensk\u00e1 republika\" \/>\n<meta name=\"twitter:card\" content=\"summary_large_image\" \/>\n<script type=\"application\/ld+json\" class=\"yoast-schema-graph\">{\"@context\":\"https:\/\/schema.org\",\"@graph\":[{\"@type\":\"WebPage\",\"@id\":\"https:\/\/www.teka.com\/sk-sk\/product\/rbf-43345-fi_113570026\/\",\"url\":\"https:\/\/www.teka.com\/sk-sk\/product\/rbf-43345-fi_113570026\/\",\"name\":\"RBF 43345 FI | Teka Slovensk\u00e1 republika\",\"isPartOf\":{\"@id\":\"https:\/\/www.teka.com\/sk-sk\/#website\"},\"datePublished\":\"2026-04-09T13:03:42+00:00\",\"inLanguage\":\"sk-SK\",\"potentialAction\":[{\"@type\":\"ReadAction\",\"target\":[\"https:\/\/www.teka.com\/sk-sk\/product\/rbf-43345-fi_113570026\/\"]}]},{\"@type\":\"WebSite\",\"@id\":\"https:\/\/www.teka.com\/sk-sk\/#website\",\"url\":\"https:\/\/www.teka.com\/sk-sk\/\",\"name\":\"Teka Slovensk\u00e1 republika\",\"description\":\"\",\"potentialAction\":[{\"@type\":\"SearchAction\",\"target\":{\"@type\":\"EntryPoint\",\"urlTemplate\":\"https:\/\/www.teka.com\/sk-sk\/?s={search_term_string}\"},\"query-input\":{\"@type\":\"PropertyValueSpecification\",\"valueRequired\":true,\"valueName\":\"search_term_string\"}}],\"inLanguage\":\"sk-SK\"}]}<\/script>\n<!-- \/ Yoast SEO plugin. -->","yoast_head_json":{"title":"RBF 43345 FI | Teka Slovensk\u00e1 republika","robots":{"index":"index","follow":"follow","max-snippet":"max-snippet:-1","max-image-preview":"max-image-preview:large","max-video-preview":"max-video-preview:-1"},"canonical":"https:\/\/www.teka.com\/sk-sk\/product\/rbf-43345-fi_113570026\/","og_locale":"sk_SK","og_type":"article","og_title":"RBF 43345 FI | Teka Slovensk\u00e1 republika","og_description":"Vstavan\u00e1 chladni\u010dka s mrazni\u010dkou V\u00fd\u0161ka 178 cm Trieda energetickej \u00fa\u010dinnosti E Spojenie dvoch z\u00e1suviek mrazni\u010dky do jednej pomocou FlipBoxu Nov\u00e1 skryt\u00e1 z\u00f3na vo vn\u00fatri FreshBox pre dlh\u0161iu \u010derstvos\u0165 R\u00fdchla a jednoduch\u00e1 in\u0161tal\u00e1cia zasunut\u00edm","og_url":"https:\/\/www.teka.com\/sk-sk\/product\/rbf-43345-fi_113570026\/","og_site_name":"Teka Slovensk\u00e1 republika","twitter_card":"summary_large_image","schema":{"@context":"https:\/\/schema.org","@graph":[{"@type":"WebPage","@id":"https:\/\/www.teka.com\/sk-sk\/product\/rbf-43345-fi_113570026\/","url":"https:\/\/www.teka.com\/sk-sk\/product\/rbf-43345-fi_113570026\/","name":"RBF 43345 FI | Teka Slovensk\u00e1 republika","isPartOf":{"@id":"https:\/\/www.teka.com\/sk-sk\/#website"},"datePublished":"2026-04-09T13:03:42+00:00","inLanguage":"sk-SK","potentialAction":[{"@type":"ReadAction","target":["https:\/\/www.teka.com\/sk-sk\/product\/rbf-43345-fi_113570026\/"]}]},{"@type":"WebSite","@id":"https:\/\/www.teka.com\/sk-sk\/#website","url":"https:\/\/www.teka.com\/sk-sk\/","name":"Teka Slovensk\u00e1 republika","description":"","potentialAction":[{"@type":"SearchAction","target":{"@type":"EntryPoint","urlTemplate":"https:\/\/www.teka.com\/sk-sk\/?s={search_term_string}"},"query-input":{"@type":"PropertyValueSpecification","valueRequired":true,"valueName":"search_term_string"}}],"inLanguage":"sk-SK"}]}},"_links":{"self":[{"href":"https:\/\/www.teka.com\/sk-sk\/wp-json\/wp\/v2\/product\/81993","targetHints":{"allow":["GET"]}}],"collection":[{"href":"https:\/\/www.teka.com\/sk-sk\/wp-json\/wp\/v2\/product"}],"about":[{"href":"https:\/\/www.teka.com\/sk-sk\/wp-json\/wp\/v2\/types\/product"}],"wp:attachment":[{"href":"https:\/\/www.teka.com\/sk-sk\/wp-json\/wp\/v2\/media?parent=81993"}],"wp:term":[{"taxonomy":"product_cat","embeddable":true,"href":"https:\/\/www.teka.com\/sk-sk\/wp-json\/wp\/v2\/product_cat?post=81993"},{"taxonomy":"product_cleaning_system","embeddable":true,"href":"https:\/\/www.teka.com\/sk-sk\/wp-json\/wp\/v2\/product_cleaning_system?post=81993"},{"taxonomy":"product_3rd_basket","embeddable":true,"href":"https:\/\/www.teka.com\/sk-sk\/wp-json\/wp\/v2\/product_3rd_basket?post=81993"},{"taxonomy":"product_drawers","embeddable":true,"href":"https:\/\/www.teka.com\/sk-sk\/wp-json\/wp\/v2\/product_drawers?post=81993"},{"taxonomy":"product_type_of_installation","embeddable":true,"href":"https:\/\/www.teka.com\/sk-sk\/wp-json\/wp\/v2\/product_type_of_installation?post=81993"},{"taxonomy":"product_edition","embeddable":true,"href":"https:\/\/www.teka.com\/sk-sk\/wp-json\/wp\/v2\/product_edition?post=81993"},{"taxonomy":"product_serie","embeddable":true,"href":"https:\/\/www.teka.com\/sk-sk\/wp-json\/wp\/v2\/product_serie?post=81993"},{"taxonomy":"product_features","embeddable":true,"href":"https:\/\/www.teka.com\/sk-sk\/wp-json\/wp\/v2\/product_features?post=81993"},{"taxonomy":"finishes","embeddable":true,"href":"https:\/\/www.teka.com\/sk-sk\/wp-json\/wp\/v2\/finishes?post=81993"},{"taxonomy":"product_bundles","embeddable":true,"href":"https:\/\/www.teka.com\/sk-sk\/wp-json\/wp\/v2\/product_bundles?post=81993"},{"taxonomy":"product_energy_efficiency","embeddable":true,"href":"https:\/\/www.teka.com\/sk-sk\/wp-json\/wp\/v2\/product_energy_efficiency?post=81993"},{"taxonomy":"product_video_training","embeddable":true,"href":"https:\/\/www.teka.com\/sk-sk\/wp-json\/wp\/v2\/product_video_training?post=81993"}],"curies":[{"name":"wp","href":"https:\/\/api.w.org\/{rel}","templated":true}]}}