{"id":21991,"date":"2018-09-11T08:07:27","date_gmt":"2018-09-11T08:07:27","guid":{"rendered":"http:\/\/teka.com\/?page_id=21991"},"modified":"2021-06-10T14:22:18","modified_gmt":"2021-06-10T14:22:18","slug":"dunya-capinda-mevcudiyet","status":"publish","type":"page","link":"https:\/\/www.teka.com\/tr-tr\/about-us\/dunya-capinda-mevcudiyet\/","title":{"rendered":"D\u00fcnya \u00e7ap\u0131nda mevcudiyet"},"content":{"rendered":"<p>[et_pb_section fb_built=&#8221;1&#8243; module_id=&#8221;teka-top&#8221; _builder_version=&#8221;3.17.6&#8243; background_image=&#8221;https:\/\/www.teka.com\/tr-tr\/wp-content\/uploads\/sites\/16\/2018\/11\/teka-slider-about-us-desktop.jpg&#8221; global_module=&#8221;23211&#8243;][et_pb_row _builder_version=&#8221;3.25&#8243; background_size=&#8221;initial&#8221; background_position=&#8221;top_left&#8221; background_repeat=&#8221;repeat&#8221; column_structure=&#8221;1_2,1_2&#8243;][et_pb_column type=&#8221;1_2&#8243; _builder_version=&#8221;3.25&#8243; custom_padding=&#8221;|||&#8221; custom_padding__hover=&#8221;|||&#8221;][et_pb_text admin_label=&#8221;Header Title&#8221; _builder_version=&#8221;3.27.4&#8243; background_layout=&#8221;dark&#8221;]<\/p>\n<p>\u00a0<\/p>\n<h3><strong>Teka Group<\/strong>,<br \/>German\u00a0Orjinal<\/h3>\n<p>\u00a0<\/p>\n<p>\u00a0<\/p>\n<p>\u00a0<\/p>\n<p>[\/et_pb_text][\/et_pb_column][et_pb_column type=&#8221;1_2&#8243; _builder_version=&#8221;3.25&#8243; custom_padding=&#8221;|||&#8221; custom_padding__hover=&#8221;|||&#8221;][\/et_pb_column][\/et_pb_row][\/et_pb_section][et_pb_section fb_built=&#8221;1&#8243; module_id=&#8221;teka-menu&#8221; _builder_version=&#8221;3.14&#8243; background_color=&#8221;#0e0e0e&#8221; global_module=&#8221;23212&#8243;][et_pb_row _builder_version=&#8221;3.25&#8243; background_size=&#8221;initial&#8221; background_position=&#8221;top_left&#8221; background_repeat=&#8221;repeat&#8221;][et_pb_column type=&#8221;4_4&#8243; _builder_version=&#8221;3.25&#8243; custom_padding=&#8221;|||&#8221; custom_padding__hover=&#8221;|||&#8221;][et_pb_sidebar area=&#8221;et_pb_widget_area_7&#8243; disabled_on=&#8221;on|on|&#8221; admin_label=&#8221;Kenar \u00c7ubu\u00f0u&#8221; _builder_version=&#8221;3.17.6&#8243; background_layout=&#8221;dark&#8221;][\/et_pb_sidebar][et_pb_sidebar area=&#8221;et_pb_widget_area_9&#8243; disabled_on=&#8221;on||on&#8221; admin_label=&#8221;Sidebar Tablet&#8221; _builder_version=&#8221;3.17.6&#8243; background_layout=&#8221;dark&#8221;][\/et_pb_sidebar][et_pb_sidebar area=&#8221;et_pb_widget_area_8&#8243; disabled_on=&#8221;|on|on&#8221; admin_label=&#8221;Sidebar Mobile&#8221; _builder_version=&#8221;3.17.6&#8243; background_layout=&#8221;dark&#8221;][\/et_pb_sidebar][\/et_pb_column][\/et_pb_row][\/et_pb_section][et_pb_section fb_built=&#8221;1&#8243; module_id=&#8221;presencia-internacional&#8221; _builder_version=&#8221;3.22&#8243; background_color=&#8221;#222222&#8243;][et_pb_row module_id=&#8221;worldwide-top&#8221; _builder_version=&#8221;3.25&#8243; custom_width_percent=&#8221;90%&#8221; column_structure=&#8221;1_3,2_3&#8243;][et_pb_column type=&#8221;1_3&#8243; _builder_version=&#8221;3.25&#8243; custom_padding=&#8221;|||&#8221; custom_padding__hover=&#8221;|||&#8221;][et_pb_text _builder_version=&#8221;4.9.2&#8243; background_layout=&#8221;dark&#8221; hover_enabled=&#8221;0&#8243; sticky_enabled=&#8221;0&#8243;]<\/p>\n<h1><strong>D\u00fcnya \u00e7ap\u0131nda <\/strong><br \/>mevcudiyet<\/h1>\n<p>[\/et_pb_text][\/et_pb_column][et_pb_column type=&#8221;2_3&#8243; _builder_version=&#8221;3.25&#8243; custom_padding=&#8221;|||&#8221; custom_padding__hover=&#8221;|||&#8221;][et_pb_text _builder_version=&#8221;4.9.2&#8243; background_layout=&#8221;dark&#8221; hover_enabled=&#8221;0&#8243; sticky_enabled=&#8221;0&#8243;]<\/p>\n<p>Teka be\u015f k\u0131tada faaliyet g\u00f6stermekte olup, \u00fcr\u00fcnleri 120&#8217;den fazla \u00fclkede bulunur.<\/p>\n<p>\u015eirketin Avrupa, Asya ve Amerika&#8217;da y\u0131lda 15 milyondan fazla \u00fcr\u00fcn \u00fcreten 15 fabrikas\u0131 vard\u0131r.<\/p>\n<p>[\/et_pb_text][\/et_pb_column][\/et_pb_row][et_pb_row disabled_on=&#8221;off|off|off&#8221; module_id=&#8221;worldwide-map&#8221; _builder_version=&#8221;3.25&#8243;][et_pb_column type=&#8221;4_4&#8243; _builder_version=&#8221;3.25&#8243; custom_padding=&#8221;|||&#8221; custom_padding__hover=&#8221;|||&#8221;][et_pb_code disabled_on=&#8221;on|on|on&#8221; disabled=&#8221;on&#8221;]<script type=\"text\/javascript\"><!-- [et_pb_line_break_holder] -->var worldwidePoints = {<!-- [et_pb_line_break_holder] --><!-- [et_pb_line_break_holder] --> 'Teka Spain': {<!-- [et_pb_line_break_holder] --> 'address': 'Calle Cajo 17<!\u2013- [et_pb_br_holder] -\u2013>Santander, Espa\u00f1a',<!-- [et_pb_line_break_holder] --> 'mail': 'mail@teka.com',<!-- [et_pb_line_break_holder] --> 'top': 267,<!-- [et_pb_line_break_holder] --> 'left': 461<!-- [et_pb_line_break_holder] --> },<!-- [et_pb_line_break_holder] --><!-- [et_pb_line_break_holder] --> 'Teka Portugal': {<!-- [et_pb_line_break_holder] --> 'address': 'Calle Cajo 17<!\u2013- [et_pb_br_holder] -\u2013>Santander, Espa\u00f1a',<!-- [et_pb_line_break_holder] --> 'mail': 'mail@teka.com',<!-- [et_pb_line_break_holder] --> 'top': 281,<!-- [et_pb_line_break_holder] --> 'left': 451<!-- [et_pb_line_break_holder] --> },<!-- [et_pb_line_break_holder] --><!-- [et_pb_line_break_holder] --> 'Teka Italia': {<!-- [et_pb_line_break_holder] --> 'address': 'Calle Cajo 17<!\u2013- [et_pb_br_holder] -\u2013>Santander, Italy',<!-- [et_pb_line_break_holder] --> 'top': 267,<!-- [et_pb_line_break_holder] --> 'left': 512<!-- [et_pb_line_break_holder] --> },<!-- [et_pb_line_break_holder] --><!-- [et_pb_line_break_holder] -->'Teka Canada':{<!-- [et_pb_line_break_holder] -->'address': 'Lorem ipsum <!\u2013- [et_pb_br_holder] -\u2013> Canada',<!-- [et_pb_line_break_holder] -->'mail': 'example@teka.com',<!-- [et_pb_line_break_holder] -->'top': 220,<!-- [et_pb_line_break_holder] -->'left': 170<!-- [et_pb_line_break_holder] -->},<!-- [et_pb_line_break_holder] --><!-- [et_pb_line_break_holder] -->'Teka Chile':{<!-- [et_pb_line_break_holder] -->'address': 'Lorem ipsum <!\u2013- [et_pb_br_holder] -\u2013> Chile',<!-- [et_pb_line_break_holder] -->'mail': 'example@teka.com',<!-- [et_pb_line_break_holder] -->'top': 520,<!-- [et_pb_line_break_holder] -->'left': 265<!-- [et_pb_line_break_holder] -->},<!-- [et_pb_line_break_holder] --><!-- [et_pb_line_break_holder] -->'Teka Colombia':{<!-- [et_pb_line_break_holder] -->'address': 'Lorem ipsum <!\u2013- [et_pb_br_holder] -\u2013> Colombia',<!-- [et_pb_line_break_holder] -->'mail': 'example@teka.com',<!-- [et_pb_line_break_holder] -->'top': 390,<!-- [et_pb_line_break_holder] -->'left': 260<!-- [et_pb_line_break_holder] -->},<!-- [et_pb_line_break_holder] -->};<!-- [et_pb_line_break_holder] --><\/script>[\/et_pb_code][\/et_pb_column][\/et_pb_row][\/et_pb_section]<\/p>\n","protected":false},"excerpt":{"rendered":"<p>\u00a0 Teka Group,German\u00a0Orjinal \u00a0 \u00a0 \u00a0D\u00fcnya \u00e7ap\u0131nda mevcudiyetTeka be\u015f k\u0131tada faaliyet g\u00f6stermekte olup, \u00fcr\u00fcnleri 120&#8217;den fazla \u00fclkede bulunur. \u015eirketin Avrupa, Asya ve Amerika&#8217;da y\u0131lda 15 milyondan fazla \u00fcr\u00fcn \u00fcreten 15 fabrikas\u0131 vard\u0131r.<\/p>\n","protected":false},"author":9,"featured_media":0,"parent":21989,"menu_order":3,"comment_status":"closed","ping_status":"closed","template":"","meta":{"_acf_changed":false,"_et_pb_use_builder":"on","_et_pb_old_content":"","_et_gb_content_width":"","footnotes":""},"class_list":["post-21991","page","type-page","status-publish","hentry"],"acf":[],"yoast_head":"<!-- This site is optimized with the Yoast SEO plugin v27.5 - https:\/\/yoast.com\/product\/yoast-seo-wordpress\/ -->\n<title>D\u00fcnya \u00e7ap\u0131nda mevcudiyet presence | About Teka Ankastre<\/title>\n<meta name=\"robots\" content=\"index, follow, max-snippet:-1, max-image-preview:large, max-video-preview:-1\" \/>\n<link rel=\"canonical\" href=\"https:\/\/www.teka.com\/tr-tr\/about-us\/dunya-capinda-mevcudiyet\/\" \/>\n<meta property=\"og:locale\" content=\"tr_TR\" \/>\n<meta property=\"og:type\" content=\"article\" \/>\n<meta property=\"og:title\" content=\"D\u00fcnya \u00e7ap\u0131nda mevcudiyet presence | About Teka Ankastre\" \/>\n<meta property=\"og:description\" content=\"\u00a0 Teka Group,German\u00a0Orjinal \u00a0 \u00a0 \u00a0D\u00fcnya \u00e7ap\u0131nda mevcudiyetTeka be\u015f k\u0131tada faaliyet g\u00f6stermekte olup, \u00fcr\u00fcnleri 120&#039;den fazla \u00fclkede bulunur. \u015eirketin Avrupa, Asya ve Amerika&#039;da y\u0131lda 15 milyondan fazla \u00fcr\u00fcn \u00fcreten 15 fabrikas\u0131 vard\u0131r.\" \/>\n<meta property=\"og:url\" content=\"https:\/\/www.teka.com\/tr-tr\/about-us\/dunya-capinda-mevcudiyet\/\" \/>\n<meta property=\"og:site_name\" content=\"Teka Ankastre\" \/>\n<meta property=\"article:modified_time\" content=\"2021-06-10T14:22:18+00:00\" \/>\n<meta name=\"twitter:card\" content=\"summary_large_image\" \/>\n<meta name=\"twitter:label1\" content=\"Tahmini okuma s\u00fcresi\" \/>\n\t<meta name=\"twitter:data1\" content=\"2 dakika\" \/>\n<script type=\"application\/ld+json\" class=\"yoast-schema-graph\">{\"@context\":\"https:\\\/\\\/schema.org\",\"@graph\":[{\"@type\":\"WebPage\",\"@id\":\"https:\\\/\\\/www.teka.com\\\/tr-tr\\\/about-us\\\/dunya-capinda-mevcudiyet\\\/\",\"url\":\"https:\\\/\\\/www.teka.com\\\/tr-tr\\\/about-us\\\/dunya-capinda-mevcudiyet\\\/\",\"name\":\"D\u00fcnya \u00e7ap\u0131nda mevcudiyet presence | About Teka Ankastre\",\"isPartOf\":{\"@id\":\"https:\\\/\\\/www.teka.com\\\/tr-tr\\\/#website\"},\"datePublished\":\"2018-09-11T08:07:27+00:00\",\"dateModified\":\"2021-06-10T14:22:18+00:00\",\"breadcrumb\":{\"@id\":\"https:\\\/\\\/www.teka.com\\\/tr-tr\\\/about-us\\\/dunya-capinda-mevcudiyet\\\/#breadcrumb\"},\"inLanguage\":\"tr\",\"potentialAction\":[{\"@type\":\"ReadAction\",\"target\":[\"https:\\\/\\\/www.teka.com\\\/tr-tr\\\/about-us\\\/dunya-capinda-mevcudiyet\\\/\"]}]},{\"@type\":\"BreadcrumbList\",\"@id\":\"https:\\\/\\\/www.teka.com\\\/tr-tr\\\/about-us\\\/dunya-capinda-mevcudiyet\\\/#breadcrumb\",\"itemListElement\":[{\"@type\":\"ListItem\",\"position\":1,\"name\":\"About Teka\",\"item\":\"https:\\\/\\\/www.teka.com\\\/tr-tr\\\/about-us\\\/\"},{\"@type\":\"ListItem\",\"position\":2,\"name\":\"D\u00fcnya \u00e7ap\u0131nda mevcudiyet\"}]},{\"@type\":\"WebSite\",\"@id\":\"https:\\\/\\\/www.teka.com\\\/tr-tr\\\/#website\",\"url\":\"https:\\\/\\\/www.teka.com\\\/tr-tr\\\/\",\"name\":\"Teka Ankastre\",\"description\":\"\",\"publisher\":{\"@id\":\"https:\\\/\\\/www.teka.com\\\/tr-tr\\\/#organization\"},\"potentialAction\":[{\"@type\":\"SearchAction\",\"target\":{\"@type\":\"EntryPoint\",\"urlTemplate\":\"https:\\\/\\\/www.teka.com\\\/tr-tr\\\/?s={search_term_string}\"},\"query-input\":{\"@type\":\"PropertyValueSpecification\",\"valueRequired\":true,\"valueName\":\"search_term_string\"}}],\"inLanguage\":\"tr\"},{\"@type\":\"Organization\",\"@id\":\"https:\\\/\\\/www.teka.com\\\/tr-tr\\\/#organization\",\"name\":\"Teka Ankastre\",\"url\":\"https:\\\/\\\/www.teka.com\\\/tr-tr\\\/\",\"logo\":{\"@type\":\"ImageObject\",\"inLanguage\":\"tr\",\"@id\":\"https:\\\/\\\/www.teka.com\\\/tr-tr\\\/#\\\/schema\\\/logo\\\/image\\\/\",\"url\":\"https:\\\/\\\/www.teka.com\\\/tr-tr\\\/wp-content\\\/uploads\\\/sites\\\/16\\\/2019\\\/03\\\/favicon-2019.png\",\"contentUrl\":\"https:\\\/\\\/www.teka.com\\\/tr-tr\\\/wp-content\\\/uploads\\\/sites\\\/16\\\/2019\\\/03\\\/favicon-2019.png\",\"width\":512,\"height\":512,\"caption\":\"Teka Ankastre\"},\"image\":{\"@id\":\"https:\\\/\\\/www.teka.com\\\/tr-tr\\\/#\\\/schema\\\/logo\\\/image\\\/\"}}]}<\/script>\n<!-- \/ Yoast SEO plugin. -->","yoast_head_json":{"title":"D\u00fcnya \u00e7ap\u0131nda mevcudiyet presence | About Teka Ankastre","robots":{"index":"index","follow":"follow","max-snippet":"max-snippet:-1","max-image-preview":"max-image-preview:large","max-video-preview":"max-video-preview:-1"},"canonical":"https:\/\/www.teka.com\/tr-tr\/about-us\/dunya-capinda-mevcudiyet\/","og_locale":"tr_TR","og_type":"article","og_title":"D\u00fcnya \u00e7ap\u0131nda mevcudiyet presence | About Teka Ankastre","og_description":"\u00a0 Teka Group,German\u00a0Orjinal \u00a0 \u00a0 \u00a0D\u00fcnya \u00e7ap\u0131nda mevcudiyetTeka be\u015f k\u0131tada faaliyet g\u00f6stermekte olup, \u00fcr\u00fcnleri 120'den fazla \u00fclkede bulunur. \u015eirketin Avrupa, Asya ve Amerika'da y\u0131lda 15 milyondan fazla \u00fcr\u00fcn \u00fcreten 15 fabrikas\u0131 vard\u0131r.","og_url":"https:\/\/www.teka.com\/tr-tr\/about-us\/dunya-capinda-mevcudiyet\/","og_site_name":"Teka Ankastre","article_modified_time":"2021-06-10T14:22:18+00:00","twitter_card":"summary_large_image","twitter_misc":{"Tahmini okuma s\u00fcresi":"2 dakika"},"schema":{"@context":"https:\/\/schema.org","@graph":[{"@type":"WebPage","@id":"https:\/\/www.teka.com\/tr-tr\/about-us\/dunya-capinda-mevcudiyet\/","url":"https:\/\/www.teka.com\/tr-tr\/about-us\/dunya-capinda-mevcudiyet\/","name":"D\u00fcnya \u00e7ap\u0131nda mevcudiyet presence | About Teka Ankastre","isPartOf":{"@id":"https:\/\/www.teka.com\/tr-tr\/#website"},"datePublished":"2018-09-11T08:07:27+00:00","dateModified":"2021-06-10T14:22:18+00:00","breadcrumb":{"@id":"https:\/\/www.teka.com\/tr-tr\/about-us\/dunya-capinda-mevcudiyet\/#breadcrumb"},"inLanguage":"tr","potentialAction":[{"@type":"ReadAction","target":["https:\/\/www.teka.com\/tr-tr\/about-us\/dunya-capinda-mevcudiyet\/"]}]},{"@type":"BreadcrumbList","@id":"https:\/\/www.teka.com\/tr-tr\/about-us\/dunya-capinda-mevcudiyet\/#breadcrumb","itemListElement":[{"@type":"ListItem","position":1,"name":"About Teka","item":"https:\/\/www.teka.com\/tr-tr\/about-us\/"},{"@type":"ListItem","position":2,"name":"D\u00fcnya \u00e7ap\u0131nda mevcudiyet"}]},{"@type":"WebSite","@id":"https:\/\/www.teka.com\/tr-tr\/#website","url":"https:\/\/www.teka.com\/tr-tr\/","name":"Teka Ankastre","description":"","publisher":{"@id":"https:\/\/www.teka.com\/tr-tr\/#organization"},"potentialAction":[{"@type":"SearchAction","target":{"@type":"EntryPoint","urlTemplate":"https:\/\/www.teka.com\/tr-tr\/?s={search_term_string}"},"query-input":{"@type":"PropertyValueSpecification","valueRequired":true,"valueName":"search_term_string"}}],"inLanguage":"tr"},{"@type":"Organization","@id":"https:\/\/www.teka.com\/tr-tr\/#organization","name":"Teka Ankastre","url":"https:\/\/www.teka.com\/tr-tr\/","logo":{"@type":"ImageObject","inLanguage":"tr","@id":"https:\/\/www.teka.com\/tr-tr\/#\/schema\/logo\/image\/","url":"https:\/\/www.teka.com\/tr-tr\/wp-content\/uploads\/sites\/16\/2019\/03\/favicon-2019.png","contentUrl":"https:\/\/www.teka.com\/tr-tr\/wp-content\/uploads\/sites\/16\/2019\/03\/favicon-2019.png","width":512,"height":512,"caption":"Teka Ankastre"},"image":{"@id":"https:\/\/www.teka.com\/tr-tr\/#\/schema\/logo\/image\/"}}]}},"_links":{"self":[{"href":"https:\/\/www.teka.com\/tr-tr\/wp-json\/wp\/v2\/pages\/21991","targetHints":{"allow":["GET"]}}],"collection":[{"href":"https:\/\/www.teka.com\/tr-tr\/wp-json\/wp\/v2\/pages"}],"about":[{"href":"https:\/\/www.teka.com\/tr-tr\/wp-json\/wp\/v2\/types\/page"}],"author":[{"embeddable":true,"href":"https:\/\/www.teka.com\/tr-tr\/wp-json\/wp\/v2\/users\/9"}],"replies":[{"embeddable":true,"href":"https:\/\/www.teka.com\/tr-tr\/wp-json\/wp\/v2\/comments?post=21991"}],"version-history":[{"count":30,"href":"https:\/\/www.teka.com\/tr-tr\/wp-json\/wp\/v2\/pages\/21991\/revisions"}],"predecessor-version":[{"id":56508,"href":"https:\/\/www.teka.com\/tr-tr\/wp-json\/wp\/v2\/pages\/21991\/revisions\/56508"}],"up":[{"embeddable":true,"href":"https:\/\/www.teka.com\/tr-tr\/wp-json\/wp\/v2\/pages\/21989"}],"wp:attachment":[{"href":"https:\/\/www.teka.com\/tr-tr\/wp-json\/wp\/v2\/media?parent=21991"}],"curies":[{"name":"wp","href":"https:\/\/api.w.org\/{rel}","templated":true}]}}