{"id":21992,"date":"2018-09-11T08:07:26","date_gmt":"2018-09-11T08:07:26","guid":{"rendered":"http:\/\/teka.com\/?page_id=21992"},"modified":"2021-06-10T14:13:02","modified_gmt":"2021-06-10T14:13:02","slug":"tarihcemiz","status":"publish","type":"page","link":"https:\/\/www.teka.com\/tr-tr\/about-us\/tarihcemiz\/","title":{"rendered":"Tarih\u00e7emiz"},"content":{"rendered":"<p>[et_pb_section fb_built=&#8221;1&#8243; module_id=&#8221;teka-top&#8221; _builder_version=&#8221;3.17.6&#8243; background_image=&#8221;https:\/\/www.teka.com\/tr-tr\/wp-content\/uploads\/sites\/16\/2018\/11\/teka-slider-about-us-desktop.jpg&#8221; global_module=&#8221;23211&#8243;][et_pb_row _builder_version=&#8221;3.25&#8243; background_size=&#8221;initial&#8221; background_position=&#8221;top_left&#8221; background_repeat=&#8221;repeat&#8221; column_structure=&#8221;1_2,1_2&#8243;][et_pb_column type=&#8221;1_2&#8243; _builder_version=&#8221;3.25&#8243; custom_padding=&#8221;|||&#8221; custom_padding__hover=&#8221;|||&#8221;][et_pb_text admin_label=&#8221;Header Title&#8221; _builder_version=&#8221;3.27.4&#8243; background_layout=&#8221;dark&#8221;]<\/p>\n<p>\u00a0<\/p>\n<h3><strong>Teka Group<\/strong>,<br \/>German\u00a0Orjinal<\/h3>\n<p>\u00a0<\/p>\n<p>\u00a0<\/p>\n<p>\u00a0<\/p>\n<p>[\/et_pb_text][\/et_pb_column][et_pb_column type=&#8221;1_2&#8243; _builder_version=&#8221;3.25&#8243; custom_padding=&#8221;|||&#8221; custom_padding__hover=&#8221;|||&#8221;][\/et_pb_column][\/et_pb_row][\/et_pb_section][et_pb_section fb_built=&#8221;1&#8243; module_id=&#8221;teka-menu&#8221; _builder_version=&#8221;3.14&#8243; background_color=&#8221;#0e0e0e&#8221; global_module=&#8221;23212&#8243;][et_pb_row _builder_version=&#8221;3.25&#8243; background_size=&#8221;initial&#8221; background_position=&#8221;top_left&#8221; background_repeat=&#8221;repeat&#8221;][et_pb_column type=&#8221;4_4&#8243; _builder_version=&#8221;3.25&#8243; custom_padding=&#8221;|||&#8221; custom_padding__hover=&#8221;|||&#8221;][et_pb_sidebar area=&#8221;et_pb_widget_area_7&#8243; disabled_on=&#8221;on|on|&#8221; admin_label=&#8221;Kenar \u00c7ubu\u00f0u&#8221; _builder_version=&#8221;3.17.6&#8243; background_layout=&#8221;dark&#8221;][\/et_pb_sidebar][et_pb_sidebar area=&#8221;et_pb_widget_area_9&#8243; disabled_on=&#8221;on||on&#8221; admin_label=&#8221;Sidebar Tablet&#8221; _builder_version=&#8221;3.17.6&#8243; background_layout=&#8221;dark&#8221;][\/et_pb_sidebar][et_pb_sidebar area=&#8221;et_pb_widget_area_8&#8243; disabled_on=&#8221;|on|on&#8221; admin_label=&#8221;Sidebar Mobile&#8221; _builder_version=&#8221;3.17.6&#8243; background_layout=&#8221;dark&#8221;][\/et_pb_sidebar][\/et_pb_column][\/et_pb_row][\/et_pb_section][et_pb_section fb_built=&#8221;1&#8243; module_id=&#8221;about-us&#8221; _builder_version=&#8221;3.22&#8243;][et_pb_row _builder_version=&#8221;3.25&#8243; background_size=&#8221;initial&#8221; background_position=&#8221;top_left&#8221; background_repeat=&#8221;repeat&#8221;][et_pb_column type=&#8221;4_4&#8243; _builder_version=&#8221;3.25&#8243; custom_padding=&#8221;|||&#8221; custom_padding__hover=&#8221;|||&#8221;][et_pb_text _builder_version=&#8221;3.27.4&#8243; max_width=&#8221;80%&#8221; module_alignment=&#8221;center&#8221; hover_enabled=&#8221;0&#8243; sticky_enabled=&#8221;0&#8243;]<\/p>\n<h1 style=\"text-align: center\">Tarih\u00e7emiz<\/h1>\n<h6 style=\"text-align: center\">Teka, tar\u0131m makineleri \u00fcretim faaliyetlerinin ba\u015flamas\u0131ndan itibaren bug\u00fcn d\u00fcnyan\u0131n en \u00f6nemli cihaz markalar\u0131ndan biri haline gelmesine kadar ge\u00e7en <strong>90 y\u0131ldan<\/strong> daha uzun bir ge\u00e7mi\u015fe sahiptir.<\/h6>\n<p>[\/et_pb_text][\/et_pb_column][\/et_pb_row][et_pb_row column_structure=&#8221;1_2,1_2&#8243; module_class=&#8221;custom_row&#8221; _builder_version=&#8221;3.25&#8243; background_size=&#8221;initial&#8221; background_position=&#8221;top_left&#8221; background_repeat=&#8221;repeat&#8221;][et_pb_column type=&#8221;1_2&#8243; module_class=&#8221;second-on-mobile&#8221; _builder_version=&#8221;3.25&#8243; custom_padding=&#8221;|||&#8221; custom_padding__hover=&#8221;|||&#8221;][et_pb_image src=&#8221;https:\/\/www.teka.com\/tr-tr\/wp-content\/uploads\/sites\/16\/2018\/11\/black-and-white-buildings-city-1024&#215;768.jpg&#8221; align_tablet=&#8221;center&#8221; align_phone=&#8221;&#8221; align_last_edited=&#8221;on|desktop&#8221; _builder_version=&#8221;3.23&#8243;][\/et_pb_image][\/et_pb_column][et_pb_column type=&#8221;1_2&#8243; module_class=&#8221;first-on-mobile&#8221; _builder_version=&#8221;3.25&#8243; custom_padding=&#8221;|||&#8221; custom_padding__hover=&#8221;|||&#8221;][et_pb_text _builder_version=&#8221;3.27.4&#8243;]<\/p>\n<h2 style=\"text-align: center\"><strong>1924-1957<\/strong><\/h2>\n<p>Teka&#8217;n\u0131n tarihi 1924 y\u0131l\u0131nda, Karl Thielmann&#8217;\u0131n Almanya&#8217;da bir tar\u0131m makineleri \u015firketi kurup ilk y\u0131llar\u0131nda bu sekt\u00f6re odaklanmas\u0131yla ba\u015flad\u0131.<\/p>\n<p>K\u0131sa bir s\u00fcre sonra, \u015firket tarihinde at\u0131lm\u0131\u015f \u00f6nemli bir ad\u0131m olan paslanmaz \u00e7elik alan\u0131nda \u00e7al\u0131\u015fmaya ba\u015flad\u0131.<\/p>\n<p>1957&#8217;de Helmut Klein, \u015firkete ortak olarak kat\u0131ld\u0131. \u0130\u015fte o zaman Teka, her iki kurucusunun (Thielmann &amp; Klein) ba\u015f harfleri ile birlikte bir ticari marka olarak ortaya \u00e7\u0131kt\u0131.<\/p>\n<p>[\/et_pb_text][\/et_pb_column][\/et_pb_row][et_pb_row column_structure=&#8221;1_2,1_2&#8243; _builder_version=&#8221;3.25&#8243; background_size=&#8221;initial&#8221; background_position=&#8221;top_left&#8221; background_repeat=&#8221;repeat&#8221;][et_pb_column type=&#8221;1_2&#8243; _builder_version=&#8221;3.25&#8243; custom_padding=&#8221;|||&#8221; custom_padding__hover=&#8221;|||&#8221;][et_pb_text _builder_version=&#8221;3.27.4&#8243;]<\/p>\n<h2 style=\"text-align: center\"><strong>1958-1969<\/strong><\/h2>\n<p>O andan itibaren Teka ad\u0131 alt\u0131ndaki \u00fcr\u00fcnler sat\u0131lmaya ba\u015fland\u0131. \u0130lk g\u00fcnlerde Teka sadece mutfak evyesi \u00fcretmekteydi. \u0130lerleyen y\u0131llarda ise \u00fcr\u00fcnlerinin ba\u015far\u0131s\u0131 sayesinde Teka, kataloglar\u0131n\u0131 geni\u015fletme ve ocak, f\u0131r\u0131n ve davlumbaz \u00fcretme \u015fans\u0131n\u0131 buldu.<\/p>\n<p>1964 y\u0131l\u0131nda Teka \u0130spanya&#8217;da faaliyete ge\u00e7ti ve sonraki y\u0131llarda da \u00f6nce Avrupa&#8217;da, sonra da geri kalan k\u0131talarda b\u00fcy\u00fck bir uluslararas\u0131 geni\u015flemeye giri\u015fti. T\u00fcm bu s\u00fcre zarf\u0131nda mutfak ve banyolara y\u00f6nelik tasar\u0131mlar\u0131 ve y\u00fcksek kaliteli \u00fcr\u00fcnleri sayesinde \u00fcr\u00fcn yelpazesi d\u00fcnya \u00e7ap\u0131nda tan\u0131nd\u0131 ve b\u00fcy\u00fcd\u00fc.<\/p>\n<p>[\/et_pb_text][\/et_pb_column][et_pb_column type=&#8221;1_2&#8243; _builder_version=&#8221;3.25&#8243; custom_padding=&#8221;|||&#8221; custom_padding__hover=&#8221;|||&#8221;][et_pb_image src=&#8221;https:\/\/www.teka.com\/wp-content\/uploads\/sites\/3\/2018\/10\/shutterstock_1164436954_low_nwm.jpg&#8221; align_tablet=&#8221;center&#8221; align_phone=&#8221;&#8221; align_last_edited=&#8221;on|desktop&#8221; _builder_version=&#8221;3.23&#8243;][\/et_pb_image][\/et_pb_column][\/et_pb_row][et_pb_row column_structure=&#8221;1_2,1_2&#8243; module_class=&#8221;custom_row&#8221; _builder_version=&#8221;3.25&#8243; background_size=&#8221;initial&#8221; background_position=&#8221;top_left&#8221; background_repeat=&#8221;repeat&#8221;][et_pb_column type=&#8221;1_2&#8243; module_class=&#8221;second-on-mobile&#8221; _builder_version=&#8221;3.25&#8243; custom_padding=&#8221;|||&#8221; custom_padding__hover=&#8221;|||&#8221;][et_pb_image src=&#8221;https:\/\/www.teka.com\/tr-tr\/wp-content\/uploads\/sites\/16\/2018\/11\/teka-china-1024&#215;768.jpg&#8221; align_tablet=&#8221;center&#8221; align_phone=&#8221;&#8221; align_last_edited=&#8221;on|desktop&#8221; _builder_version=&#8221;3.23&#8243;][\/et_pb_image][\/et_pb_column][et_pb_column type=&#8221;1_2&#8243; module_class=&#8221;first-on-mobile&#8221; _builder_version=&#8221;3.25&#8243; custom_padding=&#8221;|||&#8221; custom_padding__hover=&#8221;|||&#8221;][et_pb_text _builder_version=&#8221;4.9.2&#8243;]<\/p>\n<h2 style=\"text-align: center;\"><strong>1970-2015<\/strong><\/h2>\n<p>70\u2019li y\u0131llardan itibaren bulundu\u011fu Avrupa pazarlar\u0131nda g\u00f6sterdi\u011fi b\u00fcy\u00fck ba\u015far\u0131, markan\u0131n uluslararas\u0131 d\u00fczeyde bir geni\u015flemeye ba\u015flamas\u0131na neden oldu.\u00a0Bu geli\u015fme ilk olarak Avrupa pazarlar\u0131n\u0131n geri kalan\u0131nda ve daha sonra da Amerika, Asya, Afrika ve Orta Do\u011fu\u2019da ger\u00e7ekle\u015fti.<\/p>\n<p>Bu s\u00fcre zarf\u0131nda marka, d\u00fcnya \u00e7ap\u0131nda en b\u00fcy\u00fck spor sponsorlar\u0131ndan biri haline geldi: Real Madrid futbol ve basketbol kul\u00fcpleri sponsorlu\u011fu, bir hentbol kul\u00fcb\u00fc sahipli\u011fi, bir bisiklet tak\u0131m\u0131 giri\u015fimi, Paris-Dakar rallisine ve hatta K\u0131\u015f Olimpiyat Oyunlar\u0131na kat\u0131lmak gibi bir\u00e7ok sporporlu\u011fa imza att\u0131.<\/p>\n<p>[\/et_pb_text][\/et_pb_column][\/et_pb_row][et_pb_row column_structure=&#8221;1_2,1_2&#8243; _builder_version=&#8221;3.25&#8243; background_size=&#8221;initial&#8221; background_position=&#8221;top_left&#8221; background_repeat=&#8221;repeat&#8221;][et_pb_column type=&#8221;1_2&#8243; _builder_version=&#8221;3.25&#8243; custom_padding=&#8221;|||&#8221; custom_padding__hover=&#8221;|||&#8221;][et_pb_text _builder_version=&#8221;4.9.2&#8243;]<\/p>\n<h2 style=\"text-align: center;\"><strong>Bug\u00fcn<\/strong><\/h2>\n<p>2016 y\u0131l\u0131nda Teka, t\u00fcm fabrikalar\u0131n\u0131 ve tasar\u0131mlar\u0131n\u0131 yenileyerek \u015firket tarihinin en b\u00fcy\u00fck yat\u0131r\u0131m\u0131 olan t\u00fcm ev cihazlar\u0131nda mevcut Wish serisini piyasaya s\u00fcrd\u00fc.<\/p>\n<p>2018 y\u0131l\u0131nda ise Teka, yeni pozisyonunu ve yeni \u201cHayata tat katan anlar (Cook your way to life)\u201d slogan\u0131n\u0131 takdim etti. \u015eirket, Goya \u00f6d\u00fclleri aday\u0131 Marina Seresesky\u2019nin y\u00f6netti\u011fi k\u0131sa bir film ve en iyi orijinal film \u015fark\u0131s\u0131 Akademi \u00d6d\u00fcl\u00fc sahibi Glenn James Hansard taraf\u0131ndan yap\u0131lan m\u00fczik e\u015fli\u011finde Teka\u2019n\u0131n tarihindeki en b\u00fcy\u00fck reklam kampanyas\u0131n\u0131 ba\u015flatt\u0131. Teka bu kampanya i\u00e7in Fundaci\u00f3n Alzheimer Espa\u00f1a (\u0130spanyol Alzheimer vakf\u0131) ile i\u015fbirli\u011fi yap\u0131yor. Video ayda 13 milyon izlenme say\u0131s\u0131na ula\u015farak sekt\u00f6rde bir rekor k\u0131rd\u0131.<\/p>\n<p>G\u00fcn\u00fcm\u00fczde Teka \u00fcr\u00fcnleri, hanelerinin yar\u0131s\u0131nda bir Teka \u00fcr\u00fcn\u00fcn\u00fcn bulundu\u011fu \u0130spanya pazar\u0131nda oldu\u011fu gibi \u00e7ok say\u0131da \u00f6d\u00fcle ve ba\u015far\u0131ya imza atarak d\u00fcnya \u00e7ap\u0131nda bir ba\u015far\u0131 elde etmi\u015ftir.<\/p>\n<p>[\/et_pb_text][\/et_pb_column][et_pb_column type=&#8221;1_2&#8243; _builder_version=&#8221;3.25&#8243; custom_padding=&#8221;|||&#8221; custom_padding__hover=&#8221;|||&#8221;][et_pb_image src=&#8221;https:\/\/www.teka.com\/tr-tr\/wp-content\/uploads\/sites\/16\/2018\/11\/teka-hobs-iknob-IT-6450-1024&#215;768.jpg&#8221; align=&#8221;center&#8221; align_tablet=&#8221;center&#8221; align_phone=&#8221;&#8221; align_last_edited=&#8221;on|desktop&#8221; _builder_version=&#8221;3.23&#8243;][\/et_pb_image][\/et_pb_column][\/et_pb_row][\/et_pb_section]<\/p>\n","protected":false},"excerpt":{"rendered":"<p>\u00a0 Teka Group,German\u00a0Orjinal \u00a0 \u00a0 \u00a0Tarih\u00e7emiz Teka, tar\u0131m makineleri \u00fcretim faaliyetlerinin ba\u015flamas\u0131ndan itibaren bug\u00fcn d\u00fcnyan\u0131n en \u00f6nemli cihaz markalar\u0131ndan biri haline gelmesine kadar ge\u00e7en 90 y\u0131ldan daha uzun bir ge\u00e7mi\u015fe sahiptir. 1924-1957 Teka&#8217;n\u0131n tarihi 1924 y\u0131l\u0131nda, Karl Thielmann&#8217;\u0131n Almanya&#8217;da bir tar\u0131m makineleri \u015firketi kurup ilk y\u0131llar\u0131nda bu sekt\u00f6re odaklanmas\u0131yla ba\u015flad\u0131. K\u0131sa bir s\u00fcre sonra, \u015firket [&hellip;]<\/p>\n","protected":false},"author":9,"featured_media":0,"parent":21989,"menu_order":2,"comment_status":"closed","ping_status":"closed","template":"","meta":{"_acf_changed":false,"_et_pb_use_builder":"on","_et_pb_old_content":"","_et_gb_content_width":"","footnotes":""},"class_list":["post-21992","page","type-page","status-publish","hentry"],"acf":[],"yoast_head":"<!-- This site is optimized with the Yoast SEO plugin v27.5 - https:\/\/yoast.com\/product\/yoast-seo-wordpress\/ -->\n<title>The history behind Teka brand | About the company<\/title>\n<meta name=\"description\" content=\"Teka has a history of more than 90 years, since the beginning of its activity manufacturing agricultura machinery, until now, becoming one of the most important appliances brand around the world.\" \/>\n<meta name=\"robots\" content=\"index, follow, max-snippet:-1, max-image-preview:large, max-video-preview:-1\" \/>\n<link rel=\"canonical\" href=\"https:\/\/www.teka.com\/tr-tr\/about-us\/tarihcemiz\/\" \/>\n<meta property=\"og:locale\" content=\"tr_TR\" \/>\n<meta property=\"og:type\" content=\"article\" \/>\n<meta property=\"og:title\" content=\"The history behind Teka brand | About the company\" \/>\n<meta property=\"og:description\" content=\"Teka has a history of more than 90 years, since the beginning of its activity manufacturing agricultura machinery, until now, becoming one of the most important appliances brand around the world.\" \/>\n<meta property=\"og:url\" content=\"https:\/\/www.teka.com\/tr-tr\/about-us\/tarihcemiz\/\" \/>\n<meta property=\"og:site_name\" content=\"Teka Ankastre\" \/>\n<meta property=\"article:modified_time\" content=\"2021-06-10T14:13:02+00:00\" \/>\n<meta name=\"twitter:card\" content=\"summary_large_image\" \/>\n<meta name=\"twitter:label1\" content=\"Tahmini okuma s\u00fcresi\" \/>\n\t<meta name=\"twitter:data1\" content=\"6 dakika\" \/>\n<script type=\"application\/ld+json\" class=\"yoast-schema-graph\">{\"@context\":\"https:\\\/\\\/schema.org\",\"@graph\":[{\"@type\":\"WebPage\",\"@id\":\"https:\\\/\\\/www.teka.com\\\/tr-tr\\\/about-us\\\/tarihcemiz\\\/\",\"url\":\"https:\\\/\\\/www.teka.com\\\/tr-tr\\\/about-us\\\/tarihcemiz\\\/\",\"name\":\"The history behind Teka brand | About the company\",\"isPartOf\":{\"@id\":\"https:\\\/\\\/www.teka.com\\\/tr-tr\\\/#website\"},\"datePublished\":\"2018-09-11T08:07:26+00:00\",\"dateModified\":\"2021-06-10T14:13:02+00:00\",\"description\":\"Teka has a history of more than 90 years, since the beginning of its activity manufacturing agricultura machinery, until now, becoming one of the most important appliances brand around the world.\",\"breadcrumb\":{\"@id\":\"https:\\\/\\\/www.teka.com\\\/tr-tr\\\/about-us\\\/tarihcemiz\\\/#breadcrumb\"},\"inLanguage\":\"tr\",\"potentialAction\":[{\"@type\":\"ReadAction\",\"target\":[\"https:\\\/\\\/www.teka.com\\\/tr-tr\\\/about-us\\\/tarihcemiz\\\/\"]}]},{\"@type\":\"BreadcrumbList\",\"@id\":\"https:\\\/\\\/www.teka.com\\\/tr-tr\\\/about-us\\\/tarihcemiz\\\/#breadcrumb\",\"itemListElement\":[{\"@type\":\"ListItem\",\"position\":1,\"name\":\"About Teka\",\"item\":\"https:\\\/\\\/www.teka.com\\\/tr-tr\\\/about-us\\\/\"},{\"@type\":\"ListItem\",\"position\":2,\"name\":\"Tarih\u00e7emiz\"}]},{\"@type\":\"WebSite\",\"@id\":\"https:\\\/\\\/www.teka.com\\\/tr-tr\\\/#website\",\"url\":\"https:\\\/\\\/www.teka.com\\\/tr-tr\\\/\",\"name\":\"Teka Ankastre\",\"description\":\"\",\"publisher\":{\"@id\":\"https:\\\/\\\/www.teka.com\\\/tr-tr\\\/#organization\"},\"potentialAction\":[{\"@type\":\"SearchAction\",\"target\":{\"@type\":\"EntryPoint\",\"urlTemplate\":\"https:\\\/\\\/www.teka.com\\\/tr-tr\\\/?s={search_term_string}\"},\"query-input\":{\"@type\":\"PropertyValueSpecification\",\"valueRequired\":true,\"valueName\":\"search_term_string\"}}],\"inLanguage\":\"tr\"},{\"@type\":\"Organization\",\"@id\":\"https:\\\/\\\/www.teka.com\\\/tr-tr\\\/#organization\",\"name\":\"Teka Ankastre\",\"url\":\"https:\\\/\\\/www.teka.com\\\/tr-tr\\\/\",\"logo\":{\"@type\":\"ImageObject\",\"inLanguage\":\"tr\",\"@id\":\"https:\\\/\\\/www.teka.com\\\/tr-tr\\\/#\\\/schema\\\/logo\\\/image\\\/\",\"url\":\"https:\\\/\\\/www.teka.com\\\/tr-tr\\\/wp-content\\\/uploads\\\/sites\\\/16\\\/2019\\\/03\\\/favicon-2019.png\",\"contentUrl\":\"https:\\\/\\\/www.teka.com\\\/tr-tr\\\/wp-content\\\/uploads\\\/sites\\\/16\\\/2019\\\/03\\\/favicon-2019.png\",\"width\":512,\"height\":512,\"caption\":\"Teka Ankastre\"},\"image\":{\"@id\":\"https:\\\/\\\/www.teka.com\\\/tr-tr\\\/#\\\/schema\\\/logo\\\/image\\\/\"}}]}<\/script>\n<!-- \/ Yoast SEO plugin. -->","yoast_head_json":{"title":"The history behind Teka brand | About the company","description":"Teka has a history of more than 90 years, since the beginning of its activity manufacturing agricultura machinery, until now, becoming one of the most important appliances brand around the world.","robots":{"index":"index","follow":"follow","max-snippet":"max-snippet:-1","max-image-preview":"max-image-preview:large","max-video-preview":"max-video-preview:-1"},"canonical":"https:\/\/www.teka.com\/tr-tr\/about-us\/tarihcemiz\/","og_locale":"tr_TR","og_type":"article","og_title":"The history behind Teka brand | About the company","og_description":"Teka has a history of more than 90 years, since the beginning of its activity manufacturing agricultura machinery, until now, becoming one of the most important appliances brand around the world.","og_url":"https:\/\/www.teka.com\/tr-tr\/about-us\/tarihcemiz\/","og_site_name":"Teka Ankastre","article_modified_time":"2021-06-10T14:13:02+00:00","twitter_card":"summary_large_image","twitter_misc":{"Tahmini okuma s\u00fcresi":"6 dakika"},"schema":{"@context":"https:\/\/schema.org","@graph":[{"@type":"WebPage","@id":"https:\/\/www.teka.com\/tr-tr\/about-us\/tarihcemiz\/","url":"https:\/\/www.teka.com\/tr-tr\/about-us\/tarihcemiz\/","name":"The history behind Teka brand | About the company","isPartOf":{"@id":"https:\/\/www.teka.com\/tr-tr\/#website"},"datePublished":"2018-09-11T08:07:26+00:00","dateModified":"2021-06-10T14:13:02+00:00","description":"Teka has a history of more than 90 years, since the beginning of its activity manufacturing agricultura machinery, until now, becoming one of the most important appliances brand around the world.","breadcrumb":{"@id":"https:\/\/www.teka.com\/tr-tr\/about-us\/tarihcemiz\/#breadcrumb"},"inLanguage":"tr","potentialAction":[{"@type":"ReadAction","target":["https:\/\/www.teka.com\/tr-tr\/about-us\/tarihcemiz\/"]}]},{"@type":"BreadcrumbList","@id":"https:\/\/www.teka.com\/tr-tr\/about-us\/tarihcemiz\/#breadcrumb","itemListElement":[{"@type":"ListItem","position":1,"name":"About Teka","item":"https:\/\/www.teka.com\/tr-tr\/about-us\/"},{"@type":"ListItem","position":2,"name":"Tarih\u00e7emiz"}]},{"@type":"WebSite","@id":"https:\/\/www.teka.com\/tr-tr\/#website","url":"https:\/\/www.teka.com\/tr-tr\/","name":"Teka Ankastre","description":"","publisher":{"@id":"https:\/\/www.teka.com\/tr-tr\/#organization"},"potentialAction":[{"@type":"SearchAction","target":{"@type":"EntryPoint","urlTemplate":"https:\/\/www.teka.com\/tr-tr\/?s={search_term_string}"},"query-input":{"@type":"PropertyValueSpecification","valueRequired":true,"valueName":"search_term_string"}}],"inLanguage":"tr"},{"@type":"Organization","@id":"https:\/\/www.teka.com\/tr-tr\/#organization","name":"Teka Ankastre","url":"https:\/\/www.teka.com\/tr-tr\/","logo":{"@type":"ImageObject","inLanguage":"tr","@id":"https:\/\/www.teka.com\/tr-tr\/#\/schema\/logo\/image\/","url":"https:\/\/www.teka.com\/tr-tr\/wp-content\/uploads\/sites\/16\/2019\/03\/favicon-2019.png","contentUrl":"https:\/\/www.teka.com\/tr-tr\/wp-content\/uploads\/sites\/16\/2019\/03\/favicon-2019.png","width":512,"height":512,"caption":"Teka Ankastre"},"image":{"@id":"https:\/\/www.teka.com\/tr-tr\/#\/schema\/logo\/image\/"}}]}},"_links":{"self":[{"href":"https:\/\/www.teka.com\/tr-tr\/wp-json\/wp\/v2\/pages\/21992","targetHints":{"allow":["GET"]}}],"collection":[{"href":"https:\/\/www.teka.com\/tr-tr\/wp-json\/wp\/v2\/pages"}],"about":[{"href":"https:\/\/www.teka.com\/tr-tr\/wp-json\/wp\/v2\/types\/page"}],"author":[{"embeddable":true,"href":"https:\/\/www.teka.com\/tr-tr\/wp-json\/wp\/v2\/users\/9"}],"replies":[{"embeddable":true,"href":"https:\/\/www.teka.com\/tr-tr\/wp-json\/wp\/v2\/comments?post=21992"}],"version-history":[{"count":32,"href":"https:\/\/www.teka.com\/tr-tr\/wp-json\/wp\/v2\/pages\/21992\/revisions"}],"predecessor-version":[{"id":56506,"href":"https:\/\/www.teka.com\/tr-tr\/wp-json\/wp\/v2\/pages\/21992\/revisions\/56506"}],"up":[{"embeddable":true,"href":"https:\/\/www.teka.com\/tr-tr\/wp-json\/wp\/v2\/pages\/21989"}],"wp:attachment":[{"href":"https:\/\/www.teka.com\/tr-tr\/wp-json\/wp\/v2\/media?parent=21992"}],"curies":[{"name":"wp","href":"https:\/\/api.w.org\/{rel}","templated":true}]}}