{"id":5193,"date":"2018-08-09T09:59:03","date_gmt":"2018-08-09T09:59:03","guid":{"rendered":"http:\/\/teka.com\/?page_id=5193"},"modified":"2025-10-16T14:08:30","modified_gmt":"2025-10-16T14:08:30","slug":"destek","status":"publish","type":"page","link":"https:\/\/www.teka.com\/tr-tr\/destek\/","title":{"rendered":"Destek"},"content":{"rendered":"<p>[et_pb_section fb_built=&#8221;1&#8243; module_id=&#8221;support-contact-manuals&#8221; _builder_version=&#8221;4.16&#8243; global_colors_info=&#8221;{}&#8221;][et_pb_row _builder_version=&#8221;4.16&#8243; background_size=&#8221;initial&#8221; background_position=&#8221;top_left&#8221; background_repeat=&#8221;repeat&#8221; hover_enabled=&#8221;0&#8243; global_colors_info=&#8221;{}&#8221; column_structure=&#8221;1_2,1_2&#8243; sticky_enabled=&#8221;0&#8243;][et_pb_column type=&#8221;1_2&#8243; _builder_version=&#8221;4.16&#8243; custom_padding=&#8221;|||&#8221; global_colors_info=&#8221;{}&#8221; custom_padding__hover=&#8221;|||&#8221;][et_pb_text admin_label=&#8221;Customer Service&#8221; module_id=&#8221;support-contact&#8221; _builder_version=&#8221;4.16&#8243; max_width=&#8221;100%&#8221; global_module=&#8221;28072&#8243; saved_tabs=&#8221;all&#8221; global_colors_info=&#8221;{}&#8221;]<\/p>\n<h2>M\u00fc\u015fteri Hizmetleri<\/h2>\n<p><em><a href=\"tel:0850 888 8352 (0850 888 TEKA) | 444 8352 (444 TEKA)\">0850 888 8352 (0850 888 TEKA) | 444 8352 (444 TEKA)<\/a><\/em><br \/>\n<em><a href=\"tel:0850 888 8352\">0850 888 8352<\/a><\/em><\/p>\n<p class=\"horario\">\u2019Hafta i\u00e7i 09.00-17.30 aras\u0131, Cumartesi g\u00fcn\u00fc 09.00-13.00 aras\u0131 m\u00fcsait<\/p>\n<p><a class=\"itk-atencion-mail\" href=\"mailto:servis@teka.com.tr\">servis@teka.com.tr<\/a><a class=\"itk-atencion-formulario\" href=\"https:\/\/www.teka.com\/tr-tr\/destek\/onarim-istegi\/\">Onar\u0131m iste\u011fi<\/a><\/p>\n<p>[\/et_pb_text][\/et_pb_column][et_pb_column type=&#8221;1_2&#8243; _builder_version=&#8221;4.16&#8243; custom_padding=&#8221;|||&#8221; global_colors_info=&#8221;{}&#8221; custom_padding__hover=&#8221;|||&#8221;][et_pb_text admin_label=&#8221;Manuals&#8221; module_id=&#8221;support-manuals&#8221; _builder_version=&#8221;3.19&#8243; global_module=&#8221;28073&#8243; saved_tabs=&#8221;all&#8221; global_colors_info=&#8221;{}&#8221;]<\/p>\n<h3><strong>K\u0131lavuzlar<\/strong><\/h3>\n<p>\u00dcr\u00fcn k\u0131lavuzlar\u0131, sat\u0131n alma esnas\u0131nda \u00fcr\u00fcn paketine dahil edilmi\u015ftir. Ba\u015fka bir kopyaya ihtiyac\u0131n\u0131z olursa buradan indirebilirsiniz.<br \/>\n<form action=\"https:\/\/www.teka.com\/tr-tr\/destek\/kilavuzlari-indir\/\" id=\"form-manual-container\"><input id=\"input-manual-submit\" name=\"manual-submit\" type=\"submit\" value=\"\ue812\"><select id=\"select-manual\" name=\"se\" style=\"width:420px;float: left\"><\/select><\/form><\/p>\n<p><a style=\"display: none;\" href=\"#\">Seri numaras\u0131n\u0131 nereden bulabilirim?<\/a><\/p>\n<p>[\/et_pb_text][et_pb_text admin_label=&#8221;Safety warnings&#8221; module_id=&#8221;support-manuals&#8221; module_class=&#8221;hide_safety_warnings&#8221; _builder_version=&#8221;4.16&#8243; global_colors_info=&#8221;{}&#8221;]<\/p>\n<h3>G\u00fcvenlik <strong>uyar\u0131lar\u0131<\/strong><\/h3>\n<p>Burada, \u00fcr\u00fcn\u00fcn\u00fcz i\u00e7in revize kampanyalar\u0131 yan\u0131 s\u0131ra \u00f6nerileri ve g\u00fcvenlik k\u0131lavuzlar\u0131n\u0131 da bulabilirsiniz.<\/p>\n<p><a href=\"https:\/\/www.teka.com\/tr-tr\/destek\/safety-warnings\/\">+ Uyar\u0131lara bak\u0131n<\/a><\/p>\n<p>[\/et_pb_text][\/et_pb_column][\/et_pb_row][\/et_pb_section]<\/p>\n","protected":false},"excerpt":{"rendered":"<p>M\u00fc\u015fteri Hizmetleri 0850 888 8352 (0850 888 TEKA) | 444 8352 (444 TEKA) 0850 888 8352 \u2019Hafta i\u00e7i 09.00-17.30 aras\u0131, Cumartesi g\u00fcn\u00fc 09.00-13.00 aras\u0131 m\u00fcsait servis@teka.com.trOnar\u0131m iste\u011fi K\u0131lavuzlar \u00dcr\u00fcn k\u0131lavuzlar\u0131, sat\u0131n alma esnas\u0131nda \u00fcr\u00fcn paketine dahil edilmi\u015ftir. Ba\u015fka bir kopyaya ihtiyac\u0131n\u0131z olursa buradan indirebilirsiniz. <form action=\"https:\/\/www.teka.com\/tr-tr\/destek\/kilavuzlari-indir\/\" id=\"form-manual-container\"><input id=\"input-manual-submit\" name=\"manual-submit\" type=\"submit\" value=\"\ue812\"><select id=\"select-manual\" name=\"se\" style=\"width:420px;float: left\"><\/select><\/form> Seri numaras\u0131n\u0131 nereden bulabilirim? G\u00fcvenlik uyar\u0131lar\u0131Burada, \u00fcr\u00fcn\u00fcn\u00fcz i\u00e7in revize kampanyalar\u0131 yan\u0131 s\u0131ra \u00f6nerileri ve g\u00fcvenlik k\u0131lavuzlar\u0131n\u0131 da bulabilirsiniz.+ [&hellip;]<\/p>\n","protected":false},"author":9,"featured_media":0,"parent":0,"menu_order":7,"comment_status":"closed","ping_status":"closed","template":"","meta":{"_acf_changed":false,"_et_pb_use_builder":"on","_et_pb_old_content":"","_et_gb_content_width":"","footnotes":""},"class_list":["post-5193","page","type-page","status-publish","hentry"],"acf":[],"yoast_head":"<!-- This site is optimized with the Yoast SEO plugin v27.2 - https:\/\/yoast.com\/product\/yoast-seo-wordpress\/ -->\n<title>Destek | Teka Ankastre<\/title>\n<meta name=\"robots\" content=\"index, follow, max-snippet:-1, max-image-preview:large, max-video-preview:-1\" \/>\n<link rel=\"canonical\" href=\"https:\/\/www.teka.com\/tr-tr\/destek\/\" \/>\n<meta property=\"og:locale\" content=\"tr_TR\" \/>\n<meta property=\"og:type\" content=\"article\" \/>\n<meta property=\"og:title\" content=\"Destek | Teka Ankastre\" \/>\n<meta property=\"og:description\" content=\"M\u00fc\u015fteri Hizmetleri 0850 888 8352 \u2019Hafta i\u00e7i 09.00-17.30 aras\u0131, Cumartesi g\u00fcn\u00fc 09.00-13.00 aras\u0131 m\u00fcsait Onar\u0131m iste\u011fi K\u0131lavuzlar \u00dcr\u00fcn k\u0131lavuzlar\u0131, sat\u0131n alma esnas\u0131nda \u00fcr\u00fcn paketine dahil edilmi\u015ftir. Ba\u015fka bir kopyaya ihtiyac\u0131n\u0131z olursa buradan indirebilirsiniz. Seri numaras\u0131n\u0131 nereden bulabilirim? G\u00fcvenlik uyar\u0131lar\u0131Burada, \u00fcr\u00fcn\u00fcn\u00fcz i\u00e7in revize kampanyalar\u0131 yan\u0131 s\u0131ra \u00f6nerileri ve g\u00fcvenlik k\u0131lavuzlar\u0131n\u0131 da bulabilirsiniz.+ [&hellip;]\" \/>\n<meta property=\"og:url\" content=\"https:\/\/www.teka.com\/tr-tr\/destek\/\" \/>\n<meta property=\"og:site_name\" content=\"Teka Ankastre\" \/>\n<meta property=\"article:modified_time\" content=\"2025-10-16T14:08:30+00:00\" \/>\n<meta name=\"twitter:card\" content=\"summary_large_image\" \/>\n<meta name=\"twitter:label1\" content=\"Tahmini okuma s\u00fcresi\" \/>\n\t<meta name=\"twitter:data1\" content=\"1 dakika\" \/>\n<script type=\"application\/ld+json\" class=\"yoast-schema-graph\">{\"@context\":\"https:\/\/schema.org\",\"@graph\":[{\"@type\":\"WebPage\",\"@id\":\"https:\/\/www.teka.com\/tr-tr\/destek\/\",\"url\":\"https:\/\/www.teka.com\/tr-tr\/destek\/\",\"name\":\"Destek | Teka Ankastre\",\"isPartOf\":{\"@id\":\"https:\/\/www.teka.com\/tr-tr\/#website\"},\"datePublished\":\"2018-08-09T09:59:03+00:00\",\"dateModified\":\"2025-10-16T14:08:30+00:00\",\"inLanguage\":\"tr\",\"potentialAction\":[{\"@type\":\"ReadAction\",\"target\":[\"https:\/\/www.teka.com\/tr-tr\/destek\/\"]}]},{\"@type\":\"WebSite\",\"@id\":\"https:\/\/www.teka.com\/tr-tr\/#website\",\"url\":\"https:\/\/www.teka.com\/tr-tr\/\",\"name\":\"Teka Ankastre\",\"description\":\"\",\"publisher\":{\"@id\":\"https:\/\/www.teka.com\/tr-tr\/#organization\"},\"potentialAction\":[{\"@type\":\"SearchAction\",\"target\":{\"@type\":\"EntryPoint\",\"urlTemplate\":\"https:\/\/www.teka.com\/tr-tr\/?s={search_term_string}\"},\"query-input\":{\"@type\":\"PropertyValueSpecification\",\"valueRequired\":true,\"valueName\":\"search_term_string\"}}],\"inLanguage\":\"tr\"},{\"@type\":\"Organization\",\"@id\":\"https:\/\/www.teka.com\/tr-tr\/#organization\",\"name\":\"Teka Ankastre\",\"url\":\"https:\/\/www.teka.com\/tr-tr\/\",\"logo\":{\"@type\":\"ImageObject\",\"inLanguage\":\"tr\",\"@id\":\"https:\/\/www.teka.com\/tr-tr\/#\/schema\/logo\/image\/\",\"url\":\"https:\/\/www.teka.com\/tr-tr\/wp-content\/uploads\/sites\/16\/2019\/03\/favicon-2019.png\",\"contentUrl\":\"https:\/\/www.teka.com\/tr-tr\/wp-content\/uploads\/sites\/16\/2019\/03\/favicon-2019.png\",\"width\":512,\"height\":512,\"caption\":\"Teka Ankastre\"},\"image\":{\"@id\":\"https:\/\/www.teka.com\/tr-tr\/#\/schema\/logo\/image\/\"}}]}<\/script>\n<!-- \/ Yoast SEO plugin. -->","yoast_head_json":{"title":"Destek | Teka Ankastre","robots":{"index":"index","follow":"follow","max-snippet":"max-snippet:-1","max-image-preview":"max-image-preview:large","max-video-preview":"max-video-preview:-1"},"canonical":"https:\/\/www.teka.com\/tr-tr\/destek\/","og_locale":"tr_TR","og_type":"article","og_title":"Destek | Teka Ankastre","og_description":"M\u00fc\u015fteri Hizmetleri 0850 888 8352 \u2019Hafta i\u00e7i 09.00-17.30 aras\u0131, Cumartesi g\u00fcn\u00fc 09.00-13.00 aras\u0131 m\u00fcsait Onar\u0131m iste\u011fi K\u0131lavuzlar \u00dcr\u00fcn k\u0131lavuzlar\u0131, sat\u0131n alma esnas\u0131nda \u00fcr\u00fcn paketine dahil edilmi\u015ftir. Ba\u015fka bir kopyaya ihtiyac\u0131n\u0131z olursa buradan indirebilirsiniz. Seri numaras\u0131n\u0131 nereden bulabilirim? G\u00fcvenlik uyar\u0131lar\u0131Burada, \u00fcr\u00fcn\u00fcn\u00fcz i\u00e7in revize kampanyalar\u0131 yan\u0131 s\u0131ra \u00f6nerileri ve g\u00fcvenlik k\u0131lavuzlar\u0131n\u0131 da bulabilirsiniz.+ [&hellip;]","og_url":"https:\/\/www.teka.com\/tr-tr\/destek\/","og_site_name":"Teka Ankastre","article_modified_time":"2025-10-16T14:08:30+00:00","twitter_card":"summary_large_image","twitter_misc":{"Tahmini okuma s\u00fcresi":"1 dakika"},"schema":{"@context":"https:\/\/schema.org","@graph":[{"@type":"WebPage","@id":"https:\/\/www.teka.com\/tr-tr\/destek\/","url":"https:\/\/www.teka.com\/tr-tr\/destek\/","name":"Destek | Teka Ankastre","isPartOf":{"@id":"https:\/\/www.teka.com\/tr-tr\/#website"},"datePublished":"2018-08-09T09:59:03+00:00","dateModified":"2025-10-16T14:08:30+00:00","inLanguage":"tr","potentialAction":[{"@type":"ReadAction","target":["https:\/\/www.teka.com\/tr-tr\/destek\/"]}]},{"@type":"WebSite","@id":"https:\/\/www.teka.com\/tr-tr\/#website","url":"https:\/\/www.teka.com\/tr-tr\/","name":"Teka Ankastre","description":"","publisher":{"@id":"https:\/\/www.teka.com\/tr-tr\/#organization"},"potentialAction":[{"@type":"SearchAction","target":{"@type":"EntryPoint","urlTemplate":"https:\/\/www.teka.com\/tr-tr\/?s={search_term_string}"},"query-input":{"@type":"PropertyValueSpecification","valueRequired":true,"valueName":"search_term_string"}}],"inLanguage":"tr"},{"@type":"Organization","@id":"https:\/\/www.teka.com\/tr-tr\/#organization","name":"Teka Ankastre","url":"https:\/\/www.teka.com\/tr-tr\/","logo":{"@type":"ImageObject","inLanguage":"tr","@id":"https:\/\/www.teka.com\/tr-tr\/#\/schema\/logo\/image\/","url":"https:\/\/www.teka.com\/tr-tr\/wp-content\/uploads\/sites\/16\/2019\/03\/favicon-2019.png","contentUrl":"https:\/\/www.teka.com\/tr-tr\/wp-content\/uploads\/sites\/16\/2019\/03\/favicon-2019.png","width":512,"height":512,"caption":"Teka Ankastre"},"image":{"@id":"https:\/\/www.teka.com\/tr-tr\/#\/schema\/logo\/image\/"}}]}},"_links":{"self":[{"href":"https:\/\/www.teka.com\/tr-tr\/wp-json\/wp\/v2\/pages\/5193","targetHints":{"allow":["GET"]}}],"collection":[{"href":"https:\/\/www.teka.com\/tr-tr\/wp-json\/wp\/v2\/pages"}],"about":[{"href":"https:\/\/www.teka.com\/tr-tr\/wp-json\/wp\/v2\/types\/page"}],"author":[{"embeddable":true,"href":"https:\/\/www.teka.com\/tr-tr\/wp-json\/wp\/v2\/users\/9"}],"replies":[{"embeddable":true,"href":"https:\/\/www.teka.com\/tr-tr\/wp-json\/wp\/v2\/comments?post=5193"}],"version-history":[{"count":84,"href":"https:\/\/www.teka.com\/tr-tr\/wp-json\/wp\/v2\/pages\/5193\/revisions"}],"predecessor-version":[{"id":58559,"href":"https:\/\/www.teka.com\/tr-tr\/wp-json\/wp\/v2\/pages\/5193\/revisions\/58559"}],"wp:attachment":[{"href":"https:\/\/www.teka.com\/tr-tr\/wp-json\/wp\/v2\/media?parent=5193"}],"curies":[{"name":"wp","href":"https:\/\/api.w.org\/{rel}","templated":true}]}}