{"id":5217,"date":"2018-08-10T10:26:19","date_gmt":"2018-08-10T10:26:19","guid":{"rendered":"http:\/\/teka.com\/?page_id=5217"},"modified":"2024-07-01T09:46:26","modified_gmt":"2024-07-01T09:46:26","slug":"faq","status":"publish","type":"page","link":"https:\/\/www.teka.com\/tr-tr\/destek\/faq\/","title":{"rendered":"FAQ"},"content":{"rendered":"<p>[et_pb_section fb_built=&#8221;1&#8243; module_id=&#8221;support-faq&#8221; _builder_version=&#8221;3.17.6&#8243; background_image=&#8221;https:\/\/www.teka.com\/tr-tr\/wp-content\/uploads\/sites\/16\/2018\/11\/teka-web-support-1920&#215;833.jpg&#8221; background_position=&#8221;center_left&#8221; global_module=&#8221;5258&#8243; global_colors_info=&#8221;{}&#8221;][et_pb_row column_structure=&#8221;1_2,1_2&#8243; _builder_version=&#8221;4.16&#8243; background_size=&#8221;initial&#8221; background_position=&#8221;top_left&#8221; background_repeat=&#8221;repeat&#8221; global_colors_info=&#8221;{}&#8221;][et_pb_column type=&#8221;1_2&#8243; _builder_version=&#8221;4.16&#8243; custom_padding=&#8221;|||&#8221; global_colors_info=&#8221;{}&#8221; custom_padding__hover=&#8221;|||&#8221;][\/et_pb_column][et_pb_column type=&#8221;1_2&#8243; _builder_version=&#8221;4.16&#8243; custom_padding=&#8221;|||&#8221; global_colors_info=&#8221;{}&#8221; custom_padding__hover=&#8221;|||&#8221;][et_pb_text _builder_version=&#8221;4.22.1&#8243; hover_enabled=&#8221;0&#8243; global_colors_info=&#8221;{}&#8221; sticky_enabled=&#8221;0&#8243;]<\/p>\n<p>\u00a0<\/p>\n<p>\u00a0<\/p>\n<h2><span style=\"color: #ffffff\">Yard\u0131ma m\u0131 ihtiyac\u0131n\u0131z var?<\/span><\/h2>\n<h4><span style=\"color: #ffffff\">Bir konu se\u00e7in<\/span><\/h4>\n<p><select id=\"select-faq\" name=\"select\"><option disabled=\"disabled\" value=\"tema\">Tema<\/option><\/select><\/p>\n<p>[\/et_pb_text][\/et_pb_column][\/et_pb_row][\/et_pb_section][et_pb_section fb_built=&#8221;1&#8243; module_id=&#8221;support-contact-manuals&#8221; _builder_version=&#8221;4.16&#8243; global_colors_info=&#8221;{}&#8221;][et_pb_row _builder_version=&#8221;4.16&#8243; background_size=&#8221;initial&#8221; background_position=&#8221;top_left&#8221; background_repeat=&#8221;repeat&#8221; global_colors_info=&#8221;{}&#8221; column_structure=&#8221;1_2,1_2&#8243;][et_pb_column type=&#8221;1_2&#8243; _builder_version=&#8221;4.16&#8243; custom_padding=&#8221;|||&#8221; global_colors_info=&#8221;{}&#8221; custom_padding__hover=&#8221;|||&#8221;][et_pb_text admin_label=&#8221;Customer Service&#8221; module_id=&#8221;support-contact&#8221; _builder_version=&#8221;4.16&#8243; max_width=&#8221;100%&#8221; global_module=&#8221;28072&#8243; saved_tabs=&#8221;all&#8221; global_colors_info=&#8221;{}&#8221;]<\/p>\n<h2>M\u00fc\u015fteri Hizmetleri<\/h2>\n<p><em><a href=\"tel:0850 888 8352 (0850 888 TEKA) | 444 8352 (444 TEKA)\">0850 888 8352 (0850 888 TEKA) | 444 8352 (444 TEKA)<\/a><\/em><br \/>\n<em><a href=\"tel:0850 888 8352\">0850 888 8352<\/a><\/em><\/p>\n<p class=\"horario\">\u2019Hafta i\u00e7i 09.00-17.30 aras\u0131, Cumartesi g\u00fcn\u00fc 09.00-13.00 aras\u0131 m\u00fcsait<\/p>\n<p><a class=\"itk-atencion-mail\" href=\"mailto:servis@teka.com.tr\">servis@teka.com.tr<\/a><a class=\"itk-atencion-formulario\" href=\"https:\/\/www.teka.com\/tr-tr\/destek\/onarim-istegi\/\">Onar\u0131m iste\u011fi<\/a><\/p>\n<p>[\/et_pb_text][\/et_pb_column][et_pb_column type=&#8221;1_2&#8243; _builder_version=&#8221;4.16&#8243; custom_padding=&#8221;|||&#8221; global_colors_info=&#8221;{}&#8221; custom_padding__hover=&#8221;|||&#8221;][et_pb_text admin_label=&#8221;Manuals&#8221; module_id=&#8221;support-manuals&#8221; _builder_version=&#8221;3.19&#8243; global_module=&#8221;28073&#8243; saved_tabs=&#8221;all&#8221; global_colors_info=&#8221;{}&#8221;]<\/p>\n<h3><strong>K\u0131lavuzlar<\/strong><\/h3>\n<p>\u00dcr\u00fcn k\u0131lavuzlar\u0131, sat\u0131n alma esnas\u0131nda \u00fcr\u00fcn paketine dahil edilmi\u015ftir. Ba\u015fka bir kopyaya ihtiyac\u0131n\u0131z olursa buradan indirebilirsiniz.<br \/>\n<form action=\"https:\/\/www.teka.com\/tr-tr\/destek\/kilavuzlari-indir\/\" id=\"form-manual-container\"><input id=\"input-manual-submit\" name=\"manual-submit\" type=\"submit\" value=\"\ue812\"><select id=\"select-manual\" name=\"se\" style=\"width:420px;float: left\"><\/select><\/form><\/p>\n<p><a style=\"display: none;\" href=\"#\">Seri numaras\u0131n\u0131 nereden bulabilirim?<\/a><\/p>\n<p>[\/et_pb_text][et_pb_text admin_label=&#8221;Find your Technical Service&#8221; module_id=&#8221;support-manuals&#8221; _builder_version=&#8221;3.19&#8243; global_module=&#8221;52657&#8243; saved_tabs=&#8221;all&#8221; global_colors_info=&#8221;{}&#8221;]<\/p>\n<h3><strong>Teknik Servisinizi<\/strong> bulun<\/h3>\n<p>Herhangi bir yard\u0131ma ihtiya\u00e7 duydu\u011funuzda resmi teknik servisimiz hizmetinizdedir. Kesinlikle sana \u00e7ok yak\u0131n biri var.<\/p>\n<p><a href=\"https:\/\/www.teka.com\/tr-tr\/destek\/map\/\">+ Haritaya bak\u0131n<\/a><\/p>\n<p>[\/et_pb_text][\/et_pb_column][\/et_pb_row][\/et_pb_section]<\/p>\n","protected":false},"excerpt":{"rendered":"<p>\u00a0 \u00a0 Yard\u0131ma m\u0131 ihtiyac\u0131n\u0131z var? Bir konu se\u00e7in TemaM\u00fc\u015fteri Hizmetleri 0850 888 8352 (0850 888 TEKA) | 444 8352 (444 TEKA) 0850 888 8352 \u2019Hafta i\u00e7i 09.00-17.30 aras\u0131, Cumartesi g\u00fcn\u00fc 09.00-13.00 aras\u0131 m\u00fcsait servis@teka.com.trOnar\u0131m iste\u011fi K\u0131lavuzlar \u00dcr\u00fcn k\u0131lavuzlar\u0131, sat\u0131n alma esnas\u0131nda \u00fcr\u00fcn paketine dahil edilmi\u015ftir. Ba\u015fka bir kopyaya ihtiyac\u0131n\u0131z olursa buradan indirebilirsiniz. <form action=\"https:\/\/www.teka.com\/tr-tr\/destek\/kilavuzlari-indir\/\" id=\"form-manual-container\"><input id=\"input-manual-submit\" name=\"manual-submit\" type=\"submit\" value=\"\ue812\"><select id=\"select-manual\" name=\"se\" style=\"width:420px;float: left\"><\/select><\/form> Seri numaras\u0131n\u0131 nereden bulabilirim? Teknik Servisinizi bulun Herhangi bir [&hellip;]<\/p>\n","protected":false},"author":9,"featured_media":0,"parent":5193,"menu_order":0,"comment_status":"closed","ping_status":"closed","template":"","meta":{"_acf_changed":false,"_et_pb_use_builder":"on","_et_pb_old_content":"","_et_gb_content_width":"","footnotes":""},"class_list":["post-5217","page","type-page","status-publish","hentry"],"acf":[],"yoast_head":"<!-- This site is optimized with the Yoast SEO plugin v27.2 - https:\/\/yoast.com\/product\/yoast-seo-wordpress\/ -->\n<title>Teka Support | Frequently Asqued Questions about our products<\/title>\n<meta name=\"description\" content=\"Find easy solutions for the most common problems or just learn how to take care of your appliance with our Frequently Asqued Questions. We&#039;re here to help!\" \/>\n<meta name=\"robots\" content=\"index, follow, max-snippet:-1, max-image-preview:large, max-video-preview:-1\" \/>\n<link rel=\"canonical\" href=\"https:\/\/www.teka.com\/tr-tr\/destek\/faq\/\" \/>\n<meta property=\"og:locale\" content=\"tr_TR\" \/>\n<meta property=\"og:type\" content=\"article\" \/>\n<meta property=\"og:title\" content=\"Teka Support | Frequently Asqued Questions about our products\" \/>\n<meta property=\"og:description\" content=\"Find easy solutions for the most common problems or just learn how to take care of your appliance with our Frequently Asqued Questions. We&#039;re here to help!\" \/>\n<meta property=\"og:url\" content=\"https:\/\/www.teka.com\/tr-tr\/destek\/faq\/\" \/>\n<meta property=\"og:site_name\" content=\"Teka Ankastre\" \/>\n<meta property=\"article:modified_time\" content=\"2024-07-01T09:46:26+00:00\" \/>\n<meta name=\"twitter:card\" content=\"summary_large_image\" \/>\n<meta name=\"twitter:label1\" content=\"Tahmini okuma s\u00fcresi\" \/>\n\t<meta name=\"twitter:data1\" content=\"1 dakika\" \/>\n<script type=\"application\/ld+json\" class=\"yoast-schema-graph\">{\"@context\":\"https:\/\/schema.org\",\"@graph\":[{\"@type\":\"WebPage\",\"@id\":\"https:\/\/www.teka.com\/tr-tr\/destek\/faq\/\",\"url\":\"https:\/\/www.teka.com\/tr-tr\/destek\/faq\/\",\"name\":\"Teka Support | Frequently Asqued Questions about our products\",\"isPartOf\":{\"@id\":\"https:\/\/www.teka.com\/tr-tr\/#website\"},\"datePublished\":\"2018-08-10T10:26:19+00:00\",\"dateModified\":\"2024-07-01T09:46:26+00:00\",\"description\":\"Find easy solutions for the most common problems or just learn how to take care of your appliance with our Frequently Asqued Questions. We're here to help!\",\"breadcrumb\":{\"@id\":\"https:\/\/www.teka.com\/tr-tr\/destek\/faq\/#breadcrumb\"},\"inLanguage\":\"tr\",\"potentialAction\":[{\"@type\":\"ReadAction\",\"target\":[\"https:\/\/www.teka.com\/tr-tr\/destek\/faq\/\"]}]},{\"@type\":\"BreadcrumbList\",\"@id\":\"https:\/\/www.teka.com\/tr-tr\/destek\/faq\/#breadcrumb\",\"itemListElement\":[{\"@type\":\"ListItem\",\"position\":1,\"name\":\"Destek\",\"item\":\"https:\/\/www.teka.com\/tr-tr\/destek\/\"},{\"@type\":\"ListItem\",\"position\":2,\"name\":\"FAQ\"}]},{\"@type\":\"WebSite\",\"@id\":\"https:\/\/www.teka.com\/tr-tr\/#website\",\"url\":\"https:\/\/www.teka.com\/tr-tr\/\",\"name\":\"Teka Ankastre\",\"description\":\"\",\"publisher\":{\"@id\":\"https:\/\/www.teka.com\/tr-tr\/#organization\"},\"potentialAction\":[{\"@type\":\"SearchAction\",\"target\":{\"@type\":\"EntryPoint\",\"urlTemplate\":\"https:\/\/www.teka.com\/tr-tr\/?s={search_term_string}\"},\"query-input\":{\"@type\":\"PropertyValueSpecification\",\"valueRequired\":true,\"valueName\":\"search_term_string\"}}],\"inLanguage\":\"tr\"},{\"@type\":\"Organization\",\"@id\":\"https:\/\/www.teka.com\/tr-tr\/#organization\",\"name\":\"Teka Ankastre\",\"url\":\"https:\/\/www.teka.com\/tr-tr\/\",\"logo\":{\"@type\":\"ImageObject\",\"inLanguage\":\"tr\",\"@id\":\"https:\/\/www.teka.com\/tr-tr\/#\/schema\/logo\/image\/\",\"url\":\"https:\/\/www.teka.com\/tr-tr\/wp-content\/uploads\/sites\/16\/2019\/03\/favicon-2019.png\",\"contentUrl\":\"https:\/\/www.teka.com\/tr-tr\/wp-content\/uploads\/sites\/16\/2019\/03\/favicon-2019.png\",\"width\":512,\"height\":512,\"caption\":\"Teka Ankastre\"},\"image\":{\"@id\":\"https:\/\/www.teka.com\/tr-tr\/#\/schema\/logo\/image\/\"}}]}<\/script>\n<!-- \/ Yoast SEO plugin. -->","yoast_head_json":{"title":"Teka Support | Frequently Asqued Questions about our products","description":"Find easy solutions for the most common problems or just learn how to take care of your appliance with our Frequently Asqued Questions. We're here to help!","robots":{"index":"index","follow":"follow","max-snippet":"max-snippet:-1","max-image-preview":"max-image-preview:large","max-video-preview":"max-video-preview:-1"},"canonical":"https:\/\/www.teka.com\/tr-tr\/destek\/faq\/","og_locale":"tr_TR","og_type":"article","og_title":"Teka Support | Frequently Asqued Questions about our products","og_description":"Find easy solutions for the most common problems or just learn how to take care of your appliance with our Frequently Asqued Questions. We're here to help!","og_url":"https:\/\/www.teka.com\/tr-tr\/destek\/faq\/","og_site_name":"Teka Ankastre","article_modified_time":"2024-07-01T09:46:26+00:00","twitter_card":"summary_large_image","twitter_misc":{"Tahmini okuma s\u00fcresi":"1 dakika"},"schema":{"@context":"https:\/\/schema.org","@graph":[{"@type":"WebPage","@id":"https:\/\/www.teka.com\/tr-tr\/destek\/faq\/","url":"https:\/\/www.teka.com\/tr-tr\/destek\/faq\/","name":"Teka Support | Frequently Asqued Questions about our products","isPartOf":{"@id":"https:\/\/www.teka.com\/tr-tr\/#website"},"datePublished":"2018-08-10T10:26:19+00:00","dateModified":"2024-07-01T09:46:26+00:00","description":"Find easy solutions for the most common problems or just learn how to take care of your appliance with our Frequently Asqued Questions. We're here to help!","breadcrumb":{"@id":"https:\/\/www.teka.com\/tr-tr\/destek\/faq\/#breadcrumb"},"inLanguage":"tr","potentialAction":[{"@type":"ReadAction","target":["https:\/\/www.teka.com\/tr-tr\/destek\/faq\/"]}]},{"@type":"BreadcrumbList","@id":"https:\/\/www.teka.com\/tr-tr\/destek\/faq\/#breadcrumb","itemListElement":[{"@type":"ListItem","position":1,"name":"Destek","item":"https:\/\/www.teka.com\/tr-tr\/destek\/"},{"@type":"ListItem","position":2,"name":"FAQ"}]},{"@type":"WebSite","@id":"https:\/\/www.teka.com\/tr-tr\/#website","url":"https:\/\/www.teka.com\/tr-tr\/","name":"Teka Ankastre","description":"","publisher":{"@id":"https:\/\/www.teka.com\/tr-tr\/#organization"},"potentialAction":[{"@type":"SearchAction","target":{"@type":"EntryPoint","urlTemplate":"https:\/\/www.teka.com\/tr-tr\/?s={search_term_string}"},"query-input":{"@type":"PropertyValueSpecification","valueRequired":true,"valueName":"search_term_string"}}],"inLanguage":"tr"},{"@type":"Organization","@id":"https:\/\/www.teka.com\/tr-tr\/#organization","name":"Teka Ankastre","url":"https:\/\/www.teka.com\/tr-tr\/","logo":{"@type":"ImageObject","inLanguage":"tr","@id":"https:\/\/www.teka.com\/tr-tr\/#\/schema\/logo\/image\/","url":"https:\/\/www.teka.com\/tr-tr\/wp-content\/uploads\/sites\/16\/2019\/03\/favicon-2019.png","contentUrl":"https:\/\/www.teka.com\/tr-tr\/wp-content\/uploads\/sites\/16\/2019\/03\/favicon-2019.png","width":512,"height":512,"caption":"Teka Ankastre"},"image":{"@id":"https:\/\/www.teka.com\/tr-tr\/#\/schema\/logo\/image\/"}}]}},"_links":{"self":[{"href":"https:\/\/www.teka.com\/tr-tr\/wp-json\/wp\/v2\/pages\/5217","targetHints":{"allow":["GET"]}}],"collection":[{"href":"https:\/\/www.teka.com\/tr-tr\/wp-json\/wp\/v2\/pages"}],"about":[{"href":"https:\/\/www.teka.com\/tr-tr\/wp-json\/wp\/v2\/types\/page"}],"author":[{"embeddable":true,"href":"https:\/\/www.teka.com\/tr-tr\/wp-json\/wp\/v2\/users\/9"}],"replies":[{"embeddable":true,"href":"https:\/\/www.teka.com\/tr-tr\/wp-json\/wp\/v2\/comments?post=5217"}],"version-history":[{"count":21,"href":"https:\/\/www.teka.com\/tr-tr\/wp-json\/wp\/v2\/pages\/5217\/revisions"}],"predecessor-version":[{"id":58902,"href":"https:\/\/www.teka.com\/tr-tr\/wp-json\/wp\/v2\/pages\/5217\/revisions\/58902"}],"up":[{"embeddable":true,"href":"https:\/\/www.teka.com\/tr-tr\/wp-json\/wp\/v2\/pages\/5193"}],"wp:attachment":[{"href":"https:\/\/www.teka.com\/tr-tr\/wp-json\/wp\/v2\/media?parent=5217"}],"curies":[{"name":"wp","href":"https:\/\/api.w.org\/{rel}","templated":true}]}}