{"id":5223,"date":"2018-08-10T10:27:29","date_gmt":"2018-08-10T10:27:29","guid":{"rendered":"http:\/\/teka.com\/?page_id=5223"},"modified":"2023-02-28T17:16:31","modified_gmt":"2023-02-28T17:16:31","slug":"map","status":"publish","type":"page","link":"https:\/\/www.teka.com\/tr-tr\/destek\/map\/","title":{"rendered":"Teknik Servisler"},"content":{"rendered":"<p>[et_pb_section fb_built=&#8221;1&#8243; _builder_version=&#8221;3.22&#8243;][et_pb_row _builder_version=&#8221;3.25&#8243; background_size=&#8221;initial&#8221; background_position=&#8221;top_left&#8221; background_repeat=&#8221;repeat&#8221;][et_pb_column type=&#8221;4_4&#8243; _builder_version=&#8221;3.25&#8243; custom_padding=&#8221;|||&#8221; custom_padding__hover=&#8221;|||&#8221;][et_pb_text _builder_version=&#8221;4.9.2&#8243; background_size=&#8221;initial&#8221; background_position=&#8221;top_left&#8221; background_repeat=&#8221;repeat&#8221; hover_enabled=&#8221;0&#8243; sticky_enabled=&#8221;0&#8243;]<\/p>\n<h1><strong>Teknik destek<\/strong> bulucu<\/h1>\n<p>[\/et_pb_text][et_pb_text _builder_version=&#8221;4.4.6&#8243; background_size=&#8221;initial&#8221; background_position=&#8221;top_left&#8221; background_repeat=&#8221;repeat&#8221;]<\/p>\n<p>Arad\u0131\u011f\u0131n\u0131z ma\u011faza t\u00fcr\u00fcn\u00fc se\u00e7in. Sonra, sokak ad\u0131n\u0131, kasabay\u0131, posta kodunu se\u00e7in ve size en yak\u0131n konumlar\u0131 g\u00f6sterelim.<\/p>\n<p>[\/et_pb_text][\/et_pb_column][\/et_pb_row][\/et_pb_section]<\/p>\n","protected":false},"excerpt":{"rendered":"<p>Teknik destek bulucuArad\u0131\u011f\u0131n\u0131z ma\u011faza t\u00fcr\u00fcn\u00fc se\u00e7in. Sonra, sokak ad\u0131n\u0131, kasabay\u0131, posta kodunu se\u00e7in ve size en yak\u0131n konumlar\u0131 g\u00f6sterelim.<\/p>\n","protected":false},"author":9,"featured_media":0,"parent":5193,"menu_order":0,"comment_status":"closed","ping_status":"closed","template":"tp-map.php","meta":{"_acf_changed":false,"_et_pb_use_builder":"on","_et_pb_old_content":"<p>[wpdreams_ajaxsearchpro_results id=8 element=div]<\/p>","_et_gb_content_width":"","footnotes":""},"class_list":["post-5223","page","type-page","status-publish","hentry"],"acf":[],"yoast_head":"<!-- This site is optimized with the Yoast SEO plugin v27.5 - https:\/\/yoast.com\/product\/yoast-seo-wordpress\/ -->\n<title>Teka Technical Services and Shop Points | Map | Where to buy<\/title>\n<meta name=\"robots\" content=\"index, follow, max-snippet:-1, max-image-preview:large, max-video-preview:-1\" \/>\n<link rel=\"canonical\" href=\"https:\/\/www.teka.com\/tr-tr\/destek\/map\/\" \/>\n<meta property=\"og:locale\" content=\"tr_TR\" \/>\n<meta property=\"og:type\" content=\"article\" \/>\n<meta property=\"og:title\" content=\"Teka Technical Services and Shop Points | Map | Where to buy\" \/>\n<meta property=\"og:description\" content=\"Teknik destek bulucuArad\u0131\u011f\u0131n\u0131z ma\u011faza t\u00fcr\u00fcn\u00fc se\u00e7in. Sonra, sokak ad\u0131n\u0131, kasabay\u0131, posta kodunu se\u00e7in ve size en yak\u0131n konumlar\u0131 g\u00f6sterelim.\" \/>\n<meta property=\"og:url\" content=\"https:\/\/www.teka.com\/tr-tr\/destek\/map\/\" \/>\n<meta property=\"og:site_name\" content=\"Teka Ankastre\" \/>\n<meta property=\"article:modified_time\" content=\"2023-02-28T17:16:31+00:00\" \/>\n<meta name=\"twitter:card\" content=\"summary_large_image\" \/>\n<meta name=\"twitter:label1\" content=\"Tahmini okuma s\u00fcresi\" \/>\n\t<meta name=\"twitter:data1\" content=\"1 dakika\" \/>\n<script type=\"application\/ld+json\" class=\"yoast-schema-graph\">{\"@context\":\"https:\\\/\\\/schema.org\",\"@graph\":[{\"@type\":\"WebPage\",\"@id\":\"https:\\\/\\\/www.teka.com\\\/tr-tr\\\/destek\\\/map\\\/\",\"url\":\"https:\\\/\\\/www.teka.com\\\/tr-tr\\\/destek\\\/map\\\/\",\"name\":\"Teka Technical Services and Shop Points | Map | Where to buy\",\"isPartOf\":{\"@id\":\"https:\\\/\\\/www.teka.com\\\/tr-tr\\\/#website\"},\"datePublished\":\"2018-08-10T10:27:29+00:00\",\"dateModified\":\"2023-02-28T17:16:31+00:00\",\"breadcrumb\":{\"@id\":\"https:\\\/\\\/www.teka.com\\\/tr-tr\\\/destek\\\/map\\\/#breadcrumb\"},\"inLanguage\":\"tr\",\"potentialAction\":[{\"@type\":\"ReadAction\",\"target\":[\"https:\\\/\\\/www.teka.com\\\/tr-tr\\\/destek\\\/map\\\/\"]}]},{\"@type\":\"BreadcrumbList\",\"@id\":\"https:\\\/\\\/www.teka.com\\\/tr-tr\\\/destek\\\/map\\\/#breadcrumb\",\"itemListElement\":[{\"@type\":\"ListItem\",\"position\":1,\"name\":\"Destek\",\"item\":\"https:\\\/\\\/www.teka.com\\\/tr-tr\\\/destek\\\/\"},{\"@type\":\"ListItem\",\"position\":2,\"name\":\"Teknik Servisler\"}]},{\"@type\":\"WebSite\",\"@id\":\"https:\\\/\\\/www.teka.com\\\/tr-tr\\\/#website\",\"url\":\"https:\\\/\\\/www.teka.com\\\/tr-tr\\\/\",\"name\":\"Teka Ankastre\",\"description\":\"\",\"publisher\":{\"@id\":\"https:\\\/\\\/www.teka.com\\\/tr-tr\\\/#organization\"},\"potentialAction\":[{\"@type\":\"SearchAction\",\"target\":{\"@type\":\"EntryPoint\",\"urlTemplate\":\"https:\\\/\\\/www.teka.com\\\/tr-tr\\\/?s={search_term_string}\"},\"query-input\":{\"@type\":\"PropertyValueSpecification\",\"valueRequired\":true,\"valueName\":\"search_term_string\"}}],\"inLanguage\":\"tr\"},{\"@type\":\"Organization\",\"@id\":\"https:\\\/\\\/www.teka.com\\\/tr-tr\\\/#organization\",\"name\":\"Teka Ankastre\",\"url\":\"https:\\\/\\\/www.teka.com\\\/tr-tr\\\/\",\"logo\":{\"@type\":\"ImageObject\",\"inLanguage\":\"tr\",\"@id\":\"https:\\\/\\\/www.teka.com\\\/tr-tr\\\/#\\\/schema\\\/logo\\\/image\\\/\",\"url\":\"https:\\\/\\\/www.teka.com\\\/tr-tr\\\/wp-content\\\/uploads\\\/sites\\\/16\\\/2019\\\/03\\\/favicon-2019.png\",\"contentUrl\":\"https:\\\/\\\/www.teka.com\\\/tr-tr\\\/wp-content\\\/uploads\\\/sites\\\/16\\\/2019\\\/03\\\/favicon-2019.png\",\"width\":512,\"height\":512,\"caption\":\"Teka Ankastre\"},\"image\":{\"@id\":\"https:\\\/\\\/www.teka.com\\\/tr-tr\\\/#\\\/schema\\\/logo\\\/image\\\/\"}}]}<\/script>\n<!-- \/ Yoast SEO plugin. -->","yoast_head_json":{"title":"Teka Technical Services and Shop Points | Map | Where to buy","robots":{"index":"index","follow":"follow","max-snippet":"max-snippet:-1","max-image-preview":"max-image-preview:large","max-video-preview":"max-video-preview:-1"},"canonical":"https:\/\/www.teka.com\/tr-tr\/destek\/map\/","og_locale":"tr_TR","og_type":"article","og_title":"Teka Technical Services and Shop Points | Map | Where to buy","og_description":"Teknik destek bulucuArad\u0131\u011f\u0131n\u0131z ma\u011faza t\u00fcr\u00fcn\u00fc se\u00e7in. Sonra, sokak ad\u0131n\u0131, kasabay\u0131, posta kodunu se\u00e7in ve size en yak\u0131n konumlar\u0131 g\u00f6sterelim.","og_url":"https:\/\/www.teka.com\/tr-tr\/destek\/map\/","og_site_name":"Teka Ankastre","article_modified_time":"2023-02-28T17:16:31+00:00","twitter_card":"summary_large_image","twitter_misc":{"Tahmini okuma s\u00fcresi":"1 dakika"},"schema":{"@context":"https:\/\/schema.org","@graph":[{"@type":"WebPage","@id":"https:\/\/www.teka.com\/tr-tr\/destek\/map\/","url":"https:\/\/www.teka.com\/tr-tr\/destek\/map\/","name":"Teka Technical Services and Shop Points | Map | Where to buy","isPartOf":{"@id":"https:\/\/www.teka.com\/tr-tr\/#website"},"datePublished":"2018-08-10T10:27:29+00:00","dateModified":"2023-02-28T17:16:31+00:00","breadcrumb":{"@id":"https:\/\/www.teka.com\/tr-tr\/destek\/map\/#breadcrumb"},"inLanguage":"tr","potentialAction":[{"@type":"ReadAction","target":["https:\/\/www.teka.com\/tr-tr\/destek\/map\/"]}]},{"@type":"BreadcrumbList","@id":"https:\/\/www.teka.com\/tr-tr\/destek\/map\/#breadcrumb","itemListElement":[{"@type":"ListItem","position":1,"name":"Destek","item":"https:\/\/www.teka.com\/tr-tr\/destek\/"},{"@type":"ListItem","position":2,"name":"Teknik Servisler"}]},{"@type":"WebSite","@id":"https:\/\/www.teka.com\/tr-tr\/#website","url":"https:\/\/www.teka.com\/tr-tr\/","name":"Teka Ankastre","description":"","publisher":{"@id":"https:\/\/www.teka.com\/tr-tr\/#organization"},"potentialAction":[{"@type":"SearchAction","target":{"@type":"EntryPoint","urlTemplate":"https:\/\/www.teka.com\/tr-tr\/?s={search_term_string}"},"query-input":{"@type":"PropertyValueSpecification","valueRequired":true,"valueName":"search_term_string"}}],"inLanguage":"tr"},{"@type":"Organization","@id":"https:\/\/www.teka.com\/tr-tr\/#organization","name":"Teka Ankastre","url":"https:\/\/www.teka.com\/tr-tr\/","logo":{"@type":"ImageObject","inLanguage":"tr","@id":"https:\/\/www.teka.com\/tr-tr\/#\/schema\/logo\/image\/","url":"https:\/\/www.teka.com\/tr-tr\/wp-content\/uploads\/sites\/16\/2019\/03\/favicon-2019.png","contentUrl":"https:\/\/www.teka.com\/tr-tr\/wp-content\/uploads\/sites\/16\/2019\/03\/favicon-2019.png","width":512,"height":512,"caption":"Teka Ankastre"},"image":{"@id":"https:\/\/www.teka.com\/tr-tr\/#\/schema\/logo\/image\/"}}]}},"_links":{"self":[{"href":"https:\/\/www.teka.com\/tr-tr\/wp-json\/wp\/v2\/pages\/5223","targetHints":{"allow":["GET"]}}],"collection":[{"href":"https:\/\/www.teka.com\/tr-tr\/wp-json\/wp\/v2\/pages"}],"about":[{"href":"https:\/\/www.teka.com\/tr-tr\/wp-json\/wp\/v2\/types\/page"}],"author":[{"embeddable":true,"href":"https:\/\/www.teka.com\/tr-tr\/wp-json\/wp\/v2\/users\/9"}],"replies":[{"embeddable":true,"href":"https:\/\/www.teka.com\/tr-tr\/wp-json\/wp\/v2\/comments?post=5223"}],"version-history":[{"count":25,"href":"https:\/\/www.teka.com\/tr-tr\/wp-json\/wp\/v2\/pages\/5223\/revisions"}],"predecessor-version":[{"id":57853,"href":"https:\/\/www.teka.com\/tr-tr\/wp-json\/wp\/v2\/pages\/5223\/revisions\/57853"}],"up":[{"embeddable":true,"href":"https:\/\/www.teka.com\/tr-tr\/wp-json\/wp\/v2\/pages\/5193"}],"wp:attachment":[{"href":"https:\/\/www.teka.com\/tr-tr\/wp-json\/wp\/v2\/media?parent=5223"}],"curies":[{"name":"wp","href":"https:\/\/api.w.org\/{rel}","templated":true}]}}