{"id":58563,"date":"2024-03-15T08:03:36","date_gmt":"2024-03-15T08:03:36","guid":{"rendered":"https:\/\/www.teka.com\/tr-tr\/?page_id=58563"},"modified":"2024-03-15T08:14:25","modified_gmt":"2024-03-15T08:14:25","slug":"pratik-cozumler","status":"publish","type":"page","link":"https:\/\/www.teka.com\/tr-tr\/destek\/pratik-cozumler\/","title":{"rendered":"Pratik \u00c7\u00f6z\u00fcmler"},"content":{"rendered":"<p>[et_pb_section fb_built=&#8221;1&#8243; _builder_version=&#8221;4.22.1&#8243; _module_preset=&#8221;default&#8221; collapsed=&#8221;off&#8221; global_colors_info=&#8221;{}&#8221;][et_pb_row _builder_version=&#8221;4.22.1&#8243; _module_preset=&#8221;default&#8221; global_colors_info=&#8221;{}&#8221;][et_pb_column type=&#8221;4_4&#8243; _builder_version=&#8221;4.22.1&#8243; _module_preset=&#8221;default&#8221; global_colors_info=&#8221;{}&#8221;][et_pb_text admin_label=&#8221;Text&#8221; _builder_version=&#8221;4.22.1&#8243; _module_preset=&#8221;default&#8221; global_colors_info=&#8221;{}&#8221;]<\/p>\n<h1 style=\"text-align: center;\"><strong>Gazl\u0131 ocaklarda en s\u0131k kar\u015f\u0131la\u015f\u0131lan sorunlar\u0131 birlikte \u00e7\u00f6zelim<\/strong><\/h1>\n<h6 style=\"text-align: center;\">A\u015fa\u011f\u0131da pratik \u00e7\u00f6z\u00fcmlerin uygulamal\u0131 olarak g\u00f6sterildi\u011fi videolar ile servis randevusu olu\u015fturman\u0131za gerek kalmadan sorununuzu birlikte \u00e7\u00f6zebiliriz.<\/h6>\n<p>[\/et_pb_text][\/et_pb_column][\/et_pb_row][et_pb_row column_structure=&#8221;1_2,1_2&#8243; _builder_version=&#8221;4.22.1&#8243; _module_preset=&#8221;default&#8221; collapsed=&#8221;off&#8221; global_colors_info=&#8221;{}&#8221;][et_pb_column type=&#8221;1_2&#8243; _builder_version=&#8221;4.22.1&#8243; _module_preset=&#8221;default&#8221; global_colors_info=&#8221;{}&#8221;][et_pb_text _builder_version=&#8221;4.22.1&#8243; _module_preset=&#8221;default&#8221; hover_enabled=&#8221;0&#8243; global_colors_info=&#8221;{}&#8221; sticky_enabled=&#8221;0&#8243;]<\/p>\n<h6><b>Oca\u011fa entegre ate\u015fleyiciniz s\u00fcrekli \u00e7al\u0131\u015f\u0131yorsa:<\/b><\/h6>\n<p>[\/et_pb_text][et_pb_video src=&#8221;https:\/\/www.youtube.com\/watch?v=dD2ai58CYuI&#038;ab_channel=TekaTurkey&#8221; _builder_version=&#8221;4.22.1&#8243; _module_preset=&#8221;default&#8221; global_colors_info=&#8221;{}&#8221;][\/et_pb_video][\/et_pb_column][et_pb_column type=&#8221;1_2&#8243; _builder_version=&#8221;4.22.1&#8243; _module_preset=&#8221;default&#8221; global_colors_info=&#8221;{}&#8221;][et_pb_text _builder_version=&#8221;4.22.1&#8243; _module_preset=&#8221;default&#8221; hover_enabled=&#8221;0&#8243; global_colors_info=&#8221;{}&#8221; sticky_enabled=&#8221;0&#8243;]<\/p>\n<h6><b>Gazl\u0131 oca\u011f\u0131n\u0131z\u0131n alevi kendili\u011finden s\u00f6n\u00fcyorsa:<\/b><\/h6>\n<p>[\/et_pb_text][et_pb_video src=&#8221;https:\/\/www.youtube.com\/watch?v=76qeEcdTyt0&#038;list=PLBwMPorwVsdJYWhxp1sXBeV0hJbcElhw-&#038;index=2&#038;ab_channel=TekaTurkey&#8221; _builder_version=&#8221;4.22.1&#8243; _module_preset=&#8221;default&#8221; global_colors_info=&#8221;{}&#8221;][\/et_pb_video][\/et_pb_column][\/et_pb_row][et_pb_row column_structure=&#8221;1_2,1_2&#8243; _builder_version=&#8221;4.22.1&#8243; _module_preset=&#8221;default&#8221; collapsed=&#8221;off&#8221; global_colors_info=&#8221;{}&#8221;][et_pb_column type=&#8221;1_2&#8243; _builder_version=&#8221;4.22.1&#8243; _module_preset=&#8221;default&#8221; global_colors_info=&#8221;{}&#8221;][et_pb_text _builder_version=&#8221;4.22.1&#8243; _module_preset=&#8221;default&#8221; hover_enabled=&#8221;0&#8243; global_colors_info=&#8221;{}&#8221; sticky_enabled=&#8221;0&#8243;]<\/p>\n<h6><b>Gazl\u0131 oca\u011f\u0131n\u0131z\u0131n d\u00fc\u011fmesinden elinizi \u00e7ekti\u011finizde alev s\u00f6n\u00fcyorsa:<\/b><\/h6>\n<p>[\/et_pb_text][et_pb_video src=&#8221;https:\/\/www.youtube.com\/watch?v=Dz43Sugjc34&#038;list=PLBwMPorwVsdJYWhxp1sXBeV0hJbcElhw-&#038;index=3&#038;ab_channel=TekaTurkey&#8221; _builder_version=&#8221;4.22.1&#8243; _module_preset=&#8221;default&#8221; global_colors_info=&#8221;{}&#8221;][\/et_pb_video][\/et_pb_column][et_pb_column type=&#8221;1_2&#8243; _builder_version=&#8221;4.22.1&#8243; _module_preset=&#8221;default&#8221; global_colors_info=&#8221;{}&#8221;][et_pb_text _builder_version=&#8221;4.22.1&#8243; _module_preset=&#8221;default&#8221; hover_enabled=&#8221;0&#8243; global_colors_info=&#8221;{}&#8221; sticky_enabled=&#8221;0&#8243;]<\/p>\n<h6><b>Gazl\u0131 oca\u011f\u0131n\u0131z\u0131n alev formunda bozulma varsa:<\/b><\/h6>\n<p>[\/et_pb_text][et_pb_video src=&#8221;https:\/\/www.youtube.com\/watch?v=Qt_1R5V066c&#038;list=PLBwMPorwVsdJYWhxp1sXBeV0hJbcElhw-&#038;index=4&#038;ab_channel=TekaTurkey&#8221; _builder_version=&#8221;4.22.1&#8243; _module_preset=&#8221;default&#8221; global_colors_info=&#8221;{}&#8221;][\/et_pb_video][\/et_pb_column][\/et_pb_row][et_pb_row column_structure=&#8221;1_4,1_2,1_4&#8243; _builder_version=&#8221;4.22.1&#8243; _module_preset=&#8221;default&#8221; collapsed=&#8221;off&#8221; global_colors_info=&#8221;{}&#8221;][et_pb_column type=&#8221;1_4&#8243; _builder_version=&#8221;4.22.1&#8243; _module_preset=&#8221;default&#8221; global_colors_info=&#8221;{}&#8221;][\/et_pb_column][et_pb_column type=&#8221;1_2&#8243; _builder_version=&#8221;4.22.1&#8243; _module_preset=&#8221;default&#8221; global_colors_info=&#8221;{}&#8221;][et_pb_text _builder_version=&#8221;4.22.1&#8243; _module_preset=&#8221;default&#8221; hover_enabled=&#8221;0&#8243; global_colors_info=&#8221;{}&#8221; sticky_enabled=&#8221;0&#8243;]<\/p>\n<h6><b>Oca\u011fa entegre ate\u015fleyiciniz \u00e7al\u0131\u015fm\u0131yorsa:<\/b><\/h6>\n<p>[\/et_pb_text][et_pb_video src=&#8221;https:\/\/www.youtube.com\/watch?v=Xr1flt4Jon4&#038;list=PLBwMPorwVsdJYWhxp1sXBeV0hJbcElhw-&#038;index=5&#038;ab_channel=TekaTurkey&#8221; _builder_version=&#8221;4.22.1&#8243; _module_preset=&#8221;default&#8221; global_colors_info=&#8221;{}&#8221;][\/et_pb_video][\/et_pb_column][et_pb_column type=&#8221;1_4&#8243; _builder_version=&#8221;4.22.1&#8243; _module_preset=&#8221;default&#8221; global_colors_info=&#8221;{}&#8221;][\/et_pb_column][\/et_pb_row][et_pb_row admin_label=&#8221;Row&#8221; _builder_version=&#8221;4.22.1&#8243; _module_preset=&#8221;default&#8221; global_colors_info=&#8221;{}&#8221;][et_pb_column type=&#8221;4_4&#8243; _builder_version=&#8221;4.22.1&#8243; _module_preset=&#8221;default&#8221; global_colors_info=&#8221;{}&#8221;][et_pb_text admin_label=&#8221;Text&#8221; _builder_version=&#8221;4.22.1&#8243; _module_preset=&#8221;default&#8221; global_colors_info=&#8221;{}&#8221;]<\/p>\n<h4 style=\"text-align: center;\">Yukar\u0131daki \u00e7\u00f6z\u00fcm \u00f6nerilerimize ra\u011fmen sorununuz hala devam ediyorsa Teka Teknik Servis&#8217;le ileti\u015fime ge\u00e7erek servis randevusu alabilirsiniz.\u00a0<\/h4>\n<p>[\/et_pb_text][et_pb_button button_url=&#8221;https:\/\/www.teka.com\/tr-tr\/destek\/onarim-istegi\/&#8221; url_new_window=&#8221;on&#8221; button_text=&#8221;Servis Randevusu Olu\u015fturun&#8221; button_alignment=&#8221;center&#8221; _builder_version=&#8221;4.22.1&#8243; _module_preset=&#8221;default&#8221; custom_button=&#8221;on&#8221; button_bg_color=&#8221;#c8102e&#8221; background_layout=&#8221;dark&#8221; global_colors_info=&#8221;{}&#8221;][\/et_pb_button][\/et_pb_column][\/et_pb_row][\/et_pb_section]<\/p>\n","protected":false},"excerpt":{"rendered":"<p>Gazl\u0131 ocaklarda en s\u0131k kar\u015f\u0131la\u015f\u0131lan sorunlar\u0131 birlikte \u00e7\u00f6zelim A\u015fa\u011f\u0131da pratik \u00e7\u00f6z\u00fcmlerin uygulamal\u0131 olarak g\u00f6sterildi\u011fi videolar ile servis randevusu olu\u015fturman\u0131za gerek kalmadan sorununuzu birlikte \u00e7\u00f6zebiliriz.Oca\u011fa entegre ate\u015fleyiciniz s\u00fcrekli \u00e7al\u0131\u015f\u0131yorsa:Gazl\u0131 oca\u011f\u0131n\u0131z\u0131n alevi kendili\u011finden s\u00f6n\u00fcyorsa:Gazl\u0131 oca\u011f\u0131n\u0131z\u0131n d\u00fc\u011fmesinden elinizi \u00e7ekti\u011finizde alev s\u00f6n\u00fcyorsa:Gazl\u0131 oca\u011f\u0131n\u0131z\u0131n alev formunda bozulma varsa:Oca\u011fa entegre ate\u015fleyiciniz \u00e7al\u0131\u015fm\u0131yorsa:Yukar\u0131daki \u00e7\u00f6z\u00fcm \u00f6nerilerimize ra\u011fmen sorununuz hala devam ediyorsa Teka Teknik [&hellip;]<\/p>\n","protected":false},"author":128,"featured_media":0,"parent":5193,"menu_order":0,"comment_status":"closed","ping_status":"closed","template":"","meta":{"_acf_changed":false,"_et_pb_use_builder":"on","_et_pb_old_content":"","_et_gb_content_width":"","footnotes":""},"class_list":["post-58563","page","type-page","status-publish","hentry"],"acf":[],"yoast_head":"<!-- This site is optimized with the Yoast SEO plugin v27.5 - https:\/\/yoast.com\/product\/yoast-seo-wordpress\/ -->\n<title>Pratik \u00c7\u00f6z\u00fcmler | Teka Ankastre<\/title>\n<meta name=\"robots\" content=\"index, follow, max-snippet:-1, max-image-preview:large, max-video-preview:-1\" \/>\n<link rel=\"canonical\" href=\"https:\/\/www.teka.com\/tr-tr\/destek\/pratik-cozumler\/\" \/>\n<meta property=\"og:locale\" content=\"tr_TR\" \/>\n<meta property=\"og:type\" content=\"article\" \/>\n<meta property=\"og:title\" content=\"Pratik \u00c7\u00f6z\u00fcmler | Teka Ankastre\" \/>\n<meta property=\"og:description\" content=\"Gazl\u0131 ocaklarda en s\u0131k kar\u015f\u0131la\u015f\u0131lan sorunlar\u0131 birlikte \u00e7\u00f6zelim A\u015fa\u011f\u0131da pratik \u00e7\u00f6z\u00fcmlerin uygulamal\u0131 olarak g\u00f6sterildi\u011fi videolar ile servis randevusu olu\u015fturman\u0131za gerek kalmadan sorununuzu birlikte \u00e7\u00f6zebiliriz.Oca\u011fa entegre ate\u015fleyiciniz s\u00fcrekli \u00e7al\u0131\u015f\u0131yorsa:Gazl\u0131 oca\u011f\u0131n\u0131z\u0131n alevi kendili\u011finden s\u00f6n\u00fcyorsa:Gazl\u0131 oca\u011f\u0131n\u0131z\u0131n d\u00fc\u011fmesinden elinizi \u00e7ekti\u011finizde alev s\u00f6n\u00fcyorsa:Gazl\u0131 oca\u011f\u0131n\u0131z\u0131n alev formunda bozulma varsa:Oca\u011fa entegre ate\u015fleyiciniz \u00e7al\u0131\u015fm\u0131yorsa:Yukar\u0131daki \u00e7\u00f6z\u00fcm \u00f6nerilerimize ra\u011fmen sorununuz hala devam ediyorsa Teka Teknik [&hellip;]\" \/>\n<meta property=\"og:url\" content=\"https:\/\/www.teka.com\/tr-tr\/destek\/pratik-cozumler\/\" \/>\n<meta property=\"og:site_name\" content=\"Teka Ankastre\" \/>\n<meta property=\"article:modified_time\" content=\"2024-03-15T08:14:25+00:00\" \/>\n<meta name=\"twitter:card\" content=\"summary_large_image\" \/>\n<meta name=\"twitter:label1\" content=\"Tahmini okuma s\u00fcresi\" \/>\n\t<meta name=\"twitter:data1\" content=\"2 dakika\" \/>\n<script type=\"application\/ld+json\" class=\"yoast-schema-graph\">{\"@context\":\"https:\\\/\\\/schema.org\",\"@graph\":[{\"@type\":\"WebPage\",\"@id\":\"https:\\\/\\\/www.teka.com\\\/tr-tr\\\/destek\\\/pratik-cozumler\\\/\",\"url\":\"https:\\\/\\\/www.teka.com\\\/tr-tr\\\/destek\\\/pratik-cozumler\\\/\",\"name\":\"Pratik \u00c7\u00f6z\u00fcmler | Teka Ankastre\",\"isPartOf\":{\"@id\":\"https:\\\/\\\/www.teka.com\\\/tr-tr\\\/#website\"},\"datePublished\":\"2024-03-15T08:03:36+00:00\",\"dateModified\":\"2024-03-15T08:14:25+00:00\",\"breadcrumb\":{\"@id\":\"https:\\\/\\\/www.teka.com\\\/tr-tr\\\/destek\\\/pratik-cozumler\\\/#breadcrumb\"},\"inLanguage\":\"tr\",\"potentialAction\":[{\"@type\":\"ReadAction\",\"target\":[\"https:\\\/\\\/www.teka.com\\\/tr-tr\\\/destek\\\/pratik-cozumler\\\/\"]}]},{\"@type\":\"BreadcrumbList\",\"@id\":\"https:\\\/\\\/www.teka.com\\\/tr-tr\\\/destek\\\/pratik-cozumler\\\/#breadcrumb\",\"itemListElement\":[{\"@type\":\"ListItem\",\"position\":1,\"name\":\"Destek\",\"item\":\"https:\\\/\\\/www.teka.com\\\/tr-tr\\\/destek\\\/\"},{\"@type\":\"ListItem\",\"position\":2,\"name\":\"Pratik \u00c7\u00f6z\u00fcmler\"}]},{\"@type\":\"WebSite\",\"@id\":\"https:\\\/\\\/www.teka.com\\\/tr-tr\\\/#website\",\"url\":\"https:\\\/\\\/www.teka.com\\\/tr-tr\\\/\",\"name\":\"Teka Ankastre\",\"description\":\"\",\"publisher\":{\"@id\":\"https:\\\/\\\/www.teka.com\\\/tr-tr\\\/#organization\"},\"potentialAction\":[{\"@type\":\"SearchAction\",\"target\":{\"@type\":\"EntryPoint\",\"urlTemplate\":\"https:\\\/\\\/www.teka.com\\\/tr-tr\\\/?s={search_term_string}\"},\"query-input\":{\"@type\":\"PropertyValueSpecification\",\"valueRequired\":true,\"valueName\":\"search_term_string\"}}],\"inLanguage\":\"tr\"},{\"@type\":\"Organization\",\"@id\":\"https:\\\/\\\/www.teka.com\\\/tr-tr\\\/#organization\",\"name\":\"Teka Ankastre\",\"url\":\"https:\\\/\\\/www.teka.com\\\/tr-tr\\\/\",\"logo\":{\"@type\":\"ImageObject\",\"inLanguage\":\"tr\",\"@id\":\"https:\\\/\\\/www.teka.com\\\/tr-tr\\\/#\\\/schema\\\/logo\\\/image\\\/\",\"url\":\"https:\\\/\\\/www.teka.com\\\/tr-tr\\\/wp-content\\\/uploads\\\/sites\\\/16\\\/2019\\\/03\\\/favicon-2019.png\",\"contentUrl\":\"https:\\\/\\\/www.teka.com\\\/tr-tr\\\/wp-content\\\/uploads\\\/sites\\\/16\\\/2019\\\/03\\\/favicon-2019.png\",\"width\":512,\"height\":512,\"caption\":\"Teka Ankastre\"},\"image\":{\"@id\":\"https:\\\/\\\/www.teka.com\\\/tr-tr\\\/#\\\/schema\\\/logo\\\/image\\\/\"}}]}<\/script>\n<!-- \/ Yoast SEO plugin. -->","yoast_head_json":{"title":"Pratik \u00c7\u00f6z\u00fcmler | Teka Ankastre","robots":{"index":"index","follow":"follow","max-snippet":"max-snippet:-1","max-image-preview":"max-image-preview:large","max-video-preview":"max-video-preview:-1"},"canonical":"https:\/\/www.teka.com\/tr-tr\/destek\/pratik-cozumler\/","og_locale":"tr_TR","og_type":"article","og_title":"Pratik \u00c7\u00f6z\u00fcmler | Teka Ankastre","og_description":"Gazl\u0131 ocaklarda en s\u0131k kar\u015f\u0131la\u015f\u0131lan sorunlar\u0131 birlikte \u00e7\u00f6zelim A\u015fa\u011f\u0131da pratik \u00e7\u00f6z\u00fcmlerin uygulamal\u0131 olarak g\u00f6sterildi\u011fi videolar ile servis randevusu olu\u015fturman\u0131za gerek kalmadan sorununuzu birlikte \u00e7\u00f6zebiliriz.Oca\u011fa entegre ate\u015fleyiciniz s\u00fcrekli \u00e7al\u0131\u015f\u0131yorsa:Gazl\u0131 oca\u011f\u0131n\u0131z\u0131n alevi kendili\u011finden s\u00f6n\u00fcyorsa:Gazl\u0131 oca\u011f\u0131n\u0131z\u0131n d\u00fc\u011fmesinden elinizi \u00e7ekti\u011finizde alev s\u00f6n\u00fcyorsa:Gazl\u0131 oca\u011f\u0131n\u0131z\u0131n alev formunda bozulma varsa:Oca\u011fa entegre ate\u015fleyiciniz \u00e7al\u0131\u015fm\u0131yorsa:Yukar\u0131daki \u00e7\u00f6z\u00fcm \u00f6nerilerimize ra\u011fmen sorununuz hala devam ediyorsa Teka Teknik [&hellip;]","og_url":"https:\/\/www.teka.com\/tr-tr\/destek\/pratik-cozumler\/","og_site_name":"Teka Ankastre","article_modified_time":"2024-03-15T08:14:25+00:00","twitter_card":"summary_large_image","twitter_misc":{"Tahmini okuma s\u00fcresi":"2 dakika"},"schema":{"@context":"https:\/\/schema.org","@graph":[{"@type":"WebPage","@id":"https:\/\/www.teka.com\/tr-tr\/destek\/pratik-cozumler\/","url":"https:\/\/www.teka.com\/tr-tr\/destek\/pratik-cozumler\/","name":"Pratik \u00c7\u00f6z\u00fcmler | Teka Ankastre","isPartOf":{"@id":"https:\/\/www.teka.com\/tr-tr\/#website"},"datePublished":"2024-03-15T08:03:36+00:00","dateModified":"2024-03-15T08:14:25+00:00","breadcrumb":{"@id":"https:\/\/www.teka.com\/tr-tr\/destek\/pratik-cozumler\/#breadcrumb"},"inLanguage":"tr","potentialAction":[{"@type":"ReadAction","target":["https:\/\/www.teka.com\/tr-tr\/destek\/pratik-cozumler\/"]}]},{"@type":"BreadcrumbList","@id":"https:\/\/www.teka.com\/tr-tr\/destek\/pratik-cozumler\/#breadcrumb","itemListElement":[{"@type":"ListItem","position":1,"name":"Destek","item":"https:\/\/www.teka.com\/tr-tr\/destek\/"},{"@type":"ListItem","position":2,"name":"Pratik \u00c7\u00f6z\u00fcmler"}]},{"@type":"WebSite","@id":"https:\/\/www.teka.com\/tr-tr\/#website","url":"https:\/\/www.teka.com\/tr-tr\/","name":"Teka Ankastre","description":"","publisher":{"@id":"https:\/\/www.teka.com\/tr-tr\/#organization"},"potentialAction":[{"@type":"SearchAction","target":{"@type":"EntryPoint","urlTemplate":"https:\/\/www.teka.com\/tr-tr\/?s={search_term_string}"},"query-input":{"@type":"PropertyValueSpecification","valueRequired":true,"valueName":"search_term_string"}}],"inLanguage":"tr"},{"@type":"Organization","@id":"https:\/\/www.teka.com\/tr-tr\/#organization","name":"Teka Ankastre","url":"https:\/\/www.teka.com\/tr-tr\/","logo":{"@type":"ImageObject","inLanguage":"tr","@id":"https:\/\/www.teka.com\/tr-tr\/#\/schema\/logo\/image\/","url":"https:\/\/www.teka.com\/tr-tr\/wp-content\/uploads\/sites\/16\/2019\/03\/favicon-2019.png","contentUrl":"https:\/\/www.teka.com\/tr-tr\/wp-content\/uploads\/sites\/16\/2019\/03\/favicon-2019.png","width":512,"height":512,"caption":"Teka Ankastre"},"image":{"@id":"https:\/\/www.teka.com\/tr-tr\/#\/schema\/logo\/image\/"}}]}},"_links":{"self":[{"href":"https:\/\/www.teka.com\/tr-tr\/wp-json\/wp\/v2\/pages\/58563","targetHints":{"allow":["GET"]}}],"collection":[{"href":"https:\/\/www.teka.com\/tr-tr\/wp-json\/wp\/v2\/pages"}],"about":[{"href":"https:\/\/www.teka.com\/tr-tr\/wp-json\/wp\/v2\/types\/page"}],"author":[{"embeddable":true,"href":"https:\/\/www.teka.com\/tr-tr\/wp-json\/wp\/v2\/users\/128"}],"replies":[{"embeddable":true,"href":"https:\/\/www.teka.com\/tr-tr\/wp-json\/wp\/v2\/comments?post=58563"}],"version-history":[{"count":19,"href":"https:\/\/www.teka.com\/tr-tr\/wp-json\/wp\/v2\/pages\/58563\/revisions"}],"predecessor-version":[{"id":58606,"href":"https:\/\/www.teka.com\/tr-tr\/wp-json\/wp\/v2\/pages\/58563\/revisions\/58606"}],"up":[{"embeddable":true,"href":"https:\/\/www.teka.com\/tr-tr\/wp-json\/wp\/v2\/pages\/5193"}],"wp:attachment":[{"href":"https:\/\/www.teka.com\/tr-tr\/wp-json\/wp\/v2\/media?parent=58563"}],"curies":[{"name":"wp","href":"https:\/\/api.w.org\/{rel}","templated":true}]}}