{"id":59005,"date":"2026-04-08T05:19:48","date_gmt":"2026-04-08T05:19:48","guid":{"rendered":"https:\/\/teka.com\/en-int\/be-5040-plus_10125122"},"modified":"2026-04-08T02:58:33","modified_gmt":"2026-04-08T03:58:33","slug":"be-5040-plus_10125122","status":"publish","type":"product","link":"https:\/\/www.teka.com\/tr-tr\/urun\/be-5040-plus_10125122\/","title":{"rendered":"BE 50.40 PLUS"},"content":{"rendered":"<ul>\n<li>Paslanmaz \u00c7elik<\/li>\n<li>Tek Hazneli<\/li>\n<li>Tezgahalt\u0131 montaj<\/li>\n<li>200 mm hazne derinli\u011fi<\/li>\n<li>60 cm minimum dolap \u00f6l\u00e7\u00fcs\u00fc<\/li>\n<\/ul>\n","protected":false},"featured_media":0,"parent":0,"template":"","product_cat":[3320],"product_cleaning_system":[],"product_3rd_basket":[],"product_drawers":[],"product_type_of_installation":[422644],"product_edition":[],"product_serie":[],"product_features":[],"finishes":[],"product_bundles":[],"product_energy_efficiency":[],"product_video_training":[],"class_list":["post-59005","product","type-product","status-publish","hentry","product_cat-eviyeler","usp-sinks-02","usp-sinks-06","usp-sinks-installation-05","color-paslanmaz-celik","product_type_of_appliance-paslanmaz-celik","product_icons-lifetime-warranty","product_icons-200mm","product_icons-hygiene","product_type_of_installation-tezgahalti"],"acf":[],"yoast_head":"<!-- This site is optimized with the Yoast SEO plugin v27.2 - https:\/\/yoast.com\/product\/yoast-seo-wordpress\/ -->\n<title>BE 50.40 PLUS | Teka Ankastre<\/title>\n<meta name=\"robots\" content=\"index, follow, max-snippet:-1, max-image-preview:large, max-video-preview:-1\" \/>\n<link rel=\"canonical\" href=\"https:\/\/www.teka.com\/tr-tr\/urun\/be-5040-plus_10125122\/\" \/>\n<meta property=\"og:locale\" content=\"tr_TR\" \/>\n<meta property=\"og:type\" content=\"article\" \/>\n<meta property=\"og:title\" content=\"BE 50.40 PLUS | Teka Ankastre\" \/>\n<meta property=\"og:description\" content=\"Paslanmaz \u00c7elik Tek Hazneli Tezgahalt\u0131 montaj 200 mm hazne derinli\u011fi 60 cm minimum dolap \u00f6l\u00e7\u00fcs\u00fc\" \/>\n<meta property=\"og:url\" content=\"https:\/\/www.teka.com\/tr-tr\/urun\/be-5040-plus_10125122\/\" \/>\n<meta property=\"og:site_name\" content=\"Teka Ankastre\" \/>\n<meta name=\"twitter:card\" content=\"summary_large_image\" \/>\n<script type=\"application\/ld+json\" class=\"yoast-schema-graph\">{\"@context\":\"https:\/\/schema.org\",\"@graph\":[{\"@type\":\"WebPage\",\"@id\":\"https:\/\/www.teka.com\/tr-tr\/urun\/be-5040-plus_10125122\/\",\"url\":\"https:\/\/www.teka.com\/tr-tr\/urun\/be-5040-plus_10125122\/\",\"name\":\"BE 50.40 PLUS | Teka Ankastre\",\"isPartOf\":{\"@id\":\"https:\/\/www.teka.com\/tr-tr\/#website\"},\"datePublished\":\"2026-04-08T05:19:48+00:00\",\"inLanguage\":\"tr\",\"potentialAction\":[{\"@type\":\"ReadAction\",\"target\":[\"https:\/\/www.teka.com\/tr-tr\/urun\/be-5040-plus_10125122\/\"]}]},{\"@type\":\"WebSite\",\"@id\":\"https:\/\/www.teka.com\/tr-tr\/#website\",\"url\":\"https:\/\/www.teka.com\/tr-tr\/\",\"name\":\"Teka Ankastre\",\"description\":\"\",\"publisher\":{\"@id\":\"https:\/\/www.teka.com\/tr-tr\/#organization\"},\"potentialAction\":[{\"@type\":\"SearchAction\",\"target\":{\"@type\":\"EntryPoint\",\"urlTemplate\":\"https:\/\/www.teka.com\/tr-tr\/?s={search_term_string}\"},\"query-input\":{\"@type\":\"PropertyValueSpecification\",\"valueRequired\":true,\"valueName\":\"search_term_string\"}}],\"inLanguage\":\"tr\"},{\"@type\":\"Organization\",\"@id\":\"https:\/\/www.teka.com\/tr-tr\/#organization\",\"name\":\"Teka Ankastre\",\"url\":\"https:\/\/www.teka.com\/tr-tr\/\",\"logo\":{\"@type\":\"ImageObject\",\"inLanguage\":\"tr\",\"@id\":\"https:\/\/www.teka.com\/tr-tr\/#\/schema\/logo\/image\/\",\"url\":\"https:\/\/www.teka.com\/tr-tr\/wp-content\/uploads\/sites\/16\/2019\/03\/favicon-2019.png\",\"contentUrl\":\"https:\/\/www.teka.com\/tr-tr\/wp-content\/uploads\/sites\/16\/2019\/03\/favicon-2019.png\",\"width\":512,\"height\":512,\"caption\":\"Teka Ankastre\"},\"image\":{\"@id\":\"https:\/\/www.teka.com\/tr-tr\/#\/schema\/logo\/image\/\"}}]}<\/script>\n<!-- \/ Yoast SEO plugin. -->","yoast_head_json":{"title":"BE 50.40 PLUS | Teka Ankastre","robots":{"index":"index","follow":"follow","max-snippet":"max-snippet:-1","max-image-preview":"max-image-preview:large","max-video-preview":"max-video-preview:-1"},"canonical":"https:\/\/www.teka.com\/tr-tr\/urun\/be-5040-plus_10125122\/","og_locale":"tr_TR","og_type":"article","og_title":"BE 50.40 PLUS | Teka Ankastre","og_description":"Paslanmaz \u00c7elik Tek Hazneli Tezgahalt\u0131 montaj 200 mm hazne derinli\u011fi 60 cm minimum dolap \u00f6l\u00e7\u00fcs\u00fc","og_url":"https:\/\/www.teka.com\/tr-tr\/urun\/be-5040-plus_10125122\/","og_site_name":"Teka Ankastre","twitter_card":"summary_large_image","schema":{"@context":"https:\/\/schema.org","@graph":[{"@type":"WebPage","@id":"https:\/\/www.teka.com\/tr-tr\/urun\/be-5040-plus_10125122\/","url":"https:\/\/www.teka.com\/tr-tr\/urun\/be-5040-plus_10125122\/","name":"BE 50.40 PLUS | Teka Ankastre","isPartOf":{"@id":"https:\/\/www.teka.com\/tr-tr\/#website"},"datePublished":"2026-04-08T05:19:48+00:00","inLanguage":"tr","potentialAction":[{"@type":"ReadAction","target":["https:\/\/www.teka.com\/tr-tr\/urun\/be-5040-plus_10125122\/"]}]},{"@type":"WebSite","@id":"https:\/\/www.teka.com\/tr-tr\/#website","url":"https:\/\/www.teka.com\/tr-tr\/","name":"Teka Ankastre","description":"","publisher":{"@id":"https:\/\/www.teka.com\/tr-tr\/#organization"},"potentialAction":[{"@type":"SearchAction","target":{"@type":"EntryPoint","urlTemplate":"https:\/\/www.teka.com\/tr-tr\/?s={search_term_string}"},"query-input":{"@type":"PropertyValueSpecification","valueRequired":true,"valueName":"search_term_string"}}],"inLanguage":"tr"},{"@type":"Organization","@id":"https:\/\/www.teka.com\/tr-tr\/#organization","name":"Teka Ankastre","url":"https:\/\/www.teka.com\/tr-tr\/","logo":{"@type":"ImageObject","inLanguage":"tr","@id":"https:\/\/www.teka.com\/tr-tr\/#\/schema\/logo\/image\/","url":"https:\/\/www.teka.com\/tr-tr\/wp-content\/uploads\/sites\/16\/2019\/03\/favicon-2019.png","contentUrl":"https:\/\/www.teka.com\/tr-tr\/wp-content\/uploads\/sites\/16\/2019\/03\/favicon-2019.png","width":512,"height":512,"caption":"Teka Ankastre"},"image":{"@id":"https:\/\/www.teka.com\/tr-tr\/#\/schema\/logo\/image\/"}}]}},"_links":{"self":[{"href":"https:\/\/www.teka.com\/tr-tr\/wp-json\/wp\/v2\/product\/59005","targetHints":{"allow":["GET"]}}],"collection":[{"href":"https:\/\/www.teka.com\/tr-tr\/wp-json\/wp\/v2\/product"}],"about":[{"href":"https:\/\/www.teka.com\/tr-tr\/wp-json\/wp\/v2\/types\/product"}],"wp:attachment":[{"href":"https:\/\/www.teka.com\/tr-tr\/wp-json\/wp\/v2\/media?parent=59005"}],"wp:term":[{"taxonomy":"product_cat","embeddable":true,"href":"https:\/\/www.teka.com\/tr-tr\/wp-json\/wp\/v2\/product_cat?post=59005"},{"taxonomy":"product_cleaning_system","embeddable":true,"href":"https:\/\/www.teka.com\/tr-tr\/wp-json\/wp\/v2\/product_cleaning_system?post=59005"},{"taxonomy":"product_3rd_basket","embeddable":true,"href":"https:\/\/www.teka.com\/tr-tr\/wp-json\/wp\/v2\/product_3rd_basket?post=59005"},{"taxonomy":"product_drawers","embeddable":true,"href":"https:\/\/www.teka.com\/tr-tr\/wp-json\/wp\/v2\/product_drawers?post=59005"},{"taxonomy":"product_type_of_installation","embeddable":true,"href":"https:\/\/www.teka.com\/tr-tr\/wp-json\/wp\/v2\/product_type_of_installation?post=59005"},{"taxonomy":"product_edition","embeddable":true,"href":"https:\/\/www.teka.com\/tr-tr\/wp-json\/wp\/v2\/product_edition?post=59005"},{"taxonomy":"product_serie","embeddable":true,"href":"https:\/\/www.teka.com\/tr-tr\/wp-json\/wp\/v2\/product_serie?post=59005"},{"taxonomy":"product_features","embeddable":true,"href":"https:\/\/www.teka.com\/tr-tr\/wp-json\/wp\/v2\/product_features?post=59005"},{"taxonomy":"finishes","embeddable":true,"href":"https:\/\/www.teka.com\/tr-tr\/wp-json\/wp\/v2\/finishes?post=59005"},{"taxonomy":"product_bundles","embeddable":true,"href":"https:\/\/www.teka.com\/tr-tr\/wp-json\/wp\/v2\/product_bundles?post=59005"},{"taxonomy":"product_energy_efficiency","embeddable":true,"href":"https:\/\/www.teka.com\/tr-tr\/wp-json\/wp\/v2\/product_energy_efficiency?post=59005"},{"taxonomy":"product_video_training","embeddable":true,"href":"https:\/\/www.teka.com\/tr-tr\/wp-json\/wp\/v2\/product_video_training?post=59005"}],"curies":[{"name":"wp","href":"https:\/\/api.w.org\/{rel}","templated":true}]}}