{"id":59033,"date":"2026-04-27T06:16:58","date_gmt":"2026-04-27T06:16:58","guid":{"rendered":"https:\/\/teka.com\/en-int\/ml-8220-bis-l_112030000"},"modified":"2026-04-24T03:05:48","modified_gmt":"2026-04-24T04:05:48","slug":"ml-8220-bis-l_112030000","status":"publish","type":"product","link":"https:\/\/www.teka.com\/tr-tr\/urun\/ml-8220-bis-l_112030000\/","title":{"rendered":"ML 8220 BIS L"},"content":{"rendered":"<ul>\n<li>LED ekranl\u0131 elektronik kontrol paneli<\/li>\n<li>3 pi\u015firme program\u0131<\/li>\n<li>9 direkt eri\u015fim men\u00fcs\u00fc<\/li>\n<li>22 lt. kapasite<\/li>\n<li>H\u0131zl\u0131 ba\u015flama fonksiyonu (30 dk.)<\/li>\n<li>5 mikrodalga g\u00fc\u00e7 seviyesi: 850 W<\/li>\n<li>Drop Down \u0131zgara g\u00fc\u00e7 seviyesi: 1200 W<\/li>\n<li>Zamanlay\u0131c\u0131 (0-90 dk.)<\/li>\n<li>Otomatik zamana ve a\u011f\u0131rl\u0131\u011fa g\u00f6re buz \u00e7\u00f6zme<\/li>\n<li>Elektronik kapak<\/li>\n<li>\u00c7ocuk kilidi<\/li>\n<li>\u0130ki caml\u0131 kapak<\/li>\n<li>K\u0131zartma plakas\u0131, d\u00f6ner tabla<\/li>\n<li>Paslanmaz \u00e7elik i\u00e7 hazne<\/li>\n<li>Seramik taban<\/li>\n<li>So\u011futma fan\u0131<\/li>\n<\/ul>\n","protected":false},"featured_media":0,"parent":0,"template":"","product_cat":[3316],"product_cleaning_system":[],"product_3rd_basket":[],"product_drawers":[],"product_type_of_installation":[422621],"product_edition":[],"product_serie":[],"product_features":[],"finishes":[],"product_bundles":[],"product_energy_efficiency":[],"product_video_training":[],"class_list":["post-59033","product","type-product","status-publish","hentry","product_cat-mikrodalgalar","usp-microwaves-01","usp-microwaves-02","usp-microwaves-04","usp-microwaves-05","usp-microwaves-06","color-beyaz-cam","product_type_of_appliance-yerlesik","product_ambient-urban-colors-07","product_ambient-urban-colors-08","product_icons-electronic-door-opening","product_icons-ceramic-base","product_icons-direct-access-menu","product_icons-defrost-by-time","product_icons-defrost-by-weight","product_icons-22l","product_type_of_installation-yerlesik"],"acf":[],"yoast_head":"<!-- This site is optimized with the Yoast SEO plugin v27.5 - https:\/\/yoast.com\/product\/yoast-seo-wordpress\/ -->\n<title>ML 8220 BIS L | Teka Ankastre<\/title>\n<meta name=\"robots\" content=\"index, follow, max-snippet:-1, max-image-preview:large, max-video-preview:-1\" \/>\n<link rel=\"canonical\" href=\"https:\/\/www.teka.com\/tr-tr\/urun\/ml-8220-bis-l_112030000\/\" \/>\n<meta property=\"og:locale\" content=\"tr_TR\" \/>\n<meta property=\"og:type\" content=\"article\" \/>\n<meta property=\"og:title\" content=\"ML 8220 BIS L | Teka Ankastre\" \/>\n<meta property=\"og:description\" content=\"LED ekranl\u0131 elektronik kontrol paneli 3 pi\u015firme program\u0131 9 direkt eri\u015fim men\u00fcs\u00fc 22 lt. kapasite H\u0131zl\u0131 ba\u015flama fonksiyonu (30 dk.) 5 mikrodalga g\u00fc\u00e7 seviyesi: 850 W Drop Down \u0131zgara g\u00fc\u00e7 seviyesi: 1200 W Zamanlay\u0131c\u0131 (0-90 dk.) Otomatik zamana ve a\u011f\u0131rl\u0131\u011fa g\u00f6re buz \u00e7\u00f6zme Elektronik kapak \u00c7ocuk kilidi \u0130ki caml\u0131 kapak K\u0131zartma plakas\u0131, d\u00f6ner tabla Paslanmaz [&hellip;]\" \/>\n<meta property=\"og:url\" content=\"https:\/\/www.teka.com\/tr-tr\/urun\/ml-8220-bis-l_112030000\/\" \/>\n<meta property=\"og:site_name\" content=\"Teka Ankastre\" \/>\n<meta name=\"twitter:card\" content=\"summary_large_image\" \/>\n<script type=\"application\/ld+json\" class=\"yoast-schema-graph\">{\"@context\":\"https:\\\/\\\/schema.org\",\"@graph\":[{\"@type\":\"WebPage\",\"@id\":\"https:\\\/\\\/www.teka.com\\\/tr-tr\\\/urun\\\/ml-8220-bis-l_112030000\\\/\",\"url\":\"https:\\\/\\\/www.teka.com\\\/tr-tr\\\/urun\\\/ml-8220-bis-l_112030000\\\/\",\"name\":\"ML 8220 BIS L | Teka Ankastre\",\"isPartOf\":{\"@id\":\"https:\\\/\\\/www.teka.com\\\/tr-tr\\\/#website\"},\"datePublished\":\"2026-04-27T06:16:58+00:00\",\"inLanguage\":\"tr\",\"potentialAction\":[{\"@type\":\"ReadAction\",\"target\":[\"https:\\\/\\\/www.teka.com\\\/tr-tr\\\/urun\\\/ml-8220-bis-l_112030000\\\/\"]}]},{\"@type\":\"WebSite\",\"@id\":\"https:\\\/\\\/www.teka.com\\\/tr-tr\\\/#website\",\"url\":\"https:\\\/\\\/www.teka.com\\\/tr-tr\\\/\",\"name\":\"Teka Ankastre\",\"description\":\"\",\"publisher\":{\"@id\":\"https:\\\/\\\/www.teka.com\\\/tr-tr\\\/#organization\"},\"potentialAction\":[{\"@type\":\"SearchAction\",\"target\":{\"@type\":\"EntryPoint\",\"urlTemplate\":\"https:\\\/\\\/www.teka.com\\\/tr-tr\\\/?s={search_term_string}\"},\"query-input\":{\"@type\":\"PropertyValueSpecification\",\"valueRequired\":true,\"valueName\":\"search_term_string\"}}],\"inLanguage\":\"tr\"},{\"@type\":\"Organization\",\"@id\":\"https:\\\/\\\/www.teka.com\\\/tr-tr\\\/#organization\",\"name\":\"Teka Ankastre\",\"url\":\"https:\\\/\\\/www.teka.com\\\/tr-tr\\\/\",\"logo\":{\"@type\":\"ImageObject\",\"inLanguage\":\"tr\",\"@id\":\"https:\\\/\\\/www.teka.com\\\/tr-tr\\\/#\\\/schema\\\/logo\\\/image\\\/\",\"url\":\"https:\\\/\\\/www.teka.com\\\/tr-tr\\\/wp-content\\\/uploads\\\/sites\\\/16\\\/2019\\\/03\\\/favicon-2019.png\",\"contentUrl\":\"https:\\\/\\\/www.teka.com\\\/tr-tr\\\/wp-content\\\/uploads\\\/sites\\\/16\\\/2019\\\/03\\\/favicon-2019.png\",\"width\":512,\"height\":512,\"caption\":\"Teka Ankastre\"},\"image\":{\"@id\":\"https:\\\/\\\/www.teka.com\\\/tr-tr\\\/#\\\/schema\\\/logo\\\/image\\\/\"}}]}<\/script>\n<!-- \/ Yoast SEO plugin. -->","yoast_head_json":{"title":"ML 8220 BIS L | Teka Ankastre","robots":{"index":"index","follow":"follow","max-snippet":"max-snippet:-1","max-image-preview":"max-image-preview:large","max-video-preview":"max-video-preview:-1"},"canonical":"https:\/\/www.teka.com\/tr-tr\/urun\/ml-8220-bis-l_112030000\/","og_locale":"tr_TR","og_type":"article","og_title":"ML 8220 BIS L | Teka Ankastre","og_description":"LED ekranl\u0131 elektronik kontrol paneli 3 pi\u015firme program\u0131 9 direkt eri\u015fim men\u00fcs\u00fc 22 lt. kapasite H\u0131zl\u0131 ba\u015flama fonksiyonu (30 dk.) 5 mikrodalga g\u00fc\u00e7 seviyesi: 850 W Drop Down \u0131zgara g\u00fc\u00e7 seviyesi: 1200 W Zamanlay\u0131c\u0131 (0-90 dk.) Otomatik zamana ve a\u011f\u0131rl\u0131\u011fa g\u00f6re buz \u00e7\u00f6zme Elektronik kapak \u00c7ocuk kilidi \u0130ki caml\u0131 kapak K\u0131zartma plakas\u0131, d\u00f6ner tabla Paslanmaz [&hellip;]","og_url":"https:\/\/www.teka.com\/tr-tr\/urun\/ml-8220-bis-l_112030000\/","og_site_name":"Teka Ankastre","twitter_card":"summary_large_image","schema":{"@context":"https:\/\/schema.org","@graph":[{"@type":"WebPage","@id":"https:\/\/www.teka.com\/tr-tr\/urun\/ml-8220-bis-l_112030000\/","url":"https:\/\/www.teka.com\/tr-tr\/urun\/ml-8220-bis-l_112030000\/","name":"ML 8220 BIS L | Teka Ankastre","isPartOf":{"@id":"https:\/\/www.teka.com\/tr-tr\/#website"},"datePublished":"2026-04-27T06:16:58+00:00","inLanguage":"tr","potentialAction":[{"@type":"ReadAction","target":["https:\/\/www.teka.com\/tr-tr\/urun\/ml-8220-bis-l_112030000\/"]}]},{"@type":"WebSite","@id":"https:\/\/www.teka.com\/tr-tr\/#website","url":"https:\/\/www.teka.com\/tr-tr\/","name":"Teka Ankastre","description":"","publisher":{"@id":"https:\/\/www.teka.com\/tr-tr\/#organization"},"potentialAction":[{"@type":"SearchAction","target":{"@type":"EntryPoint","urlTemplate":"https:\/\/www.teka.com\/tr-tr\/?s={search_term_string}"},"query-input":{"@type":"PropertyValueSpecification","valueRequired":true,"valueName":"search_term_string"}}],"inLanguage":"tr"},{"@type":"Organization","@id":"https:\/\/www.teka.com\/tr-tr\/#organization","name":"Teka Ankastre","url":"https:\/\/www.teka.com\/tr-tr\/","logo":{"@type":"ImageObject","inLanguage":"tr","@id":"https:\/\/www.teka.com\/tr-tr\/#\/schema\/logo\/image\/","url":"https:\/\/www.teka.com\/tr-tr\/wp-content\/uploads\/sites\/16\/2019\/03\/favicon-2019.png","contentUrl":"https:\/\/www.teka.com\/tr-tr\/wp-content\/uploads\/sites\/16\/2019\/03\/favicon-2019.png","width":512,"height":512,"caption":"Teka Ankastre"},"image":{"@id":"https:\/\/www.teka.com\/tr-tr\/#\/schema\/logo\/image\/"}}]}},"_links":{"self":[{"href":"https:\/\/www.teka.com\/tr-tr\/wp-json\/wp\/v2\/product\/59033","targetHints":{"allow":["GET"]}}],"collection":[{"href":"https:\/\/www.teka.com\/tr-tr\/wp-json\/wp\/v2\/product"}],"about":[{"href":"https:\/\/www.teka.com\/tr-tr\/wp-json\/wp\/v2\/types\/product"}],"wp:attachment":[{"href":"https:\/\/www.teka.com\/tr-tr\/wp-json\/wp\/v2\/media?parent=59033"}],"wp:term":[{"taxonomy":"product_cat","embeddable":true,"href":"https:\/\/www.teka.com\/tr-tr\/wp-json\/wp\/v2\/product_cat?post=59033"},{"taxonomy":"product_cleaning_system","embeddable":true,"href":"https:\/\/www.teka.com\/tr-tr\/wp-json\/wp\/v2\/product_cleaning_system?post=59033"},{"taxonomy":"product_3rd_basket","embeddable":true,"href":"https:\/\/www.teka.com\/tr-tr\/wp-json\/wp\/v2\/product_3rd_basket?post=59033"},{"taxonomy":"product_drawers","embeddable":true,"href":"https:\/\/www.teka.com\/tr-tr\/wp-json\/wp\/v2\/product_drawers?post=59033"},{"taxonomy":"product_type_of_installation","embeddable":true,"href":"https:\/\/www.teka.com\/tr-tr\/wp-json\/wp\/v2\/product_type_of_installation?post=59033"},{"taxonomy":"product_edition","embeddable":true,"href":"https:\/\/www.teka.com\/tr-tr\/wp-json\/wp\/v2\/product_edition?post=59033"},{"taxonomy":"product_serie","embeddable":true,"href":"https:\/\/www.teka.com\/tr-tr\/wp-json\/wp\/v2\/product_serie?post=59033"},{"taxonomy":"product_features","embeddable":true,"href":"https:\/\/www.teka.com\/tr-tr\/wp-json\/wp\/v2\/product_features?post=59033"},{"taxonomy":"finishes","embeddable":true,"href":"https:\/\/www.teka.com\/tr-tr\/wp-json\/wp\/v2\/finishes?post=59033"},{"taxonomy":"product_bundles","embeddable":true,"href":"https:\/\/www.teka.com\/tr-tr\/wp-json\/wp\/v2\/product_bundles?post=59033"},{"taxonomy":"product_energy_efficiency","embeddable":true,"href":"https:\/\/www.teka.com\/tr-tr\/wp-json\/wp\/v2\/product_energy_efficiency?post=59033"},{"taxonomy":"product_video_training","embeddable":true,"href":"https:\/\/www.teka.com\/tr-tr\/wp-json\/wp\/v2\/product_video_training?post=59033"}],"curies":[{"name":"wp","href":"https:\/\/api.w.org\/{rel}","templated":true}]}}