{"id":59270,"date":"2026-04-25T12:16:03","date_gmt":"2026-04-25T12:16:03","guid":{"rendered":"https:\/\/teka.com\/en-int\/directsense-izf-99700-mst_112500031"},"modified":"2026-03-14T07:31:15","modified_gmt":"2026-03-14T08:31:15","slug":"directsense-izf-99700-mst_112500031","status":"publish","type":"product","link":"https:\/\/www.teka.com\/tr-tr\/urun\/directsense-izf-99700-mst_112500031\/","title":{"rendered":"DirectSense IZF 99700 MST"},"content":{"rendered":"<ul>\n<li>S\u0131n\u0131rs\u0131z y\u00fczey ve DirectSense teknolojisi<\/li>\n<li>Dokunmatik Kontrol paneli<\/li>\n<li>Pi\u015firme s\u00fcresi programc\u0131s\u0131<\/li>\n<li>S\u0131cakl\u0131k sens\u00f6r\u00fc ile kay\u0131tl\u0131 fonksiyonlar: Ha\u015flama, Confit, Pirin\u00e7 Pi\u015firme, Izgara, Derin<\/li>\n<li>K\u0131zartma, Tavada K\u0131zartma, S\u0131cak Tutma, Kaynatma, ve Eritme<\/li>\n<\/ul>\n","protected":false},"featured_media":0,"parent":0,"template":"","product_cat":[3313],"product_cleaning_system":[],"product_3rd_basket":[],"product_drawers":[],"product_type_of_installation":[],"product_edition":[],"product_serie":[],"product_features":[422625,422626,422627,422628,422629,422630,422648,422649,422650,422792,422793,422794],"finishes":[],"product_bundles":[],"product_energy_efficiency":[],"product_video_training":[],"class_list":["post-59270","product","type-product","status-publish","hentry","product_cat-ocaklar","usp-induction-01","usp-induction-02","usp-induction-03","usp-induction-04","usp-induction-05","usp-induction-06","usp-induction-07","usp-induction-08","usp-induction-19","usp-productoftheyear-03","color-siyah-cam","product_type_of_appliance-induksiyon-ocaklar","product_ambient-urban-colors-01","product_ambient-urban-colors-02","product_ambient-urban-colors-03","product_ambient-ambient-09","product_icons-flex","product_icons-multislider","product_icons-power","product_icons-power-plus","product_icons-autolock","product_icons-easy-installation","product_features-pan-frying","product_features-quick-boiling","product_features-keep-warm","product_features-simmering","product_features-melting","product_features-flex","product_features-grilling","product_features-deep-fry","product_features-confit","product_features-poach","product_features-rice-cook","product_features-slidecooking"],"acf":[],"yoast_head":"<!-- This site is optimized with the Yoast SEO plugin v27.2 - https:\/\/yoast.com\/product\/yoast-seo-wordpress\/ -->\n<title>DirectSense IZF 99700 MST | Teka Ankastre<\/title>\n<meta name=\"robots\" content=\"index, follow, max-snippet:-1, max-image-preview:large, max-video-preview:-1\" \/>\n<link rel=\"canonical\" href=\"https:\/\/www.teka.com\/tr-tr\/urun\/directsense-izf-99700-mst_112500031\/\" \/>\n<meta property=\"og:locale\" content=\"tr_TR\" \/>\n<meta property=\"og:type\" content=\"article\" \/>\n<meta property=\"og:title\" content=\"DirectSense IZF 99700 MST | Teka Ankastre\" \/>\n<meta property=\"og:description\" content=\"S\u0131n\u0131rs\u0131z y\u00fczey ve DirectSense teknolojisi Dokunmatik Kontrol paneli Pi\u015firme s\u00fcresi programc\u0131s\u0131 S\u0131cakl\u0131k sens\u00f6r\u00fc ile kay\u0131tl\u0131 fonksiyonlar: Ha\u015flama, Confit, Pirin\u00e7 Pi\u015firme, Izgara, Derin K\u0131zartma, Tavada K\u0131zartma, S\u0131cak Tutma, Kaynatma, ve Eritme\" \/>\n<meta property=\"og:url\" content=\"https:\/\/www.teka.com\/tr-tr\/urun\/directsense-izf-99700-mst_112500031\/\" \/>\n<meta property=\"og:site_name\" content=\"Teka Ankastre\" \/>\n<meta name=\"twitter:card\" content=\"summary_large_image\" \/>\n<script type=\"application\/ld+json\" class=\"yoast-schema-graph\">{\"@context\":\"https:\/\/schema.org\",\"@graph\":[{\"@type\":\"WebPage\",\"@id\":\"https:\/\/www.teka.com\/tr-tr\/urun\/directsense-izf-99700-mst_112500031\/\",\"url\":\"https:\/\/www.teka.com\/tr-tr\/urun\/directsense-izf-99700-mst_112500031\/\",\"name\":\"DirectSense IZF 99700 MST | Teka Ankastre\",\"isPartOf\":{\"@id\":\"https:\/\/www.teka.com\/tr-tr\/#website\"},\"datePublished\":\"2026-04-25T12:16:03+00:00\",\"inLanguage\":\"tr\",\"potentialAction\":[{\"@type\":\"ReadAction\",\"target\":[\"https:\/\/www.teka.com\/tr-tr\/urun\/directsense-izf-99700-mst_112500031\/\"]}]},{\"@type\":\"WebSite\",\"@id\":\"https:\/\/www.teka.com\/tr-tr\/#website\",\"url\":\"https:\/\/www.teka.com\/tr-tr\/\",\"name\":\"Teka Ankastre\",\"description\":\"\",\"publisher\":{\"@id\":\"https:\/\/www.teka.com\/tr-tr\/#organization\"},\"potentialAction\":[{\"@type\":\"SearchAction\",\"target\":{\"@type\":\"EntryPoint\",\"urlTemplate\":\"https:\/\/www.teka.com\/tr-tr\/?s={search_term_string}\"},\"query-input\":{\"@type\":\"PropertyValueSpecification\",\"valueRequired\":true,\"valueName\":\"search_term_string\"}}],\"inLanguage\":\"tr\"},{\"@type\":\"Organization\",\"@id\":\"https:\/\/www.teka.com\/tr-tr\/#organization\",\"name\":\"Teka Ankastre\",\"url\":\"https:\/\/www.teka.com\/tr-tr\/\",\"logo\":{\"@type\":\"ImageObject\",\"inLanguage\":\"tr\",\"@id\":\"https:\/\/www.teka.com\/tr-tr\/#\/schema\/logo\/image\/\",\"url\":\"https:\/\/www.teka.com\/tr-tr\/wp-content\/uploads\/sites\/16\/2019\/03\/favicon-2019.png\",\"contentUrl\":\"https:\/\/www.teka.com\/tr-tr\/wp-content\/uploads\/sites\/16\/2019\/03\/favicon-2019.png\",\"width\":512,\"height\":512,\"caption\":\"Teka Ankastre\"},\"image\":{\"@id\":\"https:\/\/www.teka.com\/tr-tr\/#\/schema\/logo\/image\/\"}}]}<\/script>\n<!-- \/ Yoast SEO plugin. -->","yoast_head_json":{"title":"DirectSense IZF 99700 MST | Teka Ankastre","robots":{"index":"index","follow":"follow","max-snippet":"max-snippet:-1","max-image-preview":"max-image-preview:large","max-video-preview":"max-video-preview:-1"},"canonical":"https:\/\/www.teka.com\/tr-tr\/urun\/directsense-izf-99700-mst_112500031\/","og_locale":"tr_TR","og_type":"article","og_title":"DirectSense IZF 99700 MST | Teka Ankastre","og_description":"S\u0131n\u0131rs\u0131z y\u00fczey ve DirectSense teknolojisi Dokunmatik Kontrol paneli Pi\u015firme s\u00fcresi programc\u0131s\u0131 S\u0131cakl\u0131k sens\u00f6r\u00fc ile kay\u0131tl\u0131 fonksiyonlar: Ha\u015flama, Confit, Pirin\u00e7 Pi\u015firme, Izgara, Derin K\u0131zartma, Tavada K\u0131zartma, S\u0131cak Tutma, Kaynatma, ve Eritme","og_url":"https:\/\/www.teka.com\/tr-tr\/urun\/directsense-izf-99700-mst_112500031\/","og_site_name":"Teka Ankastre","twitter_card":"summary_large_image","schema":{"@context":"https:\/\/schema.org","@graph":[{"@type":"WebPage","@id":"https:\/\/www.teka.com\/tr-tr\/urun\/directsense-izf-99700-mst_112500031\/","url":"https:\/\/www.teka.com\/tr-tr\/urun\/directsense-izf-99700-mst_112500031\/","name":"DirectSense IZF 99700 MST | Teka Ankastre","isPartOf":{"@id":"https:\/\/www.teka.com\/tr-tr\/#website"},"datePublished":"2026-04-25T12:16:03+00:00","inLanguage":"tr","potentialAction":[{"@type":"ReadAction","target":["https:\/\/www.teka.com\/tr-tr\/urun\/directsense-izf-99700-mst_112500031\/"]}]},{"@type":"WebSite","@id":"https:\/\/www.teka.com\/tr-tr\/#website","url":"https:\/\/www.teka.com\/tr-tr\/","name":"Teka Ankastre","description":"","publisher":{"@id":"https:\/\/www.teka.com\/tr-tr\/#organization"},"potentialAction":[{"@type":"SearchAction","target":{"@type":"EntryPoint","urlTemplate":"https:\/\/www.teka.com\/tr-tr\/?s={search_term_string}"},"query-input":{"@type":"PropertyValueSpecification","valueRequired":true,"valueName":"search_term_string"}}],"inLanguage":"tr"},{"@type":"Organization","@id":"https:\/\/www.teka.com\/tr-tr\/#organization","name":"Teka Ankastre","url":"https:\/\/www.teka.com\/tr-tr\/","logo":{"@type":"ImageObject","inLanguage":"tr","@id":"https:\/\/www.teka.com\/tr-tr\/#\/schema\/logo\/image\/","url":"https:\/\/www.teka.com\/tr-tr\/wp-content\/uploads\/sites\/16\/2019\/03\/favicon-2019.png","contentUrl":"https:\/\/www.teka.com\/tr-tr\/wp-content\/uploads\/sites\/16\/2019\/03\/favicon-2019.png","width":512,"height":512,"caption":"Teka Ankastre"},"image":{"@id":"https:\/\/www.teka.com\/tr-tr\/#\/schema\/logo\/image\/"}}]}},"_links":{"self":[{"href":"https:\/\/www.teka.com\/tr-tr\/wp-json\/wp\/v2\/product\/59270","targetHints":{"allow":["GET"]}}],"collection":[{"href":"https:\/\/www.teka.com\/tr-tr\/wp-json\/wp\/v2\/product"}],"about":[{"href":"https:\/\/www.teka.com\/tr-tr\/wp-json\/wp\/v2\/types\/product"}],"wp:attachment":[{"href":"https:\/\/www.teka.com\/tr-tr\/wp-json\/wp\/v2\/media?parent=59270"}],"wp:term":[{"taxonomy":"product_cat","embeddable":true,"href":"https:\/\/www.teka.com\/tr-tr\/wp-json\/wp\/v2\/product_cat?post=59270"},{"taxonomy":"product_cleaning_system","embeddable":true,"href":"https:\/\/www.teka.com\/tr-tr\/wp-json\/wp\/v2\/product_cleaning_system?post=59270"},{"taxonomy":"product_3rd_basket","embeddable":true,"href":"https:\/\/www.teka.com\/tr-tr\/wp-json\/wp\/v2\/product_3rd_basket?post=59270"},{"taxonomy":"product_drawers","embeddable":true,"href":"https:\/\/www.teka.com\/tr-tr\/wp-json\/wp\/v2\/product_drawers?post=59270"},{"taxonomy":"product_type_of_installation","embeddable":true,"href":"https:\/\/www.teka.com\/tr-tr\/wp-json\/wp\/v2\/product_type_of_installation?post=59270"},{"taxonomy":"product_edition","embeddable":true,"href":"https:\/\/www.teka.com\/tr-tr\/wp-json\/wp\/v2\/product_edition?post=59270"},{"taxonomy":"product_serie","embeddable":true,"href":"https:\/\/www.teka.com\/tr-tr\/wp-json\/wp\/v2\/product_serie?post=59270"},{"taxonomy":"product_features","embeddable":true,"href":"https:\/\/www.teka.com\/tr-tr\/wp-json\/wp\/v2\/product_features?post=59270"},{"taxonomy":"finishes","embeddable":true,"href":"https:\/\/www.teka.com\/tr-tr\/wp-json\/wp\/v2\/finishes?post=59270"},{"taxonomy":"product_bundles","embeddable":true,"href":"https:\/\/www.teka.com\/tr-tr\/wp-json\/wp\/v2\/product_bundles?post=59270"},{"taxonomy":"product_energy_efficiency","embeddable":true,"href":"https:\/\/www.teka.com\/tr-tr\/wp-json\/wp\/v2\/product_energy_efficiency?post=59270"},{"taxonomy":"product_video_training","embeddable":true,"href":"https:\/\/www.teka.com\/tr-tr\/wp-json\/wp\/v2\/product_video_training?post=59270"}],"curies":[{"name":"wp","href":"https:\/\/api.w.org\/{rel}","templated":true}]}}