{"id":59343,"date":"2026-04-26T08:40:06","date_gmt":"2026-04-26T08:40:06","guid":{"rendered":"https:\/\/teka.com\/en-int\/mastersense-air-aff-87601-mst_112730000"},"modified":"2026-04-21T08:59:29","modified_gmt":"2026-04-21T09:59:29","slug":"mastersense-air-aff-87601-mst_112730000","status":"publish","type":"product","link":"https:\/\/www.teka.com\/tr-tr\/urun\/mastersense-air-aff-87601-mst_112730000\/","title":{"rendered":"MasterSense Air AFF 87601 MST"},"content":{"rendered":"<ul>\n<li>80 cm entegre davlumbazl\u0131 ocak<\/li>\n<li>MultiSlider dokunmatik kontrol paneli<\/li>\n<li>Otomatik davlumbaz \u00e7al\u0131\u015ft\u0131rma<\/li>\n<li>Slide Cooking<\/li>\n<li>DirectSense s\u0131cakl\u0131k sens\u00f6r\u00fc ile otomatik pi\u015firme programlar\u0131 (Pirin\u00e7 pi\u015firme, konfi et pi\u015firme, bu\u011fulama, \u0131zgara, tavada k\u0131zartma, derin ya\u011fda k\u0131zartma, h\u0131zl\u0131 kaynatma, k\u0131zd\u0131rma, ya\u011f veya \u00e7ikolata eritme)<\/li>\n<li>A+ enerji s\u0131n\u0131f\u0131 (davlumbaz \u00f6zelli\u011fi i\u00e7in)<\/li>\n<li>FreshAir<\/li>\n<\/ul>\n","protected":false},"featured_media":0,"parent":0,"template":"","product_cat":[3313],"product_cleaning_system":[],"product_3rd_basket":[],"product_drawers":[],"product_type_of_installation":[],"product_edition":[],"product_serie":[],"product_features":[422625,422627,422628,422629,422630,422648,422649,422650,422792],"finishes":[],"product_bundles":[],"product_energy_efficiency":[423348],"product_video_training":[],"class_list":["post-59343","product","type-product","status-publish","hentry","product_cat-ocaklar","usp-induction-01","usp-induction-02","usp-induction-03","usp-induction-04","usp-induction-05","usp-induction-06","usp-induction-07","usp-induction-10","usp-induction-17","usp-tekahome-08","usp-cookinglovers-01","usp-hobs-09","color-siyah","product_icons-flex","product_icons-multislider","product_icons-power","product_icons-power-plus","product_icons-autolock","product_icons-easy-installation","product_features-pan-frying","product_features-keep-warm","product_features-simmering","product_features-melting","product_features-flex","product_features-grilling","product_features-deep-fry","product_features-confit","product_features-poach","product_energy_efficiency-a-plus-icon"],"acf":[],"yoast_head":"<!-- This site is optimized with the Yoast SEO plugin v27.5 - https:\/\/yoast.com\/product\/yoast-seo-wordpress\/ -->\n<title>MasterSense Air AFF 87601 MST | Teka Ankastre<\/title>\n<meta name=\"robots\" content=\"index, follow, max-snippet:-1, max-image-preview:large, max-video-preview:-1\" \/>\n<link rel=\"canonical\" href=\"https:\/\/www.teka.com\/tr-tr\/urun\/mastersense-air-aff-87601-mst_112730000\/\" \/>\n<meta property=\"og:locale\" content=\"tr_TR\" \/>\n<meta property=\"og:type\" content=\"article\" \/>\n<meta property=\"og:title\" content=\"MasterSense Air AFF 87601 MST | Teka Ankastre\" \/>\n<meta property=\"og:description\" content=\"80 cm entegre davlumbazl\u0131 ocak MultiSlider dokunmatik kontrol paneli Otomatik davlumbaz \u00e7al\u0131\u015ft\u0131rma Slide Cooking DirectSense s\u0131cakl\u0131k sens\u00f6r\u00fc ile otomatik pi\u015firme programlar\u0131 (Pirin\u00e7 pi\u015firme, konfi et pi\u015firme, bu\u011fulama, \u0131zgara, tavada k\u0131zartma, derin ya\u011fda k\u0131zartma, h\u0131zl\u0131 kaynatma, k\u0131zd\u0131rma, ya\u011f veya \u00e7ikolata eritme) A+ enerji s\u0131n\u0131f\u0131 (davlumbaz \u00f6zelli\u011fi i\u00e7in) FreshAir\" \/>\n<meta property=\"og:url\" content=\"https:\/\/www.teka.com\/tr-tr\/urun\/mastersense-air-aff-87601-mst_112730000\/\" \/>\n<meta property=\"og:site_name\" content=\"Teka Ankastre\" \/>\n<meta name=\"twitter:card\" content=\"summary_large_image\" \/>\n<script type=\"application\/ld+json\" class=\"yoast-schema-graph\">{\"@context\":\"https:\\\/\\\/schema.org\",\"@graph\":[{\"@type\":\"WebPage\",\"@id\":\"https:\\\/\\\/www.teka.com\\\/tr-tr\\\/urun\\\/mastersense-air-aff-87601-mst_112730000\\\/\",\"url\":\"https:\\\/\\\/www.teka.com\\\/tr-tr\\\/urun\\\/mastersense-air-aff-87601-mst_112730000\\\/\",\"name\":\"MasterSense Air AFF 87601 MST | Teka Ankastre\",\"isPartOf\":{\"@id\":\"https:\\\/\\\/www.teka.com\\\/tr-tr\\\/#website\"},\"datePublished\":\"2026-04-26T08:40:06+00:00\",\"inLanguage\":\"tr\",\"potentialAction\":[{\"@type\":\"ReadAction\",\"target\":[\"https:\\\/\\\/www.teka.com\\\/tr-tr\\\/urun\\\/mastersense-air-aff-87601-mst_112730000\\\/\"]}]},{\"@type\":\"WebSite\",\"@id\":\"https:\\\/\\\/www.teka.com\\\/tr-tr\\\/#website\",\"url\":\"https:\\\/\\\/www.teka.com\\\/tr-tr\\\/\",\"name\":\"Teka Ankastre\",\"description\":\"\",\"publisher\":{\"@id\":\"https:\\\/\\\/www.teka.com\\\/tr-tr\\\/#organization\"},\"potentialAction\":[{\"@type\":\"SearchAction\",\"target\":{\"@type\":\"EntryPoint\",\"urlTemplate\":\"https:\\\/\\\/www.teka.com\\\/tr-tr\\\/?s={search_term_string}\"},\"query-input\":{\"@type\":\"PropertyValueSpecification\",\"valueRequired\":true,\"valueName\":\"search_term_string\"}}],\"inLanguage\":\"tr\"},{\"@type\":\"Organization\",\"@id\":\"https:\\\/\\\/www.teka.com\\\/tr-tr\\\/#organization\",\"name\":\"Teka Ankastre\",\"url\":\"https:\\\/\\\/www.teka.com\\\/tr-tr\\\/\",\"logo\":{\"@type\":\"ImageObject\",\"inLanguage\":\"tr\",\"@id\":\"https:\\\/\\\/www.teka.com\\\/tr-tr\\\/#\\\/schema\\\/logo\\\/image\\\/\",\"url\":\"https:\\\/\\\/www.teka.com\\\/tr-tr\\\/wp-content\\\/uploads\\\/sites\\\/16\\\/2019\\\/03\\\/favicon-2019.png\",\"contentUrl\":\"https:\\\/\\\/www.teka.com\\\/tr-tr\\\/wp-content\\\/uploads\\\/sites\\\/16\\\/2019\\\/03\\\/favicon-2019.png\",\"width\":512,\"height\":512,\"caption\":\"Teka Ankastre\"},\"image\":{\"@id\":\"https:\\\/\\\/www.teka.com\\\/tr-tr\\\/#\\\/schema\\\/logo\\\/image\\\/\"}}]}<\/script>\n<!-- \/ Yoast SEO plugin. -->","yoast_head_json":{"title":"MasterSense Air AFF 87601 MST | Teka Ankastre","robots":{"index":"index","follow":"follow","max-snippet":"max-snippet:-1","max-image-preview":"max-image-preview:large","max-video-preview":"max-video-preview:-1"},"canonical":"https:\/\/www.teka.com\/tr-tr\/urun\/mastersense-air-aff-87601-mst_112730000\/","og_locale":"tr_TR","og_type":"article","og_title":"MasterSense Air AFF 87601 MST | Teka Ankastre","og_description":"80 cm entegre davlumbazl\u0131 ocak MultiSlider dokunmatik kontrol paneli Otomatik davlumbaz \u00e7al\u0131\u015ft\u0131rma Slide Cooking DirectSense s\u0131cakl\u0131k sens\u00f6r\u00fc ile otomatik pi\u015firme programlar\u0131 (Pirin\u00e7 pi\u015firme, konfi et pi\u015firme, bu\u011fulama, \u0131zgara, tavada k\u0131zartma, derin ya\u011fda k\u0131zartma, h\u0131zl\u0131 kaynatma, k\u0131zd\u0131rma, ya\u011f veya \u00e7ikolata eritme) A+ enerji s\u0131n\u0131f\u0131 (davlumbaz \u00f6zelli\u011fi i\u00e7in) FreshAir","og_url":"https:\/\/www.teka.com\/tr-tr\/urun\/mastersense-air-aff-87601-mst_112730000\/","og_site_name":"Teka Ankastre","twitter_card":"summary_large_image","schema":{"@context":"https:\/\/schema.org","@graph":[{"@type":"WebPage","@id":"https:\/\/www.teka.com\/tr-tr\/urun\/mastersense-air-aff-87601-mst_112730000\/","url":"https:\/\/www.teka.com\/tr-tr\/urun\/mastersense-air-aff-87601-mst_112730000\/","name":"MasterSense Air AFF 87601 MST | Teka Ankastre","isPartOf":{"@id":"https:\/\/www.teka.com\/tr-tr\/#website"},"datePublished":"2026-04-26T08:40:06+00:00","inLanguage":"tr","potentialAction":[{"@type":"ReadAction","target":["https:\/\/www.teka.com\/tr-tr\/urun\/mastersense-air-aff-87601-mst_112730000\/"]}]},{"@type":"WebSite","@id":"https:\/\/www.teka.com\/tr-tr\/#website","url":"https:\/\/www.teka.com\/tr-tr\/","name":"Teka Ankastre","description":"","publisher":{"@id":"https:\/\/www.teka.com\/tr-tr\/#organization"},"potentialAction":[{"@type":"SearchAction","target":{"@type":"EntryPoint","urlTemplate":"https:\/\/www.teka.com\/tr-tr\/?s={search_term_string}"},"query-input":{"@type":"PropertyValueSpecification","valueRequired":true,"valueName":"search_term_string"}}],"inLanguage":"tr"},{"@type":"Organization","@id":"https:\/\/www.teka.com\/tr-tr\/#organization","name":"Teka Ankastre","url":"https:\/\/www.teka.com\/tr-tr\/","logo":{"@type":"ImageObject","inLanguage":"tr","@id":"https:\/\/www.teka.com\/tr-tr\/#\/schema\/logo\/image\/","url":"https:\/\/www.teka.com\/tr-tr\/wp-content\/uploads\/sites\/16\/2019\/03\/favicon-2019.png","contentUrl":"https:\/\/www.teka.com\/tr-tr\/wp-content\/uploads\/sites\/16\/2019\/03\/favicon-2019.png","width":512,"height":512,"caption":"Teka Ankastre"},"image":{"@id":"https:\/\/www.teka.com\/tr-tr\/#\/schema\/logo\/image\/"}}]}},"_links":{"self":[{"href":"https:\/\/www.teka.com\/tr-tr\/wp-json\/wp\/v2\/product\/59343","targetHints":{"allow":["GET"]}}],"collection":[{"href":"https:\/\/www.teka.com\/tr-tr\/wp-json\/wp\/v2\/product"}],"about":[{"href":"https:\/\/www.teka.com\/tr-tr\/wp-json\/wp\/v2\/types\/product"}],"wp:attachment":[{"href":"https:\/\/www.teka.com\/tr-tr\/wp-json\/wp\/v2\/media?parent=59343"}],"wp:term":[{"taxonomy":"product_cat","embeddable":true,"href":"https:\/\/www.teka.com\/tr-tr\/wp-json\/wp\/v2\/product_cat?post=59343"},{"taxonomy":"product_cleaning_system","embeddable":true,"href":"https:\/\/www.teka.com\/tr-tr\/wp-json\/wp\/v2\/product_cleaning_system?post=59343"},{"taxonomy":"product_3rd_basket","embeddable":true,"href":"https:\/\/www.teka.com\/tr-tr\/wp-json\/wp\/v2\/product_3rd_basket?post=59343"},{"taxonomy":"product_drawers","embeddable":true,"href":"https:\/\/www.teka.com\/tr-tr\/wp-json\/wp\/v2\/product_drawers?post=59343"},{"taxonomy":"product_type_of_installation","embeddable":true,"href":"https:\/\/www.teka.com\/tr-tr\/wp-json\/wp\/v2\/product_type_of_installation?post=59343"},{"taxonomy":"product_edition","embeddable":true,"href":"https:\/\/www.teka.com\/tr-tr\/wp-json\/wp\/v2\/product_edition?post=59343"},{"taxonomy":"product_serie","embeddable":true,"href":"https:\/\/www.teka.com\/tr-tr\/wp-json\/wp\/v2\/product_serie?post=59343"},{"taxonomy":"product_features","embeddable":true,"href":"https:\/\/www.teka.com\/tr-tr\/wp-json\/wp\/v2\/product_features?post=59343"},{"taxonomy":"finishes","embeddable":true,"href":"https:\/\/www.teka.com\/tr-tr\/wp-json\/wp\/v2\/finishes?post=59343"},{"taxonomy":"product_bundles","embeddable":true,"href":"https:\/\/www.teka.com\/tr-tr\/wp-json\/wp\/v2\/product_bundles?post=59343"},{"taxonomy":"product_energy_efficiency","embeddable":true,"href":"https:\/\/www.teka.com\/tr-tr\/wp-json\/wp\/v2\/product_energy_efficiency?post=59343"},{"taxonomy":"product_video_training","embeddable":true,"href":"https:\/\/www.teka.com\/tr-tr\/wp-json\/wp\/v2\/product_video_training?post=59343"}],"curies":[{"name":"wp","href":"https:\/\/api.w.org\/{rel}","templated":true}]}}